{"id":13512,"date":"2015-04-03T13:24:11","date_gmt":"2015-04-03T13:24:11","guid":{"rendered":"http:\/\/new.adr-ag.de\/product\/tornado-10-cd-dvd-kopiersystem-2\/"},"modified":"2024-03-06T10:22:35","modified_gmt":"2024-03-06T09:22:35","slug":"tornado-10-cd-dvd-kopiersystem","status":"publish","type":"product","link":"https:\/\/adr-ag.de\/fr\/product\/tornado-10-cd-dvd-kopiersystem\/","title":{"rendered":"Tornado 1:10 CD \/ DVD duplicateur"},"content":{"rendered":"<p align=\"justify\"><strong>Robustesse et fiabilit\u00e9<\/strong><\/p>\n<p align=\"justify\">Les syst\u00e8mes ADR sont brevet\u00e9s et\u00a0sont con\u00e7us pour un fonctionnement sans interruption 24h\/24. Leur m\u00e9canique robuste et leur \u00e9laboration de haute qualit\u00e9 font des syst\u00e8mes ADR les syst\u00e8mes les plus fiables au monde dans le domaine de la duplication de CD.<br \/>\nADR est reconnu pour la qualit\u00e9 et la pr\u00e9cision\u00a0de ces machines et \u00e9galement pour avoir l\u00b4une des\u00a0robotiques les plus rapides au monde.<\/p>\n<p>La garantie ADR pour les robots de duplication : En tant que fabricant nous vous offrons une garantie de 5 ans sur la robotique ADR !!!<\/p>\n<p><strong>Simplicit\u00e9 d\u00b4utilisation<\/strong><\/p>\n<p align=\"justify\">Le\u00a0robot de duplication\u00a0Tornado est tr\u00e8s simple d\u00b4utilisation et op\u00e9rationnel en 10 minutes. En mode autonome, Tornado dispose d\u00b4un \u00e9cran LCD et\u00a0se laisse piloter\u00a0par 2 boutons.\u00a0\u00a0Il est alors aussi simple \u00e0 utiliser qu\u00b4un photocopieur.<\/p>\n<div>\n<p><strong>Impression<\/strong><\/p>\n<p>Sur ce mod\u00e8le, aucune imprimante ne peut etre int\u00e9gr\u00e9e. Les duplicateurs de CD\/DVD\u00a0 de la s\u00e9rie modulaire ADR peuvent \u00eatre \u00e9quip\u00e9s uniquement de 6 graveurs avec imprimante.<br \/>\nToujours dans une optique de rendement, nous vous conseillons alors d\u00b4utiliser une station d\u00b4impression automatique ADR. Vous avez le choix entre la technologie d\u00b4impression : jet d\u00b4encre, transfert thermique ou retransfert thermique.<\/p>\n<\/div>\n<div><\/div>\n<p><strong>Donn\u00e9es techniques \u00a0<\/strong><\/p>\n<ul>\n<li>10\u00a0graveurs de CD\/DVD (SATA, CD-R\/DVD-R 52x\/22x\u00a0ainsi que\u00a0DL)<\/li>\n<li>Un chargeur de 600 disques<\/li>\n<li>Disque dur interne de 1 TB<\/li>\n<li>Ecran LCD avec 2 boutons<\/li>\n<li>Duplication professionnelle de donn\u00e9es audio, vid\u00e9o ou textuelles<\/li>\n<li>Totalement autonome grace au processeur interne ADR-RISK<\/li>\n<li>Peut assurer entre autres les fonctions suivantes:<br \/>\n. Copier un CD\/DVD-ROM\u00a0en dossier image<br \/>\n.\u00a0Envoyer l\u00b4image CD\/DVD\u00a0au robot pour la dupliquer<br \/>\n. Le mode Batch Copy vous permet de dupliquer plusieurs Master<\/li>\n<li>V\u00e9rification de la conformit\u00e9 des copies \u00e0 l\u00b4orignal<\/li>\n<li>10 canaux Ultra-DMA IDE onboard\u00a0pour le lecteur\u00a0de\u00a0DVD-ROM, disque dur IDE<\/li>\n<li>Vitesse d\u00b4\u00e9criture jusqu\u00b4\u00e0\u00a016x<\/li>\n<li>32 MB Buffer pour un maximum de s\u00e9curit\u00e9<\/li>\n<li>BIOS Upgrade accessible<\/li>\n<li>Branchement USB optionnel (pour la gestion du disque dur)<\/li>\n<li>Logiciel version r\u00e9seau disponible : permet \u00e0 un nombre illimit\u00e9 d\u00b4utilisateurs d\u00b4envoyer leur commande. Possibilit\u00e9 de\u00a0d\u00e9terminer la priorit\u00e9 des commandes\u00a0\u00e0 traiter<\/li>\n<li>Presque tous les formats de m\u00e9dias compatibles: DVD-5, DVD-Video, DVD-ROM, DVD-Audio, DVD-R, DVD-RW, DVD+R, DVD+RW, Dual Layer,\u00a0CD-ROM mode 1, CD-ROM mode 2, CD-ROM\/XA (mode 2 form 1 &amp; form 2), CD-DA (Audio CD), MixedMode CD, Video CD, CD-I, Karaoke CD, Photo CD (single session &amp; multisession), HFS, ISO 9660, CD-Bridge, CD-Extra, CD+G, ISRC, multisession, name-card CD, 21 min CD, 63 min CD,<br \/>\n74min CD, 80min CD, CD-R\u00a0et CD-RW<\/li>\n<\/ul>\n","protected":false},"excerpt":{"rendered":"<p><strong>A propos de CD \/ DVD duplicateur\u00a0 Tornado 1:10 :<\/strong><\/p>\n<p>Le robot de duplication ADR\u00a0Tornado\u00a0vous offre avec un maximum de performances. Avec\u00a010\u00a0graveurs de CD\/DVD et un disque dur int\u00e9gr\u00e9 vous pourrez dupliquer jusqu\u00b4\u00e0 200 CD et 45 DVD par heure.<\/p>\n[fusion_button link=\"https:\/\/www.adr-shop.com\/fr\/robot-de-duplication-autonome-de-cddvd-tornado-2\" color=\"custom\" size=\"small\" type=\"flat\" shape=\"round\" target=\"_blank\" title=\"\" gradient_colors=\"#67b8e1\" gradient_hover_colors=\"#67b8e1\" accent_color=\"#fff\" accent_hover_color=\"#fff\" bevel_color=\"\" border_width=\"0px\" shadow=\"no\" icon=\"\" icon_divider=\"yes\" icon_position=\"left\" modal=\"\" animation_type=\"0\" animation_direction=\"up\" animation_speed=\"1\" class=\"\" id=\"\"] Acheter un produit[\/fusion_button]\n","protected":false},"featured_media":14542,"comment_status":"open","ping_status":"closed","template":"","meta":[],"product_cat":[231,251],"product_tag":[],"_links":{"self":[{"href":"https:\/\/adr-ag.de\/fr\/wp-json\/wp\/v2\/product\/13512"}],"collection":[{"href":"https:\/\/adr-ag.de\/fr\/wp-json\/wp\/v2\/product"}],"about":[{"href":"https:\/\/adr-ag.de\/fr\/wp-json\/wp\/v2\/types\/product"}],"replies":[{"embeddable":true,"href":"https:\/\/adr-ag.de\/fr\/wp-json\/wp\/v2\/comments?post=13512"}],"wp:featuredmedia":[{"embeddable":true,"href":"https:\/\/adr-ag.de\/fr\/wp-json\/wp\/v2\/media\/14542"}],"wp:attachment":[{"href":"https:\/\/adr-ag.de\/fr\/wp-json\/wp\/v2\/media?parent=13512"}],"wp:term":[{"taxonomy":"product_cat","embeddable":true,"href":"https:\/\/adr-ag.de\/fr\/wp-json\/wp\/v2\/product_cat?post=13512"},{"taxonomy":"product_tag","embeddable":true,"href":"https:\/\/adr-ag.de\/fr\/wp-json\/wp\/v2\/product_tag?post=13512"}],"curies":[{"name":"wp","href":"https:\/\/api.w.org\/{rel}","templated":true}]}}