{"id":13508,"date":"2015-04-03T13:27:45","date_gmt":"2015-04-03T13:27:45","guid":{"rendered":"http:\/\/new.adr-ag.de\/product\/epson-discproducer-pp-100-2\/"},"modified":"2024-03-06T10:22:34","modified_gmt":"2024-03-06T09:22:34","slug":"epson-discproducer-pp-100","status":"publish","type":"product","link":"https:\/\/adr-ag.de\/fr\/product\/epson-discproducer-pp-100\/","title":{"rendered":"Epson Discproducer &#x2122; PP-100"},"content":{"rendered":"<div><strong>Services de duplication<\/strong><\/div>\n<div>\u00a0<\/div>\n<div>Vous proposez des services de duplication? Utilisez le duplicateur CD Discproducer&#x2122; d\u00b4EPSON. Vous pourrez ainsi augmenter et optimiser votre capacit\u00e9 de production. Ce duplicateur offre une finition de qualit\u00e9 et est d\u00b4une fiabilit\u00e9 \u00e9tonnante, ce qui fait du Discproducer&#x2122; d\u00b4Epson le partenaire id\u00e9al pour les services de duplication.<\/div>\n<div>\u00a0<\/div>\n<div>\n<div><strong>Cliniques et cabinets m\u00e9dicaux<\/strong><\/div>\n<div>\u00a0<\/div>\n<div>La transformation des radios ou \u00e9chographies classiques en photos digitales offre de nouvelles perspectives afin de r\u00e9duire les frais qu\u00b4imposent ce processus ainsi qu\u00b4afin d\u00b4am\u00e9liorer le service des patients. Gr\u00e2ce \u00e0 la transmission simple et rapide des donn\u00e9es digitales des patients, \u00e9chographies, radios&#8230; les m\u00e9decins et les patients pourront \u00eatre mieux inform\u00e9s et plus rapidement.<br \/> (Logiciel PACs avec Interfaces DICOM existantes)<\/div>\n<\/div>\n<p>\u00a0<\/p>\n<p><strong>Caract\u00e9ristiques<\/strong><\/p>\n<ul>\n<li>Fiabilit\u00e9<\/li>\n<li>\u00a0Qualit\u00e9 d\u00b4impression<\/li>\n<li>Co\u00fbts d\u00b4impression r\u00e9duits<\/li>\n<li>Confortable<\/li>\n<li>Design compact et esth\u00e9tique<\/li>\n<li>Grande capacit\u00e9<\/li>\n<li>Cartouches d\u00b4encre s\u00e9par\u00e9es<\/li>\n<li>Robotique brevet\u00e9e<\/li>\n<\/ul>\n<div> \u00a0<\/div>\n<p>\u00a0<\/p>\n","protected":false},"excerpt":{"rendered":"<p><strong>A propos d\u00b4EPSON Discproducer&#x2122; PP-100 :<\/strong><\/p>\n<p>La qualit\u00e9 d\u00b4un syst\u00e8me de production de CD\/DVD se jugent \u00e0 travers la pr\u00e9cision du robot ainsi qu\u00b4\u00e0 travers l\u00b4association de la technologie d\u00b4impression, du logiciel et de la robotique. Epson, en partenariat avec ADR, est le seul \u00e0 proposer des solutions associant l\u00b4impression jet d\u00b4encre \u00e0 une robotique de pr\u00e9cision et qui se vendent dans le monde entier. Deux technologies de pointe sont r\u00e9unies ici dans un seul produit. Parall\u00e8lement \u00e0 la version standalone du Discproducer&#x2122;, EPSON d\u00e9veloppe actuellement une version r\u00e9seau, qui offrira des fonctions de s\u00e9curit\u00e9 suppl\u00e9mentaires. Cette version sera disponible en 2008.<\/p>\n<p>\u00a0<\/p>\n[fusion_button link=\"https:\/\/www.adr-shop.com\/fr\/epson-discproducer-pp-100-cd-dvd-imprimable-auto\" color=\"custom\" size=\"small\" type=\"flat\" shape=\"round\" target=\"_blank\" title=\"\" gradient_colors=\"#67b8e1\" gradient_hover_colors=\"#67b8e1\" accent_color=\"#fff\" accent_hover_color=\"#fff\" bevel_color=\"\" border_width=\"0px\" shadow=\"no\" icon=\"\" icon_divider=\"yes\" icon_position=\"left\" modal=\"\" animation_type=\"0\" animation_direction=\"up\" animation_speed=\"1\" class=\"\" id=\"\"] Acheter un produit[\/fusion_button]\n","protected":false},"featured_media":14502,"comment_status":"open","ping_status":"closed","template":"","meta":[],"product_cat":[231,241],"product_tag":[],"_links":{"self":[{"href":"https:\/\/adr-ag.de\/fr\/wp-json\/wp\/v2\/product\/13508"}],"collection":[{"href":"https:\/\/adr-ag.de\/fr\/wp-json\/wp\/v2\/product"}],"about":[{"href":"https:\/\/adr-ag.de\/fr\/wp-json\/wp\/v2\/types\/product"}],"replies":[{"embeddable":true,"href":"https:\/\/adr-ag.de\/fr\/wp-json\/wp\/v2\/comments?post=13508"}],"wp:featuredmedia":[{"embeddable":true,"href":"https:\/\/adr-ag.de\/fr\/wp-json\/wp\/v2\/media\/14502"}],"wp:attachment":[{"href":"https:\/\/adr-ag.de\/fr\/wp-json\/wp\/v2\/media?parent=13508"}],"wp:term":[{"taxonomy":"product_cat","embeddable":true,"href":"https:\/\/adr-ag.de\/fr\/wp-json\/wp\/v2\/product_cat?post=13508"},{"taxonomy":"product_tag","embeddable":true,"href":"https:\/\/adr-ag.de\/fr\/wp-json\/wp\/v2\/product_tag?post=13508"}],"curies":[{"name":"wp","href":"https:\/\/api.w.org\/{rel}","templated":true}]}}