{"id":13504,"date":"2015-04-03T13:35:39","date_gmt":"2015-04-03T13:35:39","guid":{"rendered":"http:\/\/new.adr-ag.de\/product\/teac-explorer-1-2\/"},"modified":"2024-03-06T10:22:34","modified_gmt":"2024-03-06T09:22:34","slug":"teac-explorer-1","status":"publish","type":"product","link":"https:\/\/adr-ag.de\/fr\/product\/teac-explorer-1\/","title":{"rendered":"Teac Explorer 1"},"content":{"rendered":"<div align=\"left\"><span class=\"headingstyle\"><strong> Utilisation<\/strong><\/span><\/div>\n<div align=\"left\">\u00a0<\/div>\n<div align=\"left\">Le logiciel inclus fonctionne en r\u00e9seau et 5 acc\u00e8s clients sont inlcus dans la livraison. En plus d\u00b4une interface d\u00b4utilisation \u00e9l\u00e9gante, le robot Explorer 1 Plus offre des fonctionnalit\u00e9s multiples.<\/div>\n<p class=\"bodytext\" align=\"left\">Il vous suffit d\u00b4avoir simplement un navigateur web et c\u00b4est parti! Afin de pouvoir int\u00e9gr\u00e9 le TEAC Explorer 1 Plus\u00a0dans d\u00b4autres applications, le logiciel SDK est \u00e0 disposition gratuitement.<br \/> TEAC ets le seul constructeur qui\u00a0con\u00e7oit et fabrique enti\u00e8rement ses produits. Le graveur DVD DV-W5000E a \u00e9t\u00e9 sp\u00e9cialement d\u00e9velopp\u00e9 pour une application professionnelle de l\u00b4appareil.<br \/> Des t\u00e9moins de fonctionnement vous informe de staut des graveurs\u00a0. Un nouveau proc\u00e9d\u00e9 permet une v\u00e9rification rapide du processus de gravure et vous garantit ainsi une production sans encombre.\u00a0\u00a0<\/p>\n<p class=\"bodytext\" align=\"left\"><strong><strong><strong> Caract\u00e9ristiques <br \/><\/strong><\/strong><\/strong><\/p>\n<ul>\n<li>\n<div class=\"bodytext\" align=\"left\">2\u00a0graveurs professionnels TEAC 20 x (DV-W5000E)<\/div>\n<\/li>\n<li>\n<div class=\"bodytext\" align=\"left\">1 lecteur DVD slin pour le chargement de donn\u00e9es et de contenus<\/div>\n<\/li>\n<li>\n<div class=\"bodytext\" align=\"left\">PC int\u00e9gr\u00e9, 2 x disques dur SATA, 1 GB RAM et Windows XP<\/div>\n<\/li>\n<li>\n<div class=\"bodytext\" align=\"left\">Imprimante TEAC P55B int\u00e9gr\u00e9e<\/div>\n<\/li>\n<li>\n<div class=\"bodytext\" align=\"left\">Connexion \u00e9thernet RJ45 10\/100\/100<\/div>\n<\/li>\n<li>\n<div class=\"bodytext\" align=\"left\">Suivi de la production via l\u00b4\u00e9cran LCD tactile<\/div>\n<\/li>\n<li>\n<div class=\"bodytext\" align=\"left\">Nouveau logiciel avec 5 acc\u00e8s clients int\u00e9gr\u00e9s<\/div>\n<\/li>\n<li>\n<div class=\"bodytext\" align=\"left\">Logiciel API\/SDK pour une adaptation dans d\u00b4autres applications<\/div>\n<\/li>\n<\/ul>\n<p><strong>Caract\u00e9ristiques techniques<\/strong><\/p>\n<div>\n<div class=\"ce_table block\">\n<table id=\"table_777\">\n<tbody>\n<tr class=\"row_0 row_first even\">\n<td class=\"col_0 col_first\">Capacit\u00e9<\/td>\n<td class=\"col_1 col_last\">300 disques<\/td>\n<\/tr>\n<tr class=\"row_1 odd\">\n<td class=\"col_0 col_first\">Capacit\u00e9 m\u00e9moire<\/td>\n<td class=\"col_1 col_last\">2 disques durs SATA<\/td>\n<\/tr>\n<tr class=\"row_2 even\">\n<td class=\"col_0 col_first\">Input\/Output<\/td>\n<td class=\"col_1 col_last\">SVGA, PS-2 Keyboard, PS2 Mouse,Serial, Parallel<\/td>\n<\/tr>\n<tr class=\"row_3 odd\">\n<td class=\"col_0 col_first\">Interface<\/td>\n<td class=\"col_1 col_last\">Gigabit Ethernet 1000BASE-T (10\/100\/1000 BASE-T) connecteur RJ45<\/td>\n<\/tr>\n<tr class=\"row_4 even\">\n<td class=\"col_0 col_first\">Temp\u00e9rature de fonctionnement\u00a0\u00a0\u00a0\u00a0\u00a0\u00a0\u00a0\u00a0\u00a0\u00a0\u00a0\u00a0\u00a0\u00a0\u00a0\u00a0\u00a0\u00a0\u00a0\u00a0\u00a0\u00a0\u00a0 <\/td>\n<td class=\"col_1 col_last\">Temperature 55\u00b0F &#8211; 86\u00b0F ( 15\u00b0C &#8211; 30\u00b0C )<\/td>\n<\/tr>\n<tr class=\"row_5 odd\">\n<td class=\"col_0 col_first\">\u00a0<\/td>\n<td class=\"col_1 col_last\">Humidit\u00e9 30% &#8211; 70% (pas de condensation)<\/td>\n<\/tr>\n<tr class=\"row_6 even\">\n<td class=\"col_0 col_first\">Alimentation<\/td>\n<td class=\"col_1 col_last\">AC100-AC120V\u00b110%, 50\/60Hz,AC220-AC240V\u00b110%, 50\/60Hz<\/td>\n<\/tr>\n<tr class=\"row_7 odd\">\n<td class=\"col_0 col_first\">Dimensions externes (lxpxh)<\/td>\n<td class=\"col_1 col_last\">450 x 650 x540 mm<\/td>\n<\/tr>\n<tr class=\"row_8 even\">\n<td class=\"col_0 col_first\">Poids<\/td>\n<td class=\"col_1 col_last\">56.6 kg (robot) + 19 kg (imprimante)<\/td>\n<\/tr>\n<tr class=\"row_9 row_last odd\">\n<td class=\"col_0 col_first\">Inclus<\/td>\n<td class=\"col_1 col_last\">5x Web Client, logiciel API, Load balancing<\/td>\n<\/tr>\n<\/tbody>\n<\/table>\n<\/div>\n<\/div>\n<p>\u00a0<\/p>\n<div>\n<div class=\"ce_table block\">\u00a0<\/div>\n<\/div>\n","protected":false},"excerpt":{"rendered":"<p><strong>A propos de Teac Explorer 1 :<\/strong><\/p>\n<div align=\"left\">\n<p>Le robot TEAC Explorer 1 Plus est un syst\u00e8me d\u00b4\u00e9dition de CD\/DVD\u00a0\u00e0 la demande con\u00e7u pour les op\u00e9rations de production 24h\/24. Avec\u00a02 graveurs et\u00a0une capacit\u00e9 de 300 m\u00e9dias,\u00a0ce robot hautes performances est un outil id\u00e9al\u00a0pour les\u00a0grosses\u00a0productions.\u00a0<\/p>\n<p>Le robot TEAC Exlplorer 1 Plus\u00a0est \u00e9quip\u00e9 d\u00b4un\u00a0syst\u00e8me de contr\u00f4le int\u00e9gr\u00e9, d\u00b4un disque dur\u00a0et d\u00b4un bo\u00eetier robuste. En somme, un appareil tout en un avec imprimante, robotique, disque dur, 2 graveurs DVD 16 x et controller.\u00a0Le logiciel inclus vous permet une utilisation en r\u00e9seau et vous offre une utilisation professionnelle. L\u00b4imprimante TEAC P-55B est incluse et vous\u00a0garantit une qualit\u00e9 d\u00b4impression photo r\u00e9aliste avec une r\u00e9solution d\u00b4impression pouvant atteindre jusqu\u00b4\u00e0 400 dpi.\u00a0\u00a0En impression photo, le robot TEAC peut produire jusqu\u00b4\u00e0 126 CD\/heure.<\/p>\n<\/div>\n<p>\u00a0<\/p>\n[fusion_button link=\"https:\/\/www.adr-shop.com\/fr\/teac-explorer-1-avec-2-graveurs-blu-ray-et-limprimante-p55b-b\" color=\"custom\" size=\"small\" type=\"flat\" shape=\"round\" target=\"_blank\" title=\"\" gradient_colors=\"#67b8e1\" gradient_hover_colors=\"#67b8e1\" accent_color=\"#fff\" accent_hover_color=\"#fff\" bevel_color=\"\" border_width=\"0px\" shadow=\"no\" icon=\"\" icon_divider=\"yes\" icon_position=\"left\" modal=\"\" animation_type=\"0\" animation_direction=\"up\" animation_speed=\"1\" class=\"\" id=\"\"] Acheter un produit[\/fusion_button]\n","protected":false},"featured_media":14344,"comment_status":"open","ping_status":"closed","template":"","meta":[],"product_cat":[231,249],"product_tag":[],"_links":{"self":[{"href":"https:\/\/adr-ag.de\/fr\/wp-json\/wp\/v2\/product\/13504"}],"collection":[{"href":"https:\/\/adr-ag.de\/fr\/wp-json\/wp\/v2\/product"}],"about":[{"href":"https:\/\/adr-ag.de\/fr\/wp-json\/wp\/v2\/types\/product"}],"replies":[{"embeddable":true,"href":"https:\/\/adr-ag.de\/fr\/wp-json\/wp\/v2\/comments?post=13504"}],"wp:featuredmedia":[{"embeddable":true,"href":"https:\/\/adr-ag.de\/fr\/wp-json\/wp\/v2\/media\/14344"}],"wp:attachment":[{"href":"https:\/\/adr-ag.de\/fr\/wp-json\/wp\/v2\/media?parent=13504"}],"wp:term":[{"taxonomy":"product_cat","embeddable":true,"href":"https:\/\/adr-ag.de\/fr\/wp-json\/wp\/v2\/product_cat?post=13504"},{"taxonomy":"product_tag","embeddable":true,"href":"https:\/\/adr-ag.de\/fr\/wp-json\/wp\/v2\/product_tag?post=13504"}],"curies":[{"name":"wp","href":"https:\/\/api.w.org\/{rel}","templated":true}]}}