{"id":13500,"date":"2015-04-03T13:40:59","date_gmt":"2015-04-03T13:40:59","guid":{"rendered":"http:\/\/new.adr-ag.de\/product\/primera-disc-publisher-4101-3\/"},"modified":"2024-03-06T10:22:33","modified_gmt":"2024-03-06T09:22:33","slug":"primera-disc-publisher-4101","status":"publish","type":"product","link":"https:\/\/adr-ag.de\/fr\/product\/primera-disc-publisher-4101\/","title":{"rendered":"Primera Disc Publisher 4101"},"content":{"rendered":"<div><strong>La s\u00e9rie des Disc Publisher 4100 met \u00e0 votre disposition 3 appareils \u00e9quip\u00e9s d\u00b4un r\u00e9servoir de\u00a0100 disques<br \/>\n<\/strong><\/div>\n<div><\/div>\n<ul>\n<li type=\"disc\">DiscPublisher DP-4100\u00a0\u2013 version imprimante seule; l\u00b4appareil id\u00e9al \u00e0 associer \u00e0 votre station de gravure.<\/li>\n<li type=\"disc\">DiscPublisher DP-4101<strong>\u00a0\u00a0<\/strong>\u2013 avec un graveur int\u00e9gr\u00e9<\/li>\n<li type=\"disc\">DiscPublisher DP-4102\u00a0\u2013 avec deux graveurs int\u00e9gr\u00e9s pour produire encore plus vite.<\/li>\n<\/ul>\n<div><strong>Vitesse<\/strong><\/div>\n<div>\n<div><\/div>\n<div>La s\u00e9rie des Disc Publisher 4100 Serie a pour objectif d\u00b4augmenter votre volume de production. Ainsi, tous ses composants (robotique, m\u00e9canisme d\u00b4aggripage du disque, logiciel) ont \u00e9t\u00e9 test\u00e9s minutieusement d\u00e8s le d\u00e9but de la phase d\u00b4\u00e9volution pour une efficacit\u00e9 et une qualit\u00e9 de duplication irr\u00e9prochable, afin de vous apporter la plus grande satisfaction.<\/div>\n<\/div>\n<div><\/div>\n<div>\n<div>\n<p><strong>Robotique optimis\u00e9e<\/strong><\/p>\n<p>Le m\u00e9canisme d\u00b4agrippage et de transport ont \u00e9t\u00e9 \u00e9galement am\u00e9lior\u00e9s.<\/p>\n<\/div>\n<div>La vitesse de rendement augmente consid\u00e9rablement gr\u00e2ce \u00e0 une transmission pr\u00e9cise via une courroie au moteur pas \u00e0 pas\u00a0r\u00e9git par le processeur.<\/div>\n<div>\n<p>Dans le cas de la s\u00e9rie DP-4100, vous triplez votre vitesse de production. R\u00e9alisez ainsi vos travaux sans difficult\u00e9s et sans probl\u00e8mes de retards.<\/p>\n<p>Les erreurs relatives au transport du CD\u00a0ou\u00a0la pr\u00e9hension de deux disques\u00a0en m\u00eame temps engendrent des pauses ind\u00e9sir\u00e9es dans la production, et peuvent m\u00eame endommager le(s) graveur(s). AccuDisc&#x2122;,\u00a0technologie de pr\u00e9hension de\u00a0Primera, pr\u00e9vient ces erreurs d\u00b4alimentation de l\u00b4appareil et se place en t\u00eate de ce march\u00e9 industriel mondial gr\u00e2ce \u00e0 cette combinaison de m\u00e9canique brevet\u00e9e et de logiciel en constante innovation.<\/p>\n<p>Avec la\u00a0septi\u00e8me g\u00e9n\u00e9ration d\u00b4AccuDisc,\u00a0votre vitesse de production se voit augment\u00e9e d\u00b4environ\u00a0200% !<\/p>\n<p><strong>Des cartouches d\u00b4encre s\u00e9par\u00e9es pour r\u00e9duire le co\u00fbt \u00e0 l\u00b4unit\u00e9\u00a0<\/strong><\/p>\n<p>La s\u00e9rie DP-4100\u00a0est la premi\u00e8re ligne de mod\u00e8les Disc Publisher de Primera\u00a0\u00e9quip\u00e9e de cartouche d\u00b4encre s\u00e9par\u00e9es pour le Cyan, Magenta,\u00a0Jaune et Noir\u00a0(CMYK). Ne changez d\u00e9sormais que la cartouche vide. Les co\u00fbts d\u00b4impression s\u00b4en trouvent consid\u00e9rablement r\u00e9duits. Vous ne serez plus amen\u00e9 \u00e0 g\u00e2cher de l\u00b4encre, ce qui repr\u00e9sente aussi un geste pour l\u00b4environnement.<\/p>\n<\/div>\n<\/div>\n","protected":false},"excerpt":{"rendered":"<p><strong>A propos de Primera Disc Publisher 4101 :<br \/>\n<\/strong><\/p>\n<p>Les Disc Publisher sont actuellement les robots de duplication les plus rapides du monde. Ils gravent et impriment vos disques pleine surface en 6 secondes. Vous serez surpris de constater \u00e0 quelle vitesse votre production s\u00b4ex\u00e9cute.<\/p>\n<p>La s\u00e9rie\u00a0Disc Publisher 4100 est jusqu\u00b4\u00e0 20 fois plus rapide que les produits concurrents de\u00a0la m\u00eame cat\u00e9gorie, ce qui fait d\u00b4elle la s\u00e9rie Disc Publisher la plus rapide du monde.<\/p>\n<p>&nbsp;<\/p>\n[fusion_button link=\"https:\/\/www.adr-shop.com\/fr\/primera-disc-publisher-dp-4201-cd-\/-dvd-discpublisher-2\" color=\"custom\" size=\"small\" type=\"flat\" shape=\"round\" target=\"_blank\" title=\"\" gradient_colors=\"#67b8e1\" gradient_hover_colors=\"#67b8e1\" accent_color=\"#fff\" accent_hover_color=\"#fff\" bevel_color=\"\" border_width=\"0px\" shadow=\"no\" icon=\"\" icon_divider=\"yes\" icon_position=\"left\" modal=\"\" animation_type=\"0\" animation_direction=\"up\" animation_speed=\"1\" class=\"\" id=\"\"] Acheter un produit[\/fusion_button]\n","protected":false},"featured_media":14488,"comment_status":"open","ping_status":"closed","template":"","meta":[],"product_cat":[231,239],"product_tag":[],"_links":{"self":[{"href":"https:\/\/adr-ag.de\/fr\/wp-json\/wp\/v2\/product\/13500"}],"collection":[{"href":"https:\/\/adr-ag.de\/fr\/wp-json\/wp\/v2\/product"}],"about":[{"href":"https:\/\/adr-ag.de\/fr\/wp-json\/wp\/v2\/types\/product"}],"replies":[{"embeddable":true,"href":"https:\/\/adr-ag.de\/fr\/wp-json\/wp\/v2\/comments?post=13500"}],"wp:featuredmedia":[{"embeddable":true,"href":"https:\/\/adr-ag.de\/fr\/wp-json\/wp\/v2\/media\/14488"}],"wp:attachment":[{"href":"https:\/\/adr-ag.de\/fr\/wp-json\/wp\/v2\/media?parent=13500"}],"wp:term":[{"taxonomy":"product_cat","embeddable":true,"href":"https:\/\/adr-ag.de\/fr\/wp-json\/wp\/v2\/product_cat?post=13500"},{"taxonomy":"product_tag","embeddable":true,"href":"https:\/\/adr-ag.de\/fr\/wp-json\/wp\/v2\/product_tag?post=13500"}],"curies":[{"name":"wp","href":"https:\/\/api.w.org\/{rel}","templated":true}]}}