{"id":13496,"date":"2015-04-03T13:49:11","date_gmt":"2015-04-03T13:49:11","guid":{"rendered":"http:\/\/new.adr-ag.de\/product\/digimatic-dmdmadmstdmddmi-2\/"},"modified":"2024-03-06T10:22:33","modified_gmt":"2024-03-06T09:22:33","slug":"digimatic","status":"publish","type":"product","link":"https:\/\/adr-ag.de\/fr\/product\/digimatic\/","title":{"rendered":"DigiMatic DM\/DMA\/DMST\/DMD\/DMI"},"content":{"rendered":"<h2>DigiMatic DM\/DMA\/DMST\/DMD\/DMI<\/h2>\n<p><strong>DMA<\/strong><\/p>\n<p>Multiuser Administration:<br \/>\nDie DMA Version hat alle Features der DigiMatic DM und beinhaltet zus\u00e4tzlich eine Lizenz f\u00fcr 50 User. Dadurch wird einem gr\u00f6\u00dferen Personenkreis innerhalb der Firma das gleichzeitige Erstellen von Backups oder Publikationen auf CD\/DVD erm\u00f6glicht. Der Netzwerk Administrator kontrolliert den Zugriff auf die DigiMatic \u00fcber Benutzerkonten. Er limitiert die Anzahl und Art der erlaubten Kopien pro Benutzer (z.B. 20 Medien erlaubt, aber keine Erlaubnis Audio-CDs zu erstellen etc.)Der Administrator legt den Priorit\u00e4tslevel f\u00fcr jedes Benutzerkonto fest. Dadurch wird gew\u00e4hrleistet, das Jobs mit hoher Priorit\u00e4t als erstes fertiggestellt werden.<\/p>\n<p><strong>DMST<\/strong><\/p>\n<p>Secured Archiving:<br \/>\nDie DMST Verion hat alle Features der DigiMatic DM und erlaubt dem Anwender zus\u00e4tzlich die Erstellung einer Langzeitplanung f\u00fcr Archivierung, Verschl\u00fcsselung (optimal f\u00fcr sichere Handhabung vertraulicher Daten) oder Indizierung von Backups um zu einem sp\u00e4terem Zeitpunkt den Inhalt des Datentr\u00e4gers sicher zu identifizieren.<\/p>\n<p><strong>DMD<\/strong><\/p>\n<p>Medical Dicom:<br \/>\nDMD ist durch das spezielle Interface kompatibel zu allen im medizinischem Bereich genutzten Systemen die auf dem DICOM 3 Standard (Digital Imaging &amp; Communication in Medicine) basieren. Die DMD kann zur tempor\u00e4ren oder permanenten Speicherung elektronischer Dokumente auf CD oder DVD eingesetzt werden, wie z.B. R\u00f6ngtenbilder, Videos von Operationen, Scanner&#8230;<\/p>\n<p><strong>DMI<\/strong><\/p>\n<p>Intergration:<br \/>\nDMI ist ein \u00ab\u00a0Open Source Multi-Plattform System <div class=\"fusion-fullwidth fullwidth-box fusion-builder-row-1 fusion-flex-container hundred-percent-fullwidth non-hundred-percent-height-scrolling\" style=\"--awb-border-radius-top-left:0px;--awb-border-radius-top-right:0px;--awb-border-radius-bottom-right:0px;--awb-border-radius-bottom-left:0px;--awb-overflow:visible;--awb-flex-wrap:wrap;\" ><div class=\"fusion-builder-row fusion-row fusion-flex-align-items-flex-start fusion-flex-content-wrap\" style=\"width:calc( 100% + 0px ) !important;max-width:calc( 100% + 0px ) !important;margin-left: calc(-0px \/ 2 );margin-right: calc(-0px \/ 2 );\"><div class=\"fusion-layout-column fusion_builder_column fusion-builder-column-0 fusion_builder_column_1_1 1_1 fusion-flex-column fusion-flex-align-self-flex-start fusion-column-no-min-height\" style=\"--awb-bg-size:cover;--awb-width-large:100%;--awb-margin-top-large:0px;--awb-spacing-right-large:0px;--awb-margin-bottom-large:0px;--awb-spacing-left-large:0px;--awb-width-medium:100%;--awb-spacing-right-medium:0px;--awb-spacing-left-medium:0px;--awb-width-small:100%;--awb-spacing-right-small:0px;--awb-spacing-left-small:0px;\"><div class=\"fusion-column-wrapper fusion-flex-justify-content-flex-start fusion-content-layout-column\">[Windows, Macintosh, Linux, Solaris, Proprietary Operating System&#8230;] und wird mit einem SDK [Software Development Kit] geliefert. Softw\u00e4reh\u00e4usern wird so die M\u00f6glichkeit gegeben, die DigiMatic in individuelle Anwendungen zu integrieren. Dadurch ergeben sich Einsatzm\u00f6glichkeiten \u00ab\u00a0ohne Limit\u00a0\u00bb.<\/div><\/div><\/div><\/div><\/p>\n","protected":false},"excerpt":{"rendered":"<p><strong>Multimedia Publishing auf CD\/DVD und Netzwerk Daten Backup<\/strong><\/p>\n<p>Wie kann man CD- und DVD-Serien von beliebigen Client Rechnern im Local Area Netzwerk kreieren und produzieren? Mit DigiMatic wird das jetzt m\u00f6glich.\u00a0Die ideale L\u00f6sung f\u00fcr die Serienproduktion von Marketing Tools,\u00a0elektronischen Katalogen, Firmenpr\u00e4sentationen usw.\u00a0F\u00fcr die CD oder DVD Publishing bis zu 50 St\u00fcck ohne Nachladen, automatische Duplizierung in Serien, Druck in Photoqualit\u00e4t auf die Media Oberfl\u00e4che, fortlaufende Markierung etc. Das Ger\u00e4t wird mit einfach zu bedienender effizenter Multi Plattform Software geliefert. So wird das Erstellen von CDs\/DVDs (Recording und Druck) und die Erstellung von Publishing Serien so einfach wie m\u00f6glich gemacht. Eine benutzerfreundliche grafische Software zur Erstellung von Logos, Fotos, Texten oder Download von Seriennummern etc. aus einer Datenbank ist im Lieferumfang ebenfalls enthalten.<\/p>\n<p>DigiMatic DM wird mit einer Software Suite geliefert, die die Programmierung Ihrer Daten Backup Operationen erlaubt. Falls erforderlich, wird das Backup auf mehrere Medien gesplittet, welche eine Identifikations-Markierung aufgedruckt bekommen. DigiMatic DM wird st\u00e4ndig mit einem 5-User Lizenz Paket geliefert.<\/p>\n[fusion_button link=\"\" color=\"custom\" size=\"small\" type=\"flat\" shape=\"round\" target=\"_blank\" title=\"\" gradient_colors=\"#67b8e1\" gradient_hover_colors=\"#67b8e1\" accent_color=\"#fff\" accent_hover_color=\"#fff\" bevel_color=\"\" border_width=\"0px\" shadow=\"no\" icon=\"\" icon_divider=\"yes\" icon_position=\"left\" modal=\"\" animation_type=\"0\" animation_direction=\"up\" animation_speed=\"1\" class=\"\" id=\"\"]Produkt kaufen[\/fusion_button]\n","protected":false},"featured_media":14486,"comment_status":"open","ping_status":"closed","template":"","meta":[],"product_cat":[231,237],"product_tag":[],"_links":{"self":[{"href":"https:\/\/adr-ag.de\/fr\/wp-json\/wp\/v2\/product\/13496"}],"collection":[{"href":"https:\/\/adr-ag.de\/fr\/wp-json\/wp\/v2\/product"}],"about":[{"href":"https:\/\/adr-ag.de\/fr\/wp-json\/wp\/v2\/types\/product"}],"replies":[{"embeddable":true,"href":"https:\/\/adr-ag.de\/fr\/wp-json\/wp\/v2\/comments?post=13496"}],"wp:featuredmedia":[{"embeddable":true,"href":"https:\/\/adr-ag.de\/fr\/wp-json\/wp\/v2\/media\/14486"}],"wp:attachment":[{"href":"https:\/\/adr-ag.de\/fr\/wp-json\/wp\/v2\/media?parent=13496"}],"wp:term":[{"taxonomy":"product_cat","embeddable":true,"href":"https:\/\/adr-ag.de\/fr\/wp-json\/wp\/v2\/product_cat?post=13496"},{"taxonomy":"product_tag","embeddable":true,"href":"https:\/\/adr-ag.de\/fr\/wp-json\/wp\/v2\/product_tag?post=13496"}],"curies":[{"name":"wp","href":"https:\/\/api.w.org\/{rel}","templated":true}]}}