{"id":13492,"date":"2015-04-03T13:53:06","date_gmt":"2015-04-03T13:53:06","guid":{"rendered":"http:\/\/new.adr-ag.de\/product\/pronto-cddvd-kopierer-2\/"},"modified":"2016-04-05T13:23:33","modified_gmt":"2016-04-05T12:23:33","slug":"pronto-cd-dvd-kopierer","status":"publish","type":"product","link":"https:\/\/adr-ag.de\/fr\/product\/pronto-cd-dvd-kopierer\/","title":{"rendered":"Pronto CD \/ DVD-Kopierer"},"content":{"rendered":"<h2>Pronto CD \/ DVD-Kopierer<\/h2>\n<p>Der Pronto CD \/ DVD-Kopierer ist ein Standalone-Ger\u00e4t, mit Autoloading-Mechanik und einer Kapazit\u00e4t von bis zu 100 CDs \/ DVDs. Er ist wahlweise mit einem CD oder DVD Laufwerk ausgestattet.<\/p>\n<p><strong>Features:<\/strong><\/p>\n<ul>\n<li>Standalone, es wird kein PC ben\u00f6tigt<\/li>\n<li>mit Autoloading-Mechanik<\/li>\n<li>Kapazit\u00e4t von bis zu 100 CDs \/ DVDs<\/li>\n<li>Wahlweise mit CD oder DVD Laufwerk ausgestattet<\/li>\n<li>LCD Anzeige<\/li>\n<li><b>Erweiterte Features<\/b>:\n<ul>\n<li>Kopieren<\/li>\n<li>Kopieren und Vergleichen<\/li>\n<li>Simulieren<\/li>\n<li>Simulieren und Kopieren<\/li>\n<li>Laden (nur mit HDD Modul)<\/li>\n<li>Vergleichen<\/li>\n<li>Schnelles l\u00f6schen<\/li>\n<li>Verifizieren<\/li>\n<li>Editieren<\/li>\n<\/ul>\n<ul>\n<li>Multiple Master disks (nur mit HDD Modul)<\/li>\n<\/ul>\n<\/li>\n<\/ul>\n<p>&nbsp;<\/p>\n","protected":false},"excerpt":{"rendered":"<p><strong>\u00fcber Pronto CD\/DVD-Kopierer:<\/strong><\/p>\n<p>Unser Pronto CD\/DVD-Kopierroboter zum einfachen Erstellen von 1:1 Kopien kopiert vollautomatisch bis zu 100 Kopien am St\u00fcck. \u00dcber die Funktion \u00ab\u00a0verify\u00a0\u00bb hat man die M\u00f6glichkeit die CDs zu pr\u00fcfen damit er fehlerhafte CDs sofort auswirft. Das Ger\u00e4t arbeitet v\u00f6llig selbstst\u00e4ndig und muss nicht an einen PC angeschlossen werden. Bei dem Ger\u00e4t mit Harddisk ist es auch m\u00f6glich diverse Master auf der Festplatte abzuspeichern.<\/p>\n","protected":false},"featured_media":14382,"comment_status":"open","ping_status":"closed","template":"","meta":[],"product_cat":[231,247],"product_tag":[],"_links":{"self":[{"href":"https:\/\/adr-ag.de\/fr\/wp-json\/wp\/v2\/product\/13492"}],"collection":[{"href":"https:\/\/adr-ag.de\/fr\/wp-json\/wp\/v2\/product"}],"about":[{"href":"https:\/\/adr-ag.de\/fr\/wp-json\/wp\/v2\/types\/product"}],"replies":[{"embeddable":true,"href":"https:\/\/adr-ag.de\/fr\/wp-json\/wp\/v2\/comments?post=13492"}],"wp:featuredmedia":[{"embeddable":true,"href":"https:\/\/adr-ag.de\/fr\/wp-json\/wp\/v2\/media\/14382"}],"wp:attachment":[{"href":"https:\/\/adr-ag.de\/fr\/wp-json\/wp\/v2\/media?parent=13492"}],"wp:term":[{"taxonomy":"product_cat","embeddable":true,"href":"https:\/\/adr-ag.de\/fr\/wp-json\/wp\/v2\/product_cat?post=13492"},{"taxonomy":"product_tag","embeddable":true,"href":"https:\/\/adr-ag.de\/fr\/wp-json\/wp\/v2\/product_tag?post=13492"}],"curies":[{"name":"wp","href":"https:\/\/api.w.org\/{rel}","templated":true}]}}