{"id":13480,"date":"2015-04-15T10:48:43","date_gmt":"2015-04-15T10:48:43","guid":{"rendered":"http:\/\/new.adr-ag.de\/product\/teac-p55-cd-drucker-2-2\/"},"modified":"2024-03-06T10:22:31","modified_gmt":"2024-03-06T09:22:31","slug":"teac-p55-cd-drucker-2","status":"publish","type":"product","link":"https:\/\/adr-ag.de\/fr\/product\/teac-p55-cd-drucker-2\/","title":{"rendered":"TEAC P55 CD imprimante"},"content":{"rendered":"<table cellspacing=\"0\" cellpadding=\"1\">\n<tbody>\n<tr>\n<td colspan=\"2\" height=\"25\"><strong>Sp\u00e9cifications de l\u00b4imprimante DVD \/ CD TEAC P55-C<br \/>\n<\/strong><\/td>\n<\/tr>\n<tr>\n<td>\n<table border=\"0\" cellspacing=\"1\" cellpadding=\"3\">\n<tbody>\n<tr bgcolor=\"#e8e8e8\">\n<td class=\"specs\" valign=\"top\" width=\"35%\">Proc\u00e9d\u00e9 d\u00b4impression<\/td>\n<td class=\"specs\">retransfert thermique, 3\u00a0rubans de couleurs:\u00a0noir \/ CMYK \/ CMYK Photo<\/td>\n<\/tr>\n<tr bgcolor=\"#ffffff\">\n<td class=\"specs\" valign=\"top\" width=\"35%\">M\u00e9dias<\/td>\n<td class=\"specs\">CD \/ DVD 120 mm\u00a0 mini-disques 80 mm , adaptateur cartes de visite optionnel<\/td>\n<\/tr>\n<tr bgcolor=\"#e8e8e8\">\n<td class=\"specs\" valign=\"top\" width=\"35%\">Capacit\u00e9 des rubans<\/td>\n<td class=\"specs\">500 impressions\/\u00a0rubans couleurs\/photo\/Versamax, 2.000\u00a0impressions \/\u00a0ruban noir<\/td>\n<\/tr>\n<tr bgcolor=\"#ffffff\">\n<td class=\"specs\" valign=\"top\" width=\"35%\">R\u00e9solution d\u00b4impression<\/td>\n<td class=\"specs\">400 dpi<\/td>\n<\/tr>\n<tr bgcolor=\"#e8e8e8\">\n<td class=\"specs\" valign=\"top\" width=\"35%\">Vitesse d\u00b4impression<\/td>\n<td class=\"specs\">60-80 Sec. \/ Disc (Disques 12 cm)<\/td>\n<\/tr>\n<tr bgcolor=\"#ffffff\">\n<td class=\"specs\" valign=\"top\" width=\"35%\">Interfaces<\/td>\n<td class=\"specs\">Port parall\u00e8le IEEE 1284<\/td>\n<\/tr>\n<tr bgcolor=\"#e8e8e8\">\n<td class=\"specs\" valign=\"top\" width=\"35%\">Pilote d\u00b4imprimante<\/td>\n<td class=\"specs\">Windows 2K\/XP, Linux Redhat 7.2<\/td>\n<\/tr>\n<tr bgcolor=\"#ffffff\">\n<td class=\"specs\" valign=\"top\" width=\"35%\">Alimentation<\/td>\n<td class=\"specs\">AC100-120V, 200-240V\/ 50-60Hz<\/td>\n<\/tr>\n<tr bgcolor=\"#e8e8e8\">\n<td class=\"specs\" valign=\"top\" width=\"35%\">Consommation en \u00e9lectricit\u00e9<\/td>\n<td class=\"specs\">500 W ou moins<\/td>\n<\/tr>\n<tr bgcolor=\"#ffffff\">\n<td class=\"specs\" valign=\"top\" width=\"35%\">Dimensions\u00a0(mm)<\/td>\n<td class=\"specs\">302(L) x 242(H) x 390(B)<\/td>\n<\/tr>\n<tr bgcolor=\"#e8e8e8\">\n<td class=\"specs\" valign=\"top\" width=\"35%\">Poids<\/td>\n<td class=\"specs\">22 kg<\/td>\n<\/tr>\n<\/tbody>\n<\/table>\n<\/td>\n<\/tr>\n<\/tbody>\n<\/table>\n<div align=\"left\"><\/div>\n","protected":false},"excerpt":{"rendered":"<p><strong>A propos de TEAC P55\u00a0 imprimante :<\/strong><\/p>\n<p>La\u00a0nouvelle imprimante\u00a0DVD \/ CD\u00a0retransfert thermique TEAC P55-C est la toute derni\u00e8re imprimante thermique de la s\u00e9rie TEAC. Grace \u00e0 des fonctionnalit\u00e9s techniques am\u00e9lior\u00e9es, elle est 30% plus rapide que la TEAC P-55-B.<\/p>\n<p>Elle offre une solution d\u00b4impression optimale pour les syst\u00e8mes d\u2019\u00e9ditions semi-professionnels.\u00a0Dot\u00e9e d\u00b4une r\u00e9solution d\u00b4impression de 400 dpi,\u00a0\u00a0elle rend possible l\u2019impression en qualit\u00e9 photo.<\/p>\n[fusion_button link=\"https:\/\/www.adr-shop.com\/fr\/teac-p-55c-2\" color=\"custom\" size=\"small\" type=\"flat\" shape=\"round\" target=\"_blank\" title=\"\" gradient_colors=\"#67b8e1\" gradient_hover_colors=\"#67b8e1\" accent_color=\"#fff\" accent_hover_color=\"#fff\" bevel_color=\"\" border_width=\"0px\" shadow=\"no\" icon=\"\" icon_divider=\"yes\" icon_position=\"left\" modal=\"\" animation_type=\"0\" animation_direction=\"up\" animation_speed=\"1\" class=\"\" id=\"\"] Acheter un produit[\/fusion_button]\n<p>Gr\u00e2ce au proc\u00e9d\u00e9 innovant de sublimation thermique, vous pouvez imprimer, avec la TEAC P55, confortablement et fiablement des CD et DVD haute brillance.<br \/>\nVous pourrez produire 500 ipressions par rubans couleurs\/photos et jusqu\u00b4\u00e0 2000 impressions avec le ruban noir. Un autre avantage qu\u00b4offre l\u00b4imprimante\u00a0DVD \/ CD\u00a0TEAC P55: les m\u00e9dias imprim\u00e9s par la P-55 sont recouverts apr\u00e8s l\u2019impression par un proc\u00e9d\u00e9 d\u00b4enduction et sont ainsi r\u00e9sistants \u00e0 l\u00b4eau et aux rayures. TEAC P-55: la solution avantageuse pour la finition professionnelle de vos CD et DVD.<\/p>\n<p>Le pressage offre une tr\u00e8s belle qualit\u00e9, cependant, cette m\u00e9thode\u00a0poss\u00e8de les d\u00e9savantages de prendre du temps et de n\u00b4etre rentable qu\u00b4\u00e0 partir de 1000 exemplaires. Avec l\u00b4imprimante DVD \/ CD TEAC P55, vous avez la possibilit\u00e9 de r\u00e9aliser des productions de qualit\u00e9s\u00a0mais surtout \u00e0 la demande. Autre\u00a0avantage vous pouvez \u00e9conomisez jusqu\u00b4\u00e0 30% de vos frais de pressage et vous restez flexible !<\/p>\n<p>Cet appareil est disponible soit en version manuelle, soit int\u00e9gr\u00e9e dans un chargeur automatique ADR, pour un fonctionnement enti\u00e8rement automatique.<\/p>\n<p>Laissez-vous convaincre et demandez-nous d\u00e8s aujourd\u00b4hui un \u00e9chantillon gratuit\u00a0!<\/p>\n","protected":false},"featured_media":14750,"comment_status":"closed","ping_status":"closed","template":"","meta":[],"product_cat":[260,269],"product_tag":[],"_links":{"self":[{"href":"https:\/\/adr-ag.de\/fr\/wp-json\/wp\/v2\/product\/13480"}],"collection":[{"href":"https:\/\/adr-ag.de\/fr\/wp-json\/wp\/v2\/product"}],"about":[{"href":"https:\/\/adr-ag.de\/fr\/wp-json\/wp\/v2\/types\/product"}],"replies":[{"embeddable":true,"href":"https:\/\/adr-ag.de\/fr\/wp-json\/wp\/v2\/comments?post=13480"}],"wp:featuredmedia":[{"embeddable":true,"href":"https:\/\/adr-ag.de\/fr\/wp-json\/wp\/v2\/media\/14750"}],"wp:attachment":[{"href":"https:\/\/adr-ag.de\/fr\/wp-json\/wp\/v2\/media?parent=13480"}],"wp:term":[{"taxonomy":"product_cat","embeddable":true,"href":"https:\/\/adr-ag.de\/fr\/wp-json\/wp\/v2\/product_cat?post=13480"},{"taxonomy":"product_tag","embeddable":true,"href":"https:\/\/adr-ag.de\/fr\/wp-json\/wp\/v2\/product_tag?post=13480"}],"curies":[{"name":"wp","href":"https:\/\/api.w.org\/{rel}","templated":true}]}}