{"id":13476,"date":"2015-04-15T11:04:32","date_gmt":"2015-04-15T11:04:32","guid":{"rendered":"http:\/\/new.adr-ag.de\/product\/inscripta-cddvd-druckautomat-2\/"},"modified":"2024-03-06T10:22:31","modified_gmt":"2024-03-06T09:22:31","slug":"inscripta-cddvd-druckautomat","status":"publish","type":"product","link":"https:\/\/adr-ag.de\/fr\/product\/inscripta-cddvd-druckautomat\/","title":{"rendered":"Inscripta CD\/DVD imprimante"},"content":{"rendered":"<table border=\"0\" cellspacing=\"4\" cellpadding=\"4\">\n<tbody>\n<tr>\n<td colspan=\"2\"><b>Donn\u00e9es techniques de l\u00b4imprimante CD Inscripta<\/b><\/td>\n<\/tr>\n<tr>\n<td width=\"150\">Type d\u00b4imprimante<\/td>\n<td>Transfert thermique avec vitesses variables<\/td>\n<\/tr>\n<tr>\n<td valign=\"top\">R\u00e9solution d\u00b4impression<\/td>\n<td>610 x 305 dpi (12 Punkte pro mm)<\/td>\n<\/tr>\n<tr>\n<td valign=\"top\">Couleurs<\/td>\n<td>16.7 millions ou monochrome noir<\/td>\n<\/tr>\n<tr>\n<td valign=\"top\">Vitesse d\u00b4impression<\/td>\n<td>0.5&Prime; par seconde (5-10 secondes\/passage, d\u00e9pend de la surface \u00e0 imprimer et du nmbre de couleurs)<\/td>\n<\/tr>\n<tr>\n<td valign=\"top\">M\u00e9dias compatibles<\/td>\n<td>CD-R; CD-RW standard finition laque<br \/>\nCD-ROM, DVD, DVD-ROM, DVD-R et autres<br \/>\nm\u00e9dias optiques 120 mm<br \/>\nM\u00e9dias pr\u00e9cribl\u00e9s<\/td>\n<\/tr>\n<tr>\n<td valign=\"top\">Pilote d\u00b4imprimante<\/td>\n<td>Pilotes pour Windows 95\/98\/ME et Windows 2000livr\u00e9s<\/td>\n<\/tr>\n<tr>\n<td valign=\"top\">Interfaces<\/td>\n<td>de type Centronic; travaille \u00e9galement avec USB en parall\u00e8le<br \/>\nUniquement c\u00e2bles de PC disposant de branchements USB<\/td>\n<\/tr>\n<tr>\n<td valign=\"top\">Interfaces de controle<\/td>\n<td>phases TTL pour le processus d\u00b4impression,<br \/>\ntiroir ouvrir \/ fermer, etc.<br \/>\ndisponible avec un branchement DIN 6-pin \u00e0 l\u00b4arri\u00e8re<\/td>\n<\/tr>\n<tr>\n<td valign=\"top\">Logiciel de cr\u00e9ation d\u00b4\u00e9tiquettes<\/td>\n<td>Logiciel SureThing TM premi\u00e8re Edition pour Windows<\/td>\n<\/tr>\n<tr>\n<td valign=\"top\">Largeur d\u00b4impression maximale<\/td>\n<td>4.48&Prime; (114mm)<\/td>\n<\/tr>\n<tr>\n<td>RUBANS<\/td>\n<td>Monochrome: noir<br \/>\n2-couleurs:: noir\/bleu, noir\/rouge, noir\/vert<\/td>\n<\/tr>\n<tr>\n<td>Capacit\u00e9 des rubans<\/td>\n<td>Monochrome\u00a0: au moins 700 impressions<br \/>\n1000-1200 possibles<\/td>\n<\/tr>\n<tr>\n<td>Economiseur de ruban<\/td>\n<td>inclus\u00a0; jusqu\u00b4\u00e0 30 % de consommation en moins<br \/>\nseulement pour le monochrome<\/td>\n<\/tr>\n<tr>\n<td>Adaptateur<\/td>\n<td>100-240 VAC, 50\/60 Hz, 60 Watt<\/td>\n<\/tr>\n<tr>\n<td>Poids<\/td>\n<td>9.4 lbs. (4.26 kg)<\/td>\n<\/tr>\n<tr>\n<td>Mesures<\/td>\n<td>6&Prime;H x 3.875&Prime;W x 12.875&Prime;D<br \/>\n(152mm x 97mmW x 327mm)<\/td>\n<\/tr>\n<tr>\n<td>Certifications<\/td>\n<td>Emissions: FCC Classe B, CE<br \/>\nS\u00e9curit\u00e9: TUV-GS, cTUVus<\/td>\n<\/tr>\n<\/tbody>\n<\/table>\n","protected":false},"excerpt":{"rendered":"<p><strong>A propos de l\u00b4imprimante \u00ab\u00a0Inscripta\u00a0\u00bb CD\/DVD : <\/strong><\/p>\n<p>L&rsquo;imprimante CD Inscripta est adapt\u00e9e de mani\u00e8re optimale \u00e0 l&rsquo;impression de CD- RW, DVD-Rs et DVD-RAM \u00e0 grande vitesse.<\/p>\n<p>Le texte et les arts graphiques \u00e0 2 couleurs peuvent \u00eatre imprim\u00e9s durablement sur la plupart des m\u00e9dias standards \u00e0 surface laqu\u00e9e.<\/p>\n<p>L\u00b4imprimante CD Inscripta est aussi tr\u00e8s robuste car sa carrosserie est enti\u00e8rement m\u00e9tallique. Elle est donc parfaitement adapt\u00e9 aussi bien pour une utilisation au bureau que dans les environnements de production. Elle peut \u00eatre utilis\u00e9 sans PC mais aussi en auto-chargeurs automatique et duplicateurs OEM.<\/p>\n<p>Un grand avantage de l\u00b4imprimante transfert thermique est que les CD ou DVD imprim\u00e9s sont r\u00e9sistants \u00e0 l&rsquo;eau, aux rayures et aux UV. Les frais d&rsquo;impression de cette m\u00e9thode d\u00b4impression sont d\u00e9risoires.<\/p>\n[fusion_button link=\"https:\/\/www.adr-shop.com\/fr\/module-de-rechargement-de-tete-inscripta-thermo\" color=\"custom\" size=\"small\" type=\"flat\" shape=\"round\" target=\"_blank\" title=\"\" gradient_colors=\"#67b8e1\" gradient_hover_colors=\"#67b8e1\" accent_color=\"#fff\" accent_hover_color=\"#fff\" bevel_color=\"\" border_width=\"0px\" shadow=\"no\" icon=\"\" icon_divider=\"yes\" icon_position=\"left\" modal=\"\" animation_type=\"0\" animation_direction=\"up\" animation_speed=\"1\" class=\"\" id=\"\"] Acheter un produit[\/fusion_button]\n","protected":false},"featured_media":14568,"comment_status":"closed","ping_status":"closed","template":"","meta":[],"product_cat":[260,271],"product_tag":[],"_links":{"self":[{"href":"https:\/\/adr-ag.de\/fr\/wp-json\/wp\/v2\/product\/13476"}],"collection":[{"href":"https:\/\/adr-ag.de\/fr\/wp-json\/wp\/v2\/product"}],"about":[{"href":"https:\/\/adr-ag.de\/fr\/wp-json\/wp\/v2\/types\/product"}],"replies":[{"embeddable":true,"href":"https:\/\/adr-ag.de\/fr\/wp-json\/wp\/v2\/comments?post=13476"}],"wp:featuredmedia":[{"embeddable":true,"href":"https:\/\/adr-ag.de\/fr\/wp-json\/wp\/v2\/media\/14568"}],"wp:attachment":[{"href":"https:\/\/adr-ag.de\/fr\/wp-json\/wp\/v2\/media?parent=13476"}],"wp:term":[{"taxonomy":"product_cat","embeddable":true,"href":"https:\/\/adr-ag.de\/fr\/wp-json\/wp\/v2\/product_cat?post=13476"},{"taxonomy":"product_tag","embeddable":true,"href":"https:\/\/adr-ag.de\/fr\/wp-json\/wp\/v2\/product_tag?post=13476"}],"curies":[{"name":"wp","href":"https:\/\/api.w.org\/{rel}","templated":true}]}}