{"id":13468,"date":"2015-04-15T11:07:32","date_gmt":"2015-04-15T11:07:32","guid":{"rendered":"http:\/\/new.adr-ag.de\/product\/cd-dvd-drucker-excelsior-ii-2\/"},"modified":"2024-03-06T10:22:30","modified_gmt":"2024-03-06T09:22:30","slug":"cd-dvd-drucker-excelsior-ii","status":"publish","type":"product","link":"https:\/\/adr-ag.de\/fr\/product\/cd-dvd-drucker-excelsior-ii\/","title":{"rendered":"CD \/ DVD Excelsior II imprimante"},"content":{"rendered":"<div>\n<p><strong>Des impressions qualit\u00e9 photo<\/strong><\/p>\n<p>La nouvelle\u00a0Excelsior II\u00a0d\u00b4ADR offre des impressions photo r\u00e9alistes. Grace \u00e1 la technologie PhototREt III, l\u00b4Excelsior atteint une r\u00e9solution d\u00b4impression de 4800&#215;1200 dpi. Les cartouches HP vous permettent d\u00b4obtenir un rendu vif des couleurs et des teintes \u00e9clatantes. Un logiciel de cr\u00e9ation de label intuitif est d\u00e9j\u00e0 inclus\u00a0dans la livraison.<\/p>\n<\/div>\n<div><\/div>\n<div>\n<p><strong>Rapide et efficace <\/strong><\/p>\n<p>L\u00b4Excelsior II atteint des performances remarquables gr\u00e2ce\u00a0au design intuitif du plateau de\u00a0l\u00b4imprimante, qui permet d\u00b4\u00e9viter avec pr\u00e9cision la moindre inexactitude sur le disque imprim\u00e9. Vous pouvez \u00e9galement augmenter la vitesse d\u00b4impression.<\/p>\n<\/div>\n<div><\/div>\n<div>\n<p align=\"left\"><strong>Des co\u00fbts d\u00b4impression r\u00e9duits au fil des disques imprim\u00e9s\u00a0<\/strong><\/p>\n<p align=\"left\">Grace \u00e0 l\u00b4utilisation de cartouches s\u00e9par\u00e9es, l\u00b4Excelsior offre des couts d\u00b4impression drastiquement diminu\u00e9s en comparaison avec les imprimantes concurrentes. Plus besoin de faire de gaspillages de cartouche, vous changez de cartouches que lorsque celles-ci sont vides. Vous pourrez effectuer jusqu\u00b4\u00e0 1500 impressions par jeu de cartouches.<\/p>\n<p align=\"left\">L\u00b4Excelsior II\u00a0a\u00a0\u00e9t\u00e9 \u00e9labor\u00e9e pour permettre \u00e0 un utilisateur professionnel\u00a0une impression massive de CD\/DVD.\u00a0Il peut y int\u00e9grer un chargeur automatique\u00a0ADR pour une production toute automatis\u00e9e.<\/p>\n<p align=\"left\">L\u00b4appareil id\u00e9al pour satisfaire les producteurs CD\/DVD les plus exigeants<\/p>\n<\/div>\n<div><\/div>\n<div>\n<table id=\"{C54807F1-657A-4B10-B89E-878D764B5248}\" border=\"1\" cellspacing=\"0\" cellpadding=\"5\" bgcolor=\"#ffffff\">\n<tbody>\n<tr class=\"smallmidgrey\" align=\"center\" bgcolor=\"#ffffcc\">\n<td class=\"smallmidgrey\" align=\"left\" valign=\"center\" bgcolor=\"#ffffff\" width=\"34%\" height=\"27\"><b>Mod\u00e8le<\/b><\/td>\n<td class=\"smallmidgrey\" align=\"left\" valign=\"center\" bgcolor=\"#ffffff\" width=\"66%\" height=\"27\"><b>Imprimante\u00a0DVD \/ CD Excelsior II\u00a0<\/b><\/td>\n<\/tr>\n<tr class=\"smallmidgrey\" align=\"center\">\n<td class=\"smallmidgrey\" align=\"left\" valign=\"center\" bgcolor=\"#ffffff\" width=\"34%\" height=\"29\">\n<div align=\"left\">Type d\u00b4imprimante:<\/div>\n<\/td>\n<td class=\"smallmidgrey\" align=\"left\" valign=\"center\" bgcolor=\"#ffffff\" width=\"66%\" height=\"29\">\n<div align=\"left\">Imprimante de CD\/DVD autonome ou combin\u00e9\u00a0\u00e0 un\u00a0chargeur automatique (optionnel)<\/div>\n<\/td>\n<\/tr>\n<tr class=\"smallmidgrey\" align=\"center\">\n<td class=\"smallmidgrey\" align=\"left\" valign=\"center\" bgcolor=\"#ffffff\" width=\"34%\">\n<div align=\"left\">M\u00e9dias compatibles:<\/div>\n<\/td>\n<td class=\"smallmidgrey\" align=\"left\" valign=\"center\" bgcolor=\"#ffffff\" width=\"66%\">\n<div align=\"left\">CD\/DVD jet d\u00b4encre \u00e0 surface imprimable, CD Business Cards, Mini Discs\u00a080mm<\/div>\n<\/td>\n<\/tr>\n<tr class=\"smallmidgrey\" align=\"center\">\n<td class=\"smallmidgrey\" align=\"left\" valign=\"center\" bgcolor=\"#ffffff\" width=\"34%\">\n<div align=\"left\">CD\/DVD 120mm:<\/div>\n<\/td>\n<td class=\"smallmidgrey\" align=\"left\" valign=\"center\" bgcolor=\"#ffffff\" width=\"66%\">\n<div align=\"left\">Oui<\/div>\n<\/td>\n<\/tr>\n<tr class=\"smallmidgrey\" align=\"center\">\n<td class=\"smallmidgrey\" align=\"left\" valign=\"center\" bgcolor=\"#ffffff\" width=\"34%\">\n<div align=\"left\">Mini disque 80mm:<\/div>\n<\/td>\n<td class=\"smallmidgrey\" align=\"left\" valign=\"center\" bgcolor=\"#ffffff\" width=\"66%\">\n<div align=\"left\">Optionel<\/div>\n<\/td>\n<\/tr>\n<tr class=\"smallmidgrey\" align=\"center\">\n<td class=\"smallmidgrey\" align=\"left\" valign=\"center\" bgcolor=\"#ffffff\" width=\"34%\">\n<div align=\"left\">CD rectangulaire carte de visite:<\/div>\n<\/td>\n<td class=\"smallmidgrey\" align=\"left\" valign=\"center\" bgcolor=\"#ffffff\" width=\"66%\">\n<div align=\"left\">Optionel (61x86mm)<\/div>\n<\/td>\n<\/tr>\n<tr class=\"smallmidgrey\" align=\"center\">\n<td class=\"smallmidgrey\" align=\"left\" valign=\"center\" bgcolor=\"#ffffff\" width=\"34%\">\n<div align=\"left\">Saddle CD Business Cards:<\/div>\n<\/td>\n<td class=\"smallmidgrey\" align=\"left\" valign=\"center\" bgcolor=\"#ffffff\" width=\"66%\">\n<div align=\"left\">Optionel (80x61mm; 80x63mm)<\/div>\n<\/td>\n<\/tr>\n<tr class=\"smallmidgrey\" align=\"center\">\n<td class=\"smallmidgrey\" align=\"left\" valign=\"center\" bgcolor=\"#ffffff\" width=\"34%\">\n<div align=\"left\">Resolution maximale:<\/div>\n<\/td>\n<td class=\"smallmidgrey\" align=\"left\" valign=\"center\" bgcolor=\"#ffffff\" width=\"66%\">\n<div align=\"left\">4800 x 1200 dpi with 16.7 million colours<\/div>\n<\/td>\n<\/tr>\n<tr class=\"smallmidgrey\" align=\"center\">\n<td class=\"smallmidgrey\" align=\"left\" valign=\"center\" bgcolor=\"#ffffff\" width=\"34%\">\n<div align=\"left\">Vitesse d\u00b4impression (en secondes par disque):<\/div>\n<\/td>\n<td class=\"smallmidgrey\" align=\"left\" valign=\"center\" bgcolor=\"#ffffff\" width=\"66%\">\n<div align=\"left\">jusqu\u00b4\u00e0 100 disques\/Heure en qualit\u00e9 d\u00b4impression \u00ab\u00a0Best\u00a0\u00bb (selon la taille du label)<\/div>\n<\/td>\n<\/tr>\n<tr class=\"smallmidgrey\" align=\"center\">\n<td class=\"smallmidgrey\" align=\"left\" valign=\"center\" bgcolor=\"#ffffff\" width=\"34%\">\n<div align=\"left\">Cartouches:<\/div>\n<\/td>\n<td class=\"smallmidgrey\" align=\"left\" valign=\"center\" bgcolor=\"#ffffff\" width=\"66%\">\n<p align=\"left\">4 cartouches s\u00e9par\u00e9es,<br \/>\njaune, cyan, magenta, noir<\/p>\n<\/td>\n<\/tr>\n<tr class=\"smallmidgrey\" align=\"center\">\n<td class=\"smallmidgrey\" align=\"left\" valign=\"center\" bgcolor=\"#ffffff\" width=\"34%\">\n<div align=\"left\">Logiciels inclus:<\/div>\n<\/td>\n<td class=\"smallmidgrey\" align=\"left\" valign=\"center\" bgcolor=\"#ffffff\" width=\"66%\">\n<div align=\"left\">Discus<br \/>\n(peut etre utilis\u00e9e avec plusieurs programmes\u00a0de cr\u00e9ation d\u00b4\u00e9tiquettes. Entre autres CorelDraw\u00a0et Adobe Photoshop)<\/div>\n<\/td>\n<\/tr>\n<tr class=\"smallmidgrey\" align=\"center\">\n<td class=\"smallmidgrey\" align=\"left\" valign=\"center\" bgcolor=\"#ffffff\" width=\"34%\">\n<div align=\"left\">Configurations miniales requises<\/div>\n<\/td>\n<td class=\"smallmidgrey\" align=\"left\" valign=\"center\" bgcolor=\"#ffffff\" width=\"66%\">\n<div align=\"left\">Windows 2000, Pentium 133 MHz, 64 Mb RAM<br \/>\nWindows XP, Pentium 233 MHz, 128 Mb RAM<\/div>\n<\/td>\n<\/tr>\n<tr class=\"smallmidgrey\" align=\"center\">\n<td class=\"smallmidgrey\" align=\"left\" valign=\"center\" bgcolor=\"#ffffff\" width=\"34%\">\n<div align=\"left\">Interfaces:<\/div>\n<\/td>\n<td class=\"smallmidgrey\" align=\"left\" valign=\"center\" bgcolor=\"#ffffff\" width=\"66%\">\n<div align=\"left\">Bi Universal Serial Bus. 2.0 Full Speed (USB)<br \/>\nCentronics Parallel IEEE-1284 compliant)<\/div>\n<\/td>\n<\/tr>\n<tr class=\"smallmidgrey\" align=\"center\">\n<td class=\"smallmidgrey\" align=\"left\" valign=\"center\" bgcolor=\"#ffffff\" width=\"34%\">\n<div align=\"left\">Dimensions (WxHxD):<\/div>\n<\/td>\n<td class=\"smallmidgrey\" align=\"left\" valign=\"center\" bgcolor=\"#ffffff\" width=\"66%\">\n<div align=\"left\">85 x 46 x 56 cm<\/div>\n<\/td>\n<\/tr>\n<tr class=\"smallmidgrey\" align=\"center\">\n<td class=\"smallmidgrey\" align=\"left\" valign=\"center\" bgcolor=\"#ffffff\" width=\"34%\">\n<div align=\"left\">Poids:<\/div>\n<\/td>\n<td class=\"smallmidgrey\" align=\"left\" valign=\"center\" bgcolor=\"#ffffff\" width=\"66%\">\n<div align=\"left\">10 kg\u00a0(35 kg avec\u00a0son chargeur automatique)<\/div>\n<\/td>\n<\/tr>\n<tr class=\"smallmidgrey\" align=\"center\">\n<td class=\"smallmidgrey\" align=\"left\" valign=\"center\" bgcolor=\"#ffffff\" width=\"34%\">\n<div align=\"left\">Alimentation:<\/div>\n<\/td>\n<td class=\"smallmidgrey\" align=\"left\" valign=\"center\" bgcolor=\"#ffffff\" width=\"66%\">\n<div align=\"left\">110\/220V<\/div>\n<\/td>\n<\/tr>\n<tr class=\"smallmidgrey\" align=\"center\">\n<td class=\"smallmidgrey\" align=\"left\" valign=\"center\" bgcolor=\"#ffffff\" width=\"34%\">\n<div align=\"left\">Operation:<\/div>\n<\/td>\n<td class=\"smallmidgrey\" align=\"left\" valign=\"center\" bgcolor=\"#ffffff\" width=\"66%\">\n<div align=\"left\">avec controle PC<\/div>\n<\/td>\n<\/tr>\n<\/tbody>\n<\/table>\n<\/div>\n","protected":false},"excerpt":{"rendered":"<p><strong>A propos du Excelsior II CD \/ DVD imprimante:<\/strong><\/p>\n<p>La nouvelle imprimante DVD \/ CD Excelsior II d\u00b4ADR est la meilleure solution pour les utilisateurs souhaitant imprimer des quantit\u00e9s importantes de CD\/DVD. Gr\u00e2ce \u00e0 la nouvelle technologie offerte par Hewlett-Packard, Excelsior II offre une r\u00e9solution d\u00b4impression de 4800 dpi ainsi qu\u00b4une vitesse remarquable.<\/p>\n[fusion_button link=\"https:\/\/www.adr-shop.com\/fr\/imprimante-cddvd-excelsior-ii-pour-les-systemes-adr-2\" color=\"custom\" size=\"small\" type=\"flat\" shape=\"round\" target=\"_blank\" title=\"\" gradient_colors=\"#67b8e1\" gradient_hover_colors=\"#67b8e1\" accent_color=\"#fff\" accent_hover_color=\"#fff\" bevel_color=\"\" border_width=\"0px\" shadow=\"no\" icon=\"\" icon_divider=\"yes\" icon_position=\"left\" modal=\"\" animation_type=\"0\" animation_direction=\"up\" animation_speed=\"1\" class=\"\" id=\"\"] Acheter un produit[\/fusion_button]\n","protected":false},"featured_media":14716,"comment_status":"closed","ping_status":"closed","template":"","meta":[],"product_cat":[260,267],"product_tag":[],"_links":{"self":[{"href":"https:\/\/adr-ag.de\/fr\/wp-json\/wp\/v2\/product\/13468"}],"collection":[{"href":"https:\/\/adr-ag.de\/fr\/wp-json\/wp\/v2\/product"}],"about":[{"href":"https:\/\/adr-ag.de\/fr\/wp-json\/wp\/v2\/types\/product"}],"replies":[{"embeddable":true,"href":"https:\/\/adr-ag.de\/fr\/wp-json\/wp\/v2\/comments?post=13468"}],"wp:featuredmedia":[{"embeddable":true,"href":"https:\/\/adr-ag.de\/fr\/wp-json\/wp\/v2\/media\/14716"}],"wp:attachment":[{"href":"https:\/\/adr-ag.de\/fr\/wp-json\/wp\/v2\/media?parent=13468"}],"wp:term":[{"taxonomy":"product_cat","embeddable":true,"href":"https:\/\/adr-ag.de\/fr\/wp-json\/wp\/v2\/product_cat?post=13468"},{"taxonomy":"product_tag","embeddable":true,"href":"https:\/\/adr-ag.de\/fr\/wp-json\/wp\/v2\/product_tag?post=13468"}],"curies":[{"name":"wp","href":"https:\/\/api.w.org\/{rel}","templated":true}]}}