{"id":13464,"date":"2015-04-15T11:08:29","date_gmt":"2015-04-15T11:08:29","guid":{"rendered":"http:\/\/new.adr-ag.de\/product\/hp-excellentpro-cddvd-druckroboter-2\/"},"modified":"2024-03-06T10:22:30","modified_gmt":"2024-03-06T09:22:30","slug":"hp-excellentpro-cddvd-druckroboter","status":"publish","type":"product","link":"https:\/\/adr-ag.de\/fr\/product\/hp-excellentpro-cddvd-druckroboter\/","title":{"rendered":"HP ExcellentPro CD\/DVD-imprimante"},"content":{"rendered":"<p><strong>Donn\u00e9es techniques de l\u00b4imprimante CD \/ DVD Excellent Pro<\/strong><\/p>\n<table border=\"0\" cellspacing=\"0\" cellpadding=\"5\">\n<tbody>\n<tr class=\"smallmidgrey\" align=\"center\">\n<td class=\"smallmidgrey\" align=\"left\" valign=\"center\" bgcolor=\"#ffffff\" width=\"34%\" height=\"29\">\n<div align=\"left\">Fonction<\/div>\n<\/td>\n<td class=\"smallmidgrey\" bgcolor=\"#ffffff\" width=\"66%\" height=\"29\">\n<div align=\"left\">Imprimante de CD\/DVD autonome ou combin\u00e9 avec chargeur automatique (optionel)<\/div>\n<\/td>\n<\/tr>\n<tr class=\"smallmidgrey\" align=\"center\">\n<td class=\"smallmidgrey\" align=\"left\" valign=\"center\" bgcolor=\"#ffffff\" width=\"34%\">\n<div align=\"left\">M\u00e9dias<\/div>\n<\/td>\n<td class=\"smallmidgrey\" bgcolor=\"#ffffff\" width=\"66%\">\n<div align=\"left\">CD\/DVD \u00e0 surface jet d\u00b4encre\u00a0imprimable<\/div>\n<\/td>\n<\/tr>\n<tr class=\"smallmidgrey\" align=\"center\">\n<td class=\"smallmidgrey\" align=\"left\" valign=\"center\" bgcolor=\"#ffffff\" width=\"34%\">\n<div align=\"left\">^CD\/DVD 120 mm<\/div>\n<\/td>\n<td class=\"smallmidgrey\" bgcolor=\"#ffffff\" width=\"66%\">\n<div align=\"left\">Oui<\/div>\n<\/td>\n<\/tr>\n<tr class=\"smallmidgrey\" align=\"center\">\n<td class=\"smallmidgrey\" align=\"left\" valign=\"center\" bgcolor=\"#ffffff\" width=\"34%\">\n<div align=\"left\">Mini Disques 80mm<\/div>\n<\/td>\n<td class=\"smallmidgrey\" bgcolor=\"#ffffff\" width=\"66%\">\n<div align=\"left\">Optionnel<\/div>\n<\/td>\n<\/tr>\n<tr class=\"smallmidgrey\" align=\"center\">\n<td class=\"smallmidgrey\" align=\"left\" valign=\"center\" bgcolor=\"#ffffff\" width=\"34%\">\n<div align=\"left\">CD carte de visite rectangulaire<\/div>\n<\/td>\n<td class=\"smallmidgrey\" bgcolor=\"#ffffff\" width=\"66%\">\n<div align=\"left\">Optionnel (61x86mm)<\/div>\n<\/td>\n<\/tr>\n<tr class=\"smallmidgrey\" align=\"center\">\n<td class=\"smallmidgrey\" align=\"left\" valign=\"center\" bgcolor=\"#ffffff\" width=\"34%\">\n<div align=\"left\">Saddle CD Business Cards<\/div>\n<\/td>\n<td class=\"smallmidgrey\" bgcolor=\"#ffffff\" width=\"66%\">\n<div align=\"left\">Optionnel (80x61mm; 80x63mm)<\/div>\n<\/td>\n<\/tr>\n<tr class=\"smallmidgrey\" align=\"center\">\n<td class=\"smallmidgrey\" align=\"left\" valign=\"center\" bgcolor=\"#ffffff\" width=\"34%\">\n<div align=\"left\">Resolution maximale<\/div>\n<\/td>\n<td class=\"smallmidgrey\" bgcolor=\"#ffffff\" width=\"66%\">\n<div align=\"left\">4800 x 1200 dpi avec 16.7 millions de couleurs<\/div>\n<\/td>\n<\/tr>\n<tr class=\"smallmidgrey\" align=\"center\">\n<td class=\"smallmidgrey\" align=\"left\" valign=\"center\" bgcolor=\"#ffffff\" width=\"34%\">\n<div align=\"left\">Vitesse d\u00b4impression<\/div>\n<\/td>\n<td class=\"smallmidgrey\" bgcolor=\"#ffffff\" width=\"66%\">\n<div align=\"left\">25% couverture \u00a0Mono @ qualit\u00e9 texte normal approx.16 sec.<br \/>\n100% pleine surface\u00a0couleurs @ qualit\u00e9 jet d\u00b4encre normale approx.24 sec.<br \/>\n100%\u00a0pleine surface\u00a0couleurs @\u00a0meilleure qualit\u00e9 jet d\u00b4encre\u00a0(PhotoREt) approx.52 sec.<br \/>\n100%\u00a0pleine surface\u00a0couleurs @\u00a0qualit\u00e9 photo\u00a0HP PhotoREt approx.134 sec.<\/div>\n<\/td>\n<\/tr>\n<tr class=\"smallmidgrey\" align=\"center\">\n<td class=\"smallmidgrey\" align=\"left\" valign=\"center\" bgcolor=\"#ffffff\" width=\"34%\">\n<div align=\"left\">Cartouches<\/div>\n<\/td>\n<td class=\"smallmidgrey\" bgcolor=\"#ffffff\" width=\"66%\">\n<p align=\"left\">Cartouches Dual jet d\u00b4encre<br \/>\nCartouche HP\u00a015 noir<br \/>\nCartouche HP\u00a078\u00a0trois couleurs<\/p>\n<\/td>\n<\/tr>\n<tr class=\"smallmidgrey\" align=\"center\">\n<td class=\"smallmidgrey\" align=\"left\" valign=\"center\" bgcolor=\"#ffffff\" width=\"34%\">\n<div align=\"left\">Logiciels inclus<\/div>\n<\/td>\n<td class=\"smallmidgrey\" bgcolor=\"#ffffff\" width=\"66%\">\n<div align=\"left\">Discus<\/div>\n<\/td>\n<\/tr>\n<tr class=\"smallmidgrey\" align=\"center\">\n<td class=\"smallmidgrey\" align=\"left\" valign=\"center\" bgcolor=\"#ffffff\" width=\"34%\">\n<div align=\"left\">Configurations minimales requises<\/div>\n<\/td>\n<td class=\"smallmidgrey\" bgcolor=\"#ffffff\" width=\"66%\">\n<div align=\"left\">Windows 2000, Pentium 133 MHz, 64 Mb RAM<br \/>\nWindows XP, Pentium 233 MHz, 128 Mb RAM<\/div>\n<\/td>\n<\/tr>\n<tr class=\"smallmidgrey\" align=\"center\">\n<td class=\"smallmidgrey\" align=\"left\" valign=\"center\" bgcolor=\"#ffffff\" width=\"34%\">\n<div align=\"left\">Interfaces<\/div>\n<\/td>\n<td class=\"smallmidgrey\" bgcolor=\"#ffffff\" width=\"66%\">\n<div align=\"left\">Bi Universal Serial Bus. 2.0 Full Speed (USB)<br \/>\nCentronics Parall\u00e8le IEEE-1284 compliant<\/div>\n<\/td>\n<\/tr>\n<tr class=\"smallmidgrey\" align=\"center\">\n<td class=\"smallmidgrey\" align=\"left\" valign=\"center\" bgcolor=\"#ffffff\" width=\"34%\">\n<div align=\"left\">Dimensions (WxHxD)<\/div>\n<\/td>\n<td class=\"smallmidgrey\" bgcolor=\"#ffffff\" width=\"66%\">\n<div align=\"left\">17.6 x 7.6 x 14&Prime;<br \/>\n447 x 152 x 356mm<\/div>\n<\/td>\n<\/tr>\n<tr class=\"smallmidgrey\" align=\"center\">\n<td class=\"smallmidgrey\" align=\"left\" valign=\"center\" bgcolor=\"#ffffff\" width=\"34%\">\n<div align=\"left\">Poids<\/div>\n<\/td>\n<td class=\"smallmidgrey\" bgcolor=\"#ffffff\" width=\"66%\">\n<div align=\"left\">5.5kg sans cartouches<\/div>\n<\/td>\n<\/tr>\n<tr class=\"smallmidgrey\" align=\"center\">\n<td class=\"smallmidgrey\" align=\"left\" valign=\"center\" bgcolor=\"#ffffff\" width=\"34%\">\n<div align=\"left\">Alimentation<\/div>\n<\/td>\n<td class=\"smallmidgrey\" bgcolor=\"#ffffff\" width=\"66%\">\n<div align=\"left\">220-240V\/50Hz 110V\/60Hz<\/div>\n<\/td>\n<\/tr>\n<tr class=\"smallmidgrey\" align=\"center\">\n<td class=\"smallmidgrey\" align=\"left\" valign=\"center\" bgcolor=\"#ffffff\" width=\"34%\">\n<div align=\"left\">Op\u00e9ration<\/div>\n<\/td>\n<td class=\"smallmidgrey\" bgcolor=\"#ffffff\" width=\"66%\">\n<div align=\"left\">control\u00e9 par ordinateur<\/div>\n<\/td>\n<\/tr>\n<\/tbody>\n<\/table>\n","protected":false},"excerpt":{"rendered":"<p><strong>A propos de \u00ab\u00a0HP ExcellentPro\u00a0\u00bb CD\/DVD-imprimante:<\/strong><\/p>\n<p>L\u00b4imprimante CD \/ DVD Excellent Pro\u00a0d\u00b4ADR a \u00e9t\u00e9\u00a0 d\u00e9velopp\u00e9 en collaboration avec Hewlett Packard. Il s\u00b4agit de la meilleure solution pour l&rsquo;impression de CD- RWs, DVD-Rs et DVD-RAMs grace \u00e0 son jet d\u00b4encre \u00e0 grande vitesse. Combin\u00e9 \u00e0 un robot de duplication ADR,vous obtenez un syst\u00e8me complet\u00a0 pour la production de CD\/DVD \u00ab\u00a0\u00e0 la demande\u00a0\u00bb.<\/p>\n<p>L&rsquo;imprimante CD \/ DVD Excellent Pro\u00a0est dot\u00e9e de la technologie\u00a0 PhotoREt IV colour layering. Celle-ci permet la fid\u00e9lit\u00e9 absolue des couleurs, le tout dans une qualit\u00e9 photo remarquable. PhotoREt IV peut produire 289 nuances de chaque couleur (17 dans les mod\u00e8les pr\u00e9alables) et offre une palette de couleur compl\u00e8te de plus de 1.2 millions de couleurs.<\/p>\n<p>L&rsquo;imprimante CD \/ DVD Excellent Pro\u00a0utilise des cartouches standards HP, au contraire de la plupart des produits concurrents. Ainsi vous n\u00b4avez pas \u00e0 acheter de cartouches sp\u00e9ciales qui sont souvent ch\u00e8res. De plus, vous trouverez ces cartouches dans n\u00b4importe quel magasin d\u00b4informatique.<\/p>\n[fusion_button link=\"https:\/\/www.adr-shop.com\/fr\/imprimante-cd-dvd-hp-excellent-pro-doccasion\" color=\"custom\" size=\"small\" type=\"flat\" shape=\"round\" target=\"_blank\" title=\"\" gradient_colors=\"#67b8e1\" gradient_hover_colors=\"#67b8e1\" accent_color=\"#fff\" accent_hover_color=\"#fff\" bevel_color=\"\" border_width=\"0px\" shadow=\"no\" icon=\"\" icon_divider=\"yes\" icon_position=\"left\" modal=\"\" animation_type=\"0\" animation_direction=\"up\" animation_speed=\"1\" class=\"\" id=\"\"] Acheter un produit[\/fusion_button]\n","protected":false},"featured_media":14754,"comment_status":"closed","ping_status":"closed","template":"","meta":[],"product_cat":[260,265],"product_tag":[],"_links":{"self":[{"href":"https:\/\/adr-ag.de\/fr\/wp-json\/wp\/v2\/product\/13464"}],"collection":[{"href":"https:\/\/adr-ag.de\/fr\/wp-json\/wp\/v2\/product"}],"about":[{"href":"https:\/\/adr-ag.de\/fr\/wp-json\/wp\/v2\/types\/product"}],"replies":[{"embeddable":true,"href":"https:\/\/adr-ag.de\/fr\/wp-json\/wp\/v2\/comments?post=13464"}],"wp:featuredmedia":[{"embeddable":true,"href":"https:\/\/adr-ag.de\/fr\/wp-json\/wp\/v2\/media\/14754"}],"wp:attachment":[{"href":"https:\/\/adr-ag.de\/fr\/wp-json\/wp\/v2\/media?parent=13464"}],"wp:term":[{"taxonomy":"product_cat","embeddable":true,"href":"https:\/\/adr-ag.de\/fr\/wp-json\/wp\/v2\/product_cat?post=13464"},{"taxonomy":"product_tag","embeddable":true,"href":"https:\/\/adr-ag.de\/fr\/wp-json\/wp\/v2\/product_tag?post=13464"}],"curies":[{"name":"wp","href":"https:\/\/api.w.org\/{rel}","templated":true}]}}