{"id":13460,"date":"2015-04-15T11:18:18","date_gmt":"2015-04-15T11:18:18","guid":{"rendered":"http:\/\/new.adr-ag.de\/product\/cd-dvd-drucker-excelsior-mit-autoloader-2\/"},"modified":"2024-03-06T10:22:29","modified_gmt":"2024-03-06T09:22:29","slug":"cd-dvd-drucker-excelsior-mit-autoloader","status":"publish","type":"product","link":"https:\/\/adr-ag.de\/fr\/product\/cd-dvd-drucker-excelsior-mit-autoloader\/","title":{"rendered":"L\u00b4imprimante de CD \/ DVD  Excelsior PrintPro DUO"},"content":{"rendered":"<p><strong>Flexibilit\u00e4t<\/strong><\/p>\n<p>Bieten Sie Ihren Druckern ohne l\u00e4stiges Umr\u00fcsten die Wahl zwischen hochwertigem InkJet Druck und dem HighEnd Thermo-Retransfer Druck. Nutzen Sie den g\u00fcnstigen InkJet Druck bei kosten-kritischen Anwendungen und verwenden Sie bis zu 2 TEAC P55 Thermo-Retransferdrucker wenn es um hochwertige Produktionen f\u00fcr Marketingzwecke geht.<\/p>\n<p><strong>Schnell und Effizient<\/strong><\/p>\n<p>Betreiben Sie 2 gleiche oder 2 verschiedene Drucker synchron mit einem ADR Autoloader und sparen Sie somit Platz und Geld f\u00fcr Ihre Produktion. Kombinieren Sie verschiedene Druckverfahren um den Kunden immer die richtige L\u00f6sung anbieten zu k\u00f6nnen.<\/p>\n<p><strong>G\u00fcnstige Druckkosten durch Excelsior Drucke<\/strong>r<\/p>\n<p>Durch die einzelnen Tintenpatronen des HP Excelsior CD Druckers k\u00f6nnen die Druck- kosten drastisch gesenkt werden. Da nur die Farben ersetzt werden m\u00fcssen, welche tats\u00e4chlich leer sind, wird kein Tropfen Tinte mehr verschwendet.<br \/>\nAufgrund der erh\u00f6hten Kapazit\u00e4t k\u00f6nnen so bis zu 1500 Disks ohne Aufsicht mit einem ADR Roboter bedruckt werden.<br \/>\nDer Excelsior Drucker ist somit f\u00fcr den professionellen Nutzer gedacht um kosteng\u00fcnstig hohe Mengen von CD\/DVDs zu bedrucken.<\/p>\n<p><strong>ADR Autoloader<\/strong><\/p>\n<p>Der ADR PrintPro Duo basiert auf den patentierten Autoloader von ADR, welche seit \u00fcber 14 Jahren zuverl\u00e4ssig weiterentwickelt werden. In Bezug auf Zuver-l\u00e4ssigkeit und Langlebigkeit gibt es keine Alternative zu den ADR Autodruckern. Als einziger Hersteller gibt ADR eine 5-j\u00e4hrige Teilegarantie auf die Robotik.<\/p>\n<p><strong>Features:<\/strong><\/p>\n<ul>\n<li>1-2 CD\/DVD Drucker<\/li>\n<li>600 Disk Kapazit\u00e4t<\/li>\n<li>Unterst\u00fctzt verschiedene Drucker (Excellent Pro, Excelsior, TEAC P55 etc.)<\/li>\n<li>InkJet Druckkosten von unter 0,07 \u20ac \/ Disk (vollfl\u00e4chig Farbe)<br \/>\n(bei Verwendung des HP Excelsior Druckers)<\/li>\n<li>Photo Druckqualit\u00e4t<\/li>\n<li>Bedruckt alle InkJet Disks (CD \/ DVD \/ BD)<\/li>\n<li>ADR Autoloader Support<\/li>\n<li>Software inbegriffen (CD Painter \/ Batch Printer f\u00fcr Windows)<\/li>\n<li><strong>Zuverl\u00e4ssige Tintenstandanzeige<\/strong> (Bei Einsatz mit InkJetdruckern)<\/li>\n<li><strong>Error Reporting per E-Mail<\/strong><\/li>\n<li>Visitenkarten Adapter verf\u00fcgbar<\/li>\n<li>8cm CD\/DVD Adapter verf\u00fcgbar<\/li>\n<li>Highspeed USB 2.0 Schnittstelle<\/li>\n<li>110\/220 Volt Anschluss<\/li>\n<\/ul>\n","protected":false},"excerpt":{"rendered":"<p><strong>\u00fcber PrintPro DUO:<\/strong><\/p>\n<p>Kombinieren Sie verschiedene Druckverfahren f\u00fcr die CD Bedruckung auf kleinstem Raum mit dem neuen ADR PrintPro Duo Autoprinter. Mit dem kompakten Geh\u00e4use gibt es kein produktiveres Ger\u00e4t welches in jedem B\u00fcro Platz findet.<\/p>\n[fusion_button link=\"https:\/\/www.adr-shop.com\/fr\/imprimante-automatique-adr-excelsior-ii\" color=\"custom\" size=\"small\" type=\"flat\" shape=\"round\" target=\"_blank\" title=\"\" gradient_colors=\"#67b8e1\" gradient_hover_colors=\"#67b8e1\" accent_color=\"#fff\" accent_hover_color=\"#fff\" bevel_color=\"\" border_width=\"0px\" shadow=\"no\" icon=\"\" icon_divider=\"yes\" icon_position=\"left\" modal=\"\" animation_type=\"0\" animation_direction=\"up\" animation_speed=\"1\" class=\"\" id=\"\"] Acheter un produit[\/fusion_button]\n","protected":false},"featured_media":16070,"comment_status":"closed","ping_status":"closed","template":"","meta":[],"product_cat":[213,221],"product_tag":[],"_links":{"self":[{"href":"https:\/\/adr-ag.de\/fr\/wp-json\/wp\/v2\/product\/13460"}],"collection":[{"href":"https:\/\/adr-ag.de\/fr\/wp-json\/wp\/v2\/product"}],"about":[{"href":"https:\/\/adr-ag.de\/fr\/wp-json\/wp\/v2\/types\/product"}],"replies":[{"embeddable":true,"href":"https:\/\/adr-ag.de\/fr\/wp-json\/wp\/v2\/comments?post=13460"}],"wp:featuredmedia":[{"embeddable":true,"href":"https:\/\/adr-ag.de\/fr\/wp-json\/wp\/v2\/media\/16070"}],"wp:attachment":[{"href":"https:\/\/adr-ag.de\/fr\/wp-json\/wp\/v2\/media?parent=13460"}],"wp:term":[{"taxonomy":"product_cat","embeddable":true,"href":"https:\/\/adr-ag.de\/fr\/wp-json\/wp\/v2\/product_cat?post=13460"},{"taxonomy":"product_tag","embeddable":true,"href":"https:\/\/adr-ag.de\/fr\/wp-json\/wp\/v2\/product_tag?post=13460"}],"curies":[{"name":"wp","href":"https:\/\/api.w.org\/{rel}","templated":true}]}}