{"id":13456,"date":"2015-04-15T11:19:15","date_gmt":"2015-04-15T11:19:15","guid":{"rendered":"http:\/\/new.adr-ag.de\/product\/cd-dvd-drucker-excelsior-2\/"},"modified":"2024-03-06T10:22:29","modified_gmt":"2024-03-06T09:22:29","slug":"cd-dvd-drucker-excelsior","status":"publish","type":"product","link":"https:\/\/adr-ag.de\/fr\/product\/cd-dvd-drucker-excelsior\/","title":{"rendered":"ADR Excelsior II imprimante"},"content":{"rendered":"<p><strong>Utilisation <\/strong><\/p>\n<p>Cette imprimante automatique de CD\/DVD\u00a0est pilotable depuis votre\u00a0PC. C\u00b4est lui\u00a0qui fournit les donn\u00e9es d\u00b4impression\u00a0<br \/> \u00e0 l\u00b4appareil.\u00a0<\/p>\n<p> En plus des logiciels CDID ou encore CD Painter, vous avez la possibilit\u00e9 de travailler avec des fichiers .prn, en provenance\u00a0<br \/> de n\u00b4importe quel logiciel de production d\u00b4\u00e9tiquettes. Ainsi, vous n\u00b4\u00eates pas oblig\u00e9s d\u00b4utiliser un logiciel de production\u00a0<br \/> d\u00b4\u00e9tiquettes. L\u00b4imprimante automatique Excelsior ADR600AL-X2 peut imprimer jusqu\u00b4\u00e0 250 m\u00e9dias sans rechargemnent\u00a0<br \/> n\u00e9cessaire.\u00a0<\/p>\n<p>Ainsi, vous atteignez un maximum d\u00b4efficacit\u00e9 pour un minimum de manipulation.\u00a0<\/p>\n<p>Co\u00fbts d\u00b4assistance r\u00e9duits\u00a0&#8211; Pas de maintenance requise.<\/p>\n<p><strong>Caract\u00e9ristiques techniques<\/strong><\/p>\n<ul>\n<li>Robotique d\u00b4impression pilot\u00e9e par PC<\/li>\n<li>R\u00e9servoir 600 disques<\/li>\n<li>Imprimante jet d\u00b4encre Excelsior II inclus<\/li>\n<li>Construction fiable et r\u00e9sistante garantissant une dur\u00e9e de vie\u00a0maximale.<\/li>\n<li>Logiciel\u00a0ADR PrintPro\u00a0et Label inclus.<\/li>\n<li>Robotique\u00a0ADR brevet\u00e9e<\/li>\n<li>Vous pouvez utiliser tous les m\u00e9dias imprimables des grands\u00a0fabricants<\/li>\n<\/ul>\n<p>\u00a0<\/p>\n<p>\u00a0<\/p>\n","protected":false},"excerpt":{"rendered":"<p><strong>A propos du Excelsior II:<\/strong><\/p>\n<p>L\u00b4imprimante automatique\u00a0Excelsior ADR600AL-X est l\u00b4imprimante disposant de la plus grande capacit\u00e9\u00a0de toute la s\u00e9rie Print Pro d\u00b4ADR .\u00a0Dot\u00e9e d\u00b4une capacit\u00e9 de\u00a0600\u00a0m\u00e9dias et d\u00b4une robotique industrielle brevet\u00e9e, ce robot d\u00b4impression pour CD\/DVD est particuli\u00e8rement\u00a0digne de confiance.\u00a0<\/p>\n<p> Gr\u00e2ce \u00e0 ses cartouches d\u00b4encre s\u00e9par\u00e9es l\u00b4imprimante\u00a0EXCELSIOR\u00a0vous permet d\u00b4optimiser vos co\u00fbts de production. En effet, l\u00b4Excelsior\u00a0s\u00b4av\u00e8re jusqu\u00b4\u00e0 90\u00a0% plus rentable que\u00a0toutes les imprimantes jet d\u00b4encre de sa cat\u00e9gorie.\u00a0<br \/> Avec des co\u00fbts d\u00b4impression de seulement 2 centimes par\u00a0m\u00e9dias, cet appareil est\u00a0l\u00b4alli\u00e9 id\u00e9al des\u00a0prestataires de services\u00a0.\u00a0<\/p>\n<p>Chez ADR, nous restons fid\u00e8les \u00e0 notre philosophie, selon laquelle nous nous engageons \u00e0 vous permettre de changer de technologie d\u00b4impression, ou tout simplement d\u00b4imprimante contre un nouveau mod\u00e8le, dans le cas o\u00f9 vos besoins \u00e9voluent au fil des ann\u00e9es.\u00a0<\/p>\n<p>De cette mani\u00e8re, vous prot\u00e9gez votre investissement tout en restant flexible\u00a0pour vos productions ult\u00e9rieures.<\/p>\n<p>\u00a0<\/p>\n","protected":false},"featured_media":14714,"comment_status":"closed","ping_status":"closed","template":"","meta":[],"product_cat":[213,219],"product_tag":[],"_links":{"self":[{"href":"https:\/\/adr-ag.de\/fr\/wp-json\/wp\/v2\/product\/13456"}],"collection":[{"href":"https:\/\/adr-ag.de\/fr\/wp-json\/wp\/v2\/product"}],"about":[{"href":"https:\/\/adr-ag.de\/fr\/wp-json\/wp\/v2\/types\/product"}],"replies":[{"embeddable":true,"href":"https:\/\/adr-ag.de\/fr\/wp-json\/wp\/v2\/comments?post=13456"}],"wp:featuredmedia":[{"embeddable":true,"href":"https:\/\/adr-ag.de\/fr\/wp-json\/wp\/v2\/media\/14714"}],"wp:attachment":[{"href":"https:\/\/adr-ag.de\/fr\/wp-json\/wp\/v2\/media?parent=13456"}],"wp:term":[{"taxonomy":"product_cat","embeddable":true,"href":"https:\/\/adr-ag.de\/fr\/wp-json\/wp\/v2\/product_cat?post=13456"},{"taxonomy":"product_tag","embeddable":true,"href":"https:\/\/adr-ag.de\/fr\/wp-json\/wp\/v2\/product_tag?post=13456"}],"curies":[{"name":"wp","href":"https:\/\/api.w.org\/{rel}","templated":true}]}}