{"id":13452,"date":"2015-04-15T11:22:00","date_gmt":"2015-04-15T11:22:00","guid":{"rendered":"http:\/\/new.adr-ag.de\/product\/adr-autoprinter-fur-teac-p55-cd-dvd-drucker-2\/"},"modified":"2024-03-06T10:22:28","modified_gmt":"2024-03-06T09:22:28","slug":"adr-autoprinter-fur-teac-p55-cd-dvd-drucker","status":"publish","type":"product","link":"https:\/\/adr-ag.de\/fr\/product\/adr-autoprinter-fur-teac-p55-cd-dvd-drucker\/","title":{"rendered":"Chargeur automatique pour imprimante DVD \/ CD TEAC P-55"},"content":{"rendered":"<p><strong>Utilisation<\/strong><\/p>\n<p>Vous pouvez \u00e9laborer, grace au logiciel fourni, Droppix Label designer, aussi bien des donn\u00e9es que des graphiques.<\/p>\n<p><strong>Flexibilit\u00e9\u00a0<\/strong><\/p>\n<p>Vous avez le choix entre 3 technologies d\u00b4impression diff\u00e9rentes : jet d\u00b4encre, transfert thermique ou retransfert thermique. Vous obtenez ainsi une station d\u00b4impression enti\u00e8rement automatique. Vous restez flexible et avez la possibilit\u00e9 de changer d\u00b4imprimante lorsqu\u00b4une nouvelle technologie arrive sur le march\u00e9.<\/p>\n<p><strong>Caract\u00e9ristiques\u00a0techniques<\/strong><\/p>\n<ul>\n<li>un chargeur de 250 ou 400 m\u00e9dias<\/li>\n<li>Fonctionne avec un ordinateur<\/li>\n<li>Compatible avec presque toutes les imprimantes de CD\/DVD<br \/>\n(Signature Drucker III, IV, Pro, Z6, Flashjet, Optiprinter, Optiprinter Pro, Excellent Pro, TEAC P55, Inscripta, Power Pro I-III)<\/li>\n<li>Logiciel de cr\u00e9ation d\u00b4\u00e9tiquettes inclus<\/li>\n<li>Robotique brevet\u00e9e de la maison ADR<\/li>\n<li>Compatible avec les CD\/DVD\u00a0 8 cm\u00a0 (adaptateur optionel)<\/li>\n<li>Compatible avec les CD\/DVD\u00a0 carte de visite (adaptateur optionel)<\/li>\n<li>Tous les formats imprimables de CD\/DVD compatibles<\/li>\n<\/ul>\n","protected":false},"excerpt":{"rendered":"<p><strong>A propos de ADR PrintPro CD\/DVD-chargeur :<br \/>\n<\/strong><\/p>\n<p>Pour les grandes\u00a0productions de CD\/DVD\u00a0\u00ab\u00a0\u00e0 la demande\u00a0\u00bb, la meilleure solution est le PrintPro d\u00b4ADR.<\/p>\n<p>Fini le chargement manuel, PrintPro travaille\u00a0\u00e0 votre place. Disponible en 2 versions, l\u00b4une disposant d\u00b4un chargeur de 250 m\u00e9dias, l\u00b4autre d\u00b4un chargeur de 400 m\u00e9dias, PrintPro charge et d\u00e9charge les CD\/DVD automatiquement.<\/p>\n<p>Sa robotique \u00e0\u00a0fait l\u00b4objet d\u00b4un d\u00e9pot de brevet et a \u00e9t\u00e9 \u00e9labor\u00e9e pour un fonctionnement sans interruption 24h\/24. Ainsi grace au PrintPro vous atteignez un maximum de performances.<\/p>\n[fusion_button link=\"https:\/\/www.adr-shop.com\/fr\/adr-autoprinter-teac-p55-cd-dvd\" color=\"custom\" size=\"small\" type=\"flat\" shape=\"round\" target=\"_blank\" title=\"\" gradient_colors=\"#67b8e1\" gradient_hover_colors=\"#67b8e1\" accent_color=\"#fff\" accent_hover_color=\"#fff\" bevel_color=\"\" border_width=\"0px\" shadow=\"no\" icon=\"\" icon_divider=\"yes\" icon_position=\"left\" modal=\"\" animation_type=\"0\" animation_direction=\"up\" animation_speed=\"1\" class=\"\" id=\"\"] Acheter un produit[\/fusion_button]\n","protected":false},"featured_media":14558,"comment_status":"closed","ping_status":"closed","template":"","meta":[],"product_cat":[213,225],"product_tag":[],"_links":{"self":[{"href":"https:\/\/adr-ag.de\/fr\/wp-json\/wp\/v2\/product\/13452"}],"collection":[{"href":"https:\/\/adr-ag.de\/fr\/wp-json\/wp\/v2\/product"}],"about":[{"href":"https:\/\/adr-ag.de\/fr\/wp-json\/wp\/v2\/types\/product"}],"replies":[{"embeddable":true,"href":"https:\/\/adr-ag.de\/fr\/wp-json\/wp\/v2\/comments?post=13452"}],"wp:featuredmedia":[{"embeddable":true,"href":"https:\/\/adr-ag.de\/fr\/wp-json\/wp\/v2\/media\/14558"}],"wp:attachment":[{"href":"https:\/\/adr-ag.de\/fr\/wp-json\/wp\/v2\/media?parent=13452"}],"wp:term":[{"taxonomy":"product_cat","embeddable":true,"href":"https:\/\/adr-ag.de\/fr\/wp-json\/wp\/v2\/product_cat?post=13452"},{"taxonomy":"product_tag","embeddable":true,"href":"https:\/\/adr-ag.de\/fr\/wp-json\/wp\/v2\/product_tag?post=13452"}],"curies":[{"name":"wp","href":"https:\/\/api.w.org\/{rel}","templated":true}]}}