{"id":13448,"date":"2015-04-15T11:23:18","date_gmt":"2015-04-15T11:23:18","guid":{"rendered":"http:\/\/new.adr-ag.de\/product\/powerpro-iii-cd-dvd-drucker-2\/"},"modified":"2024-03-06T10:22:25","modified_gmt":"2024-03-06T09:22:25","slug":"powerpro-iii-cd-dvd-drucker","status":"publish","type":"product","link":"https:\/\/adr-ag.de\/fr\/product\/powerpro-iii-cd-dvd-drucker\/","title":{"rendered":"PowerPro III, CD DVD-imprimante"},"content":{"rendered":"<p><strong>Caract\u00e9ristiques\u00a0techniques<\/strong><\/p>\n<ul>\n<li>\n<p align=\"left\">600 &amp; 300\u00a0 DPI<\/p>\n<\/li>\n<\/ul>\n<ul>\n<li>\n<p align=\"left\">Rubans couleurs ou noirs<\/p>\n<\/li>\n<\/ul>\n<ul>\n<li>\n<p align=\"left\">Impressions couleurs de textes et graphiques<\/p>\n<\/li>\n<\/ul>\n<ul>\n<li>\n<p align=\"left\">Etiquettes \u00e9tanches<\/p>\n<\/li>\n<\/ul>\n<ul>\n<li>\n<p align=\"left\">Remplacement simple et facile des rubans<\/p>\n<\/li>\n<\/ul>\n<ul>\n<li>\n<p align=\"left\">Logiciel\u00a0inclus<\/p>\n<\/li>\n<\/ul>\n<ul>\n<li>\n<p align=\"left\">Presque tous les formats de CD\/DVD sont compatibles<\/p>\n<\/li>\n<\/ul>\n<ul>\n<li>\n<p align=\"left\">Option CD carte de visite<\/p>\n<\/li>\n<\/ul>\n","protected":false},"excerpt":{"rendered":"<p><strong>A propos de Power Pro III CD\/DVD imprimante:<\/strong><\/p>\n<p align=\"left\">Avec l\u00b4imprimante DVD\u00a0\/ CD PowerPro III,\u00a0vous pouvez dupliquer des CD\/DVD aussi simplement que si c\u00b4\u00e9tait du papier!<\/p>\n<p>Le logiciel livr\u00e9 avec l\u00b4imprimante permet l\u00b4\u00e9labration simple et rapide d\u00b4\u00e9tiquettes au design tr\u00e8s professionnel. Vous pouvez \u00e9galement utiliser des programmes standards. Qualit\u00e9,\u00a0dur\u00e9e d\u00b4impression courte, couts r\u00e9duits et technologie transfert thermique, tous les avantages sont r\u00e9unis autour de cette imprimante.<\/p>\n[fusion_button link=\"https:\/\/www.adr-shop.com\/fr\/powerpro-iii-cd-dvd-printer\" color=\"custom\" size=\"small\" type=\"flat\" shape=\"round\" target=\"_blank\" title=\"\" gradient_colors=\"#67b8e1\" gradient_hover_colors=\"#67b8e1\" accent_color=\"#fff\" accent_hover_color=\"#fff\" bevel_color=\"\" border_width=\"0px\" shadow=\"no\" icon=\"\" icon_divider=\"yes\" icon_position=\"left\" modal=\"\" animation_type=\"0\" animation_direction=\"up\" animation_speed=\"1\" class=\"\" id=\"\"] Acheter un produit[\/fusion_button]\n","protected":false},"featured_media":14712,"comment_status":"closed","ping_status":"closed","template":"","meta":[],"product_cat":[213,229],"product_tag":[],"_links":{"self":[{"href":"https:\/\/adr-ag.de\/fr\/wp-json\/wp\/v2\/product\/13448"}],"collection":[{"href":"https:\/\/adr-ag.de\/fr\/wp-json\/wp\/v2\/product"}],"about":[{"href":"https:\/\/adr-ag.de\/fr\/wp-json\/wp\/v2\/types\/product"}],"replies":[{"embeddable":true,"href":"https:\/\/adr-ag.de\/fr\/wp-json\/wp\/v2\/comments?post=13448"}],"wp:featuredmedia":[{"embeddable":true,"href":"https:\/\/adr-ag.de\/fr\/wp-json\/wp\/v2\/media\/14712"}],"wp:attachment":[{"href":"https:\/\/adr-ag.de\/fr\/wp-json\/wp\/v2\/media?parent=13448"}],"wp:term":[{"taxonomy":"product_cat","embeddable":true,"href":"https:\/\/adr-ag.de\/fr\/wp-json\/wp\/v2\/product_cat?post=13448"},{"taxonomy":"product_tag","embeddable":true,"href":"https:\/\/adr-ag.de\/fr\/wp-json\/wp\/v2\/product_tag?post=13448"}],"curies":[{"name":"wp","href":"https:\/\/api.w.org\/{rel}","templated":true}]}}