{"id":13444,"date":"2015-04-15T11:25:02","date_gmt":"2015-04-15T11:25:02","guid":{"rendered":"http:\/\/new.adr-ag.de\/product\/rollcoater-2\/"},"modified":"2024-03-06T10:22:25","modified_gmt":"2024-03-06T09:22:25","slug":"rollcoater","status":"publish","type":"product","link":"https:\/\/adr-ag.de\/fr\/product\/rollcoater\/","title":{"rendered":"Rollcoater"},"content":{"rendered":"<p><strong>Finition professionnelle<\/strong><\/p>\n<p>Le jet d\u00b4encre est la solution la plus appr\u00e9ci\u00e9e pour l\u00b4impression des m\u00e9dias optiques. L\u00b4inconv\u00e9nient avec cette technique est que les m\u00e9dias ne sont pas \u00e9tanches et leurs couleurs perdent de leur \u00e9clat lorsqu\u00b4ils sont expos\u00e9s au soleil.<\/p>\n<p>La\u00a0vernisseuse cd\u00a0Rollcoater d\u00b4ADR r\u00e9sout ce probl\u00e8me en enduisant les CD\/DVD de vernis r\u00e9sistant aux UV, \u00e0 l\u00b4eau et aux rayures. Ainsi gr\u00e2ce \u00e0 cet appareil, vos CD\/DVD ont une finition professionnelle et r\u00e9sisteront plus longtemps au temps.<\/p>\n<p><strong>Des co\u00fbts r\u00e9duits<\/strong><\/p>\n<p>Avec des co\u00fbts unitaires de moins d\u00b41 centime, le Rollcoater vous offre la possibilit\u00e9 de conserver vos donn\u00e9es intactes et ce malgr\u00e9 les ann\u00e9es. Cette machine est tr\u00e8s appr\u00e9ci\u00e9e des prestataires de services et maisons d&rsquo;\u00e9dition qui produisent de grosses quantit\u00e9s de CD et DVD \u00ab\u00a0\u00e0 la demande\u00a0\u00bb.<\/p>\n<p><strong>Version automatique ou manuelle<\/strong><\/p>\n<p>En mode automatique, la vernisseuse Rollcoater dispose d\u00b4un \u00e9cran LCD et se laisse piloter tr\u00e8s simplement. Appuyez simplement sur \u00ab\u00a0vernir\u00a0\u00bb et le processus s\u00b4enclenche. Le bras automatique charge et d\u00e9charge automatiquement les m\u00e9dias. Deux versions sont disponibles : l\u00b4une avec un chargeur de 375 disques, l\u00b4autre avec un chargeur de 600 disques.<\/p>\n<p><strong>Caract\u00e9ristiques\u00a0techniques<\/strong><\/p>\n<ul>\n<li>Chargeur de 375\u00a0CD\/DVD<\/li>\n<li>Co\u00fbts unitaires &lt; 1 cent \/ disque<\/li>\n<li>Finition de haute qualit\u00e9<\/li>\n<li>Grace \u00e0 ce proc\u00e9d\u00e9, les m\u00e9dias sont r\u00e9sistants \u00e0 l\u00b4eau, aux UV et aux rayures<\/li>\n<\/ul>\n<p>&nbsp;<\/p>\n","protected":false},"excerpt":{"rendered":"<p><strong>A propos du Rollcoater:<\/strong><\/p>\n<p>L&rsquo;ADR \u00ab\u00a0Rollcoater\u00a0\u00bb enduit les CD \/ DVD imprim\u00e9 par m\u00e9thode jet d\u00b4encre de vernis afin qu\u00b4il soit \u00e9tanche, r\u00e9sistant aux rayures et aux UV. Le \u00ab\u00a0Rollercoater\u00a0\u00bb existe avec la robotique ADR ou en version manuelle.<\/p>\n[fusion_button link=\"https:\/\/www.adr-shop.com\/fr\/vernisseuse-cd-dvd-rollcoater-automatique\" color=\"custom\" size=\"small\" type=\"flat\" shape=\"round\" target=\"_blank\" title=\"\" gradient_colors=\"#67b8e1\" gradient_hover_colors=\"#67b8e1\" accent_color=\"#fff\" accent_hover_color=\"#fff\" bevel_color=\"\" border_width=\"0px\" shadow=\"no\" icon=\"\" icon_divider=\"yes\" icon_position=\"left\" modal=\"\" animation_type=\"0\" animation_direction=\"up\" animation_speed=\"1\" class=\"\" id=\"\"] Acheter un produit[\/fusion_button]\n","protected":false},"featured_media":14710,"comment_status":"closed","ping_status":"closed","template":"","meta":[],"product_cat":[275,278],"product_tag":[],"_links":{"self":[{"href":"https:\/\/adr-ag.de\/fr\/wp-json\/wp\/v2\/product\/13444"}],"collection":[{"href":"https:\/\/adr-ag.de\/fr\/wp-json\/wp\/v2\/product"}],"about":[{"href":"https:\/\/adr-ag.de\/fr\/wp-json\/wp\/v2\/types\/product"}],"replies":[{"embeddable":true,"href":"https:\/\/adr-ag.de\/fr\/wp-json\/wp\/v2\/comments?post=13444"}],"wp:featuredmedia":[{"embeddable":true,"href":"https:\/\/adr-ag.de\/fr\/wp-json\/wp\/v2\/media\/14710"}],"wp:attachment":[{"href":"https:\/\/adr-ag.de\/fr\/wp-json\/wp\/v2\/media?parent=13444"}],"wp:term":[{"taxonomy":"product_cat","embeddable":true,"href":"https:\/\/adr-ag.de\/fr\/wp-json\/wp\/v2\/product_cat?post=13444"},{"taxonomy":"product_tag","embeddable":true,"href":"https:\/\/adr-ag.de\/fr\/wp-json\/wp\/v2\/product_tag?post=13444"}],"curies":[{"name":"wp","href":"https:\/\/api.w.org\/{rel}","templated":true}]}}