{"id":13440,"date":"2015-04-15T11:26:09","date_gmt":"2015-04-15T11:26:09","guid":{"rendered":"http:\/\/new.adr-ag.de\/product\/accent-disc-laminator-2\/"},"modified":"2024-03-06T10:22:24","modified_gmt":"2024-03-06T09:22:24","slug":"accent-disc-laminator","status":"publish","type":"product","link":"https:\/\/adr-ag.de\/fr\/product\/accent-disc-laminator\/","title":{"rendered":"Accent Disc Laminator"},"content":{"rendered":"<p align=\"left\"><strong>En mode autonome<\/strong><\/p>\n<p>Pour\u00a0pelliculer plusieurs m\u00e9dias en une seule fois, ins\u00e9rez simplement\u00a0un CD ou DVD\u00a0et appuyez sur la touche \u00ab\u00a0pelliculer\u00a0\u00bb. Le processus de\u00a0pelliculage\u00a0est tr\u00e8s rapide, environ 10 secondes par m\u00e9dias. Pour une station compl\u00e8te de gravure\/impression\/pelliculage, vous pouvez combiner le robot Accent\u00a0avec le Composer XL de Primera, le ComposerPro ou le\u00a0ComposerMAX Optical Disc Duplicator.<\/p>\n<p><strong>Chargeur automatique\u00a0disponible en option<\/strong><\/p>\n<div>Pour le rendement le plus rapide possible, vous pouvez combiner votre Accent avec le nouveau chargeur automatique ADL-100 High-Speed. ADL-100 charge et d\u00e9charge jusqu\u00b4\u00e0 100 m\u00e9dias d&rsquo;un seul coup qui ont \u00e9t\u00e9 grav\u00e9 imprim\u00e9. Grace \u00e0 son bras automatique, celui-ci peut\u00a0vernir jusqu\u00b4\u00e0 225 m\u00e9dias par heure.<\/div>\n","protected":false},"excerpt":{"rendered":"<p><strong>A propos d\u00b4 Accent Disc Laminator :<\/strong><\/p>\n<p>La pelliculeuse Accent II de Primera vous permet d\u2019appliquer, sur vos CD ou DVD imprim\u00e9s jet d\u2019encre, une surface brillante r\u00e9sistante \u00e0 l\u2019eau et anti-rayures, qui les prot\u00e8ge \u00e9galement des salissures et d\u2019un ternissement pr\u00e9matur\u00e9. La pelliculeuse recouvre les supports d\u2019un film transparent ultra-mince. Pour un r\u00e9sultat encore plus raffin\u00e9, vous pouvez \u00e9galement rev\u00eatir vos supports de films holographiques. Les hologrammes\u00a0donne non seulement un aspect personnel et exclusif \u00e0 vos supports, mais repr\u00e9sentent \u00e9galement une s\u00e9curit\u00e9 contre le piratage et le vol.<\/p>\n[fusion_button link=\"https:\/\/www.adr-shop.com\/fr\/primera-accent-disc-coater\" color=\"custom\" size=\"small\" type=\"flat\" shape=\"round\" target=\"_blank\" title=\"\" gradient_colors=\"#67b8e1\" gradient_hover_colors=\"#67b8e1\" accent_color=\"#fff\" accent_hover_color=\"#fff\" bevel_color=\"\" border_width=\"0px\" shadow=\"no\" icon=\"\" icon_divider=\"yes\" icon_position=\"left\" modal=\"\" animation_type=\"0\" animation_direction=\"up\" animation_speed=\"1\" class=\"\" id=\"\"] Acheter un produit[\/fusion_button]\n","protected":false},"featured_media":14708,"comment_status":"closed","ping_status":"closed","template":"","meta":[],"product_cat":[279,275],"product_tag":[],"_links":{"self":[{"href":"https:\/\/adr-ag.de\/fr\/wp-json\/wp\/v2\/product\/13440"}],"collection":[{"href":"https:\/\/adr-ag.de\/fr\/wp-json\/wp\/v2\/product"}],"about":[{"href":"https:\/\/adr-ag.de\/fr\/wp-json\/wp\/v2\/types\/product"}],"replies":[{"embeddable":true,"href":"https:\/\/adr-ag.de\/fr\/wp-json\/wp\/v2\/comments?post=13440"}],"wp:featuredmedia":[{"embeddable":true,"href":"https:\/\/adr-ag.de\/fr\/wp-json\/wp\/v2\/media\/14708"}],"wp:attachment":[{"href":"https:\/\/adr-ag.de\/fr\/wp-json\/wp\/v2\/media?parent=13440"}],"wp:term":[{"taxonomy":"product_cat","embeddable":true,"href":"https:\/\/adr-ag.de\/fr\/wp-json\/wp\/v2\/product_cat?post=13440"},{"taxonomy":"product_tag","embeddable":true,"href":"https:\/\/adr-ag.de\/fr\/wp-json\/wp\/v2\/product_tag?post=13440"}],"curies":[{"name":"wp","href":"https:\/\/api.w.org\/{rel}","templated":true}]}}