{"id":13436,"date":"2015-04-15T11:27:14","date_gmt":"2015-04-15T11:27:14","guid":{"rendered":"http:\/\/new.adr-ag.de\/product\/jewell-case-zellophanierer-3\/"},"modified":"2024-03-06T10:22:24","modified_gmt":"2024-03-06T09:22:24","slug":"jewell-case-zellophanierer","status":"publish","type":"product","link":"https:\/\/adr-ag.de\/fr\/product\/jewell-case-zellophanierer\/","title":{"rendered":"Jewell Case Cellophaneuse"},"content":{"rendered":"<p><strong>Utilisation <\/strong><\/p>\n<p>La\u00a0cellophaneuse CD\u00a0ADR4000CD est un appareil qui peut etre transport\u00e9 sans probl\u00e8mes. La premi\u00e8re soudure de la pochette de cellophane doit \u00eatre r\u00e9alis\u00e9e manuellement, \u00e0 l&rsquo;aide d&rsquo;un couvercle.Les op\u00e9rations restantes sont r\u00e9alis\u00e9es automatiquement.<\/p>\n<table border=\"1\">\n<tbody>\n<tr>\n<td>\n<div>\n<p><strong>Spezifications of the Wrapper<\/strong><\/p>\n<p><strong>Current Supply <\/strong><\/p>\n<\/div>\n<div><strong>Size(LxHxW)in mm: <\/strong><\/div>\n<div><strong>Weight:\u00a0\u00a0<\/strong><\/div>\n<div><strong>Run:\u00a0\u00a0\u00a0\u00a0\u00a0<\/strong><\/div>\n<\/td>\n<td>\n<div><\/div>\n<div><\/div>\n<div>110 V oder 220 V 100VA<\/div>\n<div>480x250x570<br \/>\n24 kg<br \/>\n250 p\/h manually<br \/>\n500 p\/h automatically<\/div>\n<\/td>\n<\/tr>\n<\/tbody>\n<\/table>\n<table border=\"1\">\n<tbody>\n<tr>\n<td>\n<div><strong>Wrapping material Specifications<\/strong><\/div>\n<div><\/div>\n<div><strong>Paper Size (LxW) in mm:\u00a0\u00a0<\/strong><\/div>\n<div><strong>Thickness:\u00a0\u00a0<\/strong><\/div>\n<div><strong>Material:<\/strong><\/div>\n<div><strong>Foil Input:\u00a0<\/strong><\/div>\n<div><strong>Feeding Duct Box:\u00a0\u00a0\u00a0<\/strong><\/div>\n<\/td>\n<td>\n<div><\/div>\n<div><\/div>\n<div><\/div>\n<div><\/div>\n<div>267&#215;151 (Toleranz +\/- 0,5)<br \/>\n32 microns<\/div>\n<div>Bi-Oriented Polypropylene (OPP)<\/div>\n<div>100 Sheets<\/div>\n<div>\n<p>30 slim box<\/p>\n<div><\/div>\n<\/div>\n<\/td>\n<\/tr>\n<\/tbody>\n<\/table>\n","protected":false},"excerpt":{"rendered":"<p><strong>A propos de Jewell Case Cellophaneuse:<\/strong><\/p>\n<p>ADR AG propose une large gamme d&rsquo;\u00e9quipements destin\u00e9s \u00e0 l\u00b4emballage. L&rsquo;ADR4000DVD a \u00e9t\u00e9 d\u00e9velopp\u00e9 sp\u00e9cialement pour donner la possibilit\u00e9 aux petites entreprises d\u00b4offrir des finitions professionnelles \u00e0 leurs DVD. D\u00e9sormais, vous r\u00e9alisez des petites et moyennes s\u00e9ries sans probl\u00e8mes.<\/p>\n[fusion_button link=\"https:\/\/www.adr-shop.com\/fr\/cellophaneuse-cd-jewel-case\" color=\"custom\" size=\"small\" type=\"flat\" shape=\"round\" target=\"_blank\" title=\"\" gradient_colors=\"#67b8e1\" gradient_hover_colors=\"#67b8e1\" accent_color=\"#fff\" accent_hover_color=\"#fff\" bevel_color=\"\" border_width=\"0px\" shadow=\"no\" icon=\"\" icon_divider=\"yes\" icon_position=\"left\" modal=\"\" animation_type=\"0\" animation_direction=\"up\" animation_speed=\"1\" class=\"\" id=\"\"] Acheter un produit[\/fusion_button]\n","protected":false},"featured_media":14706,"comment_status":"closed","ping_status":"closed","template":"","meta":[],"product_cat":[319,315],"product_tag":[],"_links":{"self":[{"href":"https:\/\/adr-ag.de\/fr\/wp-json\/wp\/v2\/product\/13436"}],"collection":[{"href":"https:\/\/adr-ag.de\/fr\/wp-json\/wp\/v2\/product"}],"about":[{"href":"https:\/\/adr-ag.de\/fr\/wp-json\/wp\/v2\/types\/product"}],"replies":[{"embeddable":true,"href":"https:\/\/adr-ag.de\/fr\/wp-json\/wp\/v2\/comments?post=13436"}],"wp:featuredmedia":[{"embeddable":true,"href":"https:\/\/adr-ag.de\/fr\/wp-json\/wp\/v2\/media\/14706"}],"wp:attachment":[{"href":"https:\/\/adr-ag.de\/fr\/wp-json\/wp\/v2\/media?parent=13436"}],"wp:term":[{"taxonomy":"product_cat","embeddable":true,"href":"https:\/\/adr-ag.de\/fr\/wp-json\/wp\/v2\/product_cat?post=13436"},{"taxonomy":"product_tag","embeddable":true,"href":"https:\/\/adr-ag.de\/fr\/wp-json\/wp\/v2\/product_tag?post=13436"}],"curies":[{"name":"wp","href":"https:\/\/api.w.org\/{rel}","templated":true}]}}