{"id":13424,"date":"2015-04-15T11:31:29","date_gmt":"2015-04-15T11:31:29","guid":{"rendered":"http:\/\/new.adr-ag.de\/product\/adr-cddvd-sleever-2\/"},"modified":"2024-03-06T10:22:22","modified_gmt":"2024-03-06T09:22:22","slug":"adr-cddvd-sleever","status":"publish","type":"product","link":"https:\/\/adr-ag.de\/fr\/product\/adr-cddvd-sleever\/","title":{"rendered":"ADR CD\/DVD-Sleever"},"content":{"rendered":"<p><strong>Utilisation <\/strong><\/p>\n<p>Le volume horaire\u00a0\u00a0d\u00b4environ\u00a03.000 pochettes souples ou pochettes papier pour CD\/DVD\u00a0\u00a0du VMADR-120 en fait l\u00b4appareil\u00a0de mise en pochette le plus rapide de sa cat\u00e9gorie.\u00a0En outre,\u00a0la\u00a0VMAD-120\u00a0est \u00e0 m\u00eame de g\u00e9rer toutes les sortes de\u00a0\u00a0pochettes en carton, sachets Polybags et\u00a0pochettes en papier.\u00a0L\u00e0 o\u00f9 les autres\u00a0\u00a0syst\u00e8mes\u00a0ont besoin d\u00b4un certain temps pour se r\u00e9armer, afin de pouvoir traiter d\u00b4autres emballages,\u00a0\u00a0quelques manipulations simples suffisent pour que la machine de mise en pochette ADR soit op\u00e9rationnelle. Avec l\u00b4option Fermeture Rabat ADR, il est \u00e9galement possible de replier et de coller un \u00e9ventuel rabat. Qu\u00b4il s\u00b4agisse de plastique, papier, carton ou d\u00b4autres mati\u00e8res plastifi\u00e9es, l\u00b4appareil\u00a0accepte toutes les\u00a0sortes de pochettes CD\/DVD courantes.<\/p>\n<p><strong>Options<\/strong><\/p>\n<p>Le\u00a0VMADR-120\u00a0est un appareil fiable et polyvalent, qui r\u00e9siste aux plus grosses charges.\u00a0Des clients\u00a0satisfaits ont recours \u00e0 cet appareil nullement compliqu\u00e9 \u00a0d\u00e9j\u00e0 depuis un certain nombre d\u00b4ann\u00e9es, et sont\u00a0 tout \u00e0 fait ravis de son maniement. Ne vous laissez pas surprendre par son prix int\u00e9ressant. Au regard du nombre de pi\u00e8ces qu\u00b4il est en mesure de g\u00e9rer, il ne doit pas rester dans l\u00b4ombre des grosses machines haut de gammes des fabricants renomm\u00e9s. Il repr\u00e9sente un v\u00e9ritable poids lourd dans sa cat\u00e9gorie.<\/p>\n<p><strong>Caract\u00e9ristiques techniques<\/strong><\/p>\n<table cellspacing=\"0\" cellpadding=\"0\">\n<tbody>\n<tr>\n<td class=\"style10\" width=\"251\" height=\"57\">Alimentation<\/td>\n<td class=\"style10\" width=\"325\">\n<p align=\"left\">110\/220 VAC 50\/60Hz (self adjusting)<\/p>\n<\/td>\n<\/tr>\n<tr>\n<td class=\"style10\" height=\"63\">Dimensions<\/td>\n<td class=\"style10\">381mm x 559mm x 800mm<\/td>\n<\/tr>\n<tr>\n<td class=\"style10\" height=\"38\">Poids<\/td>\n<td class=\"style10\">38kg<\/td>\n<\/tr>\n<tr>\n<td class=\"style10\" height=\"38\">Cadence<\/td>\n<td class=\"style10\">jusqu\u00b4\u00e0\u00a03000 bo\u00eetiers par heure<\/td>\n<\/tr>\n<tr>\n<td class=\"style10\" height=\"38\">Capacit\u00e9 du r\u00e9servoir<\/td>\n<td class=\"style10\">180\u00a0pochettes (\u00e9paisseur standard)<\/td>\n<\/tr>\n<tr>\n<td class=\"style10\">Taille de la pochette<\/td>\n<td class=\"style10\">\n<div>Largeur : 128mm\u00a0 Max<br \/>\nProfondeur : 120mm \u00e0 130mm<\/div>\n<div>Largeur int\u00e9rieure\u00a0: 122mm Min<br \/>\nTaille du rabat\u00a0: 38mm Max<\/div>\n<\/td>\n<\/tr>\n<tr>\n<td class=\"style10\" height=\"52\">Texture des pochettes<\/td>\n<td class=\"style10\">Papier (\u00e9galement papier type glossy), Carton, Plastique, Tvyek<\/td>\n<\/tr>\n<tr>\n<td class=\"style10\" height=\"35\">M\u00e9dias compatibles<\/td>\n<td class=\"style10\">120mm CDs &amp; DVDs<\/td>\n<\/tr>\n<tr>\n<td class=\"style10\" height=\"79\">Pression<\/td>\n<td class=\"style10\">2 \u00e0 4 bars<br \/>\n6m\u00b3 \/heure<br \/>\n(30-60psi @ 3.6CFM)<\/td>\n<\/tr>\n<tr>\n<td class=\"style10\">Vacuum<\/td>\n<td class=\"style10\">\n<div>800 mbars<br \/>\n3m\u00b3 \/heure<br \/>\n(2.94 psi absolute @ 1.8CFM)<\/div>\n<\/td>\n<\/tr>\n<\/tbody>\n<\/table>\n","protected":false},"excerpt":{"rendered":"<p><strong>A propos de ADR CD\/DVD-Sleever:<\/strong><\/p>\n<div>ADR AG\u00a0propose un large \u00e9ventail d\u00b4\u00e9quipements pour l\u00b4emballage, le cellophanage et l\u00b4\u00e9tiquetage des\u00a0CD et DVD, ainsi que des machines pour le conditionnement.<\/div>\n<p>La machine de conditionnement pour CD\/DVD VMADR120 d\u00b4ADR\u00a0est une machine de table simple d\u00b4utilisation\u00a0concue pour \u00eatre utilis\u00e9e 24h\u00a0\/24. Cet appareil est le seul de sa cat\u00e9gorie\u00a0\u00e0 \u00eatre\u00a0capable de d\u00e9biter\u00a0jusqu\u00b4\u00e0\u00a055 CD\/DVDs\u00a0\u00e0 la minute.\u00a0Avec de telles caract\u00e9ristiques,\u00a0il demeure in\u00e9gal\u00e9.<\/p>\n[fusion_button link=\"https:\/\/www.adr-shop.com\/fr\/machine-de-mise-en-pochette-cddvd\" color=\"custom\" size=\"small\" type=\"flat\" shape=\"round\" target=\"_blank\" title=\"\" gradient_colors=\"#67b8e1\" gradient_hover_colors=\"#67b8e1\" accent_color=\"#fff\" accent_hover_color=\"#fff\" bevel_color=\"\" border_width=\"0px\" shadow=\"no\" icon=\"\" icon_divider=\"yes\" icon_position=\"left\" modal=\"\" animation_type=\"0\" animation_direction=\"up\" animation_speed=\"1\" class=\"\" id=\"\"] Acheter un produit[\/fusion_button]\n","protected":false},"featured_media":14700,"comment_status":"closed","ping_status":"closed","template":"","meta":[],"product_cat":[327,315],"product_tag":[],"_links":{"self":[{"href":"https:\/\/adr-ag.de\/fr\/wp-json\/wp\/v2\/product\/13424"}],"collection":[{"href":"https:\/\/adr-ag.de\/fr\/wp-json\/wp\/v2\/product"}],"about":[{"href":"https:\/\/adr-ag.de\/fr\/wp-json\/wp\/v2\/types\/product"}],"replies":[{"embeddable":true,"href":"https:\/\/adr-ag.de\/fr\/wp-json\/wp\/v2\/comments?post=13424"}],"wp:featuredmedia":[{"embeddable":true,"href":"https:\/\/adr-ag.de\/fr\/wp-json\/wp\/v2\/media\/14700"}],"wp:attachment":[{"href":"https:\/\/adr-ag.de\/fr\/wp-json\/wp\/v2\/media?parent=13424"}],"wp:term":[{"taxonomy":"product_cat","embeddable":true,"href":"https:\/\/adr-ag.de\/fr\/wp-json\/wp\/v2\/product_cat?post=13424"},{"taxonomy":"product_tag","embeddable":true,"href":"https:\/\/adr-ag.de\/fr\/wp-json\/wp\/v2\/product_tag?post=13424"}],"curies":[{"name":"wp","href":"https:\/\/api.w.org\/{rel}","templated":true}]}}