{"id":13420,"date":"2015-04-15T11:32:48","date_gmt":"2015-04-15T11:32:48","guid":{"rendered":"http:\/\/new.adr-ag.de\/product\/adr-cd-jewel-case-packer-2\/"},"modified":"2024-03-06T10:22:22","modified_gmt":"2024-03-06T09:22:22","slug":"adr-cd-jewel-case-packer","status":"publish","type":"product","link":"https:\/\/adr-ag.de\/fr\/product\/adr-cd-jewel-case-packer\/","title":{"rendered":"ADR CD Jewel Case Wrapper"},"content":{"rendered":"<p><strong>Caract\u00e9ristique techniques<br \/>\n<\/strong><\/p>\n<table cellspacing=\"0\" cellpadding=\"0\">\n<tbody>\n<tr>\n<td class=\"style10\" width=\"251\" height=\"51\">Alimentation<\/td>\n<td class=\"style10\" width=\"325\">\n<p align=\"left\">110 V oder 220 V 100 VA<\/p>\n<\/td>\n<\/tr>\n<tr>\n<td class=\"style10\" height=\"56\">Dimension<\/td>\n<td class=\"style10\">480x250x570<\/td>\n<\/tr>\n<tr>\n<td class=\"style10\" height=\"37\">Poids<\/td>\n<td class=\"style10\">24 kg<\/td>\n<\/tr>\n<tr>\n<td class=\"style10\" height=\"46\">Passage<\/td>\n<td class=\"style10\">500 Stk\/heure pour le processus automatique<\/td>\n<\/tr>\n<tr>\n<td class=\"style10\">Mat\u00e9riau d\u00e9mballage<\/td>\n<td class=\"style10\">Standard Jewel Case, Slim Line Jewel Case<\/td>\n<\/tr>\n<\/tbody>\n<\/table>\n","protected":false},"excerpt":{"rendered":"<p><strong>A propos de ADR CD Jewel Case Cellophaneuse:<\/strong><\/p>\n<p>ADR AG propose une large gamme d&rsquo;\u00e9quipements destin\u00e9s \u00e0 l\u00b4emballage. L&rsquo;ADR4000DVD a \u00e9t\u00e9 d\u00e9velopp\u00e9 sp\u00e9cialement pour donner la possibilit\u00e9 aux petites entreprises d\u00b4offrir des finitions professionnelles \u00e0 leurs DVD. D\u00e9sormais, vous r\u00e9alisez des petites et moyennes s\u00e9ries sans probl\u00e8mes.<\/p>\n<p>La\u00a0cellophaneuse CD\u00a0ADR4000CD est un appareil qui peut etre transport\u00e9 sans probl\u00e8mes. La premi\u00e8re soudure de la pochette de cellophane doit \u00eatre r\u00e9alis\u00e9e manuellement, \u00e0 l&rsquo;aide d&rsquo;un couvercle.<\/p>\n[fusion_button link=\"https:\/\/www.adr-shop.com\/fr\/cellophaneuse-cd-jewel-case\" color=\"custom\" size=\"small\" type=\"flat\" shape=\"round\" target=\"_blank\" title=\"\" gradient_colors=\"#67b8e1\" gradient_hover_colors=\"#67b8e1\" accent_color=\"#fff\" accent_hover_color=\"#fff\" bevel_color=\"\" border_width=\"0px\" shadow=\"no\" icon=\"\" icon_divider=\"yes\" icon_position=\"left\" modal=\"\" animation_type=\"0\" animation_direction=\"up\" animation_speed=\"1\" class=\"\" id=\"\"] Acheter un produit[\/fusion_button]\n","protected":false},"featured_media":14698,"comment_status":"closed","ping_status":"closed","template":"","meta":[],"product_cat":[325,315],"product_tag":[],"_links":{"self":[{"href":"https:\/\/adr-ag.de\/fr\/wp-json\/wp\/v2\/product\/13420"}],"collection":[{"href":"https:\/\/adr-ag.de\/fr\/wp-json\/wp\/v2\/product"}],"about":[{"href":"https:\/\/adr-ag.de\/fr\/wp-json\/wp\/v2\/types\/product"}],"replies":[{"embeddable":true,"href":"https:\/\/adr-ag.de\/fr\/wp-json\/wp\/v2\/comments?post=13420"}],"wp:featuredmedia":[{"embeddable":true,"href":"https:\/\/adr-ag.de\/fr\/wp-json\/wp\/v2\/media\/14698"}],"wp:attachment":[{"href":"https:\/\/adr-ag.de\/fr\/wp-json\/wp\/v2\/media?parent=13420"}],"wp:term":[{"taxonomy":"product_cat","embeddable":true,"href":"https:\/\/adr-ag.de\/fr\/wp-json\/wp\/v2\/product_cat?post=13420"},{"taxonomy":"product_tag","embeddable":true,"href":"https:\/\/adr-ag.de\/fr\/wp-json\/wp\/v2\/product_tag?post=13420"}],"curies":[{"name":"wp","href":"https:\/\/api.w.org\/{rel}","templated":true}]}}