{"id":13416,"date":"2015-04-15T11:34:07","date_gmt":"2015-04-15T11:34:07","guid":{"rendered":"http:\/\/new.adr-ag.de\/product\/adr-dvd-packer-2\/"},"modified":"2024-03-06T10:22:21","modified_gmt":"2024-03-06T09:22:21","slug":"adr-dvd-packer","status":"publish","type":"product","link":"https:\/\/adr-ag.de\/fr\/product\/adr-dvd-packer\/","title":{"rendered":"ADR DVD-Paqueteur"},"content":{"rendered":"<p><strong>Caract\u00e9ristique<\/strong><\/p>\n<table style=\"height: 175px;\" border=\"0\" width=\"650\" cellspacing=\"0\" cellpadding=\"0\">\n<tbody>\n<tr>\n<td>Dimensions (LxHxP)<\/td>\n<td>10.6\u201d x 13 \u201d x 15.7 \u201d<br \/> 270mm x 330mm x 400mm\u00a0<\/td>\n<\/tr>\n<tr>\n<td>Poids<\/td>\n<td>2.8kg<\/td>\n<\/tr>\n<tr>\n<td>Capacit\u00e9 r\u00e9servoir<\/td>\n<td>Disques : 100<br \/> Jaquette : Jusqu&rsquo;\u00e0 200<br \/> Livret : Jusqu&rsquo;\u00e0 150\u00a0<\/td>\n<\/tr>\n<tr>\n<td>Bo\u00eetiers utilisables<\/td>\n<td>Bo\u00eetiers DVD type Amaray<\/td>\n<\/tr>\n<\/tbody>\n<\/table>\n","protected":false},"excerpt":{"rendered":"<p><strong>A propos d\u00b4 ADR DVD-Paqueteur :<\/strong><\/p>\n<div>La DVD100 de ADR AG a \u00e9t\u00e9 con\u00e7ue pour faciliter le montage de bo\u00eetiers de type Amaray.<\/div>\n<div>\u00a0<\/div>\n<div>L&rsquo;op\u00e9ration consiste \u00e0 poser un bo\u00eetier ouvert sur le support ergonomique. Avec les main libres, l&rsquo;op\u00e9rateur peut ensuite ins\u00e9rer facilement la jaquette, le\/les disque(s) et\/ou le livr\u00e8t. Les deux pinoches de CD sont amovibles et l&#8217;emplacement de l&rsquo;un des deux peut \u00eatre utilis\u00e9 pour stoquer les livrets.<\/div>\n<div>Le DVD100 \u00e9conomise jusqu&rsquo;\u00e0 50% de temps par rapport au conditionnement manuel.\u00a0<\/div>\n<p>\u00a0<\/p>\n","protected":false},"featured_media":16065,"comment_status":"closed","ping_status":"closed","template":"","meta":[],"product_cat":[329,315],"product_tag":[],"_links":{"self":[{"href":"https:\/\/adr-ag.de\/fr\/wp-json\/wp\/v2\/product\/13416"}],"collection":[{"href":"https:\/\/adr-ag.de\/fr\/wp-json\/wp\/v2\/product"}],"about":[{"href":"https:\/\/adr-ag.de\/fr\/wp-json\/wp\/v2\/types\/product"}],"replies":[{"embeddable":true,"href":"https:\/\/adr-ag.de\/fr\/wp-json\/wp\/v2\/comments?post=13416"}],"wp:featuredmedia":[{"embeddable":true,"href":"https:\/\/adr-ag.de\/fr\/wp-json\/wp\/v2\/media\/16065"}],"wp:attachment":[{"href":"https:\/\/adr-ag.de\/fr\/wp-json\/wp\/v2\/media?parent=13416"}],"wp:term":[{"taxonomy":"product_cat","embeddable":true,"href":"https:\/\/adr-ag.de\/fr\/wp-json\/wp\/v2\/product_cat?post=13416"},{"taxonomy":"product_tag","embeddable":true,"href":"https:\/\/adr-ag.de\/fr\/wp-json\/wp\/v2\/product_tag?post=13416"}],"curies":[{"name":"wp","href":"https:\/\/api.w.org\/{rel}","templated":true}]}}