{"id":13396,"date":"2015-04-15T12:40:20","date_gmt":"2015-04-15T12:40:20","guid":{"rendered":"http:\/\/new.adr-ag.de\/product\/adr-usb-producer-118-2\/"},"modified":"2024-03-06T10:22:19","modified_gmt":"2024-03-06T09:22:19","slug":"adr-usb-producer-118","status":"publish","type":"product","link":"https:\/\/adr-ag.de\/fr\/product\/adr-usb-producer-118\/","title":{"rendered":"ADR USB Producer 118"},"content":{"rendered":"<p><strong>Utilisation<\/strong><\/p>\n<p>Ins\u00e9rez simplement la cl\u00e9 source (master) dans le premier port et\u00a0 le nombre de cl\u00e9s vierges correspondant au nombre de copies souhait\u00e9 dans les autres ports.<\/p>\n<p>Appuyez ensuite sur \u00ab\u00a0Copy\u00a0\u00bb.<br \/>\nLes tours\u00a0USB ADR\u00a0fonctionnent sans PC, gr\u00e2ce \u00e0 un processeur interne. Elles n\u00e9cessitent simplement une source de courant \u00e9lectrique.<br \/>\nVous pouvez v\u00e9rifier le statut et l\u00b4\u00e9volution du processus de copie en lisant directement les informations qui apparaissent\u00a0via l\u00b4\u00e9cran LCD.<\/p>\n<p><strong>Caract\u00e9ristiques g\u00e9n\u00e9rales :<\/strong><\/p>\n<ul>\n<li>Appareil compl\u00e8tement autonome fonctionnant\u00a0avec le\u00a0courant \u00e9lectrique<\/li>\n<li>Utilisation intuitive\u00a0via l\u00b4affichage\u00a0LCD avec 4 touches<\/li>\n<li>Informations en temps r\u00e9el sur le statut de l\u00b4appareil affich\u00e9es sur l\u00b4\u00e9cran LCD<\/li>\n<li>Supporte tous les formats de donn\u00e9es courants, ainsi que toutes les tailles et capacit\u00e9s de cl\u00e9s<\/li>\n<li>Transmission des donn\u00e9es aussi bien en mode synchrone qu\u00b4asynchrone<\/li>\n<li>Transfert de donn\u00e9es jusqu\u00b4\u00e0 33MB\/s<\/li>\n<li>Copie en temps r\u00e9el\u00a0et fonction\u00a0Compare\u00a0pour un processus de duplication int\u00e9gral<\/li>\n<\/ul>\n<p><strong>Caract\u00e9ristiques\u00a0techniques :<\/strong><\/p>\n<table border=\"0\" cellspacing=\"1\" cellpadding=\"2\">\n<tbody>\n<tr>\n<td width=\"50%\">M\u00e9dias accept\u00e9s<\/td>\n<td width=\"50%\">\n<div>Cl\u00e9s USB (autres m\u00e9dias possibles avec adaptateur)<\/div>\n<\/td>\n<\/tr>\n<tr>\n<td width=\"50%\">\u00a0Nombre de ports<\/td>\n<td width=\"50%\">\n<div>\u00a01 Master &#8211;\u00a0118 cibles<\/div>\n<\/td>\n<\/tr>\n<tr>\n<td width=\"50%\">Transfert<\/td>\n<td width=\"50%\">\u00a0Vitesse: jusqu\u00b4\u00e0 33MB\/s<\/td>\n<\/tr>\n<tr>\n<td width=\"50%\">\u00a0M\u00e9moire<\/td>\n<td width=\"50%\">\u00a0256MB<\/td>\n<\/tr>\n<tr>\n<td width=\"50%\">\u00a0Mode de copie<\/td>\n<td width=\"50%\">\u00a0Synchrone \/ Asynchrone<\/td>\n<\/tr>\n<tr>\n<td width=\"50%\">\u00a0Ecran LCD<\/td>\n<td width=\"50%\">\u00a02 x 16 caract\u00e8res, affichage lumineux<\/td>\n<\/tr>\n<tr>\n<td width=\"50%\">\u00a0Allimentation<\/td>\n<td width=\"50%\">\u00a0110V~ ou 230V~, r\u00e9seau interne<\/td>\n<\/tr>\n<tr>\n<td width=\"50%\">\u00a0Temp\u00e9rature de travail<\/td>\n<td width=\"50%\">\u00a05\u00b0C &#8211; 50\u00b0C<\/td>\n<\/tr>\n<tr>\n<td width=\"50%\">\u00a0Normes<\/td>\n<td width=\"50%\">\u00a0FCC, CE, UL, ROHS<\/td>\n<\/tr>\n<\/tbody>\n<\/table>\n","protected":false},"excerpt":{"rendered":"<p><strong>A propos de ADR USB 1-118 duplicateur :<\/strong><\/p>\n<p>Les nouveaux duplicateurs\u00a0ADR USB Flash sont la solution id\u00e9ale pour copier vos cl\u00e9s USB en un clin d\u00b4oeil.<br \/>\nElabor\u00e9s avec les\u00a0controllers\u00a0utilis\u00e9s pour la s\u00e9rie des tours de duplication\u00a0CD\u00a0Whirlwind, ces appareils\u00a0ont \u00e9t\u00e9 con\u00e7us pour dupliquer tous les supports USB.<\/p>\n<p>Avec les adapteurs\u00a0USB requis, vous pouvez \u00e9galement travailler sur\u00a0cartes\u00a0SD, Mini SD ou cartes Flash.<\/p>\n[fusion_button link=\"https:\/\/www.adr-shop.com\/fr\/duplicateur-de-cles-usb-autonome-1118\" color=\"custom\" size=\"small\" type=\"flat\" shape=\"round\" target=\"_blank\" title=\"\" gradient_colors=\"#67b8e1\" gradient_hover_colors=\"#67b8e1\" accent_color=\"#fff\" accent_hover_color=\"#fff\" bevel_color=\"\" border_width=\"0px\" shadow=\"no\" icon=\"\" icon_divider=\"yes\" icon_position=\"left\" modal=\"\" animation_type=\"0\" animation_direction=\"up\" animation_speed=\"1\" class=\"\" id=\"\"] Acheter un produit[\/fusion_button]\n","protected":false},"featured_media":14686,"comment_status":"closed","ping_status":"closed","template":"","meta":[],"product_cat":[301,305],"product_tag":[],"_links":{"self":[{"href":"https:\/\/adr-ag.de\/fr\/wp-json\/wp\/v2\/product\/13396"}],"collection":[{"href":"https:\/\/adr-ag.de\/fr\/wp-json\/wp\/v2\/product"}],"about":[{"href":"https:\/\/adr-ag.de\/fr\/wp-json\/wp\/v2\/types\/product"}],"replies":[{"embeddable":true,"href":"https:\/\/adr-ag.de\/fr\/wp-json\/wp\/v2\/comments?post=13396"}],"wp:featuredmedia":[{"embeddable":true,"href":"https:\/\/adr-ag.de\/fr\/wp-json\/wp\/v2\/media\/14686"}],"wp:attachment":[{"href":"https:\/\/adr-ag.de\/fr\/wp-json\/wp\/v2\/media?parent=13396"}],"wp:term":[{"taxonomy":"product_cat","embeddable":true,"href":"https:\/\/adr-ag.de\/fr\/wp-json\/wp\/v2\/product_cat?post=13396"},{"taxonomy":"product_tag","embeddable":true,"href":"https:\/\/adr-ag.de\/fr\/wp-json\/wp\/v2\/product_tag?post=13396"}],"curies":[{"name":"wp","href":"https:\/\/api.w.org\/{rel}","templated":true}]}}