{"id":13392,"date":"2015-04-15T12:41:51","date_gmt":"2015-04-15T12:41:51","guid":{"rendered":"http:\/\/new.adr-ag.de\/product\/adr-usb-shark-3-2\/"},"modified":"2024-03-06T10:22:19","modified_gmt":"2024-03-06T09:22:19","slug":"adr-usb-shark-3","status":"publish","type":"product","link":"https:\/\/adr-ag.de\/fr\/product\/adr-usb-shark-3\/","title":{"rendered":"ADR USB Shark 1-3"},"content":{"rendered":"<p><strong>Geschwindigkeit<\/strong><\/p>\n<p>Mit bis zu 33 MB die Sekunde setzen die Shark Kopierer den Standard im USB Kopierer Segment. Durch den Autocounter m\u00fcssen Sie nicht m\u00fchsam die USB Sticks nachz\u00e4hlen sondern haben eine \u00dcbersicht f\u00fcr Ihr aktuelles Kopierprojekt.<\/p>\n<p><strong>Flexibilit\u00e4t<\/strong><\/p>\n<p>Mit entsprechenden USB Adaptern lassen sich mit dem USB Kopiertower auch problemlos alle g\u00e4ngingen Speicherkarten oder auch externe Festplatten vervielf\u00e4ltigen.<\/p>\n<p><strong>Features:<\/strong><\/p>\n<ul>\n<li>Standalone. Kein PC ben\u00f6tigt<\/li>\n<li>1 Master &#8211; 3 Slave Ports<\/li>\n<li>Bis zu 33MB\/sec Kopiergeschwindigkeit<\/li>\n<li>Schnelle Test Funktion um Kopien abzugleichen<\/li>\n<li>Schnellformat Funktion f\u00fcr z\u00fcgiges Arbeiten<\/li>\n<li>Kapazit\u00e4ts Funktion, Entdecken Sie falsche \/ fehlerhafte Speicher<\/li>\n<li>Qualit\u00e4ts Check<\/li>\n<li>Unterst\u00fctz zuk\u00fcnftige Features durch Firmware Update<\/li>\n<li>Zeigt tats\u00e4chliche Schreibgeschwindigkeit an<\/li>\n<li>Synchrones und asynchrones Kopieren, Verifizieren und L\u00f6schen<\/li>\n<li>Mehrsprachiges Display<\/li>\n<\/ul>\n<p><strong>besondere Features:<\/strong><\/p>\n<ul>\n<li>User Management mit Passwort Schutz<\/li>\n<li>Counter um den Durchsatz eines Projekts zu protokollieren<\/li>\n<li>Hochwertiges schwarzes Aluminium Geh\u00e4use<\/li>\n<li>Fast Keys = 4 extra Kn\u00f6pfe f\u00fcr g\u00e4ngiste Operationen<\/li>\n<li>Selbsttest bei Hochfahren<\/li>\n<li>USB Infos auslesen = Erfahren Sie welche Sticks Sie verwenden<\/li>\n<li>USB Prescan: Pr\u00fcft die Sticks auf Lesefehler<\/li>\n<li>Extra starker \u00dcberhitzungsschutz<\/li>\n<\/ul>\n<p><strong>Durchsatz pro Stunde:<\/strong><\/p>\n<table width=\"92%\" cellspacing=\"0\" cellpadding=\"0\">\n<tbody>\n<tr>\n<td width=\"30%\"><strong>Zielanzahl<\/strong><\/td>\n<td width=\"18%\"><strong>3<\/strong><\/td>\n<td width=\"18%\"><strong>7<\/strong><\/td>\n<td width=\"19%\"><strong>11<\/strong><\/td>\n<td width=\"15%\"><strong>15<\/strong><\/td>\n<\/tr>\n<tr>\n<td align=\"left\">\u00a0USB size: 512MB*<\/td>\n<td>420<\/td>\n<td>980<\/td>\n<td>1540<\/td>\n<td>2100<\/td>\n<\/tr>\n<tr>\n<td align=\"left\">\u00a0USB size: 1 GB*<\/td>\n<td>210<\/td>\n<td>490<\/td>\n<td>770<\/td>\n<td>1050<\/td>\n<\/tr>\n<tr>\n<td align=\"left\">\u00a0USB size: 2 GB*<\/td>\n<td>105<\/td>\n<td>245<\/td>\n<td>385<\/td>\n<td>525<\/td>\n<\/tr>\n<tr>\n<td align=\"left\">\u00a0USB size: 4 GB*<\/td>\n<td>51<\/td>\n<td>119<\/td>\n<td>187<\/td>\n<td>255<\/td>\n<\/tr>\n<\/tbody>\n<\/table>\n","protected":false},"excerpt":{"rendered":"<p><strong>\u00fcber die Shark Kopierstation:<\/strong><\/p>\n<p>Machen Sie schnell und zuverl\u00e4ssig Kopien Ihrer USB Sticks mit der Shark Kopierstation. Durch die intuitive Bedienoberfl\u00e4che ist das Kopieren von Daten jetzt so kinderleicht wie das Bedienen eines Papierkopierers.<\/p>\n<p>Digitale Inhalte nehmen in der heutigen Gesch\u00e4ftswelt schnell zu. Eine der am schnellsten wachsenden Formen der Content Verteilung von Inhalten ist \u00fcber USB Sticks oder SD\/Flash Karten. F\u00fcr diesen Zweck wurden die Shark USB Kopierer konzipiert.<\/p>\n<p><strong>Die USB Stick Kopierstion zum einfachen Bespielen von bis zu 3 Sticks.<\/strong><\/p>\n[fusion_button link=\"\" color=\"custom\" size=\"small\" type=\"flat\" shape=\"round\" target=\"_blank\" title=\"\" gradient_colors=\"#67b8e1\" gradient_hover_colors=\"#67b8e1\" accent_color=\"#fff\" accent_hover_color=\"#fff\" bevel_color=\"\" border_width=\"0px\" shadow=\"no\" icon=\"\" icon_divider=\"yes\" icon_position=\"left\" modal=\"\" animation_type=\"0\" animation_direction=\"up\" animation_speed=\"1\" class=\"\" id=\"\"]Produkt kaufen[\/fusion_button]\n","protected":false},"featured_media":0,"comment_status":"closed","ping_status":"closed","template":"","meta":[],"product_cat":[299,305],"product_tag":[],"_links":{"self":[{"href":"https:\/\/adr-ag.de\/fr\/wp-json\/wp\/v2\/product\/13392"}],"collection":[{"href":"https:\/\/adr-ag.de\/fr\/wp-json\/wp\/v2\/product"}],"about":[{"href":"https:\/\/adr-ag.de\/fr\/wp-json\/wp\/v2\/types\/product"}],"replies":[{"embeddable":true,"href":"https:\/\/adr-ag.de\/fr\/wp-json\/wp\/v2\/comments?post=13392"}],"wp:attachment":[{"href":"https:\/\/adr-ag.de\/fr\/wp-json\/wp\/v2\/media?parent=13392"}],"wp:term":[{"taxonomy":"product_cat","embeddable":true,"href":"https:\/\/adr-ag.de\/fr\/wp-json\/wp\/v2\/product_cat?post=13392"},{"taxonomy":"product_tag","embeddable":true,"href":"https:\/\/adr-ag.de\/fr\/wp-json\/wp\/v2\/product_tag?post=13392"}],"curies":[{"name":"wp","href":"https:\/\/api.w.org\/{rel}","templated":true}]}}