{"id":13364,"date":"2015-04-15T12:54:14","date_gmt":"2015-04-15T12:54:14","guid":{"rendered":"http:\/\/new.adr-ag.de\/product\/cd-duplizierroboter-adr-blackjack-2\/"},"modified":"2024-03-06T10:22:13","modified_gmt":"2024-03-06T09:22:13","slug":"adr-blackjack-cd-duplizierroboter","status":"publish","type":"product","link":"https:\/\/adr-ag.de\/fr\/product\/adr-blackjack-cd-duplizierroboter\/","title":{"rendered":"ADR BlackJack CD Duplizierroboter"},"content":{"rendered":"<h2>ADR BlackJack CD Duplizierroboter<\/h2>\n<div><strong>ADRs neuer\u00a0BLACKJACK CD Duplizierroboter und Drucker mit\u00a0einem CD \/ DVD \/ BD\u00a0Brenner und\u00a021er Magazin <\/strong><\/div>\n<div>\n<table border=\"0\" cellspacing=\"0\" cellpadding=\"10\">\n<tbody>\n<tr>\n<td valign=\"top\">\n<div>\n<p align=\"justify\">Auf dem Erfolg des NEXIS Publishers aufbauend pr\u00e4sentieren wir Ihnen den neuen BlackJack\u00a0CD\u00a0Duplizierroboter und Drucker\u00a0als Einstiegsger\u00e4t f\u00fcr die NEXIS Produktreihe. Durch die kompakte Bauweise und den g\u00fcnstigen Anschaffungspreis ist das Ger\u00e4t sowohl f\u00fcr Industrieanwender als auch f\u00fcr Privatkunden interessant.<\/p>\n<p align=\"justify\">Ausgestattet mit einem CD\/DVD Brenner, verbesserter Druck-Engine und echtem sechs-farb Druckergebnis stellt der BlackJack alle CD Publisher in diesem Preissegment in den Schatten. Mit der eigens entwickelten Discwork Software welche dem BlackJack beiliegt erh\u00e4lt der Nutzer eine professionelle, intuitive Produktionssoftware welche alle anfallenden Brenn- und Druckaufgaben abdeckt. Im Gegensatz zu anderen Systemen, welche die Netzwerkfunktionen nach Useranzahl berechnen, ist die Diskworks Software uneingeschr\u00e4nkt Netzwerkf\u00e4hig.<\/p>\n<p align=\"justify\">\u00a0<span class=\"greenstyle\"><strong>DiscWorks<\/strong><\/span><\/p>\n<p>Die beiliegende DiscWorks Software macht die CD\/DVD Produktion einfach. Mit der integrierten Disc Studio Label Software erstellen Sie schnell und einfach ein professionelles Disc Design. Alternativ k\u00f6nnen Sie auch aus Ihren favorisierten Grafikprogrammen die Druckjobs direkt starten.<\/p>\n<p><span class=\"headingstyle\"><strong>Druck Qualit\u00e4t und\u00a0 6-Farb Drucksystem<\/strong><\/span><\/p>\n<p>Die Druckengine des Black Jack verf\u00fcgt \u00fcber das erste echte sechs-farb Drucksystem in der\u00a0Media Publishing Branche. Die verbesserte Druckengine\u00a0sorgt\u00a0f\u00fcr eine optimales Druckergebnis und besondere Sch\u00e4rfe und Farbechtheit in den\u00a0Ausdrucken. F\u00fcr die beste Druckqualit\u00e4t bei Fotos empfehlen wir die Farbpatrone CO5 in Kombination mit der PhotoPatrone PC1.\u00a0 F\u00fcr Ausdrucke mit einem\u00a0hohen Schwarzanteil empfehlen wir die CO5 Farbpatrone in Kombination mit der BK1 Schwarzpatrone um Druckkosten zu sparen.<\/p>\n<p><span class=\"headingstyle\"><strong>Flexibilit\u00e4t <\/strong><\/span><\/p>\n<p>Egal ob Amateur oder kommerziell orientierter Profi, der BlackJack eignet sich f\u00fcr beide Anwendungen. Musik, Video und Software Distribution sowie zeit-kritische Anwendungen wie Datenverteilung , Verarbeitung digitaler Fotos, Dienstleister oder Kioskanwedungen.<\/p>\n<p><strong>Geschwindigkeit<\/strong><\/p>\n<p>In Tests hat der Blackjack bis zu 50 Discs per Stunde gebrannt,\u00a0was das Ger\u00e4t schneller macht als alle seine Konkurrenten. Das Geheimnis ist, dass der Disc Transport Mechanismus getrennt von dem\u00a0Drucksystem operiert wodurch das Ger\u00e4t f\u00e4hig ist Medien zu transportieren w\u00e4hrend der Drucker druckt.<\/p>\n<p><span class=\"headingstyle\"><strong>21 Disk Kapazit\u00e4t<\/strong><\/span><\/p>\n<p>Der BlackJack Disc Publisher verf\u00fcgt \u00fcber 21 Disk Input Bin.<\/p>\n<p><span class=\"headingstyle\"><strong>Netzwerk Unterst\u00fctzung<\/strong><\/span><\/p>\n<p>\u00dcber die DiscWorks Software ist das Ger\u00e4t im Netzwerk von allen Clients ansteuerbar. Es fallen keine weiteren Lizensierungskosten an.<\/p>\n<p><strong>Unterst\u00fctzte Medien<\/strong><\/p>\n<p>Der BlackJack BD unterst\u00fctzt alle g\u00e4ngigen 12 cm Medien wie CDs, DVDs und BDs. Dar\u00fcber hinaus unterst\u00fctzt der BlackJack auch eine Reihe weiterer Medienformate wie 8 cm Discs und Visitenkarten CD-R (optionale Adapter erh\u00e4ltlich).<\/p>\n<p><strong><span class=\"headingstyle\">SDK <\/span><\/strong><\/p>\n<p>F\u00fcr Software Entwickler und Systemintegratoren stellen wir ein entsprechendes Entwicklungskit bereit. Dieses ist kostenlos f\u00fcr registrierte Partner erh\u00e4ltlich. Setzen Sie auf die SDK auf und entwickeln Sie eigene L\u00f6sungen f\u00fcr z.B. den Medizinbereich, KioskL\u00f6sungen oder Applikationen f\u00fcr die Archivierung von Daten.<\/p>\n<\/div>\n<p><strong>Technische Eigenschaften<\/strong><\/p>\n<div><\/div>\n<div>\n<div>\n<ul class=\"verdgrey\">\n<li><strong>6 Farb-Druckengine f\u00fcr Fotoqualit\u00e4t 6 colors for photo quality prints<\/strong><\/li>\n<li><strong>Ein High-Speed CD\/DVD\/BD Brenner<\/strong><\/li>\n<li><strong>4800 DPI Druckaufl\u00f6sung<\/strong><\/li>\n<li><strong>1 USB Anschluss (2.0)<\/strong><\/li>\n<li><strong>G\u00fcnstige Druckkosten<\/strong><\/li>\n<li><strong>Sonderformate mit Adaptern verarbeitbar<\/strong><\/li>\n<li><strong>High Capacity Druckpatronen<\/strong><\/li>\n<li><strong>Intuitive Software<\/strong><\/li>\n<li><strong>1 Jahr Garantie<\/strong><\/li>\n<li><\/li>\n<\/ul>\n<p class=\"headingstyle\"><strong>Minimale System Anforderungen zum Betrieb des CD Duplizierroboter<\/strong><\/p>\n<ul>\n<li class=\"verdgrey\"><strong>Windows XP, 2000, 2003 Server und Vista (64-bit versions nicht unterst\u00fctzt) <\/strong><\/li>\n<li class=\"verdgrey\"><strong>Pentium 4 1.4Ghz CPU oder gleichwertig<\/strong><\/li>\n<li class=\"verdgrey\"><strong>1GB RAM, 1.5GB RAM f\u00fcr Vista <\/strong><\/li>\n<li class=\"verdgrey\"><strong>DVD-ROM f\u00fcr Software Installation<\/strong><\/li>\n<li class=\"verdgrey\"><strong>Freien\u00a0USB 2.0 port<\/strong><\/li>\n<li class=\"verdgrey\"><strong>Graphics card\u00a0mit 64MB RAM oder mehr<\/strong><\/li>\n<li class=\"verdgrey\"><strong>24-bit color is recommended for best video quality<\/strong><strong>Rapid Exchange Service<\/strong>Optional k\u00f6nnen\u00a0Sie bei ADR zus\u00e4tzliche Service\u00a0Leistungen\u00a0w\u00e4hlen um Ihre Produktion sicherzustellen.<br \/>\nMit dem Rapid-Exchange-Service\u00a0wird Ihr\u00a0System innerhalb 48h wieder in Betrieb gesetzt oder Sie erhalten eine Austauschmaschine mit \u00e4hnlichen Spezifikationen f\u00fcr die Dauer der Reparatur.Sie erhalten kostenlosen Telefon-,\u00a0E-mail-, Skype- und Remote- Support und\u00a0wir\u00a0erstellen eine Analyse direkt nach der von Ihnen gelieferten Beschreibung.<br \/>\nDanach werden\u00a0alle Ma\u00dfnahmen eingeleitet um Ihre Produktion sicherzustellen.<\/li>\n<\/ul>\n<\/div>\n<\/div>\n<\/td>\n<\/tr>\n<\/tbody>\n<\/table>\n<\/div>\n<p>&nbsp;<\/p>\n","protected":false},"excerpt":{"rendered":"<p><strong>\u00fcber CD Duplizierroboter ADR BlackJack:<\/strong><\/p>\n<p>Auf dem Erfolg des NEXIS Publishers aufbauend pr\u00e4sentieren wir Ihnen den neuen BlackJack CD \/ DVD Duplizierroboter und Drucker als Einstiegsger\u00e4t f\u00fcr die NEXIS Produktreihe. Durch die kompakte Bauweise und den g\u00fcnstigen Anschaffungspreis ist das Ger\u00e4t sowohl f\u00fcr Industrieanwender als auch f\u00fcr Privatkunden interessant.<\/p>\n<p>Ausgestattet mit einem CD\/DVD Brenner, verbesserter Druck-Engine und echtem sechs-farb Druckergebnis stellt der BlackJack alle CD Publisher in diesem Preissegment in den Schatten. Mit der eigens entwickelten Discwork Software welche dem BlackJack beiliegt erh\u00e4lt der Nutzer eine professionelle, intuitive Produktionssoftware welche alle anfallenden Brenn- und Druckaufgaben abdeckt. Im Gegensatz zu anderen Systemen, welche die Netzwerkfunktionen nach Useranzahl berechnen, ist die Diskworks Software uneingeschr\u00e4nkt Netzwerkf\u00e4hig.<\/p>\n[fusion_button link=\"\" color=\"custom\" size=\"small\" type=\"flat\" shape=\"round\" target=\"_blank\" title=\"\" gradient_colors=\"#67b8e1\" gradient_hover_colors=\"#67b8e1\" accent_color=\"#fff\" accent_hover_color=\"#fff\" bevel_color=\"\" border_width=\"0px\" shadow=\"no\" icon=\"\" icon_divider=\"yes\" icon_position=\"left\" modal=\"\" animation_type=\"0\" animation_direction=\"up\" animation_speed=\"1\" class=\"\" id=\"\"]Produkt kaufen[\/fusion_button]\n[fusion_button link=\"\/wp-content\/uploads\/2015\/04\/ADR-Nexis-BlackJack.pdf\" color=\"custom\" size=\"small\" type=\"flat\" shape=\"round\" target=\"_blank\" title=\"\" gradient_colors=\"#4A5449\" gradient_hover_colors=\"#4A5449\" accent_color=\"#fff\" accent_hover_color=\"#fff\" bevel_color=\"\" border_width=\"0px\" shadow=\"no\" icon=\"\" icon_divider=\"yes\" icon_position=\"left\" modal=\"\" animation_type=\"0\" animation_direction=\"up\" animation_speed=\"1\" class=\"\" id=\"\"]Datasheet[\/fusion_button]\n","protected":false},"featured_media":14718,"comment_status":"closed","ping_status":"closed","template":"","meta":[],"product_cat":[233,231],"product_tag":[],"_links":{"self":[{"href":"https:\/\/adr-ag.de\/fr\/wp-json\/wp\/v2\/product\/13364"}],"collection":[{"href":"https:\/\/adr-ag.de\/fr\/wp-json\/wp\/v2\/product"}],"about":[{"href":"https:\/\/adr-ag.de\/fr\/wp-json\/wp\/v2\/types\/product"}],"replies":[{"embeddable":true,"href":"https:\/\/adr-ag.de\/fr\/wp-json\/wp\/v2\/comments?post=13364"}],"wp:featuredmedia":[{"embeddable":true,"href":"https:\/\/adr-ag.de\/fr\/wp-json\/wp\/v2\/media\/14718"}],"wp:attachment":[{"href":"https:\/\/adr-ag.de\/fr\/wp-json\/wp\/v2\/media?parent=13364"}],"wp:term":[{"taxonomy":"product_cat","embeddable":true,"href":"https:\/\/adr-ag.de\/fr\/wp-json\/wp\/v2\/product_cat?post=13364"},{"taxonomy":"product_tag","embeddable":true,"href":"https:\/\/adr-ag.de\/fr\/wp-json\/wp\/v2\/product_tag?post=13364"}],"curies":[{"name":"wp","href":"https:\/\/api.w.org\/{rel}","templated":true}]}}