{"id":13344,"date":"2015-04-15T12:59:27","date_gmt":"2015-04-15T12:59:27","guid":{"rendered":"http:\/\/new.adr-ag.de\/product\/cyclone-5-cd-dvd-kopierroboter-2\/"},"modified":"2024-03-06T10:22:11","modified_gmt":"2024-03-06T09:22:11","slug":"cyclone-5-cd-dvd-kopierroboter","status":"publish","type":"product","link":"https:\/\/adr-ag.de\/fr\/product\/cyclone-5-cd-dvd-kopierroboter\/","title":{"rendered":"Cyclone 5 CD \/ DVD robot de copie"},"content":{"rendered":"<div>\n<p align=\"justify\"><strong>Robustesse et fiabilit\u00e9<\/strong><\/p>\n<p align=\"justify\">Les syst\u00e8mes ADR sont brevet\u00e9s et\u00a0sont con\u00e7us pour un fonctionnement sans interruption 24h\/24. Leur m\u00e9canique robuste et leur \u00e9laboration de haute qualit\u00e9 font des syst\u00e8mes ADR les syst\u00e8mes les plus fiables au monde dans le domaine de la duplication de CD\/DVD.<br \/>\nADR est reconnu pour la qualit\u00e9 et la pr\u00e9cision\u00a0de ces machines et \u00e9galement pour avoir l\u00b4une des\u00a0robotiques les plus rapides au monde.<\/p>\n<p>La garantie ADR pour les robots de duplication : En tant que fabricant nous vous offrons une garantie de 5 ans sur la robotique ADR !!!<\/p>\n<\/div>\n<div>\n<p align=\"justify\"><strong>Simplicit\u00e9 d\u00b4utilisation<\/strong><\/p>\n<p align=\"justify\">Le\u00a0robot de\u00a0copie CD \/ DVD\u00a0Cyclone est tr\u00e8s simple d\u00b4utilisation et op\u00e9rationnel en 10 minutes. En mode autonome,\u00a0Cyclone dispose d\u00b4un \u00e9cran LCD et\u00a0se laisse piloter\u00a0par 2 boutons.\u00a0\u00a0Il est alors aussi simple \u00e0 utiliser qu\u00b4un photocopieur.<\/p>\n<p><strong>Impression<\/strong><\/p>\n<p>Vous avez le choix entre 3 technologies d\u00b4impression diff\u00e9rentes : jet d\u00b4encre, transfert thermique ou retransfert thermique. Vous obtenez ainsi une station de duplication et d\u00b4impression enti\u00e8rement automatique. Vous restez flexible et avez la possibilit\u00e9 de changer d\u00b4imprimante lorsqu\u00b4une nouvelle technologie arrive sur le march\u00e9.<\/p>\n<p><strong>Caract\u00e9ristiques techniques<br \/>\n<\/strong><\/p>\n<ul>\n<li>5\u00a0graveurs de CD\/DVD (SATA 115D, CD-R\/DVD-R 52x\/22x ainsi que DL).<\/li>\n<li>un chargeur de 600 disques<\/li>\n<li>Duplication professionnelle de donn\u00e9es audio, vid\u00e9o ou textuelles.<\/li>\n<li>Peut assurer entre autres les fonctions suivantes:<br \/>\n. Copier un CD\/DVD-ROM\u00a0en dossier image<br \/>\n.\u00a0Envoyer l\u00b4image CD\/DVD\u00a0au robot pour la dupliquer<br \/>\n. Le mode Batch Copy vous permet de dupliquer plusieurs Master<\/li>\n<li>V\u00e9rification de la conformit\u00e9 des copies \u00e0 l\u00b4orignal<\/li>\n<li>10 canaux Ultra-DMA IDE onboard\u00a0pour le lecteur\u00a0de\u00a0DVD-ROM, disque dur IDE<\/li>\n<li>Vitesse d\u00b4\u00e9criture jusqu\u00b4\u00e0\u00a016x<\/li>\n<li>32 MB Buffer pour un maximum de s\u00e9curit\u00e9<\/li>\n<li>BIOS Upgrade accessible.<\/li>\n<li>Branchement USB optionnel (pour la gestion du disque dur)<\/li>\n<li>Logiciel version r\u00e9seau disponible : permet \u00e0 un nombre illimit\u00e9 d\u00b4utilisateurs d\u00b4envoyer leur commande.<\/li>\n<li>Possibilit\u00e9 de\u00a0d\u00e9terminer la priorit\u00e9 des commandes\u00a0\u00e0 traiter.<\/li>\n<li>Presque tous les formats de m\u00e9dias compatibles: DVD-5, DVD-Video, DVD-ROM, DVD-Audio, DVD-R, DVD-RW, DVD+R, DVD+RW, Dual Layer,\u00a0CD-ROM mode 1, CD-ROM mode 2, CD-ROM\/XA (mode 2 form 1 &amp; form 2), CD-DA (Audio CD), MixedMode CD, Video CD, CD-I, Karaoke CD, Photo CD (single session &amp; multisession), HFS, ISO 9660, CD-Bridge, CD-Extra, CD+G, ISRC, multisession, name-card CD, 21 min CD, 63 min CD, 74min CD, 80min CD, CD-R\u00a0et CD-RW<\/li>\n<\/ul>\n<\/div>\n","protected":false},"excerpt":{"rendered":"<p><strong>A propos de \u00ab\u00a0Cyclone 5\u00a0\u00bb robot de copie:<\/strong><\/p>\n<p>Le robot de\u00a0copie CD \/ DVD\u00a0ADR\u00a0Cyclone\u00a0vous offre avec un maximum de performances. Avec\u00a05\u00a0graveurs de CD\/DVD vous pourrez dupliquer de grandes quantit\u00e9s de m\u00e9dias.<\/p>\n<p>&nbsp;<\/p>\n[fusion_button link=\"https:\/\/www.adr-shop.com\/fr\/robot-de-duplication-cd-dvd-blu-ray-cyclone-5-avec-imprimante-transfert-thermique-powerpro-iii\" color=\"custom\" size=\"small\" type=\"flat\" shape=\"round\" target=\"_blank\" title=\"\" gradient_colors=\"#67b8e1\" gradient_hover_colors=\"#67b8e1\" accent_color=\"#fff\" accent_hover_color=\"#fff\" bevel_color=\"\" border_width=\"0px\" shadow=\"no\" icon=\"\" icon_divider=\"yes\" icon_position=\"left\" modal=\"\" animation_type=\"0\" animation_direction=\"up\" animation_speed=\"1\" class=\"\" id=\"\"] Acheter un produit[\/fusion_button]\n","protected":false},"featured_media":14666,"comment_status":"closed","ping_status":"closed","template":"","meta":[],"product_cat":[231,235],"product_tag":[],"_links":{"self":[{"href":"https:\/\/adr-ag.de\/fr\/wp-json\/wp\/v2\/product\/13344"}],"collection":[{"href":"https:\/\/adr-ag.de\/fr\/wp-json\/wp\/v2\/product"}],"about":[{"href":"https:\/\/adr-ag.de\/fr\/wp-json\/wp\/v2\/types\/product"}],"replies":[{"embeddable":true,"href":"https:\/\/adr-ag.de\/fr\/wp-json\/wp\/v2\/comments?post=13344"}],"wp:featuredmedia":[{"embeddable":true,"href":"https:\/\/adr-ag.de\/fr\/wp-json\/wp\/v2\/media\/14666"}],"wp:attachment":[{"href":"https:\/\/adr-ag.de\/fr\/wp-json\/wp\/v2\/media?parent=13344"}],"wp:term":[{"taxonomy":"product_cat","embeddable":true,"href":"https:\/\/adr-ag.de\/fr\/wp-json\/wp\/v2\/product_cat?post=13344"},{"taxonomy":"product_tag","embeddable":true,"href":"https:\/\/adr-ag.de\/fr\/wp-json\/wp\/v2\/product_tag?post=13344"}],"curies":[{"name":"wp","href":"https:\/\/api.w.org\/{rel}","templated":true}]}}