{"id":13332,"date":"2015-04-15T13:06:33","date_gmt":"2015-04-15T13:06:33","guid":{"rendered":"http:\/\/new.adr-ag.de\/product\/epson-discproducer-pp-100n-2\/"},"modified":"2024-03-06T10:22:09","modified_gmt":"2024-03-06T09:22:09","slug":"epson-discproducer-pp-100n","status":"publish","type":"product","link":"https:\/\/adr-ag.de\/fr\/product\/epson-discproducer-pp-100n\/","title":{"rendered":"Epson Discproducer&#x2122; PP-100N"},"content":{"rendered":"<p><strong>Production<\/strong><\/p>\n<p>La qualit\u00e9 d\u00b4un syst\u00e8me de production de CD\/DVD se jugent \u00e0 travers la pr\u00e9cision du robot ainsi qu\u00b4\u00e0 travers l\u00b4association de la technologie d\u00b4impression, du logiciel et de la robotique. Epson, en partenariat avec ADR, est le seul \u00e0 proposer des solutions associant l\u00b4impression jet d\u00b4encre \u00e0 une robotique de pr\u00e9cision et qui se vendent dans le monde entier. Deux technologies de pointe sont r\u00e9unies ici dans un seul produit.<\/p>\n<div><strong>Une cadence de travail efficace<\/strong><\/div>\n<div><\/div>\n<div>La logique int\u00e9gr\u00e9e du PP-100N m\u00e9morise les Jobs de plusieurs utilisateurs et les traite le uns apr\u00e8s les autres.<\/div>\n<div>Cela permet non seulement de limiter le temps d\u00b4attente de chacun, mais \u00e9galement de ne pas surcharger votre r\u00e9seau en envoyant les donn\u00e9es lors de chaque processus de duplication.<\/div>\n<div><\/div>\n<div>\n<div><strong>Plusieurs utilisateurs simultan\u00e9ment\u00a0<\/strong><\/div>\n<div><\/div>\n<ul>\n<li>Plusieurs utilisateurs peuvent\u00a0 travailler.<\/li>\n<li>L\u00b4Epson Discproducer PP-100N prend en charge jusqu\u00b4\u00e0 5 t\u00e2ches en m\u00eame temps.<\/li>\n<li>Le syst\u00e8me enregistre jusqu\u00b4\u00e0 80 t\u00e2ches sur son disque dur interne.<br \/>\nLes derniers projets peuvent \u00e0 tout moment \u00eatre r\u00e9utilis\u00e9s en tant que mod\u00e8le, \u00eatre \u00e0 nouveau grav\u00e9s et\/ou imprim\u00e9s.<\/li>\n<\/ul>\n<div><strong>Protection des donn\u00e9es<\/strong><\/div>\n<div><\/div>\n<div>D\u00e9sactivez le graveur et l\u00b4imprimante locale de votre ordinateur.<\/div>\n<div>Gr\u00e2ce au Publisher en r\u00e9seau, vous gardez le contr\u00f4le sur le processus de copie de vos donn\u00e9es et de vos m\u00e9dias.<\/div>\n<div>Un v\u00e9rouillage de la porte emp\u00eache l\u00b4interruption de la production en cours et \u00e9vite\u00a0ainsi d\u00b4\u00e9ventuels rejets.<\/div>\n<\/div>\n<div><\/div>\n<div><strong>Carat\u00e9ristiques<\/strong><\/div>\n<div><\/div>\n<div>\n<ul>\n<li>Fiabilit\u00e9<\/li>\n<li>Qualit\u00e9 d\u00b4impression<\/li>\n<li>Co\u00fbts d\u00b4impression tr\u00e8s raisonnables<\/li>\n<li>Confort<\/li>\n<li>Forme compacte<\/li>\n<li>Haute capacit\u00e9<\/li>\n<li>Cartouches d\u00b4encre s\u00e9par\u00e9es<\/li>\n<li>Robotique certifi\u00e9e<\/li>\n<li>PC int\u00e9gr\u00e9<\/li>\n<li>Adapt\u00e9 au travail en r\u00e9seau<\/li>\n<\/ul>\n<\/div>\n","protected":false},"excerpt":{"rendered":"<p><strong>A propos EPSON Discproducer&#x2122; PP-100N:<\/strong><\/p>\n<p align=\"left\">L\u00b4\u00a0EPSON Disc Producer PP-100N d\u00e9crit ici dispose d\u00b4un PC int\u00e9gr\u00e9 et peut sans probl\u00e8me venir s\u00b4ajouter \u00e0 votre r\u00e9seau en entreprise. Ainsi, tous les utilisateurs disposant d\u00b4une autorisation pourront acc\u00e9der \u00e0 ce syst\u00e8me de production CD\/DVD professionnel.<\/p>\n<p align=\"left\">L\u00b4appareil comporte bien entendu tous les avantages de la s\u00e9rie Disc Producer.\u00a0Le principe des cartouches d\u00b4encre s\u00e9par\u00e9es\u00a0a notamment d\u00e9fi\u00e9 la concurrence.<\/p>\n<p align=\"left\">Cette fois, contrairement aux anciens syst\u00e8mes, l\u00b4encre\u00a0sera utilis\u00e9e \u00e0 100%\u00a0! Parmi tous les\u00a0duplicateurs de CD\/DVD\u00a0de sa cat\u00e9gorie, le PP100 vous offre les co\u00fbts de production les plus raisonnables.\u00a0Combinez-le par exemple avec des m\u00e9dias\u00a0Watershield, et obtenez des CD\/DVD professionnels.<\/p>\n[fusion_button link=\"https:\/\/www.adr-shop.com\/fr\/epson-discproducer-pp-100n-version-reseau\" color=\"custom\" size=\"small\" type=\"flat\" shape=\"round\" target=\"_blank\" title=\"\" gradient_colors=\"#67b8e1\" gradient_hover_colors=\"#67b8e1\" accent_color=\"#fff\" accent_hover_color=\"#fff\" bevel_color=\"\" border_width=\"0px\" shadow=\"no\" icon=\"\" icon_divider=\"yes\" icon_position=\"left\" modal=\"\" animation_type=\"0\" animation_direction=\"up\" animation_speed=\"1\" class=\"\" id=\"\"] Acheter un produit[\/fusion_button]\n","protected":false},"featured_media":14660,"comment_status":"closed","ping_status":"closed","template":"","meta":[],"product_cat":[231,241],"product_tag":[],"_links":{"self":[{"href":"https:\/\/adr-ag.de\/fr\/wp-json\/wp\/v2\/product\/13332"}],"collection":[{"href":"https:\/\/adr-ag.de\/fr\/wp-json\/wp\/v2\/product"}],"about":[{"href":"https:\/\/adr-ag.de\/fr\/wp-json\/wp\/v2\/types\/product"}],"replies":[{"embeddable":true,"href":"https:\/\/adr-ag.de\/fr\/wp-json\/wp\/v2\/comments?post=13332"}],"wp:featuredmedia":[{"embeddable":true,"href":"https:\/\/adr-ag.de\/fr\/wp-json\/wp\/v2\/media\/14660"}],"wp:attachment":[{"href":"https:\/\/adr-ag.de\/fr\/wp-json\/wp\/v2\/media?parent=13332"}],"wp:term":[{"taxonomy":"product_cat","embeddable":true,"href":"https:\/\/adr-ag.de\/fr\/wp-json\/wp\/v2\/product_cat?post=13332"},{"taxonomy":"product_tag","embeddable":true,"href":"https:\/\/adr-ag.de\/fr\/wp-json\/wp\/v2\/product_tag?post=13332"}],"curies":[{"name":"wp","href":"https:\/\/api.w.org\/{rel}","templated":true}]}}