{"id":13324,"date":"2015-04-15T13:08:03","date_gmt":"2015-04-15T13:08:03","guid":{"rendered":"http:\/\/new.adr-ag.de\/product\/epson-discproducer-pp-50-2\/"},"modified":"2024-03-06T10:22:08","modified_gmt":"2024-03-06T09:22:08","slug":"epson-discproducer-pp-50","status":"publish","type":"product","link":"https:\/\/adr-ag.de\/fr\/product\/epson-discproducer-pp-50\/","title":{"rendered":"Epson Discproducer &#x2122; PP-50"},"content":{"rendered":"<p><strong>Production<\/strong><\/p>\n<p>Gravez et imprimez des CD et des DVD de haute qualit\u00e9 de la mani\u00e8re la plus \u00e9conomique et la plus simple qu\u2019il soit. L\u2019Epson Discproducer PP-50 est enti\u00e8rement automatis\u00e9, vous laissant libre pour d\u2019autres t\u00e2ches tandis qu\u2019il imprime en toute s\u00e9curit\u00e9 jusqu\u2019\u00e0 50 disques en un lot. Il est parfaitement adapt\u00e9 pour la distribution d\u2019informations, l\u2019archivage de fichiers et la sauvegarde de donn\u00e9es.<\/p>\n<div><strong>Service de duplication<\/strong><\/div>\n<div>\u00a0<\/div>\n<div>L\u00b4\u00a0Epson Discproducer PP-50 &#x2122;est l\u00b4outil id\u00e9al pour accro\u00eetre votre popularit\u00e9 dans le monde de la prestation de services.<\/div>\n<div>Il vous permet de produire des disques en s\u00e9rie ou en petites quantit\u00e9, en toute fiabilit\u00e9,<\/div>\n<div>avec une robotique certifi\u00e9e et une impression couleur irr\u00e9prochable.<\/div>\n<div>\u00a0<\/div>\n<div>\n<p><strong>Cliniques et Cabinets<\/strong><\/p>\n<p>Le passage aux images digitales\u00a0ouvre de nombreuses perspectives,\u00a0pour baisser les co\u00fbts de production\u00a0et offrir un meilleur service aux patients.<\/p>\n<p>Gr\u00e2ce \u00e0 ces donn\u00e9es digitales (Radiologie, cardiologie, ultra-sons), les m\u00e9decins et les patients sont ainsi plus rapidement et mieux inform\u00e9s.<\/p>\n<div>\u00a0<\/div>\n<div><strong>Carat\u00e9ristiques <\/strong><\/div>\n<ul>\n<li>Fiabilit\u00e9\u00a0<\/li>\n<li>Qualit\u00e9 d\u00b4impression\u00a0<\/li>\n<li>Co\u00fbts d\u00b4impression tr\u00e8s raisonnables\u00a0<\/li>\n<li>Confort<\/li>\n<li>Forme compacte\u00a0<\/li>\n<li>Haute capacit\u00e9<\/li>\n<li>Cartouches d\u00b4encre s\u00e9par\u00e9es\u00a0<\/li>\n<li>Robotique certifi\u00e9e\u00a0<\/li>\n<li>PC int\u00e9gr\u00e9<\/li>\n<li>Adapt\u00e9 au travail en r\u00e9seau<\/li>\n<\/ul>\n<\/div>\n<div>\u00a0<\/div>\n","protected":false},"excerpt":{"rendered":"<p><strong>A propos de EPSON Discproducer&#x2122; PP-50:<\/strong><\/p>\n<p align=\"left\">L\u00b4Epson Discproducer PP50\u00a0est le petit fr\u00e8re du\u00a0PP100 \u00a0et a \u00e9t\u00e9 pr\u00e9sent\u00e9 pour la premi\u00e8re fois au salon CEBIT 2011.\u00a0Il dispose d\u00b4une capacit\u00e9 de\u00a050 disques.<\/p>\n<p>La t\u00eate d&rsquo;impression et les encres de six couleurs offrent des d\u00e9grad\u00e9s d&rsquo;une finesse incomparable et un texte d&rsquo;une d\u00e9finition exceptionnelle. Gr\u00e2ce \u00e0 une gravure de haute pr\u00e9cision, vos donn\u00e9es sont s\u00e9curis\u00e9es.<br \/> Le syst\u00e8me de cartouches s\u00e9par\u00e9es d&rsquo;Epson vous permet de faire des \u00e9conomies.\u00a0R\u00e9alisez jusqu&rsquo;\u00e0 1 000 disques avec un seul jeu de cartouches. Lorsqu&rsquo;une cartouche est vide, l\u00b4impression est automatiquement\u00a0stopp\u00e9e jusqu&rsquo;au remplacement de cette cartouche afin d&rsquo;\u00e9viter toute probl\u00e8me de qualit\u00e9.<\/p>\n<p>\u00a0<\/p>\n[fusion_button link=\"https:\/\/www.adr-shop.com\/fr\/epson-disque-producteur-pp-50-cd-dvd-avec-un-graveur\" color=\"custom\" size=\"small\" type=\"flat\" shape=\"round\" target=\"_blank\" title=\"\" gradient_colors=\"#67b8e1\" gradient_hover_colors=\"#67b8e1\" accent_color=\"#fff\" accent_hover_color=\"#fff\" bevel_color=\"\" border_width=\"0px\" shadow=\"no\" icon=\"\" icon_divider=\"yes\" icon_position=\"left\" modal=\"\" animation_type=\"0\" animation_direction=\"up\" animation_speed=\"1\" class=\"\" id=\"\"] Acheter un produit[\/fusion_button]\n","protected":false},"featured_media":14652,"comment_status":"closed","ping_status":"closed","template":"","meta":[],"product_cat":[231,241],"product_tag":[],"_links":{"self":[{"href":"https:\/\/adr-ag.de\/fr\/wp-json\/wp\/v2\/product\/13324"}],"collection":[{"href":"https:\/\/adr-ag.de\/fr\/wp-json\/wp\/v2\/product"}],"about":[{"href":"https:\/\/adr-ag.de\/fr\/wp-json\/wp\/v2\/types\/product"}],"replies":[{"embeddable":true,"href":"https:\/\/adr-ag.de\/fr\/wp-json\/wp\/v2\/comments?post=13324"}],"wp:featuredmedia":[{"embeddable":true,"href":"https:\/\/adr-ag.de\/fr\/wp-json\/wp\/v2\/media\/14652"}],"wp:attachment":[{"href":"https:\/\/adr-ag.de\/fr\/wp-json\/wp\/v2\/media?parent=13324"}],"wp:term":[{"taxonomy":"product_cat","embeddable":true,"href":"https:\/\/adr-ag.de\/fr\/wp-json\/wp\/v2\/product_cat?post=13324"},{"taxonomy":"product_tag","embeddable":true,"href":"https:\/\/adr-ag.de\/fr\/wp-json\/wp\/v2\/product_tag?post=13324"}],"curies":[{"name":"wp","href":"https:\/\/api.w.org\/{rel}","templated":true}]}}