{"id":13320,"date":"2015-04-15T13:09:21","date_gmt":"2015-04-15T13:09:21","guid":{"rendered":"http:\/\/new.adr-ag.de\/product\/epson-discproducer-pp-100autoprinter-2\/"},"modified":"2024-03-06T10:22:05","modified_gmt":"2024-03-06T09:22:05","slug":"epson-discproducer-pp-100autoprinter","status":"publish","type":"product","link":"https:\/\/adr-ag.de\/fr\/product\/epson-discproducer-pp-100autoprinter\/","title":{"rendered":"Epson Discproducer &#x2122; PP-100Autoprinter"},"content":{"rendered":"<p><strong>Logiciel simple d\u00b4utilisation<\/strong><\/p>\n<p align=\"justify\">Installez en un tournemain la conception graphique de votre choix pour accompagner votre support de donn\u00e9es optique.\u00a0Importez tous les formats graphiques courants et ajoutez-y le texte que vous souhaitez.\u00a0Chacun peut imm\u00e9diatement commencer \u00e0 travailler avec le logiciel intuitif.<\/p>\n<p align=\"justify\">En ce qui concerne l\u00b4impression, vous avez le choix entre 3 niveaux de qualit\u00e9.\u00a0Plus la qualit\u00e9 souhait\u00e9e est \u00e9lev\u00e9e\u00a0,\u00a0plus le processus d\u00b4impression sera long;<\/p>\n<p align=\"justify\">Mode Qualit\u00e9 : 50 m\u00e9dias par heure<br \/>\nMode Vitesse : 70 m\u00e9dias par heure<br \/>\nMode Vitesse sup\u00e9rieure\u00a0: 95 m\u00e9dias par heure<\/p>\n<p><strong>Entretien\u00a0du PP-100AP<\/strong><\/p>\n<p align=\"justify\">La cartouche d\u00b4entretien doit \u00eatre chang\u00e9e tous les 30.000 disques environ\u00a0 .<br \/>\nLa cartouche d\u00b4entretien se remplace tr\u00e8s facilement.<\/p>\n<p align=\"justify\">On \u00e9value la dur\u00e9e de vie de cet appareil \u00e0 environ 100.000 disques.<\/p>\n<p align=\"justify\">Il est adapt\u00e9 \u00e0 un utilisateur qui travaille selon une cadence de base\u00a0d\u00b4environ 2.000 disques par mois pendant plus de 4 mois.<\/p>\n<div>\n<p><strong>Caract\u00e9ristiques<\/strong><\/p>\n<ul>\n<li>Fiabilit\u00e9<\/li>\n<li>Qualit\u00e9 d\u00b4impression<\/li>\n<li>Co\u00fbts d\u00b4impression avantageux<\/li>\n<li>Confort<\/li>\n<li>Forme pratique et compacte<\/li>\n<li>Haute capacit\u00e9<\/li>\n<li>Cartouches d\u00b4encre s\u00e9par\u00e9es<\/li>\n<li>Robotique brevet\u00e9e<\/li>\n<\/ul>\n<\/div>\n<p align=\"justify\">\n","protected":false},"excerpt":{"rendered":"<p><strong>A propos de EPSON Discproducer&#x2122; PP-100 AUTOPRINTER:<\/strong><\/p>\n<p>Le Disc Producer PP-100, \u00e9tant d\u00e9j\u00e0 dot\u00e9 d\u00b4une robotique et d\u00b4une technologie d\u00b4impression incomparable, existe d\u00e9sormais en version imprimante seule, enti\u00e8rement automatique pour tous les utilisateurs qui disposent d\u00e9j\u00e0 d\u00b4une station de gravure.\u00a0Vous poss\u00e9dez d\u00e9j\u00e0 une tour de gravure et\u00a0souhaiteriez maintenant offrir une finition professionnelle \u00e0 vos CD\u00a0? Dans\u00a0ce cas, c\u00b4est le\u00a0PP-100 qu\u00b4il vous faut.\u00a0Il existe \u00e9galement une variante de cet appareil avec 2\u00a0graveurs CD\/DVD.<\/p>\n<p align=\"justify\">Cet appareil fonctionne avec des cartouches d\u00b4encre s\u00e9par\u00e9es. Cette caract\u00e9ristique notable permet \u00e0 ce syt\u00e8me de se d\u00e9marquer nettement des autres produits propos\u00e9s par la concurrence. Cette fois, contrairement \u00e0 ce que l\u00b4on pouvait constater avec les syst\u00e8mes d\u00e9j\u00e0 pr\u00e9sents sur le march\u00e9, l\u00b4encre des cartouches sera utilis\u00e9e dans son int\u00e9gralit\u00e9. De ce fait,\u00a0ce syst\u00e8me vous offre les co\u00fbts par disques les plus int\u00e9ressants parmi tous les appareils de sa cat\u00e9gorie. En combinant cet appareil avec les m\u00e9dias de type Watershield,\u00a0\u00a0vous obtenez des CD et DVD\u00a0sublimes, qui peuvent devenir un instrument Marketing id\u00e9al.<\/p>\n<div>\n[fusion_button link=\"https:\/\/www.adr-shop.com\/fr\/epson-discproducer-pp-100-cd-dvd-imprimable-auto\" color=\"custom\" size=\"small\" type=\"flat\" shape=\"round\" target=\"_blank\" title=\"\" gradient_colors=\"#67b8e1\" gradient_hover_colors=\"#67b8e1\" accent_color=\"#fff\" accent_hover_color=\"#fff\" bevel_color=\"\" border_width=\"0px\" shadow=\"no\" icon=\"\" icon_divider=\"yes\" icon_position=\"left\" modal=\"\" animation_type=\"0\" animation_direction=\"up\" animation_speed=\"1\" class=\"\" id=\"\"] Acheter un produit[\/fusion_button]\n<\/div>\n","protected":false},"featured_media":14650,"comment_status":"closed","ping_status":"closed","template":"","meta":[],"product_cat":[231,241],"product_tag":[],"_links":{"self":[{"href":"https:\/\/adr-ag.de\/fr\/wp-json\/wp\/v2\/product\/13320"}],"collection":[{"href":"https:\/\/adr-ag.de\/fr\/wp-json\/wp\/v2\/product"}],"about":[{"href":"https:\/\/adr-ag.de\/fr\/wp-json\/wp\/v2\/types\/product"}],"replies":[{"embeddable":true,"href":"https:\/\/adr-ag.de\/fr\/wp-json\/wp\/v2\/comments?post=13320"}],"wp:featuredmedia":[{"embeddable":true,"href":"https:\/\/adr-ag.de\/fr\/wp-json\/wp\/v2\/media\/14650"}],"wp:attachment":[{"href":"https:\/\/adr-ag.de\/fr\/wp-json\/wp\/v2\/media?parent=13320"}],"wp:term":[{"taxonomy":"product_cat","embeddable":true,"href":"https:\/\/adr-ag.de\/fr\/wp-json\/wp\/v2\/product_cat?post=13320"},{"taxonomy":"product_tag","embeddable":true,"href":"https:\/\/adr-ag.de\/fr\/wp-json\/wp\/v2\/product_tag?post=13320"}],"curies":[{"name":"wp","href":"https:\/\/api.w.org\/{rel}","templated":true}]}}