{"id":13316,"date":"2015-04-15T13:13:38","date_gmt":"2015-04-15T13:13:38","guid":{"rendered":"http:\/\/new.adr-ag.de\/product\/teac-polarstar-2\/"},"modified":"2024-03-06T10:22:05","modified_gmt":"2024-03-06T09:22:05","slug":"teac-polarstar","status":"publish","type":"product","link":"https:\/\/adr-ag.de\/fr\/product\/teac-polarstar\/","title":{"rendered":"Teac PolarStar"},"content":{"rendered":"<p><strong>Une large gamme d\u00b4applications<br \/><\/strong><\/p>\n<p>Cette station USB Copier pour copier jusqu\u00b4\u00e0 7 cl\u00e9s USB simultan\u00e9ment avec vos donn\u00e9es, comment Software, photos ou musique.<\/p>\n<p><strong>Simplement Manipulation<br \/><\/strong><\/p>\n<p>Il suffit de se connecter \u00e0 votre ordinateur, installez le logiciel et vous partez.<\/p>\n<p><strong>Sp\u00e9cifications<br \/><\/strong><\/p>\n<table border=\"0\" width=\"75%\" align=\"center\">\n<tbody>\n<tr>\n<td width=\"34%\">M\u00e9thode d\u00b4impression<\/td>\n<td width=\"66%\">Thermal re-transfer printing Dye-sublimation \/ Thermal-fusion<\/td>\n<\/tr>\n<tr>\n<td>4 Types de rubans<\/td>\n<td>BW, CMYK, CMYK Photo, VersaMax<\/td>\n<\/tr>\n<tr>\n<td>M\u00e9dias compatible<\/td>\n<td>120 mm CD-R\/DVD and Blue Ray discs<\/td>\n<\/tr>\n<tr>\n<td>Capacit\u00e9 de m\u00e9dias<\/td>\n<td>Jusqu\u00b4\u00e0 50, optional Bin pour 100<\/td>\n<\/tr>\n<tr>\n<td>Capacit\u00e9 de rubans<\/td>\n<td>500 des images sur CD\/DVD par rubans (Couleur, Photo,VersaMax), 2.000 images sur CD\/DVD par rubans (BW)<\/td>\n<\/tr>\n<tr>\n<td>R\u00e9solution d\u00b4impression<\/td>\n<td>400 dpi max<\/td>\n<\/tr>\n<tr>\n<td>Vitesse d\u00b4impression<\/td>\n<td>Photo: 105 s\/Couleur: 97 s\/BW: 52 s<\/td>\n<\/tr>\n<tr>\n<td>Interfaces<\/td>\n<td>embadded PC system, incl. network, Gigabit Ehternet 1.000 Base-T( 10\/100\/1000 BASE-T) connecteur RJ45<\/td>\n<\/tr>\n<tr>\n<td>Printer Driver<\/td>\n<td>Windows 2K\/XP, Linux Redhat 7.2<\/td>\n<\/tr>\n<tr>\n<td>Puissance<\/td>\n<td>600 W ou moins<\/td>\n<\/tr>\n<tr>\n<td>Dimensions <\/td>\n<td>330 mm x 396 mm x 622 mm<\/td>\n<\/tr>\n<tr>\n<td>Poids<\/td>\n<td>40 kg<\/td>\n<\/tr>\n<\/tbody>\n<\/table>\n","protected":false},"excerpt":{"rendered":"<p><strong>A propos de Teac Polarstar CD\/DVD Duplicateur:<\/strong><\/p>\n<p>&lt;Capacit\u00e9 totale de 100 disques<br \/> &lt;Compatible avec le r\u00e9seau \u00e0 la demande syst\u00e9me<br \/> &lt;\u201cClear-Coating\u201c-processus: Les m\u00e9dias imprim\u00e9s sont r\u00e9sistant aux rayures, r\u00e9sistant aux UV et \u00e0 l\u00b4eau<\/p>\n","protected":false},"featured_media":16081,"comment_status":"closed","ping_status":"closed","template":"","meta":[],"product_cat":[231,249],"product_tag":[],"_links":{"self":[{"href":"https:\/\/adr-ag.de\/fr\/wp-json\/wp\/v2\/product\/13316"}],"collection":[{"href":"https:\/\/adr-ag.de\/fr\/wp-json\/wp\/v2\/product"}],"about":[{"href":"https:\/\/adr-ag.de\/fr\/wp-json\/wp\/v2\/types\/product"}],"replies":[{"embeddable":true,"href":"https:\/\/adr-ag.de\/fr\/wp-json\/wp\/v2\/comments?post=13316"}],"wp:featuredmedia":[{"embeddable":true,"href":"https:\/\/adr-ag.de\/fr\/wp-json\/wp\/v2\/media\/16081"}],"wp:attachment":[{"href":"https:\/\/adr-ag.de\/fr\/wp-json\/wp\/v2\/media?parent=13316"}],"wp:term":[{"taxonomy":"product_cat","embeddable":true,"href":"https:\/\/adr-ag.de\/fr\/wp-json\/wp\/v2\/product_cat?post=13316"},{"taxonomy":"product_tag","embeddable":true,"href":"https:\/\/adr-ag.de\/fr\/wp-json\/wp\/v2\/product_tag?post=13316"}],"curies":[{"name":"wp","href":"https:\/\/api.w.org\/{rel}","templated":true}]}}