{"id":13308,"date":"2015-04-15T13:15:20","date_gmt":"2015-04-15T13:15:20","guid":{"rendered":"http:\/\/new.adr-ag.de\/product\/teac-7x-copybox-2\/"},"modified":"2024-03-06T10:22:04","modified_gmt":"2024-03-06T09:22:04","slug":"teac-usb-copy-box-usb-kopierstation","status":"publish","type":"product","link":"https:\/\/adr-ag.de\/fr\/product\/teac-usb-copy-box-usb-kopierstation\/","title":{"rendered":"Teac USB Copy Box &#8211; USB Kopierstation"},"content":{"rendered":"<h2>Teac USB Copy Box &#8211; USB Kopierstation<\/h2>\n<p>Mit entsprechenden USB-Adaptern k\u00f6nnen mit der Teac USB Copy Box auch alle anderen Kartenformate wie z.B. SD-Card, Micro-SD, XD-Card usw. verwendet werden<\/p>\n<p>Als Quelle dient dazu entweder ein Master-USB Stick oder alternativ kopieren Sie ein Verzeichnis von Ihrem Rechner auf die entsprechenden Sticks. An Hardware Voraussetzung ben\u00f6tigen Sie lediglich einen USB-f\u00e4higen Rechner (Wir empfehlen USB 2.0 f\u00fcr maximale Performance).<\/p>\n<p>Die Hardware wird \u00fcber diesen einen Anschluss angeschlossen und die USB Sticks als Ziellaufwerke eingesteckt. Mit einem einfachen Knopfdruck duplizieren Sie dann die Daten auf alle angeschlossenen USB Sticks. Sie erhalten von uns eine vollwertige USB Kopierstation zum Spitzenpreis.<\/p>\n<p><strong>Vielf\u00e4ltige Anwendungsm\u00f6glichkeiten:<\/strong><\/p>\n<p>Mit dieser USB Kopierstation kopieren Sie bis zu 7 USB-Sticks gleichzeitig mit Ihren Daten wie Software, Bildern oder Musik. F\u00fcr USB-Sticks von 128MB bis zu 4GB geeignet<\/p>\n<p><strong>Software:<\/strong><\/p>\n<p>Die leicht zu bedienende Software f\u00fcr Windows vereinfacht die Handhabung und sorgt f\u00fcr die schnelle und unkomplizierte Vervielf\u00e4ltigung elektronischer Daten.<\/p>\n<p><strong>Einfachste Handhabung:<\/strong><\/p>\n<p>Die Duplizierung von USB-Sticks ist mit der Teac USB Copy Box ein Kinderspiel.<br \/>\nAbh\u00e4ngig von der Qualit\u00e4t der jeweiligen USB-Sticks dupliziert das Ger\u00e4t Daten mit einer Geschwindigkeit von maximal 5 MB\/ Sek. pro Stick. Ein PC ist daf\u00fcr nicht erforderlich.<br \/>\nEinfach an den Computer anschliessen, Software installieren und los geht es (die farbliche Kennzeichnung zeigt den Status an). Sollten Sie sehr dicke USB-Sticks benutzen, die nicht nebeneinander passen, k\u00f6nnen Sie kleine Verl\u00e4ngerungskabel benutzen.<br \/>\nNach erfolgter Duplizierung werden einfach neue Sticks in die Ports gesteckt und ein weiterer Job kann beginnen.<\/p>\n<p><strong>Spezifikationen:<\/strong><\/p>\n<ul>\n<li>Betriebssystem: Windows XP mit Microsoft .NET Framework 1.1<\/li>\n<li>Prozessor &gt; 1 GHz<\/li>\n<li>Speicher &gt; 500 MB RAM<\/li>\n<li>Freier Speicherplatz empfohlen &gt; 5 GB<\/li>\n<li>2 freie USB Ports (Copy Box und Stick)<\/li>\n<li>USB 2.0 Voraussetzung f\u00fcr Parallelkopie<\/li>\n<li>7 Freie Laufwerksbuchstaben<\/li>\n<li>Sticks 125 MB bis 4 GB<\/li>\n<li>Einfache Bedienbarkeit durch beigef\u00fcgte Kopiersoftware mit farblich markierten Statusmeldungen<\/li>\n<\/ul>\n","protected":false},"excerpt":{"rendered":"<p><strong>\u00fcber Teac 7x USB CopyBox:<\/strong><\/p>\n<p>Mit der innovativen Teac Copy Box k\u00f6nnen dank der professionellen Kopiersoftware bis zu 7 USB-Sticks gleichzeitig kopiert werden. Die perfekte L\u00f6sung zur schnellen und unkomplizierten Vervielf\u00e4ltigung elektronischer Daten. Es k\u00f6nnen Sticks mit einer Speicherkapazit\u00e4t von 128 MB bis zu 4 GB dupliziert werden. Ein USB 2.0 Port ist die Voraussetzung f\u00fcr paralleles Kopieren.<\/p>\n[fusion_button link=\"https:\/\/www.adr-shop.com\/fr\/duplicateur-adr-usb-publisher\" color=\"custom\" size=\"small\" type=\"flat\" shape=\"round\" target=\"_blank\" title=\"\" gradient_colors=\"#67b8e1\" gradient_hover_colors=\"#67b8e1\" accent_color=\"#fff\" accent_hover_color=\"#fff\" bevel_color=\"\" border_width=\"0px\" shadow=\"no\" icon=\"\" icon_divider=\"yes\" icon_position=\"left\" modal=\"\" animation_type=\"0\" animation_direction=\"up\" animation_speed=\"1\" class=\"\" id=\"\"] Acheter un produit[\/fusion_button]\n","protected":false},"featured_media":14738,"comment_status":"closed","ping_status":"closed","template":"","meta":[],"product_cat":[231,249],"product_tag":[],"_links":{"self":[{"href":"https:\/\/adr-ag.de\/fr\/wp-json\/wp\/v2\/product\/13308"}],"collection":[{"href":"https:\/\/adr-ag.de\/fr\/wp-json\/wp\/v2\/product"}],"about":[{"href":"https:\/\/adr-ag.de\/fr\/wp-json\/wp\/v2\/types\/product"}],"replies":[{"embeddable":true,"href":"https:\/\/adr-ag.de\/fr\/wp-json\/wp\/v2\/comments?post=13308"}],"wp:featuredmedia":[{"embeddable":true,"href":"https:\/\/adr-ag.de\/fr\/wp-json\/wp\/v2\/media\/14738"}],"wp:attachment":[{"href":"https:\/\/adr-ag.de\/fr\/wp-json\/wp\/v2\/media?parent=13308"}],"wp:term":[{"taxonomy":"product_cat","embeddable":true,"href":"https:\/\/adr-ag.de\/fr\/wp-json\/wp\/v2\/product_cat?post=13308"},{"taxonomy":"product_tag","embeddable":true,"href":"https:\/\/adr-ag.de\/fr\/wp-json\/wp\/v2\/product_tag?post=13308"}],"curies":[{"name":"wp","href":"https:\/\/api.w.org\/{rel}","templated":true}]}}