{"id":13304,"date":"2015-04-16T09:37:20","date_gmt":"2015-04-16T09:37:20","guid":{"rendered":"http:\/\/new.adr-ag.de\/product\/adr-cd-jet-cd-dvd-autoprinter-2-2\/"},"modified":"2016-03-17T10:52:15","modified_gmt":"2016-03-17T10:52:15","slug":"adr-cd-jet-cd-dvd-autoprinter-2","status":"publish","type":"product","link":"https:\/\/adr-ag.de\/fr\/product\/adr-cd-jet-cd-dvd-autoprinter-2\/","title":{"rendered":"ADR CD Jet CD \/ DVD Autoprinter"},"content":{"rendered":"<p><strong>Technologie d\u00b4impression<\/strong><\/p>\n<p> L&rsquo;imprimante CD \/ DVD\u00a0CD Jet\u00a0est dot\u00e9e de la technologie\u00a0 PhotoREt IV. Celle-ci permet la fid\u00e9lit\u00e9 absolue des couleurs, le tout dans une qualit\u00e9 photo remarquable. PhotoREt IV peut produire 289 nuances de chaque couleur (17 dans les mod\u00e8les pr\u00e9alables) et offre une palette de couleur compl\u00e8te de plus de 1.2 millions de couleurs.\u00a0<\/p>\n<div align=\"justify\">Les graphiques et textes seront imprim\u00e9s sur des m\u00e9dias \u00e1 surface imprimable dans une grande qualit\u00e9. La qualit\u00e9 d\u00b4impression est tout simplement excellente. Afin d\u00b4obtenir les meilleurs r\u00e9sultats, nous vous conseillons l\u00b4utilisation de m\u00e9dias TaiyoYuden Watershield \u00e0 surface glossy.<\/div>\n<div align=\"justify\">Laissez-vous convaincre par la qualit\u00e9 de la nouvelle imprimante CD \/ DVD CD Jet d\u00b4ADR et demandez d\u00e8s aujourd\u00b4hui des \u00e9chantillons. Nous r\u00e9alisons volontiers des \u00e9chantillons de vos fichiers.<\/div>\n<div align=\"justify\">\u00a0<\/div>\n<div align=\"justify\"><strong>Co\u00fbts d\u00b4impression r\u00e9duits<\/strong><\/p>\n<div align=\"justify\">\u00a0<\/div>\n<div align=\"justify\">L&rsquo;imprimante CD \/ DVD\u00a0CD Jet\u00a0utilise des cartouches standards HP,\u00a0contrairement \u00e0 la plupart des produits concurrents. Ainsi vous n\u00b4avez pas \u00e0 acheter de cartouches sp\u00e9ciales qui sont souvent ch\u00e8res. De plus, vous trouverez ces cartouches dans n\u00b4importe quel magasin d\u00b4informatique.<\/div>\n<\/div>\n<div align=\"justify\">\u00a0<\/div>\n<div align=\"justify\">\n<div align=\"justify\"><strong>Caract\u00e9ristiques<\/strong><\/div>\n<div>\u00a0<\/div>\n<ul>\n<li>L\u00b4appareil le moins cher de sa cat\u00e9gorie<\/li>\n<li>Appareil compact et esth\u00e9tique<\/li>\n<li>Robotique de pr\u00e9cision<\/li>\n<li>Simplicit\u00e9 d\u00b4utilisation<\/li>\n<li>R\u00e9solution d\u00b4impression de 4800 dpi<\/li>\n<li>CD \/ DVD \/ Blu-Ray<\/li>\n<li>Chargeur de\u00a0100 m\u00e9dias (50 disques, voir CD-Jet50)<\/li>\n<li>Cartouches d\u00b4encre standards (HP 56 et 57)<\/li>\n<li>Couts d\u00b4impression r\u00e9duits<\/li>\n<li>Compatible avec tous les logiciels de cr\u00e9ation d\u00b4\u00e9tiquettes<\/li>\n<li>Compatible en r\u00e9seau<\/li>\n<\/ul>\n<\/div>\n","protected":false},"excerpt":{"rendered":"<p><strong>A propos d\u00b4 ADR CD Jet CD \/ DVD Autoprinter: <\/strong><\/p>\n<p>L\u00b4imprimante\u00a0CD \/ DVD\u00a0CD Jet\u00a0d\u00b4ADR a \u00e9t\u00e9\u00a0d\u00e9velopp\u00e9 en collaboration avec Hewlett Packard. C\u00b4est la solution id\u00e9lae pour l\u00b4impression automatique de CD\/DVD dans l\u00b4environnement du bureau et c\u00b4est aussi la solution la moins ch\u00e8re de sa cat\u00e9gorie.<\/p>\n<p>\u00a0<\/p>\n","protected":false},"featured_media":14756,"comment_status":"closed","ping_status":"closed","template":"","meta":[],"product_cat":[263,260],"product_tag":[],"_links":{"self":[{"href":"https:\/\/adr-ag.de\/fr\/wp-json\/wp\/v2\/product\/13304"}],"collection":[{"href":"https:\/\/adr-ag.de\/fr\/wp-json\/wp\/v2\/product"}],"about":[{"href":"https:\/\/adr-ag.de\/fr\/wp-json\/wp\/v2\/types\/product"}],"replies":[{"embeddable":true,"href":"https:\/\/adr-ag.de\/fr\/wp-json\/wp\/v2\/comments?post=13304"}],"wp:featuredmedia":[{"embeddable":true,"href":"https:\/\/adr-ag.de\/fr\/wp-json\/wp\/v2\/media\/14756"}],"wp:attachment":[{"href":"https:\/\/adr-ag.de\/fr\/wp-json\/wp\/v2\/media?parent=13304"}],"wp:term":[{"taxonomy":"product_cat","embeddable":true,"href":"https:\/\/adr-ag.de\/fr\/wp-json\/wp\/v2\/product_cat?post=13304"},{"taxonomy":"product_tag","embeddable":true,"href":"https:\/\/adr-ag.de\/fr\/wp-json\/wp\/v2\/product_tag?post=13304"}],"curies":[{"name":"wp","href":"https:\/\/api.w.org\/{rel}","templated":true}]}}