{"id":13296,"date":"2015-04-16T11:04:28","date_gmt":"2015-04-16T11:04:28","guid":{"rendered":"http:\/\/new.adr-ag.de\/product\/primera-disc-publisher-4101-2-2\/"},"modified":"2024-03-06T10:22:03","modified_gmt":"2024-03-06T09:22:03","slug":"primera-disc-publisher-4101-2","status":"publish","type":"product","link":"https:\/\/adr-ag.de\/fr\/product\/primera-disc-publisher-4101-2\/","title":{"rendered":"Primera Disc Publisher 4102"},"content":{"rendered":"<p><strong>Impression rapide et robotique pr\u00e9cise<\/strong><\/p>\n<p>Les Disc Publisher sont actuellement les robots de duplication les plus rapides du monde. Ils gravent et impriment vos disques pleine surface en 6 secondes. Vous serez surpris de constater \u00e0 quelle vitesse votre production s\u00b4ex\u00e9cute.<\/p>\n<p>La s\u00e9rie Disc Publisher 4100 est jusqu\u00b4\u00e0 20 fois plus rapide que les produits concurrents de la m\u00eame cat\u00e9gorie, ce qui fait d\u00b4elle la s\u00e9rie Disc Publisher la plus rapide du monde.<\/p>\n<p><strong>Utilisation<\/strong><\/p>\n<p>Le robot est simple \u00e0 utiliser. Apr\u00e8s 5-10\u00a0minutes d\u00b4installation, vous pouvez d\u00e9j\u00e0 lancer vos premiers travaux. Choisissez la source que vous souhaitez : un Master, un fichier-image ou par Drag and Drop avec l\u00b4explorateur de fichiers habituel. Avec le logiciel de design inclus,\u00a0cr\u00e9ez des maquettes professionnelles, qui seront ensuite\u00a0r\u00e9alis\u00e9es lors de\u00a0la production de vos t\u00e2ches.<\/p>\n<div>Bien entendu,\u00a0vous pouvez aussi utiliser\u00a0le programme de\u00a0cr\u00e9ation de maquette que vous aviez auparavant et importer\u00a0les graphiques\u00a0ou imprimer les CD\/DVD \u00e0 partir de programmes graphiques existants.<\/div>\n<div><\/div>\n<div>\n<div><strong>Vitesse<\/strong><\/div>\n<div><\/div>\n<div>La s\u00e9rie des Disc Publisher 4100 Serie a pour objectif d\u00b4augmenter votre volume de production. Ainsi, tous ses composants (robotique, m\u00e9canisme d\u00b4aggripage du disque, logiciel) ont \u00e9t\u00e9 test\u00e9s minutieusement d\u00e8s le d\u00e9but de la phase d\u00b4\u00e9volution pour une efficacit\u00e9 et une qualit\u00e9 de duplication irr\u00e9prochable, afin de vous apporter la plus grande satisfaction.<\/div>\n<\/div>\n<div><\/div>\n<div><\/div>\n<div><\/div>\n<div><\/div>\n<div><\/div>\n","protected":false},"excerpt":{"rendered":"<p><strong>A propos de Disc Publisher DP-4100 s\u00e9rie: <\/strong><\/p>\n<p>La s\u00e9rie Disc Publisher 4100 est l\u00b4\u00e9volution de l\u00b4imprimante\u00a0LX900,\u00a0\u00e9quip\u00e9e de\u00a0cartouches d\u00b4encre s\u00e9par\u00e9es pour les syst\u00e8mes de duplication avec graveurs\u00a0et une capacit\u00e9 de production de\u00a0100 disques par job.<\/p>\n<p>Gr\u00e2ce \u00e0 une technologie plus performante, les mod\u00e8les de cette nouvelle s\u00e9rie\u00a0sont non seulement plus efficaces et plus rapides, mais aussi plus fiables que leurs pr\u00e9d\u00e9cesseurs.<\/p>\n<p>La s\u00e9rie 4100 est la solution id\u00e9ale pour automatiser votre production de m\u00e9dias optiques grav\u00e9s et imprim\u00e9s, tout en gardant une qualit\u00e9 professionnelle.<\/p>\n[fusion_button link=\"https:\/\/www.adr-shop.com\/fr\/primera-disc-publisher-dp-4202-blu-2\" color=\"custom\" size=\"small\" type=\"flat\" shape=\"round\" target=\"_blank\" title=\"\" gradient_colors=\"#67b8e1\" gradient_hover_colors=\"#67b8e1\" accent_color=\"#fff\" accent_hover_color=\"#fff\" bevel_color=\"\" border_width=\"0px\" shadow=\"no\" icon=\"\" icon_divider=\"yes\" icon_position=\"left\" modal=\"\" animation_type=\"0\" animation_direction=\"up\" animation_speed=\"1\" class=\"\" id=\"\"] Acheter un produit[\/fusion_button]\n","protected":false},"featured_media":14586,"comment_status":"closed","ping_status":"closed","template":"","meta":[],"product_cat":[231,239],"product_tag":[],"_links":{"self":[{"href":"https:\/\/adr-ag.de\/fr\/wp-json\/wp\/v2\/product\/13296"}],"collection":[{"href":"https:\/\/adr-ag.de\/fr\/wp-json\/wp\/v2\/product"}],"about":[{"href":"https:\/\/adr-ag.de\/fr\/wp-json\/wp\/v2\/types\/product"}],"replies":[{"embeddable":true,"href":"https:\/\/adr-ag.de\/fr\/wp-json\/wp\/v2\/comments?post=13296"}],"wp:featuredmedia":[{"embeddable":true,"href":"https:\/\/adr-ag.de\/fr\/wp-json\/wp\/v2\/media\/14586"}],"wp:attachment":[{"href":"https:\/\/adr-ag.de\/fr\/wp-json\/wp\/v2\/media?parent=13296"}],"wp:term":[{"taxonomy":"product_cat","embeddable":true,"href":"https:\/\/adr-ag.de\/fr\/wp-json\/wp\/v2\/product_cat?post=13296"},{"taxonomy":"product_tag","embeddable":true,"href":"https:\/\/adr-ag.de\/fr\/wp-json\/wp\/v2\/product_tag?post=13296"}],"curies":[{"name":"wp","href":"https:\/\/api.w.org\/{rel}","templated":true}]}}