{"id":13292,"date":"2015-04-16T11:05:35","date_gmt":"2015-04-16T11:05:35","guid":{"rendered":"http:\/\/new.adr-ag.de\/product\/primera-disc-publisher-xi-3\/"},"modified":"2024-03-06T10:22:01","modified_gmt":"2024-03-06T09:22:01","slug":"disc-publisher-xi-von-primera","status":"publish","type":"product","link":"https:\/\/adr-ag.de\/fr\/product\/disc-publisher-xi-von-primera\/","title":{"rendered":"Disc Publisher Xi von Primera"},"content":{"rendered":"<h2>Disc Publisher Xi von Primera<\/h2>\n<p>Drei DP-Pro Xi Modelle mit einem Fassungsverm\u00f6gen von je 100 Disks stehen zur Auswahl:<\/p>\n<ul>\n<li>DP-Pro Xi AutoPrinter \u2013 reine Druckversion ohne Brennlaufwerk; ideal f\u00fcr den Einsatz mit vorhandenen Kopierstationen ohne Druckfunktion.<\/li>\n<li>DP-Pro Xi Disc Publisher \u2013 mit einem integrierten Brennlaufwerk.<\/li>\n<li>DP-Pro Xi2 <a href=\"https:\/\/www.adr-shop.com\/primera-disc-publisher-4100-cd-\/-dvd-autoprinter-ref\" target=\"_blank\" rel=\"noopener noreferrer\">Disc Publisher<\/a> \u2013 mit zwei integrierten Brennlaufwerken f\u00fcr noch schnellere Produktionsprozesse.<\/li>\n<\/ul>\n<p>Auf Kundenwunsch sind der Disc Publisher Xi sowie der Xi2 optional mit Blu-ray Disc&#x2122; Brennlaufwerken der neuesten Generation erh\u00e4ltlich. Blu-ray Discs erlauben die Aufnahme von High-Definition-Video mit bis zu 25 GB bei Single-Layer-Medien oder 50 GB bei Dual-Layer-Medien. Selbstverst\u00e4ndlich k\u00f6nnen diese Kapazit\u00e4ten auch f\u00fcr die Sicherung von Dokumenten, Fotos und anderen Dateien genutzt werden.<\/p>\n<p><strong>Schnelligkeit z\u00e4hlt<\/strong><\/p>\n<p>Im Fokus der neuen Disc Publisher Pro Xi Serie stand die signifikante Erh\u00f6hung des Durchsatzvolumens. Daher wurden zu Beginn der Entwicklungsphase alle Bestandteile der Disc Publisher wie z.B. Robotik, Greifmechanismus und Software hinsichtlich ihrer Effizienz und Produktionsleistung getestet und im Detail auf Verbesserungspotentiale \u00fcberpr\u00fcft.<br \/>\nDie wohl einschneidendste Ver\u00e4nderung wurde bei der Robotik, im speziellen beim Prozess des Medientransportes, vollzogen. Die bisher f\u00fcr den Betrieb des Greifarms \u00fcbliche Antriebsspindel wurde durch einen pr\u00e4zisen Riemenantrieb mit prozessorgesteuertem Schrittmotor ersetzt. Riemenantriebe steigern die Durchsatzgeschwindigkeit ma\u00dfgeblich \u2013 im Fall der Xi-Serie um \u00fcber 300%.<\/p>\n<p><strong>Pr\u00e4zises Greifen der Disks<\/strong><\/p>\n<p>Transportfehler oder das gleichzeitige Greifen von zwei Disks f\u00fchren zu ungewollten Produktionspausen und k\u00f6nnen sogar die Brennlaufwerke besch\u00e4digen. AccuDisc&#x2122;, die Greiftechnologie von Primera, verhindert diese Zufuhrfehler und ist durch die Kombination von patentierter Mechanik und innovativer Software weltweit f\u00fchrend in der Industrie.Die Geschwindigkeit der siebten AccuDisc-Generation ist zudem um 200% gesteigert worden.<\/p>\n<p><strong>Diverse Medienformate durch Adapter<\/strong><\/p>\n<p>Der Disc Publisher Xi kann noch mehr! &#8211; Neben den \u00fcblichen CD und DVD mit 120mm Durchmesser ist ein optionales Business Card Adapterkit lieferbar, welches die Verwendung von den kleinen 80mm Mini-CDs sowie sogenannter Visitenkarten-CDs mit geraden und abgerundeten Ecken erm\u00f6glichen.<br \/>\n(Bitte beachten Sie die genauen Gr\u00f6\u00dfenformate der verschiednenen Adapter)<\/p>\n<p><strong>Features:<\/strong><\/p>\n<ul>\n<li>Professionelles Druckbild<\/li>\n<li>Integrierter 4800 DPI Drucker<\/li>\n<li>PT-Burn Netzsoftware<\/li>\n<li>Exklusive AccuDisc&#x2122; Technology<\/li>\n<li>Gro\u00dfe Auswahl der Medien<\/li>\n<li>PTRip &#8211; das pers\u00f6nliche Musikstudio<\/li>\n<li>PoINT Publisher &#8211; das Komplettpaket f\u00fcr CD\/DVD On-Demand Produktion<\/li>\n<li>Einfachste Bedienung und Installation des Primera Disc Publishers<\/li>\n<li>Gro\u00dfe CD \/ DVD Kapazit\u00e4t<\/li>\n<\/ul>\n","protected":false},"excerpt":{"rendered":"<p><strong>\u00fcber Primera Disc Publisher Xi:<\/strong><\/p>\n<p>Die <a href=\"https:\/\/www.adr-shop.com\/primera-disc-publisher-4100-cd-\/-dvd-autoprinter-ref\" target=\"_blank\" rel=\"noopener noreferrer\">Disc Publisher<\/a> PRO Xi-Serie ist die Weiterentwicklung des Disc Publisher PRO, dem weltweit bestverkauften Dupliziersystem mit zwei Brennlaufwerken und einer Produktionskapazit\u00e4t von 100 Disks pro Job.<br \/>\nDurch die Weiterentwicklung von Technik und Design sind die Modelle der neuen Produktreihe nicht nur effizienter und schneller, sondern noch zuverl\u00e4ssiger als ihre Vorg\u00e4nger. Die Xi-Serie ist die ideale L\u00f6sung zur automatisierten Produktion von gebrannten und bedruckten optischen Medien in professioneller Qualit\u00e4t.<\/p>\n[fusion_button link=\"https:\/\/www.adr-shop.com\/primera-disc-publisher-4100-cd-\/-dvd-autoprinter-ref\" color=\"custom\" size=\"small\" type=\"flat\" shape=\"round\" target=\"_blank\" title=\"\" gradient_colors=\"#67b8e1\" gradient_hover_colors=\"#67b8e1\" accent_color=\"#fff\" accent_hover_color=\"#fff\" bevel_color=\"\" border_width=\"0px\" shadow=\"no\" icon=\"\" icon_divider=\"yes\" icon_position=\"left\" modal=\"\" animation_type=\"0\" animation_direction=\"up\" animation_speed=\"1\" class=\"\" id=\"\"]Produkt kaufen[\/fusion_button]\n","protected":false},"featured_media":14646,"comment_status":"closed","ping_status":"closed","template":"","meta":[],"product_cat":[231,239],"product_tag":[],"_links":{"self":[{"href":"https:\/\/adr-ag.de\/fr\/wp-json\/wp\/v2\/product\/13292"}],"collection":[{"href":"https:\/\/adr-ag.de\/fr\/wp-json\/wp\/v2\/product"}],"about":[{"href":"https:\/\/adr-ag.de\/fr\/wp-json\/wp\/v2\/types\/product"}],"replies":[{"embeddable":true,"href":"https:\/\/adr-ag.de\/fr\/wp-json\/wp\/v2\/comments?post=13292"}],"wp:featuredmedia":[{"embeddable":true,"href":"https:\/\/adr-ag.de\/fr\/wp-json\/wp\/v2\/media\/14646"}],"wp:attachment":[{"href":"https:\/\/adr-ag.de\/fr\/wp-json\/wp\/v2\/media?parent=13292"}],"wp:term":[{"taxonomy":"product_cat","embeddable":true,"href":"https:\/\/adr-ag.de\/fr\/wp-json\/wp\/v2\/product_cat?post=13292"},{"taxonomy":"product_tag","embeddable":true,"href":"https:\/\/adr-ag.de\/fr\/wp-json\/wp\/v2\/product_tag?post=13292"}],"curies":[{"name":"wp","href":"https:\/\/api.w.org\/{rel}","templated":true}]}}