{"id":13284,"date":"2015-04-16T11:09:34","date_gmt":"2015-04-16T11:09:34","guid":{"rendered":"http:\/\/new.adr-ag.de\/product\/primera-disc-publisher-ii-2\/"},"modified":"2024-03-06T10:22:00","modified_gmt":"2024-03-06T09:22:00","slug":"primera-disc-publisher-ii","status":"publish","type":"product","link":"https:\/\/adr-ag.de\/fr\/product\/primera-disc-publisher-ii\/","title":{"rendered":"Primera Disc Publisher II"},"content":{"rendered":"<p><strong>Gravez et imprimez automatiquement<\/strong><strong><br \/>\n<\/strong><br \/>\nLe robot duplicateur cd \/ dvd Disc Publisher II est le syst\u00e8me d\u00b4\u00e9dition de CD\/DVD le plus performant et le plus simple d\u00b4utilisation grace \u00e0 son graveur embarqu\u00e9 et \u00e0 son imprimante. Il peut produire 50 disques en s\u00e9rie : son processus est en ti\u00e8rement automatis\u00e9. Il suffit simplement de sp\u00e9cifier si vous souhaitez graver et (ou) imprimer, de quantifier le nombre de disques et pressez \u00ab\u00a0Go\u00a0\u00bb de votre ordinateur.<\/p>\n<p><strong>Mod\u00e8le CD, CD\/DVD ou impression seulement<\/strong><\/p>\n<p>Le\u00a0mod\u00e8le de robot duplicateur cd\u00a0Publisher II enregistre les CDR en 52x. Des disques contenant 700MB sont produits en moins de 3 min chacun. Pour les DVDR choisissez le DVD Publisher II.\u00a0 Ce mod\u00e8le permet la production aussi bien des CDR que des DVDR. A l\u00b4int\u00e9rieur du Disc Publisher est int\u00e9gr\u00e9 le dernier\u00a0graveur de DVD\u00a0Pioneer.<\/p>\n<p>Si vous avez juste besoin d\u00b4imprimer , le Disc Publisher II Autoprinter produit des CD et DVD en pleine couleur, jusqu\u00b4\u00e0 50 disques \u00e0 la fois par travail. Il g\u00e8re automatiquement l\u00b4insertion et l\u00b4\u00e9jection de l\u00b4imprimante.\u00a0 Il est le compagnon parfait des tours de duplication que vos poss\u00e9dez peut etre d\u00e9j\u00e0.<\/p>\n<p><strong>Imprimante 4800 dpi int\u00e9gr\u00e9e <\/strong><\/p>\n<p>Le robot duplicateur cd Disc Publisher II &#x2122; incorpore la meilleure imprimante couleur 4800 dpi. Vous pourrez produire des disques de qualit\u00e9 professionnelle\u00a0 en utilisant des textes, graphiques, et meme, photos en haute r\u00e9solution. La dur\u00e9e d\u00b4impression est tr\u00e8s courte. Par exemple, pour imprimer le disque expos\u00e9\u00a0\u00e0 droite, il a\u00a0juste fallu 54 secondes en 600&#215;600 dpi.<\/p>\n<p><strong>La technologie exclusive AccuDisc<\/strong><\/p>\n<p>Le Disc Publisher II &#x2122; b\u00e9n\u00e9ficie de la nouvelle technologie Primera AccuDisc. Aujourd\u00b4hui, grace\u00a0\u00e0 un mat\u00e9riel r\u00e9vis\u00e9 et plus performant, le bras robotis\u00e9 est d\u00b4une \u00e9tonnante pr\u00e9cision. En utilisant une LED optique \u00e0 la place des composants m\u00e9caniques, AccuDisc \u00e9limine les probl\u00e8mes d\u00b4alignement. Il \u00e9vite aussi la prise de plusieurs disques\u00a0dans le graveur, un probl\u00e8me courant avec les autres syst\u00e8mes de bras robotis\u00e9s.<\/p>\n<p><strong>De nombreux choix de m\u00e9dias<\/strong><strong><br \/>\n<\/strong><\/p>\n<p>Le robot duplicateur cd Disc Publisher II &#x2122; ne produit pas seulement des disques standard\u00a0de 120 mm, mais aussi des formats tels que les cartes de visite\u00a0ou mini CD\/DVD. Un kit d\u00b4adaptation optionnel est disponible.<\/p>\n<p><strong>Installation et utilisation rapides<\/strong><\/p>\n<p>De l\u00b4installation initiale aux op\u00e9rations compl\u00e8tes, le Disc Publisher II est tr\u00e8s simple d\u00b4utilisation. Le logiciel de gravuer professionnel de Sonic pour PC ou Charismatic Engineering\u00b4s Discribe V5.0 pour Mac permet virtuellement de dupliquer toute information\u00a0 digitale. Le logiciel SureThing CD Labeler Primera pour CD et Discus Labeling Software pour Mac est aussi inclus. Les deux programmes r\u00e9alisent des disques avec une mpression professionnelle avec des fonds et des mod\u00e8les en pleine couleur.<\/p>\n<p>Primera est le fabricant, leader mondial des syst\u00e8mes de publication et de duplication automatiques. Vous pouvez faire confiance\u00a0\u00e0 la performance et au rendement du\u00a0 Disc Publisher II, quel que\u00a0soit le format que vous d\u00e9sirez\u00a0dupliquer &#8211; audio, vid\u00e9o, musique, logiciel, photos, pr\u00e9sentations ou autres.<\/p>\n","protected":false},"excerpt":{"rendered":"<p><strong>A propos de Disc Publisher II:<\/strong><\/p>\n<p>Le nouveau\u00a0robot duplicateur cd Disc Publisher II&#x2122; est le\u00a0syst\u00e9mes d\u00b4\u00e9ditions de CD\/DVD \u00ab\u00a0tout en un\u00a0\u00bb le plus performant du march\u00e9. Cette robotique automatique et son impression en pleine couleurs de 4800 dpi simplifie la duplication de CD\/DVD. Sa forme compacte le rend id\u00e9al pour le bureau.<br \/>\nLe Disc Publisher II produit des CD un par un, \u00e0 l\u00b4unit\u00e9 ou pour des travaux jusqu\u00b4\u00e0 50 disques identiques \u00e0 la fois. Des mod\u00e8les sont disponibles avec Windows pour PC ou Mac.<\/p>\n[fusion_button link=\"https:\/\/www.adr-shop.com\/fr\/disc-publisher-ii-xr-adapter-kit-2\" color=\"custom\" size=\"small\" type=\"flat\" shape=\"round\" target=\"_blank\" title=\"\" gradient_colors=\"#67b8e1\" gradient_hover_colors=\"#67b8e1\" accent_color=\"#fff\" accent_hover_color=\"#fff\" bevel_color=\"\" border_width=\"0px\" shadow=\"no\" icon=\"\" icon_divider=\"yes\" icon_position=\"left\" modal=\"\" animation_type=\"0\" animation_direction=\"up\" animation_speed=\"1\" class=\"\" id=\"\"] Acheter un produit[\/fusion_button]\n","protected":false},"featured_media":14642,"comment_status":"closed","ping_status":"closed","template":"","meta":[],"product_cat":[231,239],"product_tag":[],"_links":{"self":[{"href":"https:\/\/adr-ag.de\/fr\/wp-json\/wp\/v2\/product\/13284"}],"collection":[{"href":"https:\/\/adr-ag.de\/fr\/wp-json\/wp\/v2\/product"}],"about":[{"href":"https:\/\/adr-ag.de\/fr\/wp-json\/wp\/v2\/types\/product"}],"replies":[{"embeddable":true,"href":"https:\/\/adr-ag.de\/fr\/wp-json\/wp\/v2\/comments?post=13284"}],"wp:featuredmedia":[{"embeddable":true,"href":"https:\/\/adr-ag.de\/fr\/wp-json\/wp\/v2\/media\/14642"}],"wp:attachment":[{"href":"https:\/\/adr-ag.de\/fr\/wp-json\/wp\/v2\/media?parent=13284"}],"wp:term":[{"taxonomy":"product_cat","embeddable":true,"href":"https:\/\/adr-ag.de\/fr\/wp-json\/wp\/v2\/product_cat?post=13284"},{"taxonomy":"product_tag","embeddable":true,"href":"https:\/\/adr-ag.de\/fr\/wp-json\/wp\/v2\/product_tag?post=13284"}],"curies":[{"name":"wp","href":"https:\/\/api.w.org\/{rel}","templated":true}]}}