{"id":13280,"date":"2015-04-16T11:10:39","date_gmt":"2015-04-16T11:10:39","guid":{"rendered":"http:\/\/new.adr-ag.de\/product\/primera-disc-publisher-pro-2\/"},"modified":"2024-03-06T10:21:59","modified_gmt":"2024-03-06T09:21:59","slug":"primera-disc-publisher-pro","status":"publish","type":"product","link":"https:\/\/adr-ag.de\/fr\/product\/primera-disc-publisher-pro\/","title":{"rendered":"Primera Disc Publisher Pro"},"content":{"rendered":"<table id=\"{0493B889-DC34-4800-9B3B-E2B36F166E85}\" cellspacing=\"10\" cellpadding=\"0\">\n<tbody>\n<tr>\n<td colspan=\"3\">Comme\u00a0son grand fr\u00e8re\u00a0le Disc Publisher II \u2013 la meilleure vente au monde d&rsquo;\u00e9diteur de CD\/DVD \u2013 le Disc Publisher Pro comprend les nouveaux standards qui riment avec qualit\u00e9, vitesse et fiabilit\u00e9. Quelques uns de ses dispositifs et avantages :<\/p>\n<p>\u2022 Le \u00ab tout-en-un \u00bb industriel le plus rapide<br \/>\n\u2022 Deux vitesses CD\/DVD pour une production en masse<br \/>\n\u2022 Impression directe sur le disque en r\u00e9solution 4800dpi<br \/>\n\u2022 La plus petite goutte d&rsquo;encre<br \/>\n\u2022 seulement 3 picolitres \u2013 pour de superbes graphiques et photos et une qualit\u00e9 de texte<br \/>\n\u2022 La technologie AccuDisc&#x2122; exclusive de Primera pour une robotique pr\u00e9cise et fiable<br \/>\n\u2022 Le logiciel Windows\u00ae r\u00e9seaux inclus pour partager le Disc PublisherPro parmi les multiples utilisateurs<br \/>\n\u2022 Le logiciel pour Mac ou PC pour graver et imprimer inclus<\/td>\n<\/tr>\n<\/tbody>\n<\/table>\n<div align=\"left\">\n<p><strong>Imprimer automatiquement !<\/strong><\/p>\n<p>L\u00b4imprimante DVD\u00a0\/ CD\u00a0Disc Publisher Pro est con\u00e7ue pour imprimer directement sur la surface du disque de fa\u00e7on autonome. Il suffit juste de d\u00e9signer les dossiers que vous souhaitez\u00a0imprimer, puis la quantit\u00e9 de disques et cliquez sur le bouton \u00ab Go ! \u00bb.<\/p>\n<p>Une nouvelle interface d&rsquo;aide du logiciel vous aidera \u00e0 produire vos disques rapidement et facilement. M\u00eame si vous n&rsquo;avez jamais grav\u00e9 ou imprim\u00e9 de disques auparavant, ce logiciel vous guidera \u00e0 chaque \u00e9tape. Une interface utilisateur avanc\u00e9e permet aux personnes exp\u00e9riment\u00e9es d&rsquo;acc\u00e9der aux dispositifs puissants tels que le streaming de disque, la conversion de format de donn\u00e9es, et beaucoup d&rsquo;autres.<strong>\u00a0<\/strong><\/p>\n<p>Le meilleur rendement<\/p>\n<p>Quand on se d\u00e9cide \u00e0 acheter un robot d&rsquo;impression, l&rsquo;un des facteurs le plus important est le nombre de disques qui peuvent \u00eatre produits par heure. La vitesse de la robotique de l\u00b4imprimante dvd\u00a0Disc Publisher Pro, l&rsquo;impression, et la mise en place et l&rsquo;enl\u00e8vement du disque sont optimis\u00e9s pour cr\u00e9er un maximum de CD ou DVD.<\/p>\n<p>Les tests ont prouv\u00e9 que le Disc Publisher Pro pouvait imprimer et transporter jusqu&rsquo;\u00e0 50 disques par heure* &#8211; soit 22% de plus que nos concurrents !<\/p>\n<p>*Dossier de 15 Mo, 40% de la surface du CD imprim\u00e9e pour des CD identiques.<\/p>\n<\/div>\n<table cellspacing=\"10\" cellpadding=\"0\">\n<tbody>\n<tr>\n<td colspan=\"2\" valign=\"top\"><b>Pas d\u00b4assemblage requis<br \/>\n<\/b><br \/>\nLe Disc PublisherPro est facile \u00e0 installer car tout est compris \u00e0 l&rsquo;int\u00e9rieur. Il suffit juste de le sortir de son emballage, de brancher l&rsquo;unique c\u00e2ble USB 2.0, d&rsquo;appuyer sur le bouton marche\/arr\u00eat et d&rsquo;installer le logiciel. La totalit\u00e9 ne d\u00e9passe pas les 5 minutes. Le capot transparent et articul\u00e9 permet de s&rsquo;assurer que le m\u00e9canisme robotique, les commandes et les m\u00e9dias n&rsquo;ont pas \u00e9t\u00e9 accidentellement ab\u00eem\u00e9s. Il prot\u00e9ge aussi contre la poussi\u00e8re, la salet\u00e9, l&rsquo;eau\u2026<\/td>\n<\/tr>\n<tr>\n<td colspan=\"2\" valign=\"top\"><b>Plusieurs choix de m\u00e9dias<br \/>\n<\/b><br \/>\nL\u00b4imprimante dvd Disc Publisher Pro ne produit pas seulement des CD et DVD standard de 120 mm, mais aussi des formats tels que les cartes de visites et les minis CD\/DVD. Un kit optionnel est disponible.<strong>Technologie ACCUDISC&#x2122;<\/strong><\/p>\n<p>Vous allez pouvoir appr\u00e9cier la nouvelle technologie exclusive AccuDisc. Gr\u00e2ce \u00e0 un mat\u00e9riel r\u00e9vis\u00e9 et plus performant, le bras robotis\u00e9 est d&rsquo;une \u00e9tonnante pr\u00e9cision. En utilisant une LED optique \u00e0 la place des composants m\u00e9caniques, AccuDisc \u00e9limine les probl\u00e8mes d&rsquo;alignement. Il \u00e9vite aussi la prise de plusieurs disques dans le graveur \u2013 un probl\u00e8me courant avec les autres syst\u00e8mes de bras robotis\u00e9s.<\/td>\n<\/tr>\n<\/tbody>\n<\/table>\n","protected":false},"excerpt":{"rendered":"<p><strong>A propos de Disc Publisher PRO:<\/strong><\/p>\n<p>L\u00b4imprimante DVD \/ CD Disc Publisher Pro est le nouveau \u00e9diteur haute performance de Primera. Il imprime automatiquement jusqu&rsquo;\u00e0 100 CD ou DVD \u00e0 la fois \u2013 dans un appareil compact et attractif. Gr\u00e2ce \u00e0 sa durabilit\u00e9 incomparable, sa fiabilit\u00e9 et sa rendement, le Disc Publisher Pro est le meilleur choix pour les entreprises\u00a0et les organisations qui souhaitent de la performance et une valeur s\u00fbre.<\/p>\n[fusion_button link=\"https:\/\/www.adr-shop.com\/fr\/kit-adaptateur-disc-publisher-pro\" color=\"custom\" size=\"small\" type=\"flat\" shape=\"round\" target=\"_blank\" title=\"\" gradient_colors=\"#67b8e1\" gradient_hover_colors=\"#67b8e1\" accent_color=\"#fff\" accent_hover_color=\"#fff\" bevel_color=\"\" border_width=\"0px\" shadow=\"no\" icon=\"\" icon_divider=\"yes\" icon_position=\"left\" modal=\"\" animation_type=\"0\" animation_direction=\"up\" animation_speed=\"1\" class=\"\" id=\"\"] Acheter un produit[\/fusion_button]\n","protected":false},"featured_media":14640,"comment_status":"closed","ping_status":"closed","template":"","meta":[],"product_cat":[231,239],"product_tag":[],"_links":{"self":[{"href":"https:\/\/adr-ag.de\/fr\/wp-json\/wp\/v2\/product\/13280"}],"collection":[{"href":"https:\/\/adr-ag.de\/fr\/wp-json\/wp\/v2\/product"}],"about":[{"href":"https:\/\/adr-ag.de\/fr\/wp-json\/wp\/v2\/types\/product"}],"replies":[{"embeddable":true,"href":"https:\/\/adr-ag.de\/fr\/wp-json\/wp\/v2\/comments?post=13280"}],"wp:featuredmedia":[{"embeddable":true,"href":"https:\/\/adr-ag.de\/fr\/wp-json\/wp\/v2\/media\/14640"}],"wp:attachment":[{"href":"https:\/\/adr-ag.de\/fr\/wp-json\/wp\/v2\/media?parent=13280"}],"wp:term":[{"taxonomy":"product_cat","embeddable":true,"href":"https:\/\/adr-ag.de\/fr\/wp-json\/wp\/v2\/product_cat?post=13280"},{"taxonomy":"product_tag","embeddable":true,"href":"https:\/\/adr-ag.de\/fr\/wp-json\/wp\/v2\/product_tag?post=13280"}],"curies":[{"name":"wp","href":"https:\/\/api.w.org\/{rel}","templated":true}]}}