{"id":13276,"date":"2015-04-16T11:17:33","date_gmt":"2015-04-16T11:17:33","guid":{"rendered":"http:\/\/new.adr-ag.de\/product\/primera-disc-publisher-se-2\/"},"modified":"2024-03-06T10:21:59","modified_gmt":"2024-03-06T09:21:59","slug":"primera-disc-publisher-se","status":"publish","type":"product","link":"https:\/\/adr-ag.de\/fr\/product\/primera-disc-publisher-se\/","title":{"rendered":"Primera Disc Publisher SE"},"content":{"rendered":"<p><b>Une robotique avanc\u00e9e\u00a0<\/b><\/p>\n<p>Le\u00a0robot duplicateur cd\u00a0Disc Publisher SE simplifie la gravure et l\u2019impression. C\u2019est la sixi\u00e8me g\u00e9n\u00e9ration de robotique de Primera assurant l\u2019efficacit\u00e9 et la fiabilit\u00e9.<\/p>\n<p><b>Plusieurs applications<\/b><\/p>\n<p>Le robot duplicateur cd Disc Publisher SE est parfait pour une large vari\u00e9t\u00e9 d\u2019applications. Vous pouvez graver et imprimer un seul disque de donn\u00e9es ou bien plusieurs identiques. Quelques applications les plus courantes : contenus de vid\u00e9o de musique, logiciels, kits presse, manuels et instructions, documentations techniques, pr\u00e9sentations PowerPoint\u00ae, catalogues.<\/p>\n<p><strong>Installation et op\u00e9ration simple<\/strong><\/p>\n<p>Le logiciel facile \u00e0 utiliser est inclus pour PC sous Windows et Mac. Installation rapide et simple. Un c\u00e2ble \u00e0 connecter, installation des cartouches d\u2019encre et du logiciel.<\/p>\n<p><b>Des m\u00e9dias robustes et r\u00e9sistants \u00e0 l&rsquo;eau<\/b><\/p>\n<p>Vous pouvez utiliser tous les DVD\u00b1R ou CD-R \u00e0 surface imprimable. Pour des performances maximums, nous vous conseillons les nouvelles surfaces TuffCoat&#x2122; avec AquaGuard&#x2122; (finition matte) ou TuffCoat avec WaterShield&#x2122; (finition brillante) de Primera. Les 2 sont hautement r\u00e9sistantes \u00e0 l\u2019eau et permettent une finition professionnelle comme vous ne l\u2019avez jamais vue !<\/p>\n","protected":false},"excerpt":{"rendered":"<p><strong>A propos de Primera Disc Publisher SE:<\/strong><\/p>\n<p>N\u2019avez vous jamais grav\u00e9 des disques un par un pour ensuite les imprimer manuellement ou bien coller un label autocollant ? Si c\u2019est le cas, que de temps perdu ! La sous-traitance prend du temps et reste encore ch\u00e8re.. Vous avez probablement du vous dire : \u00ab\u00a0Il doit y avoir un meilleur moyen !\u00a0\u00bb<\/p>\n<p>Oui il y en a un ! Il y a le nouveau robot duplicateur cd\u00a0Disc Publisher SE\u00a0de Primera. Le Disc Publisher SE est un producteur de disques compact, automatis\u00e9 et tout en un que vous pouvez installer sur votre bureau. Il cr\u00e9e des disques couleurs de haute qualit\u00e9 professionnelle.<\/p>\n[fusion_button link=\"https:\/\/www.adr-shop.com\/fr\/imprimante-automatique-de-cd-\/-dvd-disc-publisher-se-3\" color=\"custom\" size=\"small\" type=\"flat\" shape=\"round\" target=\"_blank\" title=\"\" gradient_colors=\"#67b8e1\" gradient_hover_colors=\"#67b8e1\" accent_color=\"#fff\" accent_hover_color=\"#fff\" bevel_color=\"\" border_width=\"0px\" shadow=\"no\" icon=\"\" icon_divider=\"yes\" icon_position=\"left\" modal=\"\" animation_type=\"0\" animation_direction=\"up\" animation_speed=\"1\" class=\"\" id=\"\"] Acheter un produit[\/fusion_button]\n","protected":false},"featured_media":14636,"comment_status":"closed","ping_status":"closed","template":"","meta":[],"product_cat":[231,239],"product_tag":[],"_links":{"self":[{"href":"https:\/\/adr-ag.de\/fr\/wp-json\/wp\/v2\/product\/13276"}],"collection":[{"href":"https:\/\/adr-ag.de\/fr\/wp-json\/wp\/v2\/product"}],"about":[{"href":"https:\/\/adr-ag.de\/fr\/wp-json\/wp\/v2\/types\/product"}],"replies":[{"embeddable":true,"href":"https:\/\/adr-ag.de\/fr\/wp-json\/wp\/v2\/comments?post=13276"}],"wp:featuredmedia":[{"embeddable":true,"href":"https:\/\/adr-ag.de\/fr\/wp-json\/wp\/v2\/media\/14636"}],"wp:attachment":[{"href":"https:\/\/adr-ag.de\/fr\/wp-json\/wp\/v2\/media?parent=13276"}],"wp:term":[{"taxonomy":"product_cat","embeddable":true,"href":"https:\/\/adr-ag.de\/fr\/wp-json\/wp\/v2\/product_cat?post=13276"},{"taxonomy":"product_tag","embeddable":true,"href":"https:\/\/adr-ag.de\/fr\/wp-json\/wp\/v2\/product_tag?post=13276"}],"curies":[{"name":"wp","href":"https:\/\/api.w.org\/{rel}","templated":true}]}}