{"id":13272,"date":"2015-04-16T11:19:30","date_gmt":"2015-04-16T11:19:30","guid":{"rendered":"http:\/\/new.adr-ag.de\/product\/whirlwind-cddvd-kopiertower-13-2\/"},"modified":"2024-03-06T10:21:59","modified_gmt":"2024-03-06T09:21:59","slug":"whirlwind-cddvd-kopiertower-13","status":"publish","type":"product","link":"https:\/\/adr-ag.de\/fr\/product\/whirlwind-cddvd-kopiertower-13\/","title":{"rendered":"Whirlwind CD\/DVD tour de duplication 1:3"},"content":{"rendered":"<p align=\"justify\"><strong>Domaines d\u00b4utilisation<\/strong><\/p>\n<p><span lang=\"FR\">La tour vous sera d\u00b4une grande utilit\u00e9 si vous\u00a0souhaitez dupliquer de grosses quantit\u00e9s en un laps de temps r\u00e9duit.\u00a0Elle vous servira lors de salons, expositions, manifestations etc. De m\u00eame, les entreprises de services appr\u00e9cient la rapidit\u00e9 d\u00b4\u00e9x\u00e9cution de la tour\u00a0Whirlwind.<\/span><\/p>\n<p align=\"justify\"><strong>Options<\/strong><\/p>\n<p align=\"justify\">La<span class=\"Apple-converted-space\">\u00a0<\/span>tour de duplication DVD\/CD<span class=\"Apple-converted-space\">\u00a0<\/span>Whirlwind peut \u00eatre \u00e9quip\u00e9e d&rsquo;une interface USB en option qui permet la gestion des images sur le disque dur. Ainsi vous avez la possibilit\u00e9 de transmettre des fichiers d&rsquo;image directement du PC \u00e0 l&rsquo;appareil gr\u00e2ce au port USB 2.0.<br \/>\nLa tour Whirlwind est la seule tour\u00a0que vous pouvez \u00e9quiper plus tard d&rsquo;un robot ADR. Ainsi vous obtenez un robot automatique professionnel.<\/p>\n<p align=\"justify\">Essayez cet appareil et convenez d\u00e8s aujourd&rsquo;hui d&rsquo;un rendez-vous pour une d\u00e9monstration. Vous serez enthousiasm\u00e9 par sa simplicit\u00e9 d\u00b4utilisation.<\/p>\n<p><strong>Flexibilit\u00e9<\/strong><\/p>\n<p>Les\u00a0tours de\u00a0duplication DVD \/ CD ADR\u00a0fonctionnent avec des graveurs standards. Vous \u00e9vitez ainsi toute d\u00e9pendance vis-\u00e0-vis d\u00b4un fournisseur et pouvez vous fournir n\u00b4importe o\u00f9.<br \/>\nADR utilisent les graveurs Plextor et\u00a0Sony pour une fiabilit\u00e9 et une dur\u00e9e de vie maximales.<\/p>\n<p><strong>Impression<span class=\"Apple-converted-space\">\u00a0<\/span><\/strong><\/p>\n<p>Afin de personnaliser vos m\u00e9dias, ADR recommande une imprimante comme compl\u00e9ment aux tours de duplication ADR.<br \/>\nGr\u00e2ce \u00e0 nos imprimantes, vos\u00a0CD ont un aspect professionnel \u00e0 peine distinguable d&rsquo;un m\u00e9dia press\u00e9.<br \/>\nLes imprimantes\u00a0HP offrent les meilleures solutions, qu\u00b4il s\u00b4agisse de petites, moyennes ou grandes s\u00e9ries.<\/p>\n<p><strong>Donn\u00e9es techniques<br \/>\n<\/strong><\/p>\n<table class=\"cke_show_border\" border=\"0\" cellspacing=\"1\" cellpadding=\"2\">\n<tbody>\n<tr>\n<td valign=\"top\">\u00a0GRAVEURS<\/td>\n<td valign=\"top\">\u00a01 lecteur\u00a0et 3 graveurs<\/td>\n<\/tr>\n<tr>\n<td valign=\"top\">\u00a0VITESSE DES GRAVEURS<\/td>\n<td valign=\"top\">\u00a0CD-R jusqu\u00b4\u00e0 48x DVD-R\u00a0jusqu\u00b4\u00e0 16x<\/td>\n<\/tr>\n<tr>\n<td valign=\"top\">\u00a0DISQUE DUR INCLUS<\/td>\n<td valign=\"top\">\u00a01 TB<\/td>\n<\/tr>\n<tr>\n<td valign=\"top\">\u00a0SYSTEME<\/td>\n<td valign=\"top\">\u00a0pas de connexion PC n\u00e9cessaire<\/td>\n<\/tr>\n<tr>\n<td valign=\"top\">\u00a0ALIMENTATION<\/td>\n<td valign=\"top\">\u00a0Bloc d\u00b4alimentation double 110-120 60Hz ou 220-240VAC 50Hz<\/td>\n<\/tr>\n<tr>\n<td valign=\"top\">\u00a0DIMENSIONS<\/td>\n<td valign=\"top\">\u00a0200x260x430 mm<\/td>\n<\/tr>\n<tr>\n<td valign=\"top\">\u00a0POIDS<\/td>\n<td valign=\"top\">\u00a013,9 kg<\/td>\n<\/tr>\n<tr>\n<td valign=\"top\">\u00a0CERTIFICATIONS<\/td>\n<td valign=\"top\">\u00a0UL, Ce, FCC Class B<\/td>\n<\/tr>\n<tr>\n<td valign=\"top\">\u00a0GARANTIE<\/td>\n<td valign=\"top\">\u00a01\u00a0an \u00e0 partir de la date d\u00b4achat, garantie 2 ans dans la zone UE<\/td>\n<\/tr>\n<tr>\n<td valign=\"top\">\u00a0OPTIONS<\/td>\n<td valign=\"top\">\n<div>Adaptateur USB pour la gestion des images\u00a0\u00e0 partir\u00a0du disque dur<\/div>\n<div>Robot ADR enti\u00e8rement automatique avec un chargeur de\u00a0600 m\u00e9dias<\/div>\n<\/td>\n<\/tr>\n<\/tbody>\n<\/table>\n","protected":false},"excerpt":{"rendered":"<p><strong>A propos de Whirlwind 1:3 :<br \/>\n<\/strong><\/p>\n<p>La tour de duplication DVD \/ CD Whirlwind 1:3 de ADR\u00a0fonctionne en parfaite autonomie.\u00a0Equip\u00e9e d\u00b4un disque dur\u00a01 TB, elle est id\u00e9ale pour les productions \u00ab\u00a0\u00e0 la demande\u00a0\u00bb chez soi ou lors de salons ou manifestations par exemple.<\/p>\n<p>Ins\u00e9rez simplement un master dans le lecteur\u00a0et appuyer sur le bouton COPIE ! En quelques minutes vous obtenez des copies parfaitement conformes \u00e0 l\u00b4original, qu\u00b4il s\u00b4agisse de donn\u00e9es, de musique ou de vid\u00e9o.\u00a0Gr\u00e2ce au\u00a0disque int\u00e9gr\u00e9, vous pouvez enregistrer votre travail et\u00a0ainsi le r\u00e9utiliser au besoin. Vous avez la possibilit\u00e9 de graver directement du disque dur.<\/p>\n[fusion_button link=\"https:\/\/www.adr-shop.com\/fr\/tour-de-duplication-cd-dvd-autonome-13\" color=\"custom\" size=\"small\" type=\"flat\" shape=\"round\" target=\"_blank\" title=\"\" gradient_colors=\"#67b8e1\" gradient_hover_colors=\"#67b8e1\" accent_color=\"#fff\" accent_hover_color=\"#fff\" bevel_color=\"\" border_width=\"0px\" shadow=\"no\" icon=\"\" icon_divider=\"yes\" icon_position=\"left\" modal=\"\" animation_type=\"0\" animation_direction=\"up\" animation_speed=\"1\" class=\"\" id=\"\"] Acheter un produit[\/fusion_button]\n","protected":false},"featured_media":14632,"comment_status":"closed","ping_status":"closed","template":"","meta":[],"product_cat":[255,259],"product_tag":[],"_links":{"self":[{"href":"https:\/\/adr-ag.de\/fr\/wp-json\/wp\/v2\/product\/13272"}],"collection":[{"href":"https:\/\/adr-ag.de\/fr\/wp-json\/wp\/v2\/product"}],"about":[{"href":"https:\/\/adr-ag.de\/fr\/wp-json\/wp\/v2\/types\/product"}],"replies":[{"embeddable":true,"href":"https:\/\/adr-ag.de\/fr\/wp-json\/wp\/v2\/comments?post=13272"}],"wp:featuredmedia":[{"embeddable":true,"href":"https:\/\/adr-ag.de\/fr\/wp-json\/wp\/v2\/media\/14632"}],"wp:attachment":[{"href":"https:\/\/adr-ag.de\/fr\/wp-json\/wp\/v2\/media?parent=13272"}],"wp:term":[{"taxonomy":"product_cat","embeddable":true,"href":"https:\/\/adr-ag.de\/fr\/wp-json\/wp\/v2\/product_cat?post=13272"},{"taxonomy":"product_tag","embeddable":true,"href":"https:\/\/adr-ag.de\/fr\/wp-json\/wp\/v2\/product_tag?post=13272"}],"curies":[{"name":"wp","href":"https:\/\/api.w.org\/{rel}","templated":true}]}}