{"id":13260,"date":"2015-04-16T11:24:36","date_gmt":"2015-04-16T11:24:36","guid":{"rendered":"http:\/\/new.adr-ag.de\/product\/whirlwind-cd-dvd-brennturm-111-2\/"},"modified":"2024-03-06T10:21:53","modified_gmt":"2024-03-06T09:21:53","slug":"whirlwind-cd-dvd-brennturm-111","status":"publish","type":"product","link":"https:\/\/adr-ag.de\/fr\/product\/whirlwind-cd-dvd-brennturm-111\/","title":{"rendered":"Whirlwind CD \/ DVD tour de duplication 1:11"},"content":{"rendered":"<p align=\"justify\"><strong>Domaines d\u00b4utilisation<\/strong><\/p>\n<p><span lang=\"FR\">La\u00a0tour de duplication CD\u00a0\/ DVD\u00a0vous sera d\u00b4une grande utilit\u00e9 si vous souhaitez dupliquer de grosses quantit\u00e9s en un laps de temps r\u00e9duit. Elle vous servira lors de salons, expositions, manifestations etc. De m\u00eame, les entreprises de services appr\u00e9cient la rapidit\u00e9 d\u00b4\u00e9x\u00e9cution de la tour Whirlwind.<\/span><\/p>\n<p align=\"justify\"><strong>Options<\/strong><\/p>\n<p>La tour Whirlwind est la seule tour que vous pouvez \u00e9quiper plus tard d&rsquo;un robot ADR. Ainsi vous obtenez un robot automatique professionnel.<\/p>\n<p align=\"justify\">Essayez cet appareil et convenez d\u00e8s aujourd&rsquo;hui d&rsquo;un rendez-vous pour une d\u00e9monstration. Vous serez enthousiasm\u00e9 par sa simplicit\u00e9 d\u00b4utilisation.<\/p>\n<div>Par ailleurs, la tour de duplication Whirlwind est \u00e9galement disponible avec un disque dur, pour la sauvegarde des travaux r\u00e9alis\u00e9s.<\/div>\n<div><\/div>\n<div>\n<p><strong>Production<\/strong><\/p>\n<p>Encouragez la production locale! Les tours de duplication de CD\/DVD ADR AG sont assembl\u00e9es exclusivement en Allemagne. Cela induit un contr\u00f4le total des diff\u00e9rentes \u00e9tapes du processus de montage et vous garantit ainsi une meilleure qualit\u00e9 et une capacit\u00e9 de r\u00e9action \u00e9lev\u00e9e.<\/p>\n<p>Qualit\u00e9 ne signifie pas pour autant avec que l\u00b4appareil doit \u00eatre on\u00e9reux. En produisant nos tours de duplication en Allemagne, nous \u00e9vitons des frais de stockage \u00e9lev\u00e9s, et \u00e9vitons \u00e0 nos clients des d\u00e9lais de livraisons trop longs.<\/p>\n<\/div>\n<div><\/div>\n<div><strong>Impressions<\/strong><\/div>\n<div><\/div>\n<div>Afin de personnaliser vos m\u00e9dias, ADR recommande une imprimante comme compl\u00e9ment aux tours de duplication ADR .<br \/>\nGr\u00e2ce \u00e0 nos\u00a0imprimantes, vos CD ont un aspect professionnel, on ne pourra qu\u00b4\u00e0 peine les distinguer d&rsquo;un m\u00e9dia press\u00e9.<br \/>\nLes imprimantes HP offrent les meilleures solutions, qu\u00b4il s\u00b4agisse de petites, moyennes ou grandes s\u00e9ries.<\/div>\n<div><\/div>\n<div>\n<div><strong>Donn\u00e9es techniques<\/strong><\/div>\n<div><\/div>\n<div>\n<table class=\"cke_show_border\" border=\"0\" cellspacing=\"1\" cellpadding=\"2\">\n<tbody>\n<tr>\n<td valign=\"top\">GRAVEURS<\/td>\n<td valign=\"top\">1 lecteur (SATA)<br \/>\n+\u00a011 graveurs CD\/DVD (SATA)<\/td>\n<\/tr>\n<tr>\n<td valign=\"top\">VITESSE DES GRAVEURS<\/td>\n<td valign=\"top\">CD-R jusqu\u00b4\u00e0 48x , DVD jusqu \u00e0 16x, DVD-Ram jusqu\u00b4\u00e0 5x<\/td>\n<\/tr>\n<tr>\n<td valign=\"top\">DISQUE DUR<\/td>\n<td valign=\"top\">Optionnel<\/td>\n<\/tr>\n<tr>\n<td valign=\"top\">SYSTEME<\/td>\n<td valign=\"top\">pas de connexion PC n\u00e9cessaire<\/td>\n<\/tr>\n<tr>\n<td valign=\"top\">ALIMENTATION<\/td>\n<td valign=\"top\">Bloc d\u00b4alimentation double 110-120 60Hz ou 220-240VAC 50Hz<\/td>\n<\/tr>\n<tr>\n<td valign=\"top\">DIMENSION (la,ha,lo) en mm<\/td>\n<td valign=\"top\">190x625x410<\/td>\n<\/tr>\n<tr>\n<td valign=\"top\">POIDS<\/td>\n<td valign=\"top\">21,4\u00a0kg<\/td>\n<\/tr>\n<tr>\n<td valign=\"top\">CERTIFICATIONS<\/td>\n<td valign=\"top\">UL, Ce, FCC Class B<\/td>\n<\/tr>\n<tr>\n<td valign=\"top\">GARANTIE<\/td>\n<td valign=\"top\">1 an \u00e0 partir de la date d\u00b4achat, 2 ans pour la zone UE (extension de garantie possible)<\/td>\n<\/tr>\n<tr>\n<td valign=\"top\">OPTIONS<\/td>\n<td valign=\"top\">\n<div>&#8211; adaptateur USB pour la gestion du disque dur (50,-)<\/div>\n<div>&#8211; chargeur automatique ADR 600 m\u00e9dias ( 4.500,- \/ chargeur automatique avec 10 graveurs)<\/div>\n<\/td>\n<\/tr>\n<\/tbody>\n<\/table>\n<\/div>\n<\/div>\n<div><\/div>\n<div><\/div>\n","protected":false},"excerpt":{"rendered":"<p><strong>A propos de Whirlwind 1-11 :<br \/>\n<\/strong><\/p>\n<p>La tour de duplication CD \/ DVD Whirlwind 1:11 de ADR fonctionne en parfaite autonomie. Elle est id\u00e9ale pour les productions \u00ab\u00a0\u00e0 la demande\u00a0\u00bb chez soi ou lors de salons ou manifestations par exemple.<\/p>\n<p>Ins\u00e9rez simplement un master dans le lecteur et appuyer sur le bouton COPIE ! En quelques minutes vous obtenez des copies parfaitement conformes \u00e0 l\u00b4original, qu\u00b4il s\u00b4agisse de donn\u00e9es, de musique ou de vid\u00e9o.<\/p>\n[fusion_button link=\"https:\/\/www.adr-shop.com\/fr\/tour-de-duplication-cddvd-adr-whirlwind-avec-11-graveurs\" color=\"custom\" size=\"small\" type=\"flat\" shape=\"round\" target=\"_blank\" title=\"\" gradient_colors=\"#67b8e1\" gradient_hover_colors=\"#67b8e1\" accent_color=\"#fff\" accent_hover_color=\"#fff\" bevel_color=\"\" border_width=\"0px\" shadow=\"no\" icon=\"\" icon_divider=\"yes\" icon_position=\"left\" modal=\"\" animation_type=\"0\" animation_direction=\"up\" animation_speed=\"1\" class=\"\" id=\"\"] Acheter un produit[\/fusion_button]\n","protected":false},"featured_media":14610,"comment_status":"closed","ping_status":"closed","template":"","meta":[],"product_cat":[255,259],"product_tag":[],"_links":{"self":[{"href":"https:\/\/adr-ag.de\/fr\/wp-json\/wp\/v2\/product\/13260"}],"collection":[{"href":"https:\/\/adr-ag.de\/fr\/wp-json\/wp\/v2\/product"}],"about":[{"href":"https:\/\/adr-ag.de\/fr\/wp-json\/wp\/v2\/types\/product"}],"replies":[{"embeddable":true,"href":"https:\/\/adr-ag.de\/fr\/wp-json\/wp\/v2\/comments?post=13260"}],"wp:featuredmedia":[{"embeddable":true,"href":"https:\/\/adr-ag.de\/fr\/wp-json\/wp\/v2\/media\/14610"}],"wp:attachment":[{"href":"https:\/\/adr-ag.de\/fr\/wp-json\/wp\/v2\/media?parent=13260"}],"wp:term":[{"taxonomy":"product_cat","embeddable":true,"href":"https:\/\/adr-ag.de\/fr\/wp-json\/wp\/v2\/product_cat?post=13260"},{"taxonomy":"product_tag","embeddable":true,"href":"https:\/\/adr-ag.de\/fr\/wp-json\/wp\/v2\/product_tag?post=13260"}],"curies":[{"name":"wp","href":"https:\/\/api.w.org\/{rel}","templated":true}]}}