{"id":13252,"date":"2015-04-16T11:28:27","date_gmt":"2015-04-16T11:28:27","guid":{"rendered":"http:\/\/new.adr-ag.de\/product\/cd-dvd-copystation-dup07-2\/"},"modified":"2024-03-06T10:21:52","modified_gmt":"2024-03-06T09:21:52","slug":"cd-dvd-copystation-dup07","status":"publish","type":"product","link":"https:\/\/adr-ag.de\/fr\/product\/cd-dvd-copystation-dup07\/","title":{"rendered":"CD \/ DVD tour de duplication DUP-07"},"content":{"rendered":"<p><strong>Simple d\u00b4utilisation<\/strong>\u00a0<span class=\"Apple-converted-space\">\u00a0<\/span><\/p>\n<p>Ins\u00e9rez simplement un original et appuyer sur la touche COPIE ! En quelques minutes vous obtenez des copies parfaitement conformes \u00e0 l\u00b4original, qu\u00b4il s\u00b4agisse de donn\u00e9es textuelles, audio ou vid\u00e9o. Gr\u00e2ce au disque dur int\u00e9gr\u00e9 de 320GB vous\u00a0avez la possibilit\u00e9 de\u00a0sauvegarder votre travail et de le r\u00e9utiliser au besoin.<span class=\"Apple-converted-space\">\u00a0<\/span><\/p>\n<p><strong>Domaines d\u00b4utilisation<span class=\"Apple-converted-space\">\u00a0<\/span><br \/>\n<\/strong><br \/>\nLa tour DUP-07 vous sera d\u00b4une grande utilit\u00e9 si vous\u00a0souhaitez dupliquer de grosses quantit\u00e9s en un laps de temps r\u00e9duit.\u00a0Elle vous servira lors de salons, expositions, manifestations etc. De m\u00eame, les entreprises de services appr\u00e9cient la rapidit\u00e9 d\u00b4\u00e9x\u00e9cution de la tour\u00a0DUP-07.<\/p>\n<p><strong>Impressions<span class=\"Apple-converted-space\">\u00a0<\/span><br \/>\n<\/strong><br \/>\nAfin de personnaliser vos m\u00e9dias, ADR recommande comme compl\u00e9ment aux tours de duplication ADR une imprimante.<br \/>\nGr\u00e2ce \u00e0 nos imprimantes, vos\u00a0CD ont un aspect professionnel \u00e0 peine distingable d&rsquo;un m\u00e9dia press\u00e9.<span class=\"Apple-converted-space\">\u00a0<\/span><br \/>\nLes imprimantes Primera offrent les meilleures solutions, qu\u00b4il s\u00b4agisse de petites, moyennes ou grandes s\u00e9ries.<\/p>\n<p><strong>Fiabilit\u00e9 et dur\u00e9e de vie maximale<\/strong><\/p>\n<p>La tour de copie Whirlwind-BR poss\u00e8de un ch\u00e2ssis et un bo\u00eetier en aluminium qui garantissent un refroidissement optimal. Ainsi le duplicateur Blue Ray est non seulement fiable mais c\u00b4est aussi le plus propre, puisque les graveurs restent toujours froids et sans poussi\u00e8re. En lien avec les graveurs industriels de Plextor \u00ae ou Pioneer \u00ae, le DUP-07 atteint des sommets en terme de fiabilit\u00e9 et de dur\u00e9e de vie.<\/p>\n<p><b><strong>Donn\u00e9es techniques<\/strong>:<\/b><\/p>\n<table cellspacing=\"4\" cellpadding=\"4\">\n<tbody>\n<tr>\n<td>GRAVEURS<\/td>\n<td>1 lecteur de CD\/DVD ROM, 7 graveurs CD\/DVD<\/td>\n<\/tr>\n<tr>\n<td valign=\"top\">VITESSE DES<span class=\"Apple-converted-space\"> GRAVEURS\u00a0 <\/span><\/p>\n<p>&nbsp;<\/td>\n<td>CD-R\u00a0jusqu\u00b4\u00e0 48x, DVD-R\u00a0jusqu\u00b4\u00e0 16x,\u00a0double couche\u00a0jusqu\u00b4\u00e0 6x<\/td>\n<\/tr>\n<tr>\n<td valign=\"top\">DISQUE DUR<\/td>\n<td>320GB<\/td>\n<\/tr>\n<tr>\n<td valign=\"top\">SYSTEME<\/td>\n<td>pas de connexion PC n\u00e9cessaire<\/td>\n<\/tr>\n<tr>\n<td valign=\"top\">ALIMENTATION<\/td>\n<td>Bloc d\u00b4alimentation double\u00a0110-120 60Hz ou 220-240VAC 50Hz<\/td>\n<\/tr>\n<tr>\n<td valign=\"top\">DIMENSIONS<\/td>\n<td>470 x 188 x 527mm<\/td>\n<\/tr>\n<tr>\n<td valign=\"top\">POIDS<\/td>\n<td>13,9 Kg<\/td>\n<\/tr>\n<tr>\n<td valign=\"top\">CERTIFICATIONS<\/td>\n<td>UL, CE, FCC Class B<\/td>\n<\/tr>\n<tr>\n<td valign=\"top\">GARANTIE<\/td>\n<td>1 an \u00e0 partir de la date d\u00b4achat, 2 ans pour la zone UE<\/td>\n<\/tr>\n<\/tbody>\n<\/table>\n","protected":false},"excerpt":{"rendered":"<p><strong>Tour de duplication DVD\/CD DUP-07:<\/strong><\/p>\n<p>Copier jusqu\u00b4\u00e0 7 CD\/DVD tr\u00e8s rapidement et simplement.<\/p>\n<p>La tour de duplication\u00a0DVD\u00a0DUP-07 d\u00b4ADR peut copier jusqu\u00b4\u00e0\u00a011 m\u00e9dias tr\u00e8s rapidement. Presque tous les formats sont compatibles (CD-R, DVD-R, DVD+R,\u00a0m\u00e9dias r\u00e9inscriptibles\u00a0et double couche DVD).<\/p>\n[fusion_button link=\"https:\/\/www.adr-shop.com\/fr\/tour-de-duplication-cddvd-primera-dup-06-avec-6-graveurs-1-lecteur-disque-dur-320-gb\" color=\"custom\" size=\"small\" type=\"flat\" shape=\"round\" target=\"_blank\" title=\"\" gradient_colors=\"#67b8e1\" gradient_hover_colors=\"#67b8e1\" accent_color=\"#fff\" accent_hover_color=\"#fff\" bevel_color=\"\" border_width=\"0px\" shadow=\"no\" icon=\"\" icon_divider=\"yes\" icon_position=\"left\" modal=\"\" animation_type=\"0\" animation_direction=\"up\" animation_speed=\"1\" class=\"\" id=\"\"] Acheter un produit[\/fusion_button]\n","protected":false},"featured_media":14744,"comment_status":"closed","ping_status":"closed","template":"","meta":[],"product_cat":[255,259],"product_tag":[],"_links":{"self":[{"href":"https:\/\/adr-ag.de\/fr\/wp-json\/wp\/v2\/product\/13252"}],"collection":[{"href":"https:\/\/adr-ag.de\/fr\/wp-json\/wp\/v2\/product"}],"about":[{"href":"https:\/\/adr-ag.de\/fr\/wp-json\/wp\/v2\/types\/product"}],"replies":[{"embeddable":true,"href":"https:\/\/adr-ag.de\/fr\/wp-json\/wp\/v2\/comments?post=13252"}],"wp:featuredmedia":[{"embeddable":true,"href":"https:\/\/adr-ag.de\/fr\/wp-json\/wp\/v2\/media\/14744"}],"wp:attachment":[{"href":"https:\/\/adr-ag.de\/fr\/wp-json\/wp\/v2\/media?parent=13252"}],"wp:term":[{"taxonomy":"product_cat","embeddable":true,"href":"https:\/\/adr-ag.de\/fr\/wp-json\/wp\/v2\/product_cat?post=13252"},{"taxonomy":"product_tag","embeddable":true,"href":"https:\/\/adr-ag.de\/fr\/wp-json\/wp\/v2\/product_tag?post=13252"}],"curies":[{"name":"wp","href":"https:\/\/api.w.org\/{rel}","templated":true}]}}