{"id":13248,"date":"2015-04-16T11:29:47","date_gmt":"2015-04-16T11:29:47","guid":{"rendered":"http:\/\/new.adr-ag.de\/product\/cddvd-kopiertower-dup011-2\/"},"modified":"2024-03-06T10:21:52","modified_gmt":"2024-03-06T09:21:52","slug":"cddvd-kopiertower-dup011","status":"publish","type":"product","link":"https:\/\/adr-ag.de\/fr\/product\/cddvd-kopiertower-dup011\/","title":{"rendered":"CD\/DVD tour de duplication DUP-011"},"content":{"rendered":"<p><strong>Simple d\u00b4utilisation<\/strong>\u00a0<span class=\"Apple-converted-space\">\u00a0<\/span><\/p>\n<p>Ins\u00e9rez simplement un original et appuyer sur la touche COPIE ! En quelques minutes vous obtenez des copies parfaitement conformes \u00e0 l\u00b4original, qu\u00b4il s\u00b4agisse de donn\u00e9es, musique ou vid\u00e9o. Grace au disque dur int\u00e9gr\u00e9 de 320GB vous pouvez sauvegarder votre travail et le r\u00e9utiliser plus tard.<\/p>\n<p><strong>Domaines d\u00b4utilisation<span class=\"Apple-converted-space\">\u00a0<\/span><br \/>\n<\/strong><br \/>\n<span lang=\"FR\">La<span class=\"Apple-converted-space\">\u00a0<\/span>tour de duplication\u00a0DVD<span class=\"Apple-converted-space\">\u00a0<\/span>vous sera d\u00b4une grande utilit\u00e9 si vous voulez dupliquer de grosses quantit\u00e9s en peu de temps.\u00a0Les salons, expositions, manifestations etc. ne sont que quelques exemples de domaines d\u00b4application dans lesquels cette tour est utilis\u00e9.<span class=\"Apple-converted-space\">\u00a0<\/span><\/span><\/p>\n<p><strong>Impressions manuelles ou automatiques<br \/>\n<\/strong><br \/>\nDonnez un aspect professionnel \u00e0 vos CD\/DVD avec une belle impression. Que vous souhaitiez imprimer manuellement ou automatiquement, Primera a les solutions dont vous avez besoin.<br \/>\nD\u00e9couvrez l\u00b4imprimante thermique Signature Z1 ou encore les imprimantes jet d\u00b4encre automatiques de la s\u00e9rie<span class=\"Apple-converted-space\">\u00a0<\/span>Disc Publisher.<\/p>\n<p><strong>Fiabilit\u00e9 et dur\u00e9e de vie maximale<\/strong><\/p>\n<p>La tour de duplication\u00a0DVD poss\u00e8de un ch\u00e2ssis et un bo\u00eetier en aluminium qui garantissent un refroidissement optimal. Ainsi la tour DUP-11\u00a0est non seulement fiable mais c\u00b4est aussi le plus propre, puisque les graveurs restent toujours froids et sans poussi\u00e8res. Grace aux graveurs industriels Plextor \u00ae ou Pioneer \u00ae, la DUP-11 atteint des sommets en terme de fiabbilit\u00e9 et de dur\u00e9e de vie.<\/p>\n<p><b><strong>Donn\u00e9es techniques<\/strong>:<\/b><\/p>\n<table cellspacing=\"4\" cellpadding=\"4\">\n<tbody>\n<tr>\n<td>GRAVEURS<\/td>\n<td>1 lecteur de\u00a0CD\/DVD ROM , 11 graveurs de CD\/DVD<\/td>\n<\/tr>\n<tr>\n<td valign=\"top\">VITESSE\u00a0DE GRAVURE<\/td>\n<td>CD-R\u00a0jusqu\u00b4\u00e0 48x, DVD-R\u00a0jusqu\u00b4\u00e0 16x,\u00a0double couche\u00a0jusqu\u00b4\u00e0 6x<\/td>\n<\/tr>\n<tr>\n<td valign=\"top\">DISQUE DUR<\/td>\n<td>320GB<\/td>\n<\/tr>\n<tr>\n<td valign=\"top\">MODE<\/td>\n<td>autonome. Pas de connexion PC n\u00e9cessaire<\/td>\n<\/tr>\n<tr>\n<td valign=\"top\">ALIMENTATION<\/td>\n<td>Bloc d\u00b4alimentation dual\u00a0110-120 60Hz ou 220-240VAC 50Hz<\/td>\n<\/tr>\n<tr>\n<td valign=\"top\">DIMENSIONS<\/td>\n<td>470 x 188 x 527mm<\/td>\n<\/tr>\n<tr>\n<td valign=\"top\">POIDS<\/td>\n<td>13,9 Kg<\/td>\n<\/tr>\n<tr>\n<td valign=\"top\">CERTIFICATIONS<\/td>\n<td>UL, CE, FCC Class B<\/td>\n<\/tr>\n<tr>\n<td valign=\"top\">GARANTIE<\/td>\n<td>1 an \u00e0 partir de la date d\u00b4achat, 2 ans pour la zone UE<\/td>\n<\/tr>\n<\/tbody>\n<\/table>\n","protected":false},"excerpt":{"rendered":"<p><strong>Tour de duplication DVD \/ CD DUP-11:<br \/>\n<\/strong><\/p>\n<p>Copier jusqu\u00b4 \u00e0 11 CD\/DVD tr\u00e9s rapidement et simplement!<\/p>\n<p>La tour de duplication\u00a0DVD\u00a0DUP-11 d\u00b4ADR peut copier jusqu\u00b4\u00e0\u00a011 m\u00e9dias tr\u00e8s rapidement. Presque tous les formats sont compatibles (CD-R, DVD-R, DVD+R,\u00a0m\u00e9dias r\u00e9inscriptibles\u00a0et double couche DVD)<\/p>\n[fusion_button link=\"https:\/\/www.adr-shop.com\/fr\/tour-de-duplication-dvd-cd-primera-dup-11-11-graveurs-1-lecteur-disque-dur-320-gb\" color=\"custom\" size=\"small\" type=\"flat\" shape=\"round\" target=\"_blank\" title=\"\" gradient_colors=\"#67b8e1\" gradient_hover_colors=\"#67b8e1\" accent_color=\"#fff\" accent_hover_color=\"#fff\" bevel_color=\"\" border_width=\"0px\" shadow=\"no\" icon=\"\" icon_divider=\"yes\" icon_position=\"left\" modal=\"\" animation_type=\"0\" animation_direction=\"up\" animation_speed=\"1\" class=\"\" id=\"\"] Acheter un produit[\/fusion_button]\n","protected":false},"featured_media":14746,"comment_status":"closed","ping_status":"closed","template":"","meta":[],"product_cat":[255,259],"product_tag":[],"_links":{"self":[{"href":"https:\/\/adr-ag.de\/fr\/wp-json\/wp\/v2\/product\/13248"}],"collection":[{"href":"https:\/\/adr-ag.de\/fr\/wp-json\/wp\/v2\/product"}],"about":[{"href":"https:\/\/adr-ag.de\/fr\/wp-json\/wp\/v2\/types\/product"}],"replies":[{"embeddable":true,"href":"https:\/\/adr-ag.de\/fr\/wp-json\/wp\/v2\/comments?post=13248"}],"wp:featuredmedia":[{"embeddable":true,"href":"https:\/\/adr-ag.de\/fr\/wp-json\/wp\/v2\/media\/14746"}],"wp:attachment":[{"href":"https:\/\/adr-ag.de\/fr\/wp-json\/wp\/v2\/media?parent=13248"}],"wp:term":[{"taxonomy":"product_cat","embeddable":true,"href":"https:\/\/adr-ag.de\/fr\/wp-json\/wp\/v2\/product_cat?post=13248"},{"taxonomy":"product_tag","embeddable":true,"href":"https:\/\/adr-ag.de\/fr\/wp-json\/wp\/v2\/product_tag?post=13248"}],"curies":[{"name":"wp","href":"https:\/\/api.w.org\/{rel}","templated":true}]}}