{"id":13240,"date":"2015-04-16T11:38:07","date_gmt":"2015-04-16T11:38:07","guid":{"rendered":"http:\/\/new.adr-ag.de\/product\/thunder-cd-dvd-brenntower-15-2\/"},"modified":"2024-03-06T10:21:51","modified_gmt":"2024-03-06T09:21:51","slug":"thunder-cd-dvd-brenntower-15","status":"publish","type":"product","link":"https:\/\/adr-ag.de\/fr\/product\/thunder-cd-dvd-brenntower-15\/","title":{"rendered":"Thunder CD \/ DVD duplicateur 1:4"},"content":{"rendered":"<p align=\"justify\"><strong>Options<\/strong><\/p>\n<p align=\"justify\">La tour\u00a0Thunder peut etre optionnellement \u00e9quip\u00e9e d&rsquo;une interface USB qui permet la gestion des images sur le disque dur. Ainsi vous avez la possibilit\u00e9 de transmettre des fichiers d&rsquo;image directement du PC \u00e0 l&rsquo;appareil grace au port USB 2.0.<br \/>\nLa tour\u00a0Thunder d\u00b4ADR est le seul duplicateur pouvant etre int\u00e9gr\u00e9 dans une armoire 19&Prime;.<\/p>\n<p>Essayez cet appareil et convenez d\u00e8s aujourd&rsquo;hui d&rsquo;un rendez-vous pour une d\u00e9monstration. Vous serez enthousiasm\u00e9 par sa simplicit\u00e9 d\u00b4utilisation.<\/p>\n<p><strong>Flexibilit\u00e9<\/strong><\/p>\n<p>Les\u00a0tours de\u00a0duplication ADR\u00a0fonctionnent avec des graveurs standards. Vous \u00e9vitez ainsi toute d\u00e9pendance vis-\u00e0-vis d\u00b4un fournisseur et pouvez vous fournir n\u00b4importe ou.<br \/>\nADR utilisent les graveurs Plextor et Pioneer pour une fiabilit\u00e9 et une dur\u00e9e de vie maximales.<\/p>\n<p><strong>Impressions<span class=\"Apple-converted-space\">\u00a0<\/span><\/strong><\/p>\n<p>Afin de personnaliser vos m\u00e9dias, ADR recommande comme compl\u00e9ment aux tours de duplication ADR une imprimante.<br \/>\nGrace \u00e0 nos imprimantes, vos\u00a0CD ont un aspect professionnel \u00e0 peine distingable d&rsquo;un m\u00e9dia press\u00e9.<br \/>\nLes imprimantes Primera offrent les meilleures solutions, qu\u00b4il s\u00b4agisse de petites, moyennes ou grandes s\u00e9ries.<\/p>\n<p align=\"justify\"><strong>Caract\u00e9ristiques<\/strong><\/p>\n<ul>\n<li>Copier tr\u00e8s rapidement avec DVD\u00b1R 16x \/ CD-R 48x<\/li>\n<li>Controller Thunder High-Speed\u00a0\u00a0avec Risk Processeur interne\u00a0et \u00e9cran LCD\u00a0 avec possibilit\u00e9s d\u00b4installations universelles. Tout est fourni avec l\u00b4appareil. Pas de logiciel suppl\u00e9mentaire \u00e0 acheter.<\/li>\n<li>4 graveurs de DVD (5 possibles)<\/li>\n<li>Disque dur interne de 500 GB<\/li>\n<li>autonome : pas de connexion PC n\u00e9cessaire<\/li>\n<li>Version<span class=\"Apple-converted-space\">\u00a0<\/span>High End, adapt\u00e9 aux productions industrielles<\/li>\n<li>Garantie de<span class=\"Apple-converted-space\">\u00a0<\/span>12 mois inclus<\/li>\n<li>un service de qualit\u00e9 grace \u00e0 nos techniciens<\/li>\n<li>Des copies parfaitement conformes \u00e0 l\u00b4original et ce sans ordinateur!!<\/li>\n<\/ul>\n<p align=\"justify\">\n","protected":false},"excerpt":{"rendered":"<p><strong>A propos de Thunder:<\/strong><\/p>\n<p>Le duplicateur Thunder 1:4 de ADR fonctionne en totale autonomie. Il est id\u00e9al pour les productions \u00a0\u00bb \u00e0 la demande\u00a0\u00bb chez soi ou lors de salons ou manifestations.<\/p>\n<p>Ins\u00e9rez simplement un master dans le lecteur\u00a0et appuyer sur le bouton COPIE! En quelques minutes vous obtenez des copies parfaitement conformes \u00e0 l\u00b4original, qu\u00b4il<br \/>\ns\u00b4agisse de donn\u00e9es, de musique ou de vid\u00e9o.\u00a0Grace au\u00a0disque int\u00e9gr\u00e9, vous pouvez enregistrer votre travail et\u00a0ainsi le r\u00e9utiliser au besoin. Vous avez la possibilit\u00e9 de graver directement du disque dur et de cette facon vous obtenez un graveur suppl\u00e9mentaire.<\/p>\n<p>Vous pouvez activer la fonction v\u00e9rification et ainsi controler si vos copies sont \u00e0 100% conformes \u00e0 l\u00b4original.<\/p>\n<p>La tour vous sera d\u00b4une grande utilit\u00e9 si vous\u00a0souhaitez dupliquer de grosses quantit\u00e9s en un laps de temps r\u00e9duit.\u00a0Elle vous servira lors de salons, expositions, manifestations etc. De meme, les entreprises de services appr\u00e9cient la rapidit\u00e9 d\u00b4\u00e9x\u00e9cution du duplicateur Thunder.<\/p>\n[fusion_button link=\"https:\/\/www.adr-shop.com\/fr\/duplicateur-thunder-14-avec-4-graveurs-dvd-pour-rack-19\" color=\"custom\" size=\"small\" type=\"flat\" shape=\"round\" target=\"_blank\" title=\"\" gradient_colors=\"#67b8e1\" gradient_hover_colors=\"#67b8e1\" accent_color=\"#fff\" accent_hover_color=\"#fff\" bevel_color=\"\" border_width=\"0px\" shadow=\"no\" icon=\"\" icon_divider=\"yes\" icon_position=\"left\" modal=\"\" animation_type=\"0\" animation_direction=\"up\" animation_speed=\"1\" class=\"\" id=\"\"] Acheter un produit[\/fusion_button]\n","protected":false},"featured_media":14596,"comment_status":"closed","ping_status":"closed","template":"","meta":[],"product_cat":[255,257],"product_tag":[],"_links":{"self":[{"href":"https:\/\/adr-ag.de\/fr\/wp-json\/wp\/v2\/product\/13240"}],"collection":[{"href":"https:\/\/adr-ag.de\/fr\/wp-json\/wp\/v2\/product"}],"about":[{"href":"https:\/\/adr-ag.de\/fr\/wp-json\/wp\/v2\/types\/product"}],"replies":[{"embeddable":true,"href":"https:\/\/adr-ag.de\/fr\/wp-json\/wp\/v2\/comments?post=13240"}],"wp:featuredmedia":[{"embeddable":true,"href":"https:\/\/adr-ag.de\/fr\/wp-json\/wp\/v2\/media\/14596"}],"wp:attachment":[{"href":"https:\/\/adr-ag.de\/fr\/wp-json\/wp\/v2\/media?parent=13240"}],"wp:term":[{"taxonomy":"product_cat","embeddable":true,"href":"https:\/\/adr-ag.de\/fr\/wp-json\/wp\/v2\/product_cat?post=13240"},{"taxonomy":"product_tag","embeddable":true,"href":"https:\/\/adr-ag.de\/fr\/wp-json\/wp\/v2\/product_tag?post=13240"}],"curies":[{"name":"wp","href":"https:\/\/api.w.org\/{rel}","templated":true}]}}