{"id":13220,"date":"2015-04-16T11:46:11","date_gmt":"2015-04-16T11:46:11","guid":{"rendered":"http:\/\/new.adr-ag.de\/product\/disc-publisher-xr-mit-point-archiver-2\/"},"modified":"2024-03-06T10:21:50","modified_gmt":"2024-03-06T09:21:50","slug":"disc-publisher-xr-mit-point-archiver-3","status":"publish","type":"product","link":"https:\/\/adr-ag.de\/fr\/product\/disc-publisher-xr-mit-point-archiver-3\/","title":{"rendered":"Disc Publisher XR avec Point Archiver"},"content":{"rendered":"<p><strong>Voici le Disc Publisher XR<\/strong><strong>\u00a0<\/strong><\/p>\n<p>De m\u00eame que le Disc Publisher II, le Disc Publisher XR est un appareil \u00ab\u00a0tout en un\u00a0\u00bb qui duplique et imprime automatiquement\u00a0\u00a0jusqu&rsquo;\u00e0 50 CD ou DVD par phase de travail.<\/p>\n<p><strong>Logiciel\u00a0<\/strong><\/p>\n<p> Le DVD Primo de SONIC \u00ae, leader mondial des logiciels de duplication des syst\u00e8mes Windows et Mac, est \u00e9galement livr\u00e9 avec votre appareil.<\/p>\n<p>Les caract\u00e9ristiques de ce logiciel sont les petites demandes de ressources et la prise en charge des m\u00e9dias, du CD-R bishin \u00e0 BlueRay et DVD HD.<\/p>\n<p>Disc Publisher XR s\u00b4int\u00e8gre dans l\u00b4environnement du serveur grace \u00e0 PTBurn en tant que solution serveur \/ client ou alors les programmeurs utilisent PTdevSuite de Primera pour produire des applications. Ces API efficaces pour Windows 2000 \/ XP offrent un contr\u00f4le total du Disc Publisher XR du transport sur le duplicateur jusqu&rsquo;\u00e0 l&rsquo;impression. PTDevSuite est disponible gratuitement pour le r\u00e9v\u00e9lateur.<\/p>\n<p><strong>Superposer ou int\u00e9grer?<\/strong><\/p>\n<p>Vous avez le choix entre l&rsquo;installation dans une armoire de serveur ou la superposition de trois unit\u00e9s l&rsquo;une sur l&rsquo;autre pour\u00a0\u00a0plus de rendement. C\u00b4est un gain de place et avec un syst\u00e8me d&rsquo;ordinateur efficace vous pouvez \u00e9galement relier deux appareils \u00e0 un ordinateur.<\/p>\n<p><strong>Caract\u00e9ristiques:<\/strong><\/p>\n<ul>\n<li>Une m\u00e9thode d\u00b4assemblage des parties m\u00e9caniques\u00a0\u00a0renforc\u00e9e pour r\u00e9pondre aux exigences de l&rsquo;industrie et d\u00b4autres applications comme le domaine de la m\u00e9decine, de la technique de processus, de la fabrication, de la musique et de la vid\u00e9o, et des kiosques. Une dur\u00e9e de vie tr\u00e8s longue par l&rsquo;exp\u00e9rience de plusieurs ann\u00e9es et une technique m\u00fbrie garantissent une utilisation dans le long terme.<\/li>\n<li>La technologie AkkuDisc&#x2122; prot\u00e8ge le lecteur de duplication de d\u00e9gats \u00e9ventuels. Par exemple, si deux CD sont coll\u00e9s l\u00b4AkkuDisc les s\u00e9pare automatiquement. Ce syst\u00e8me est disponible uniquement avec les produits Primera.<\/li>\n<li>Le service complet inclus le chargement des m\u00e9dias, le changement des cartouches\u00a0\u00a0etc. et est rendu possible grace \u00e0 la fa\u00e7ade qui permet une int\u00e9gration facile par exemple pour les modules de kiosque ou les armoires de serveur.<\/li>\n<li>Bo\u00eetier d&rsquo;acier complet avec cadre renforc\u00e9 pour la superposition de plusieurs appareils.<\/li>\n<li>La facade avant est ferm\u00e9 et par cons\u00e9quent augmente la s\u00e9curit\u00e9 des donn\u00e9es, puisque le pr\u00e9l\u00e8vement de donn\u00e9es non autoris\u00e9 est emp\u00each\u00e9.<\/li>\n<li>Cet appareil n\u00b4est pas encombrant et sa petite taille permet son utilisation sur une simple table de travail. De plus, vous faites un gain de place puisque d\u00b4autres appareils, comme un ordinateur, peuvent etre superpositionn\u00e9s dessus.<\/li>\n<\/ul>\n","protected":false},"excerpt":{"rendered":"<p><strong>A propos de Disc Publisher XR avec Point Archiver :<br \/><\/strong><\/p>\n<p>La gamme de produits Disc Publisher de Primera est la solution \u00ab\u00a0tout en un\u00a0\u00bb la plus vendue dans le monde. Aucun duplicateur et imprimante de CD et DVD, n&rsquo;a re\u00e7u autant de prix.\u00a0<\/p>\n<p>Afin de respecter les exigences de l\u00b4industrie ainsi que les besoins grandissants de s\u00e9curit\u00e9, le Disc Publisher est maintenant disponible en variante XR.<\/p>\n","protected":false},"featured_media":14740,"comment_status":"closed","ping_status":"closed","template":"","meta":[],"product_cat":[231,253],"product_tag":[],"_links":{"self":[{"href":"https:\/\/adr-ag.de\/fr\/wp-json\/wp\/v2\/product\/13220"}],"collection":[{"href":"https:\/\/adr-ag.de\/fr\/wp-json\/wp\/v2\/product"}],"about":[{"href":"https:\/\/adr-ag.de\/fr\/wp-json\/wp\/v2\/types\/product"}],"replies":[{"embeddable":true,"href":"https:\/\/adr-ag.de\/fr\/wp-json\/wp\/v2\/comments?post=13220"}],"wp:featuredmedia":[{"embeddable":true,"href":"https:\/\/adr-ag.de\/fr\/wp-json\/wp\/v2\/media\/14740"}],"wp:attachment":[{"href":"https:\/\/adr-ag.de\/fr\/wp-json\/wp\/v2\/media?parent=13220"}],"wp:term":[{"taxonomy":"product_cat","embeddable":true,"href":"https:\/\/adr-ag.de\/fr\/wp-json\/wp\/v2\/product_cat?post=13220"},{"taxonomy":"product_tag","embeddable":true,"href":"https:\/\/adr-ag.de\/fr\/wp-json\/wp\/v2\/product_tag?post=13220"}],"curies":[{"name":"wp","href":"https:\/\/api.w.org\/{rel}","templated":true}]}}