{"id":13216,"date":"2015-04-16T11:47:24","date_gmt":"2015-04-16T11:47:24","guid":{"rendered":"http:\/\/new.adr-ag.de\/product\/discpublisher-xrn-2\/"},"modified":"2024-03-06T10:21:49","modified_gmt":"2024-03-06T09:21:49","slug":"discpublisher-xrn-3","status":"publish","type":"product","link":"https:\/\/adr-ag.de\/fr\/product\/discpublisher-xrn-3\/","title":{"rendered":"DiscPublisher XRn"},"content":{"rendered":"<p><strong>Les m\u00e9dias \u00e0 la plus belle finition et les plus robustes<\/strong><\/p>\n<p>Des disques vierges imprimables CD, DVD et Blu-ray r\u00e9sistant \u00e0 l\u2019eau et aux frottements sont disponibles tout comme les m\u00e9dias jet d\u2019encre standards bon march\u00e9.<\/p>\n<p>Une r\u00e9solution d\u2019impression jusqu\u2019\u00e0 4800 dpi produit des tirages de loin sup\u00e9rieurs aux autres m\u00e9thodes d\u2019impression directe sur disques.<\/p>\n<p><strong>Un service commercial et support professionnel<\/strong><\/p>\n<p>Il est vendu et support\u00e9 via un r\u00e9seau de Distributeurs, Revendeurs et OEM certifi\u00e9s par Primera\u201d, form\u00e9s \u00e0 la gamme produits Pro Industrie des solutions d\u2019\u00e9ditions de disques.<\/p>\n<p>Fonctionne comme une imprimante de bureau en r\u00e9seau &#8211; mais grave et imprime des CDs, DVDs des disques Blu-ray&#x2122;<\/p>\n<h2><\/h2>\n","protected":false},"excerpt":{"rendered":"<p><strong>A propos de la machine Disc Publisher XRn :<\/strong><\/p>\n<p>Le DP-XRPn est une machine hautes performances qui a \u00e9t\u00e9 concue pour r\u00e9pondre aux exigences de travail en environnement difficiele ou \u00ab\u00a0missions critiques\u00a0\u00bb:<\/p>\n<div>\n<ul>\n<li type=\"disc\">archivage sant\u00e9 et imagerie m\u00e9dicale<\/li>\n<li type=\"disc\">\u00e9dition au d\u00e9tail et disque \u00e0 la demande<\/li>\n<li type=\"disc\">\u00e9dition r\u00e9seaux de disques pour moyennes et grandes organisations.<\/li>\n<li type=\"disc\">Facturation assurances etc.<\/li>\n<\/ul>\n<p>Le DP-XRn permet de graver et imprimer des disques num\u00e9riques de n\u2019importe o\u00f9 sur le r\u00e9seau. Un logiciel client convivial est install\u00e9 sur chaque station pour formater les disques, s\u00e9lectionner les donn\u00e9es et envoyer les jobs \u00e0 robot \u00e9diteur de disques.<\/p>\n<p>Le panneau frontal avec son \u00e9cran LCD et ses touches de commandes offre localement un contr\u00f4le pratique de l\u2019\u00e9tat des t\u00e2ches et de la maintenance.<\/p>\n<p>Les disques termin\u00e9s sont d\u00e9pos\u00e9s dehors en face avant, ou empil\u00e9s dans le syst\u00e8me s\u00e9curis\u00e9 par un verrou. Vous pouvez m\u00eame charger des CDs dans un bac, et des DVDs ou m\u00e9dias Blu-ray dans l\u2019autre bac, et s\u00e9lectionner \u00e0 distance (via le r\u00e9seau) quel type de m\u00e9dia graver \u2014 une fonctionnalit\u00e9 unique et exclusive.<\/p>\n<p>Le syst\u00e8me Windows XP embarqu\u00e9 peut \u00eatre configur\u00e9 sur votre r\u00e9seau en quelques minutes. Pour augmenter la capacit\u00e9, il suffit d\u2019ajouter d\u2019autres unit\u00e9s et de les contr\u00f4ler avec le m\u00eame logiciel.<\/p>\n<\/div>\n[fusion_button link=\"https:\/\/www.adr-shop.com\/fr\/primera-disc-publisher-4100-imprimante-automatique-sans-graveurs-6\" color=\"custom\" size=\"small\" type=\"flat\" shape=\"round\" target=\"_blank\" title=\"\" gradient_colors=\"#67b8e1\" gradient_hover_colors=\"#67b8e1\" accent_color=\"#fff\" accent_hover_color=\"#fff\" bevel_color=\"\" border_width=\"0px\" shadow=\"no\" icon=\"\" icon_divider=\"yes\" icon_position=\"left\" modal=\"\" animation_type=\"0\" animation_direction=\"up\" animation_speed=\"1\" class=\"\" id=\"\"] Acheter un produit[\/fusion_button]\n","protected":false},"featured_media":14582,"comment_status":"closed","ping_status":"closed","template":"","meta":[],"product_cat":[231,253],"product_tag":[],"_links":{"self":[{"href":"https:\/\/adr-ag.de\/fr\/wp-json\/wp\/v2\/product\/13216"}],"collection":[{"href":"https:\/\/adr-ag.de\/fr\/wp-json\/wp\/v2\/product"}],"about":[{"href":"https:\/\/adr-ag.de\/fr\/wp-json\/wp\/v2\/types\/product"}],"replies":[{"embeddable":true,"href":"https:\/\/adr-ag.de\/fr\/wp-json\/wp\/v2\/comments?post=13216"}],"wp:featuredmedia":[{"embeddable":true,"href":"https:\/\/adr-ag.de\/fr\/wp-json\/wp\/v2\/media\/14582"}],"wp:attachment":[{"href":"https:\/\/adr-ag.de\/fr\/wp-json\/wp\/v2\/media?parent=13216"}],"wp:term":[{"taxonomy":"product_cat","embeddable":true,"href":"https:\/\/adr-ag.de\/fr\/wp-json\/wp\/v2\/product_cat?post=13216"},{"taxonomy":"product_tag","embeddable":true,"href":"https:\/\/adr-ag.de\/fr\/wp-json\/wp\/v2\/product_tag?post=13216"}],"curies":[{"name":"wp","href":"https:\/\/api.w.org\/{rel}","templated":true}]}}