{"id":13200,"date":"2015-04-21T10:43:31","date_gmt":"2015-04-21T10:43:31","guid":{"rendered":"http:\/\/new.adr-ag.de\/product\/speedstar-1-cd-dvd-zellophaniermaschine-2\/"},"modified":"2024-03-06T10:21:48","modified_gmt":"2024-03-06T09:21:48","slug":"speedstar-1-cd-dvd-zellophaniermaschine-3","status":"publish","type":"product","link":"https:\/\/adr-ag.de\/fr\/product\/speedstar-1-cd-dvd-zellophaniermaschine-3\/","title":{"rendered":"SpeedStar 1 Cellophaneuse"},"content":{"rendered":"<p><strong>Des frais d\u00b4achats plus int\u00e9ressants<\/strong><\/p>\n<p>Si vous comparez le prix des cellophaneuses SpeedStar avec les autres solutions propos\u00e9es sur le march\u00e9, vous constaterez une \u00e9norme diff\u00e9rence de prix. En outre, l\u00b4utilisation de feuilles pr\u00e9d\u00e9coup\u00e9es n\u00b4est pas\u00a0n\u00e9cessaire pour les appareils Speedstar,\u00a0\u00a0ils\u00a0peuvent k\u00f6nnen directement emballer \u00e0 partir de rouleaux de Polypropyl\u00e8ne de fabrication industrielle. Ainsi, le co\u00fbt investi dans\u00a0la cellophane utilis\u00e9e pour emballer chaque m\u00e9dia est consid\u00e9rablement r\u00e9duit.<\/p>\n<p>Ainsi, vous \u00e9conomisez sur chaque CD\u00a0ou DVD emball\u00e9, jour apr\u00e8s jour.<\/p>\n<p>\u00a0<strong>Des mod\u00e8les novateurs<\/strong><\/p>\n<p>Les mod\u00e8les SpeedStar\u00a0peuvent aussi traiter tous les formats de bo\u00eetiers dont la largeur de l\u00b4emballage ! L\u00b4installation d\u00b4un nouveau rouleau ne vous prendra que\u00a02 ou 3 minutes, et un autre format pourra d\u00e9j\u00e0 \u00eatre trait\u00e9. Aucun r\u00e8glage n\u00b4est n\u00e9cessaire au niveau de la machine.<\/p>\n<p>Si vous traiter plusieurs formst diff\u00e9rents, il vous est possible de commander directement l\u00b4unit\u00e9 de d\u00e9coupe, au lieu de devoir changer de rouleau \u00e0 chaque fois.<\/p>\n<p>A votre demande, nous nous ferons un plaisir de vous envoyer un bo\u00eetier t\u00e9moin.<\/p>\n<p><strong>Rapidit\u00e9 et pr\u00e9cision<\/strong><\/p>\n<p>Un technicien exp\u00e9riment\u00e9 r\u00e9alise 300\u00a0pi\u00e8ces par heure en toute simplicit\u00e9.\u00a0Le cellophane\u00a0est tr\u00e8s maniable et ce travail peut -\u00eatre confi\u00e9 sans probl\u00e8mes \u00e0 un technicien novice.\u00a0<\/p>\n","protected":false},"excerpt":{"rendered":"<p align=\"justify\"><strong>\u00fcber die Zellophaniermaschine:<\/strong><\/p>\n<p>Sparen Sie Zeit und Geld mit den Zellophaniermaschinen der Speedstar Serie. Der Speedstar 1 ist das g\u00fcnstigste Einstiegsger\u00e4t f\u00fcr das professionelle Zellophanieren welches manuell bedient werden muss. Im Gegensatz zum halbautomatischen Speedstar Pro m\u00fcssen hier die einzelnen N\u00e4hte manuell verschlossen werden.<\/p>\n<p align=\"justify\">Sehen Sie sich das Video an und beurteilen Sie selbst wie einfach das Zellophanieren sein kann. Mit etwas \u00dcbung schafft ein Mitarbeiter mit dem Speedstar 1 bis zu 200 Verpackungen in der Stunde.<\/p>\n[fusion_button link=\"http:\/\/adr-shop.com\/speedstar-1-cellophanierer\" color=\"custom\" size=\"small\" type=\"flat\" shape=\"round\" target=\"_blank\" title=\"\" gradient_colors=\"#67b8e1\" gradient_hover_colors=\"#67b8e1\" accent_color=\"#fff\" accent_hover_color=\"#fff\" bevel_color=\"\" border_width=\"0px\" shadow=\"no\" icon=\"\" icon_divider=\"yes\" icon_position=\"left\" modal=\"\" animation_type=\"0\" animation_direction=\"up\" animation_speed=\"1\" class=\"\" id=\"\"]Produkt kaufen[\/fusion_button]\n","protected":false},"featured_media":14576,"comment_status":"closed","ping_status":"closed","template":"","meta":[],"product_cat":[335,315],"product_tag":[],"_links":{"self":[{"href":"https:\/\/adr-ag.de\/fr\/wp-json\/wp\/v2\/product\/13200"}],"collection":[{"href":"https:\/\/adr-ag.de\/fr\/wp-json\/wp\/v2\/product"}],"about":[{"href":"https:\/\/adr-ag.de\/fr\/wp-json\/wp\/v2\/types\/product"}],"replies":[{"embeddable":true,"href":"https:\/\/adr-ag.de\/fr\/wp-json\/wp\/v2\/comments?post=13200"}],"wp:featuredmedia":[{"embeddable":true,"href":"https:\/\/adr-ag.de\/fr\/wp-json\/wp\/v2\/media\/14576"}],"wp:attachment":[{"href":"https:\/\/adr-ag.de\/fr\/wp-json\/wp\/v2\/media?parent=13200"}],"wp:term":[{"taxonomy":"product_cat","embeddable":true,"href":"https:\/\/adr-ag.de\/fr\/wp-json\/wp\/v2\/product_cat?post=13200"},{"taxonomy":"product_tag","embeddable":true,"href":"https:\/\/adr-ag.de\/fr\/wp-json\/wp\/v2\/product_tag?post=13200"}],"curies":[{"name":"wp","href":"https:\/\/api.w.org\/{rel}","templated":true}]}}