{"id":13196,"date":"2015-04-21T10:45:50","date_gmt":"2015-04-21T10:45:50","guid":{"rendered":"http:\/\/new.adr-ag.de\/product\/speedstar-pro-automatischer-zellophanierer-2\/"},"modified":"2015-11-06T14:32:08","modified_gmt":"2015-11-06T14:32:08","slug":"speedstar-pro-automatischer-zellophanierer","status":"publish","type":"product","link":"https:\/\/adr-ag.de\/fr\/product\/speedstar-pro-automatischer-zellophanierer\/","title":{"rendered":"Cellophaneuse pour bo\u00eetiers Jewel Case et DVD Speedstar Pro"},"content":{"rendered":"<div><strong>Des frais d\u00b4achats plus int\u00e9ressants\u00a0<\/strong><br \/> \u00a0<\/div>\n<div>Si vous comparez le prix des cellophaneuses SpeedStar avec les autres solutions propos\u00e9es sur le march\u00e9, vous constaterez une \u00e9norme diff\u00e9rence de prix. En outre, l\u00b4utilisation de feuilles pr\u00e9d\u00e9coup\u00e9es n\u00b4est pas\u00a0n\u00e9cessaire pour les appareils Speedstar,\u00a0\u00a0ils\u00a0peuvent k\u00f6nnen directement emballer \u00e0 partir de rouleaux de Polypropyl\u00e8ne de fabrication industrielle. Ainsi, le co\u00fbt investi dans\u00a0la cellophane utilis\u00e9e pour emballer chaque m\u00e9dia est consid\u00e9rablement r\u00e9duit.<\/div>\n<div>\u00a0<\/div>\n<div>Ainsi, vous \u00e9conomisez sur chaque CD\u00a0ou DVD emball\u00e9, jour apr\u00e8s jour.<br \/> \u00a0<\/div>\n<div>\u00a0<\/div>\n<div><strong>Des mod\u00e8les novateurs<\/strong><\/div>\n<div>\u00a0<\/div>\n<div>Tous les mod\u00e8les SpeedStar\u00a0peuvent aussi bien traiter des bo\u00eetiers Jewell Cases que des bo\u00eetiers DVD (de type Amaray) ! L\u00b4installation d\u00b4un nouuveau rouleau ne vous prendra que\u00a02 ou 3 minutes, et un autre format pourra d\u00e9j\u00e0 \u00eatre trait\u00e9. Aucun r\u00e8glage n\u00b4est n\u00e9cessaire au niveau de la machine.\u00a0Tous les autres produits sur le march\u00e9\u00a0sont con\u00e7us\u00a0pour ne traiter qu\u00b4un seul format. Et seuls les mod\u00e8les Speedstar peuvent aussi traiter le polypropyl\u00e8ne\u00a0avec une soudure d\u00e9chirable, pour permettre une ouverture plus facile de l\u00b4emballage.<\/div>\n<div>\u00a0<\/div>\n<div>A votre demande via le lien\u00a0Contact, nous nous ferons un plaisir de vous envoyer un bo\u00eetier t\u00e9moin.<br \/> \u00a0<\/div>\n<div>\u00a0<\/div>\n<div>\n<div><strong>Rapidit\u00e9 et pr\u00e9cision<\/strong>\u00a0<\/div>\n<div>\u00a0<\/div>\n<div>Un technicien exp\u00e9riment\u00e9 r\u00e9alise 300\u00a0pi\u00e8ces par heure en toute simplicit\u00e9.\u00a0La cellophane\u00a0est tr\u00e8s maniable et ce travail peut -\u00eatre confi\u00e9 sans probl\u00e8mes \u00e0 un technicien novice.<\/div>\n<\/div>\n","protected":false},"excerpt":{"rendered":"<div><strong>L\u00b4appareil<\/strong><br \/> \u00a0<\/div>\n<div>Avec les cellophaneuses de la s\u00e9rie Speedstar, gagnez du temps\u00a0et \u00e9conomisez de l\u00b4argent.\u00a0Elabor\u00e9e selon le m\u00eame principe que la\u00a0Speedstar 1, la SpeedstarPro dispose d\u00b4un approvisionnement\u00a0semi-automatique, qui r\u00e9alise l\u00b4emballage des m\u00e9dias encore plus facilement.<\/div>\n<div>\u00a0<\/div>\n<div>Regardez la\u00a0video et jugez par vous-m\u00eame.\u00a0Apr\u00e8s une br\u00e8ve phase d\u00b4adaptation, un technicien produit\u00a0jusqu\u00b4\u00e0 300 emballages par heure avec la SpeedstarPro.<br \/> \u00a0<\/div>\n","protected":false},"featured_media":14574,"comment_status":"closed","ping_status":"closed","template":"","meta":[],"product_cat":[337,315],"product_tag":[],"_links":{"self":[{"href":"https:\/\/adr-ag.de\/fr\/wp-json\/wp\/v2\/product\/13196"}],"collection":[{"href":"https:\/\/adr-ag.de\/fr\/wp-json\/wp\/v2\/product"}],"about":[{"href":"https:\/\/adr-ag.de\/fr\/wp-json\/wp\/v2\/types\/product"}],"replies":[{"embeddable":true,"href":"https:\/\/adr-ag.de\/fr\/wp-json\/wp\/v2\/comments?post=13196"}],"wp:featuredmedia":[{"embeddable":true,"href":"https:\/\/adr-ag.de\/fr\/wp-json\/wp\/v2\/media\/14574"}],"wp:attachment":[{"href":"https:\/\/adr-ag.de\/fr\/wp-json\/wp\/v2\/media?parent=13196"}],"wp:term":[{"taxonomy":"product_cat","embeddable":true,"href":"https:\/\/adr-ag.de\/fr\/wp-json\/wp\/v2\/product_cat?post=13196"},{"taxonomy":"product_tag","embeddable":true,"href":"https:\/\/adr-ag.de\/fr\/wp-json\/wp\/v2\/product_tag?post=13196"}],"curies":[{"name":"wp","href":"https:\/\/api.w.org\/{rel}","templated":true}]}}