{"id":13192,"date":"2015-04-21T10:48:59","date_gmt":"2015-04-21T10:48:59","guid":{"rendered":"http:\/\/new.adr-ag.de\/product\/presto-dvd-blu-ray-verpackungsmaschine-3\/"},"modified":"2016-03-29T07:31:52","modified_gmt":"2016-03-29T07:31:52","slug":"presto-dvd-blu-ray-verpackungsmaschine-4","status":"publish","type":"product","link":"https:\/\/adr-ag.de\/fr\/product\/presto-dvd-blu-ray-verpackungsmaschine-4\/","title":{"rendered":"Presto DVD \/ Blu-Ray cellophaneuse"},"content":{"rendered":"<p><b>Economisez du temps et de l\u00b4argent<\/b><\/p>\n<p>Avec l\u00b4ADR Presto vous \u00e9quipez des bo\u00eetiers DVD Slim, bo\u00eetiers Amaray et bo\u00eetiers Blu-Ray 5 fois plus vite qu\u00b4\u00e0 la main. Apr\u00e8s quelques entrainements, vous atteindrez un d\u00e9bit d\u00b4environ 30 pi\u00e8ces \u00e0 la minute.<\/p>\n<p><b>Construction modulaire<\/b><\/p>\n<p>Pour un fonctionnement totalement automatique et un processus complet, la machine Presto TS- Title Sheet Inserter- peut \u00eatre \u00e9quip\u00e9e des modules suivants:<\/p>\n<ul>\n<li>Presto Case Feeder:<br \/> Avec le Presto Case Feeder, le fonctionnement de la machine Presto TS peut \u00eatre automatis\u00e9. Le rendement peut atteindre, selon la taille d\u00b4emballage, env. 200 bo\u00eetiers. Le Case Feeder ouvre chaque bo\u00eetier, puis le met dans le Presto Title Sheet Inserter, pour l\u00b4insertion des jaquettes arri\u00e8re<b>.<br \/> <\/b><\/li>\n<li>Presto Disc Placer:<br \/> Les disques sont plac\u00e9s dans le Presto Disc Placer sur leur spindle standard. Gr\u00e2ce \u00e0 une chaine automatique, les bo\u00eetiers sont transport\u00e9s du Presto TS au Disc Placer, l\u00e0 ou les m\u00e9dias vont \u00eatre mis en bo\u00eetiers. La machine Presto Disc Placer fonctionne avec les bo\u00eetiers DVD et Blu-Ray mais aussi avec les bo\u00eetiers Jewel Cases et DigiPaks.<\/li>\n<li>Presto Booklet \/ Coupon Inserter:<br \/> Le Booklet Inserter peut ins\u00e9rer aussi bien des jaquettes que des coupons dans les bo\u00eetiers. Selon le nombre de Booklet Inserter, il est possible d\u00b4ins\u00e9rer plusieurs jaquettes\/coupons dans un m\u00eame bo\u00eetier.<\/li>\n<li>Presto Case Closer:<br \/> La machine Presto Case Closer est le dernier module de la chaine et ferme les bo\u00eetiers automatiquement. La machine Presto Case Closer fonctionne avec les bo\u00eetiers Blu-Ray, DS Amaray et bo\u00eetiers DVD standards, mais \u00e9galement avec les CD jewel case, Super Jewel Case, Paperboard DigiPacks et Slimline case.<\/li>\n<\/ul>\n<p>\u00a0<\/p>\n","protected":false},"excerpt":{"rendered":"<p><strong><b>A propos de la machine d\u00b4emballage Presto DVD \/ Blu-Ray :\u00a0 <\/b><\/strong><\/p>\n<p>L\u00b4appareil Presto Title Sheet Inserter est le point de d\u00e9part de la gamme de syst\u00e8mes d\u00b4emballages Presto. En fonctionnement seul, la machine Presto TS ins\u00e8re la jaquette arri\u00e8re dans un bo\u00eetier DVD, DVD Slim ou Blu-Ray. Gr\u00e2ce \u00e0 la machine Presto Case Feeder vous avez ensuite la possibilit\u00e9 d\u00b4automatiser ce processus.<\/p>\n<p>\u00a0<\/p>\n","protected":false},"featured_media":14572,"comment_status":"closed","ping_status":"closed","template":"","meta":[],"product_cat":[331,315],"product_tag":[],"_links":{"self":[{"href":"https:\/\/adr-ag.de\/fr\/wp-json\/wp\/v2\/product\/13192"}],"collection":[{"href":"https:\/\/adr-ag.de\/fr\/wp-json\/wp\/v2\/product"}],"about":[{"href":"https:\/\/adr-ag.de\/fr\/wp-json\/wp\/v2\/types\/product"}],"replies":[{"embeddable":true,"href":"https:\/\/adr-ag.de\/fr\/wp-json\/wp\/v2\/comments?post=13192"}],"wp:featuredmedia":[{"embeddable":true,"href":"https:\/\/adr-ag.de\/fr\/wp-json\/wp\/v2\/media\/14572"}],"wp:attachment":[{"href":"https:\/\/adr-ag.de\/fr\/wp-json\/wp\/v2\/media?parent=13192"}],"wp:term":[{"taxonomy":"product_cat","embeddable":true,"href":"https:\/\/adr-ag.de\/fr\/wp-json\/wp\/v2\/product_cat?post=13192"},{"taxonomy":"product_tag","embeddable":true,"href":"https:\/\/adr-ag.de\/fr\/wp-json\/wp\/v2\/product_tag?post=13192"}],"curies":[{"name":"wp","href":"https:\/\/api.w.org\/{rel}","templated":true}]}}