{"id":13180,"date":"2015-04-28T11:20:49","date_gmt":"2015-04-28T11:20:49","guid":{"rendered":"http:\/\/new.adr-ag.de\/product\/adr-sd-producer-1-zu-31-standalone-2\/"},"modified":"2024-03-06T10:21:47","modified_gmt":"2024-03-06T09:21:47","slug":"adr-sd-producer-1-zu-31-standalone-3","status":"publish","type":"product","link":"https:\/\/adr-ag.de\/fr\/product\/adr-sd-producer-1-zu-31-standalone-3\/","title":{"rendered":"Duplicateur Carte SD autonome 1:31"},"content":{"rendered":"<table id=\"{81BF9DDA-897B-4267-85EE-399EAB965CF4}\">\n<tbody>\n<tr>\n<td><strong>Utilisation<\/strong><\/p>\n<p>Ins\u00e9rez simplement la carte\u00a0SD master dans le 1er port, et le nombre de cartes correspondant au nombre de copies souhait\u00e9es dans les autres ports et appuyez sur \u00ab\u00a0copy\u00a0\u00bb.<\/p>\n<p>Les tours de duplication pour cartes\u00a0SD d\u00b4ADR travaillent sans PC gr\u00e2ce \u00e0 un processeur interne. Il leur faut simplement une source de courant \u00e9lectrique.<br \/>\nVous pouvez v\u00e9rifier les messages relatifs au statut de l\u00b4appareil, ainsi que l\u00b4avancement du processus de duplication directement sur l\u00b4\u00e9cran LCD.<\/p>\n<p>Vous avez aussi la possibilit\u00e9 de lancer une v\u00e9rification de la duplication,\u00a0\u00a0pour\u00a0avoir la certitude\u00a0que vos\u00a0fichiers ont bien \u00e9t\u00e9 transf\u00e9r\u00e9s\u00a0sur les cartes-cibles\u00a0!<\/td>\n<\/tr>\n<tr>\n<td><strong>Caract\u00e9ristiques g\u00e9n\u00e9rales de notre duplicateur carte SD :<\/strong><\/p>\n<p>Appareil autonome, travaille en autarcie, n\u00e9cessite uniquement une source de courant \u00e9lectrique.<br \/>\nUtilisation intuitive via \u00e9cran LCD avec 4 touches<\/p>\n<p>Informations sur les diff\u00e9rentes actions en temps r\u00e9el\u00a0sur l\u00b4\u00e9cran LCD.<\/p>\n<ul>\n<li>Supporte tous les formats de fichiers actuels<\/li>\n<li>Transmission des fichiers en mode\u00a0synchrone et asynchrone.<\/li>\n<li>Transfert des donn\u00e9es jusqu\u00b4\u00e0\u00a033MB\/s.<\/li>\n<li>Copie en temps r\u00e9el et comparaison\u00a0sur\u00a0copie int\u00e9grale.<\/li>\n<\/ul>\n<\/td>\n<\/tr>\n<tr>\n<td><strong>Autres versions de ce mod\u00e8le disponibles\u00a0:<\/strong><\/p>\n<p>Duplicateur ADR SD 1-7<br \/>\nDuplicateur ADR SD 1-15<\/p>\n<p>Duplicateur ADR SD\u00a01-23<br \/>\nDuplicateur ADR SD 1-39<\/td>\n<\/tr>\n<tr>\n<td>\n<div><\/div>\n<div><strong>Caract\u00e9ristiques\u00a0techniques :<\/strong><\/div>\n<table border=\"0\" cellspacing=\"1\" cellpadding=\"2\">\n<tbody>\n<tr>\n<td width=\"50%\">\u00a0M\u00e9dias support\u00e9s :<\/td>\n<td width=\"50%\">\u00a0cartes SD<\/td>\n<\/tr>\n<tr>\n<td width=\"50%\">\u00a0Vitesse de transfert des\u00a0fichiers :<\/td>\n<td width=\"50%\">\u00a0jusqu\u00b4\u00e0 33MB\/s<\/td>\n<\/tr>\n<tr>\n<td width=\"50%\">\u00a0M\u00e9moire :<\/td>\n<td width=\"50%\">\u00a0256MB (7\u00a0,15,23, 31, 39 cibles)<\/td>\n<\/tr>\n<tr>\n<td width=\"50%\">\u00a0Mode de copie :<\/td>\n<td width=\"50%\">\u00a0Synchrone ou Asynchrone<\/td>\n<\/tr>\n<tr>\n<td width=\"50%\">\u00a0Affichage LCD :<\/td>\n<td width=\"50%\">\u00a02 x 16 caract\u00e8res, fond lumineux<\/td>\n<\/tr>\n<tr>\n<td width=\"50%\">\u00a0Alimentation :<\/td>\n<td width=\"50%\">\u00a0110V~ or 230V~, r\u00e9seau interne<\/td>\n<\/tr>\n<tr>\n<td width=\"50%\">\u00a0Temp\u00e9rature de travail :<\/td>\n<td width=\"50%\">\u00a05\u00b0C &#8211; 50\u00b0C<\/td>\n<\/tr>\n<tr>\n<td width=\"50%\">\u00a0Normes :<\/td>\n<td width=\"50%\">\u00a0FCC, CE, UL, ROHS<\/td>\n<\/tr>\n<\/tbody>\n<\/table>\n<\/td>\n<\/tr>\n<\/tbody>\n<\/table>\n","protected":false},"excerpt":{"rendered":"<p><strong>Le duplicateur\u00a0carte SD 1-31 d\u00b4ADR<\/strong><\/p>\n<p>Les nouveaux duplicateurs de cartes\u00a0SD\u00a0ADR sont la solution id\u00e9ale pour copier rapidement vos cartes-m\u00e9moires.<\/p>\n<p>Construites avec le m\u00eame Controller que les Tours de la s\u00e9rie Whirlwind, renomm\u00e9es pour leur performance, ces nouvelles tours sont \u00e9labor\u00e9es pour copier toutes les cartes SD en vente sur le march\u00e9.<\/p>\n<p>Environ une minute et demie suffit pour dupliquer vos cartes (\u00a0suivant leur capacit\u00e9\u00a0). Ces appareils sont \u00e9galement compatibles avec les cartes\u00a0SHDC\u00a0!<br \/>\nPlus la vitesse d\u00b4\u00e9criture de votre carte est \u00e9lev\u00e9e, plus votre duplication sera rapide.<\/p>\n[fusion_button link=\"https:\/\/www.adr-shop.com\/fr\/duplicateur-micro-sd-autonome-avec-31-ports-cibles\" color=\"custom\" size=\"small\" type=\"flat\" shape=\"round\" target=\"_blank\" title=\"\" gradient_colors=\"#67b8e1\" gradient_hover_colors=\"#67b8e1\" accent_color=\"#fff\" accent_hover_color=\"#fff\" bevel_color=\"\" border_width=\"0px\" shadow=\"no\" icon=\"\" icon_divider=\"yes\" icon_position=\"left\" modal=\"\" animation_type=\"0\" animation_direction=\"up\" animation_speed=\"1\" class=\"\" id=\"\"] Acheter un produit[\/fusion_button]\n","protected":false},"featured_media":14760,"comment_status":"closed","ping_status":"closed","template":"","meta":[],"product_cat":[303,305],"product_tag":[],"_links":{"self":[{"href":"https:\/\/adr-ag.de\/fr\/wp-json\/wp\/v2\/product\/13180"}],"collection":[{"href":"https:\/\/adr-ag.de\/fr\/wp-json\/wp\/v2\/product"}],"about":[{"href":"https:\/\/adr-ag.de\/fr\/wp-json\/wp\/v2\/types\/product"}],"replies":[{"embeddable":true,"href":"https:\/\/adr-ag.de\/fr\/wp-json\/wp\/v2\/comments?post=13180"}],"wp:featuredmedia":[{"embeddable":true,"href":"https:\/\/adr-ag.de\/fr\/wp-json\/wp\/v2\/media\/14760"}],"wp:attachment":[{"href":"https:\/\/adr-ag.de\/fr\/wp-json\/wp\/v2\/media?parent=13180"}],"wp:term":[{"taxonomy":"product_cat","embeddable":true,"href":"https:\/\/adr-ag.de\/fr\/wp-json\/wp\/v2\/product_cat?post=13180"},{"taxonomy":"product_tag","embeddable":true,"href":"https:\/\/adr-ag.de\/fr\/wp-json\/wp\/v2\/product_tag?post=13180"}],"curies":[{"name":"wp","href":"https:\/\/api.w.org\/{rel}","templated":true}]}}