{"id":12734,"date":"2015-03-10T12:45:34","date_gmt":"2015-03-10T12:45:34","guid":{"rendered":"http:\/\/new.adr-ag.de\/software-2\/"},"modified":"2015-03-10T12:45:34","modified_gmt":"2015-03-10T12:45:34","slug":"software","status":"publish","type":"page","link":"https:\/\/adr-ag.de\/fr\/software\/","title":{"rendered":"SOFTWARE"},"content":{"rendered":"<div class=\"fusion-text fusion-text-1\"><\/p>\n<h1>Software f\u00fcr unsere Systeme<\/h1>\n<p>Die PC basierenden CD\/DVD-Kopierroboter k\u00f6nnen Sie mit verschiedenen Standard-Software Paketen betreiben.<br \/>\nDa wir uns als Hersteller von Kopierrobotern verstehen, haben wir vielen Herstellern von CD\/DVD Kopiersoftware unsere Ansteuerung offengelegt, sodass es immer neue Entwicklungen von Software f\u00fcr unsere Kopierer gibt. Wir empfehlen zur Zeit f\u00fcr den Einzelplatz die Padus-Software (spezielle Robotikversion), welche bereits zum Teil in den Kaufpreisen unserer Systeme enthalten ist. Des weiteren bieten wir aber auch individuelle Komplettl\u00f6sungen nach Absprache an.<\/p>\n<h1>ADR DROPPIX XE (Robotik Version)<\/h1>\n<p>Die neueste Software Entwicklung f\u00fcr unsere ADR CD\/DVD Kopierroboter. Verbesserter Feature dank neuer Software Droppix Recorder XE, Publisher Version wurde speziell f\u00fcr den optimierten Einsatz mit vollautomatischen ADR CD\/DVD Publishern designt. Durch verbesserte Algorithmen konnte die Geschwindigkeit merklich verbessert werden. Diese Software erf\u00fcllt garantiert all Ihre W\u00fcnsche wenn es um das Designen, Vervielf\u00e4ltigen und Bedrucken von identischen oder individuellen CDs, DVDs und sogar Blu-Ray Discs geht. (Je nach Hardware).<\/p>\n<h1>Folgende Feature sind in der Standard Software enthalten:<\/h1>\n<ul>\n<li>Asynchrones Brennen und Bedrucken f\u00fcr schnellen Durchsatz<\/li>\n<li>Drucker Support<\/li>\n<li>Mehrsprachig<\/li>\n<li>Job Wizard<\/li>\n<li>Integrierter Label Designer<\/li>\n<li>Modulares Design<\/li>\n<li>Erweiterter File Support \u00a0(f.e. lab , jpg, tiff, prn, pdf)<\/li>\n<\/ul>\n<h1>Optionale Feature:<\/h1>\n<ul>\n<li>XML Toolkit<\/li>\n<li>Hotfolder Funktion<\/li>\n<li>Netzwerkunterst\u00fctzung<\/li>\n<li>Scheduler mit Backupfunktion<\/li>\n<li>Einlese- und Ripfunktion<\/li>\n<li>Reine Verifizierung<\/li>\n<\/ul>\n<h1>PADUS (Robotik Version) Einzelplat<\/h1>\n<p>Padus als reine Einzelplatzsoftware bei der zur Zeit ein Job, CD brennen und\/oder<br \/>\ndas Label drucken, gestartet werden kann. Folgende Funktionen k\u00f6nnen Sie mit Padus Einzelplatzsoftware ausf\u00fchren:<\/p>\n<ul>\n<li>von CD\/DVD zu CD\/DVD kopieren und ein Label drucken.<\/li>\n<li>von CD\/DVD ein Image erzeugen und auf der Festplatte des PC ablegen.<\/li>\n<li>Ein Image von der Festplatte holen, die CD\/DVD brennen und<br \/>\ndas Label drucken. Brennen von CD-RW\/DVD-RW<\/li>\n<li>Nur Label drucken<\/li>\n<li>Erstellen eines Images innerhalb des CD\/DVD Robotik-Programms PADUS<\/li>\n<\/ul>\n<h1>PADUS (Netzwerksoftware f\u00fcr ADR Kopierroboter) Mehrplatz<\/h1>\n<p>Mit der Padus Netzwerksoftware k\u00f6nnen verschiedene Jobs von einer unbegrenzten Anzahl von Clients gestartet werden. Diese Software wird bei den Clients (Anwendern) installiert. Padus Netzwerksoftware erm\u00f6glicht es, den Anwendern ihre Images an einen Server zu senden, der den Padus-Netzwerk-Service (PNS) startet. Der PNS wird die Images in der Reihenfolge brennen (und die Label drucken) in der die Jobs gestartet wurden.\u00a0Die Jobs k\u00f6nnen auch nach Priorit\u00e4t oder nach Benutzerklassen (3 Abstufungen: Operator, Superuser, User) abgearbeitet werden. Der Prozess kann vollautomatisch skaliert werden.<\/p>\n<h1>OpenRC<\/h1>\n<p>Erstellen Sie individuelle Datentr\u00e4ger wie CD und DVD mit dynamischen Inhalten und Aufdruck dank Open RC.OpenRC (Open Robot Control) ist eine von der Firma X-Net Technologies GmbH entwickelte Steuerungssoftware f\u00fcr ADR CD\/DVD Robotersysteme.\u00a0OpenRC unterst\u00fctzt f\u00fcnf unterschiedliche Modi (Brennen, Verifizieren, Postitionieren, Drucken und Einlesen von CD\/DVD Medien), die in fast jeder Weise miteinander kombiniert werden k\u00f6nnen.<\/p>\n<h1>Exemplarische Einsatzm\u00f6glichkeiten:<\/h1>\n<p>\u2022 CD Produktion mit individuellem Aufdruck und dynamischen Daten,<br \/>\n\u2022 punktgenaues nachtr\u00e4gliches Eindrucken in vorbedruckte Medien,<br \/>\n\u2022 schnelle Kopierserien von mehreren hundert Medien,<br \/>\n\u2022 Vordruck von Medien f\u00fcr einen sp\u00e4teren Brennprozess,<br \/>\n\u2022 Einlesen und Weiterverarbeitung von bestehenden Medienbest\u00e4nden<br \/>\nz.B. Archivieren in vordefinierten Datenbanken und Formaten<\/p>\n<\/div>\n","protected":false},"excerpt":{"rendered":"","protected":false},"author":1,"featured_media":0,"parent":0,"menu_order":0,"comment_status":"open","ping_status":"open","template":"","meta":{"footnotes":""},"_links":{"self":[{"href":"https:\/\/adr-ag.de\/fr\/wp-json\/wp\/v2\/pages\/12734"}],"collection":[{"href":"https:\/\/adr-ag.de\/fr\/wp-json\/wp\/v2\/pages"}],"about":[{"href":"https:\/\/adr-ag.de\/fr\/wp-json\/wp\/v2\/types\/page"}],"author":[{"embeddable":true,"href":"https:\/\/adr-ag.de\/fr\/wp-json\/wp\/v2\/users\/1"}],"replies":[{"embeddable":true,"href":"https:\/\/adr-ag.de\/fr\/wp-json\/wp\/v2\/comments?post=12734"}],"version-history":[{"count":0,"href":"https:\/\/adr-ag.de\/fr\/wp-json\/wp\/v2\/pages\/12734\/revisions"}],"wp:attachment":[{"href":"https:\/\/adr-ag.de\/fr\/wp-json\/wp\/v2\/media?parent=12734"}],"curies":[{"name":"wp","href":"https:\/\/api.w.org\/{rel}","templated":true}]}}