{"id":12730,"date":"2015-03-10T12:45:48","date_gmt":"2015-03-10T12:45:48","guid":{"rendered":"http:\/\/new.adr-ag.de\/ripping-tools-2\/"},"modified":"2024-03-06T10:21:31","modified_gmt":"2024-03-06T09:21:31","slug":"ripping-tools","status":"publish","type":"page","link":"https:\/\/adr-ag.de\/fr\/ripping-tools\/","title":{"rendered":"RIPPING TOOLS"},"content":{"rendered":"<p><div class=\"fusion-fullwidth fullwidth-box fusion-builder-row-1 fusion-flex-container nonhundred-percent-fullwidth non-hundred-percent-height-scrolling\" style=\"--awb-background-position:left top;--awb-border-radius-top-left:0px;--awb-border-radius-top-right:0px;--awb-border-radius-bottom-right:0px;--awb-border-radius-bottom-left:0px;--awb-padding-top:20px;--awb-padding-right:0px;--awb-padding-bottom:20px;--awb-padding-left:0px;--awb-border-sizes-top:0px;--awb-border-sizes-bottom:0px;--awb-flex-wrap:wrap;\" ><div class=\"fusion-builder-row fusion-row fusion-flex-align-items-flex-start fusion-flex-content-wrap\" style=\"max-width:calc( 1200px + 0px );margin-left: calc(-0px \/ 2 );margin-right: calc(-0px \/ 2 );\"><div class=\"fusion-layout-column fusion_builder_column fusion-builder-column-0 fusion_builder_column_1_1 1_1 fusion-flex-column fusion-flex-align-self-flex-start fusion-column-no-min-height\" style=\"--awb-bg-size:cover;--awb-width-large:100%;--awb-margin-top-large:0px;--awb-spacing-right-large:0px;--awb-margin-bottom-large:0px;--awb-spacing-left-large:0px;--awb-width-medium:100%;--awb-spacing-right-medium:0px;--awb-spacing-left-medium:0px;--awb-width-small:100%;--awb-spacing-right-small:0px;--awb-spacing-left-small:0px;\"><div class=\"fusion-column-wrapper fusion-flex-justify-content-flex-start fusion-content-layout-column\"><div class=\"fusion-title title fusion-title-1 fusion-title-text fusion-title-size-one\"><div class=\"title-sep-container title-sep-container-left fusion-no-large-visibility fusion-no-medium-visibility fusion-no-small-visibility\"><div class=\"title-sep sep-single sep-solid\" style=\"border-color:var(--awb-color3);\"><\/div><\/div><span class=\"awb-title-spacer fusion-no-large-visibility fusion-no-medium-visibility fusion-no-small-visibility\"><\/span><h1 class=\"fusion-title-heading title-heading-left\" style=\"margin:0;\">Ripping Tool f\u00fcr ADR Roboter<\/h1><span class=\"awb-title-spacer\"><\/span><div class=\"title-sep-container title-sep-container-right\"><div class=\"title-sep sep-single sep-solid\" style=\"border-color:var(--awb-color3);\"><\/div><\/div><\/div><\/div><\/div><\/div><\/div><div class=\"fusion-fullwidth fullwidth-box fusion-builder-row-2 fusion-flex-container hundred-percent-fullwidth non-hundred-percent-height-scrolling\" style=\"--awb-border-radius-top-left:0px;--awb-border-radius-top-right:0px;--awb-border-radius-bottom-right:0px;--awb-border-radius-bottom-left:0px;--awb-overflow:visible;--awb-flex-wrap:wrap;\" ><div class=\"fusion-builder-row fusion-row fusion-flex-align-items-flex-start fusion-flex-content-wrap\" style=\"width:104% !important;max-width:104% !important;margin-left: calc(-4% \/ 2 );margin-right: calc(-4% \/ 2 );\"><div class=\"fusion-layout-column fusion_builder_column fusion-builder-column-1 fusion_builder_column_2_3 2_3 fusion-flex-column\" style=\"--awb-bg-size:cover;--awb-width-large:66.666666666667%;--awb-margin-top-large:0px;--awb-spacing-right-large:3.84%;--awb-margin-bottom-large:20px;--awb-spacing-left-large:2.88%;--awb-width-medium:66.666666666667%;--awb-spacing-right-medium:3.84%;--awb-spacing-left-medium:2.88%;--awb-width-small:100%;--awb-spacing-right-small:1.92%;--awb-spacing-left-small:1.92%;\"><div class=\"fusion-column-wrapper fusion-flex-justify-content-flex-start fusion-content-layout-column\"><div class=\"accordian fusion-accordian\" style=\"--awb-border-size:1px;--awb-icon-size:16px;--awb-content-font-size:var(--awb-typography4-font-size);--awb-icon-alignment:left;--awb-hover-color:var(--awb-color2);--awb-border-color:var(--awb-color3);--awb-background-color:var(--awb-color1);--awb-divider-color:var(--awb-color3);--awb-divider-hover-color:var(--awb-color3);--awb-icon-color:var(--awb-color1);--awb-title-color:var(--awb-color8);--awb-content-color:var(--awb-color8);--awb-icon-box-color:var(--awb-color8);--awb-toggle-hover-accent-color:var(--awb-color5);--awb-title-font-family:var(--awb-typography1-font-family);--awb-title-font-weight:var(--awb-typography1-font-weight);--awb-title-font-style:var(--awb-typography1-font-style);--awb-title-font-size:16px;--awb-content-font-family:var(--awb-typography4-font-family);--awb-content-font-weight:var(--awb-typography4-font-weight);--awb-content-font-style:var(--awb-typography4-font-style);\"><div class=\"panel-group fusion-toggle-icon-boxed\" id=\"accordion-12730-1\"><div class=\"fusion-panel panel-default panel-822a1bb93cac0a6a4 fusion-toggle-has-divider\"><div class=\"panel-heading\"><h4 class=\"panel-title toggle\" id=\"toggle_822a1bb93cac0a6a4\"><a class=\"active\" aria-expanded=\"true\" aria-controls=\"822a1bb93cac0a6a4\" role=\"button\" data-toggle=\"collapse\" data-parent=\"#accordion-12730-1\" data-target=\"#822a1bb93cac0a6a4\" href=\"#822a1bb93cac0a6a4\"><span class=\"fusion-toggle-icon-wrapper\" aria-hidden=\"true\"><i class=\"fa-fusion-box active-icon awb-icon-minus\" aria-hidden=\"true\"><\/i><i class=\"fa-fusion-box inactive-icon awb-icon-plus\" aria-hidden=\"true\"><\/i><\/span><span class=\"fusion-toggle-heading\">Rippen von CD und DVD Contents mit Droppix XE Extended Tools <\/span><\/a><\/h4><\/div><div id=\"822a1bb93cac0a6a4\" class=\"panel-collapse collapse in\" aria-labelledby=\"toggle_822a1bb93cac0a6a4\"><div class=\"panel-body toggle-content fusion-clearfix\">Als Add-On f\u00fcr die dem Brennsoftware Droppix XE existiert auch ein neues Ripping Tool um CD \/ DVD \/ Blu-Ray Discs vollautomatisch einzulesen und je nach Bedarf die Inhalte auf der Festplatte abzulegen.<\/div><\/div><\/div><div class=\"fusion-panel panel-default panel-4078d9cfa213f8277 fusion-toggle-has-divider\"><div class=\"panel-heading\"><h4 class=\"panel-title toggle\" id=\"toggle_4078d9cfa213f8277\"><a aria-expanded=\"false\" aria-controls=\"4078d9cfa213f8277\" role=\"button\" data-toggle=\"collapse\" data-parent=\"#accordion-12730-1\" data-target=\"#4078d9cfa213f8277\" href=\"#4078d9cfa213f8277\"><span class=\"fusion-toggle-icon-wrapper\" aria-hidden=\"true\"><i class=\"fa-fusion-box active-icon awb-icon-minus\" aria-hidden=\"true\"><\/i><i class=\"fa-fusion-box inactive-icon awb-icon-plus\" aria-hidden=\"true\"><\/i><\/span><span class=\"fusion-toggle-heading\">Vielseitige Speicherm\u00f6glichkeiten<\/span><\/a><\/h4><\/div><div id=\"4078d9cfa213f8277\" class=\"panel-collapse collapse \" aria-labelledby=\"toggle_4078d9cfa213f8277\"><div class=\"panel-body toggle-content fusion-clearfix\">Sie k\u00f6nnen die eingelesenen Medien in Form von der vorhandenen Dateistruktur oder als Image Datei auf Ihre Festplatte einlegen. Auch k\u00f6nnen Sie selbst festlegen ob die Dateien in einzelne Unterorderner abgelegt werden und wie die automatisierte Namensvergabe erfolgen soll.<\/div><\/div><\/div><div class=\"fusion-panel panel-default panel-416a3a87536768f08 fusion-toggle-has-divider\"><div class=\"panel-heading\"><h4 class=\"panel-title toggle\" id=\"toggle_416a3a87536768f08\"><a aria-expanded=\"false\" aria-controls=\"416a3a87536768f08\" role=\"button\" data-toggle=\"collapse\" data-parent=\"#accordion-12730-1\" data-target=\"#416a3a87536768f08\" href=\"#416a3a87536768f08\"><span class=\"fusion-toggle-icon-wrapper\" aria-hidden=\"true\"><i class=\"fa-fusion-box active-icon awb-icon-minus\" aria-hidden=\"true\"><\/i><i class=\"fa-fusion-box inactive-icon awb-icon-plus\" aria-hidden=\"true\"><\/i><\/span><span class=\"fusion-toggle-heading\">Maximaler Durchsatz !<\/span><\/a><\/h4><\/div><div id=\"416a3a87536768f08\" class=\"panel-collapse collapse \" aria-labelledby=\"toggle_416a3a87536768f08\"><div class=\"panel-body toggle-content fusion-clearfix\">Durch die Optimierung der Robotiksteuerung erreichen Sie eine optimale Performance und sparen wertvolle Arbeitszeit<\/div><\/div><\/div><div class=\"fusion-panel panel-default panel-e50efa65202f5605d fusion-toggle-has-divider\"><div class=\"panel-heading\"><h4 class=\"panel-title toggle\" id=\"toggle_e50efa65202f5605d\"><a aria-expanded=\"false\" aria-controls=\"e50efa65202f5605d\" role=\"button\" data-toggle=\"collapse\" data-parent=\"#accordion-12730-1\" data-target=\"#e50efa65202f5605d\" href=\"#e50efa65202f5605d\"><span class=\"fusion-toggle-icon-wrapper\" aria-hidden=\"true\"><i class=\"fa-fusion-box active-icon awb-icon-minus\" aria-hidden=\"true\"><\/i><i class=\"fa-fusion-box inactive-icon awb-icon-plus\" aria-hidden=\"true\"><\/i><\/span><span class=\"fusion-toggle-heading\">Arbeitet mit den ADR CD\/DVD Robotern<\/span><\/a><\/h4><\/div><div id=\"e50efa65202f5605d\" class=\"panel-collapse collapse \" aria-labelledby=\"toggle_e50efa65202f5605d\"><div class=\"panel-body toggle-content fusion-clearfix\">Die ADR Ripping Tools arbeiten mit den patentierten ADR Robotern welche durch Ihre Leistungsf\u00e4higkeit und Zuverl\u00e4ssigkeit weltweit bekannt sind.<\/p>\n<p>ADR ist der einzige Hersteller weltweit welcher 5 Jahre Teilegarantie auf die Mechanik gibt.<\/div><\/div><\/div><div class=\"fusion-panel panel-default panel-5c7ebc4caca806430 fusion-toggle-has-divider\"><div class=\"panel-heading\"><h4 class=\"panel-title toggle\" id=\"toggle_5c7ebc4caca806430\"><a aria-expanded=\"false\" aria-controls=\"5c7ebc4caca806430\" role=\"button\" data-toggle=\"collapse\" data-parent=\"#accordion-12730-1\" data-target=\"#5c7ebc4caca806430\" href=\"#5c7ebc4caca806430\"><span class=\"fusion-toggle-icon-wrapper\" aria-hidden=\"true\"><i class=\"fa-fusion-box active-icon awb-icon-minus\" aria-hidden=\"true\"><\/i><i class=\"fa-fusion-box inactive-icon awb-icon-plus\" aria-hidden=\"true\"><\/i><\/span><span class=\"fusion-toggle-heading\">Error Reporting <\/span><\/a><\/h4><\/div><div id=\"5c7ebc4caca806430\" class=\"panel-collapse collapse \" aria-labelledby=\"toggle_5c7ebc4caca806430\"><div class=\"panel-body toggle-content fusion-clearfix\">Die Software sortiert fehlerhafte Medien aus und erstellt ein zuverl\u00e4ssiges Reporting<\/div><\/div><\/div><div class=\"fusion-panel panel-default panel-36c6b0c66e8876732 fusion-toggle-has-divider\"><div class=\"panel-heading\"><h4 class=\"panel-title toggle\" id=\"toggle_36c6b0c66e8876732\"><a aria-expanded=\"false\" aria-controls=\"36c6b0c66e8876732\" role=\"button\" data-toggle=\"collapse\" data-parent=\"#accordion-12730-1\" data-target=\"#36c6b0c66e8876732\" href=\"#36c6b0c66e8876732\"><span class=\"fusion-toggle-icon-wrapper\" aria-hidden=\"true\"><i class=\"fa-fusion-box active-icon awb-icon-minus\" aria-hidden=\"true\"><\/i><i class=\"fa-fusion-box inactive-icon awb-icon-plus\" aria-hidden=\"true\"><\/i><\/span><span class=\"fusion-toggle-heading\">Zuverl\u00e4ssigkeit<\/span><\/a><\/h4><\/div><div id=\"36c6b0c66e8876732\" class=\"panel-collapse collapse \" aria-labelledby=\"toggle_36c6b0c66e8876732\"><div class=\"panel-body toggle-content fusion-clearfix\">Unsere Referenzkunden haben bereits hundert Tausende von optischen Medien problemlos mit unseren ADR Roboter eingelesen<\/div><\/div><\/div><div class=\"fusion-panel panel-default panel-da9dd876dae1437bf fusion-toggle-has-divider\"><div class=\"panel-heading\"><h4 class=\"panel-title toggle\" id=\"toggle_da9dd876dae1437bf\"><a aria-expanded=\"false\" aria-controls=\"da9dd876dae1437bf\" role=\"button\" data-toggle=\"collapse\" data-parent=\"#accordion-12730-1\" data-target=\"#da9dd876dae1437bf\" href=\"#da9dd876dae1437bf\"><span class=\"fusion-toggle-icon-wrapper\" aria-hidden=\"true\"><i class=\"fa-fusion-box active-icon awb-icon-minus\" aria-hidden=\"true\"><\/i><i class=\"fa-fusion-box inactive-icon awb-icon-plus\" aria-hidden=\"true\"><\/i><\/span><span class=\"fusion-toggle-heading\">Optimal Druckfunktion<\/span><\/a><\/h4><\/div><div id=\"da9dd876dae1437bf\" class=\"panel-collapse collapse \" aria-labelledby=\"toggle_da9dd876dae1437bf\"><div class=\"panel-body toggle-content fusion-clearfix\">Sie m\u00f6chten auch nachtr\u00e4glich die CDs markieren ? Mit unseren integrierten Thermodruckern k\u00f6nnen Sie Medien aller verschienden Oberfl\u00e4chen noch vollautomatisch bedrucken.<\/p>\n<p>Auf diese Weise k\u00f6nnen Sie die CD\/DVDs zum beispiel gleichzeitig nummerieren. Insbesondere im Bereich der Forensik ist dies interessant um nach dem Auswerten der strafrechtlich relevanten Inhalte auch zu wissen auf welchem Datentr\u00e4ger genau sich die fraglichen Daten befinden.<\/div><\/div><\/div><div class=\"fusion-panel panel-default panel-b69b9427a835618ed fusion-toggle-has-divider\"><div class=\"panel-heading\"><h4 class=\"panel-title toggle\" id=\"toggle_b69b9427a835618ed\"><a aria-expanded=\"false\" aria-controls=\"b69b9427a835618ed\" role=\"button\" data-toggle=\"collapse\" data-parent=\"#accordion-12730-1\" data-target=\"#b69b9427a835618ed\" href=\"#b69b9427a835618ed\"><span class=\"fusion-toggle-icon-wrapper\" aria-hidden=\"true\"><i class=\"fa-fusion-box active-icon awb-icon-minus\" aria-hidden=\"true\"><\/i><i class=\"fa-fusion-box inactive-icon awb-icon-plus\" aria-hidden=\"true\"><\/i><\/span><span class=\"fusion-toggle-heading\">Automatisiertes Tagen und Umwandeln<\/span><\/a><\/h4><\/div><div id=\"b69b9427a835618ed\" class=\"panel-collapse collapse \" aria-labelledby=\"toggle_b69b9427a835618ed\"><div class=\"panel-body toggle-content fusion-clearfix\">Auch das Umwandeln von Formaten ist problemlos m\u00f6glich. F\u00fcr einen Kunden wurde eine Komplettl\u00f6sung geschrieben, welche Audio CDs in MP3 Format gewandelt hat. Die entsprechenden MP3 Files wurden automatisiert unter dem entsprechenden Songtitel gespeichert. \u00dcber offene Schnittstellen wurde aus Internetdatenbanken (z.b. Amazon) das Cover runtergeladen und mit in den Subfolder abgelegt.So konnten komplette Musiksammlungen in MP3 Archiven gespeichert werden und alle relevanten Zusatzinformationen wurden automatisch generiert.<\/div><\/div><\/div><div class=\"fusion-panel panel-default panel-c76296cf56af4fbfc fusion-toggle-has-divider\"><div class=\"panel-heading\"><h4 class=\"panel-title toggle\" id=\"toggle_c76296cf56af4fbfc\"><a aria-expanded=\"false\" aria-controls=\"c76296cf56af4fbfc\" role=\"button\" data-toggle=\"collapse\" data-parent=\"#accordion-12730-1\" data-target=\"#c76296cf56af4fbfc\" href=\"#c76296cf56af4fbfc\"><span class=\"fusion-toggle-icon-wrapper\" aria-hidden=\"true\"><i class=\"fa-fusion-box active-icon awb-icon-minus\" aria-hidden=\"true\"><\/i><i class=\"fa-fusion-box inactive-icon awb-icon-plus\" aria-hidden=\"true\"><\/i><\/span><span class=\"fusion-toggle-heading\">Erweitern Sie die vorhandenen M\u00f6glichkeiten nach Ihren Bed\u00fcrfnissen<\/span><\/a><\/h4><\/div><div id=\"c76296cf56af4fbfc\" class=\"panel-collapse collapse \" aria-labelledby=\"toggle_c76296cf56af4fbfc\"><div class=\"panel-body toggle-content fusion-clearfix\">Sie ben\u00f6tigen Vollzugriff auf die Laufwerke ? Sie m\u00f6chten Programme mit Autostart direkt vom Roboter aus launchen ? Sie haben spezielle Bed\u00fcrfnisse f\u00fcr Ihren Rip-Roboter ? Wir erstellen Ihre individuelle L\u00f6sung zum automatisierten Einlesen von CD , DVD und Blu-Ray Discs.<\/p>\n<p>Falls Sie \u00fcber eigene Software-Entwickler verf\u00fcgen stellen wir Ihnen das komplette Command-Set f\u00fcr die Ansteuerung der ADR Roboter zur Verf\u00fcgung. Je nach Projektvolumen stellen wir auch nach Bedarf Testger\u00e4te und Entwicklungsumgebungen bereit.<\/p>\n<p>Kontaktieren Sie uns f\u00fcr weitere Informationen <\/div><\/div><\/div><\/div><\/div><\/div><\/div><div class=\"fusion-layout-column fusion_builder_column fusion-builder-column-2 fusion_builder_column_1_3 1_3 fusion-flex-column\" style=\"--awb-bg-size:cover;--awb-width-large:33.333333333333%;--awb-margin-top-large:0px;--awb-spacing-right-large:5.76%;--awb-margin-bottom-large:20px;--awb-spacing-left-large:3.8399999999999%;--awb-width-medium:33.333333333333%;--awb-spacing-right-medium:5.76%;--awb-spacing-left-medium:3.8399999999999%;--awb-width-small:100%;--awb-spacing-right-small:1.92%;--awb-spacing-left-small:1.92%;\"><div class=\"fusion-column-wrapper fusion-flex-justify-content-flex-start fusion-content-layout-column\"><div class=\"fusion-image-element \" style=\"--awb-caption-title-font-family:var(--h2_typography-font-family);--awb-caption-title-font-weight:var(--h2_typography-font-weight);--awb-caption-title-font-style:var(--h2_typography-font-style);--awb-caption-title-size:var(--h2_typography-font-size);--awb-caption-title-transform:var(--h2_typography-text-transform);--awb-caption-title-line-height:var(--h2_typography-line-height);--awb-caption-title-letter-spacing:var(--h2_typography-letter-spacing);\"><span class=\" fusion-imageframe imageframe-none imageframe-1 hover-type-none\"><img decoding=\"async\" src=\"http:\/\/new.adr-ag.de\/wp-content\/uploads\/2015\/04\/droppix-cd-sm.jpg\" alt class=\"img-responsive\"\/><\/span><\/div><div class=\"fusion-image-element \" style=\"--awb-caption-title-font-family:var(--h2_typography-font-family);--awb-caption-title-font-weight:var(--h2_typography-font-weight);--awb-caption-title-font-style:var(--h2_typography-font-style);--awb-caption-title-size:var(--h2_typography-font-size);--awb-caption-title-transform:var(--h2_typography-text-transform);--awb-caption-title-line-height:var(--h2_typography-line-height);--awb-caption-title-letter-spacing:var(--h2_typography-letter-spacing);\"><span class=\" fusion-imageframe imageframe-none imageframe-2 hover-type-none\"><img decoding=\"async\" src=\"http:\/\/new.adr-ag.de\/wp-content\/uploads\/2015\/04\/adr-robo-teac.jpg\" alt class=\"img-responsive\"\/><\/span><\/div><\/div><\/div><\/div><\/div><\/p>\n","protected":false},"excerpt":{"rendered":"","protected":false},"author":1,"featured_media":0,"parent":0,"menu_order":0,"comment_status":"open","ping_status":"open","template":"","meta":{"footnotes":""},"_links":{"self":[{"href":"https:\/\/adr-ag.de\/fr\/wp-json\/wp\/v2\/pages\/12730"}],"collection":[{"href":"https:\/\/adr-ag.de\/fr\/wp-json\/wp\/v2\/pages"}],"about":[{"href":"https:\/\/adr-ag.de\/fr\/wp-json\/wp\/v2\/types\/page"}],"author":[{"embeddable":true,"href":"https:\/\/adr-ag.de\/fr\/wp-json\/wp\/v2\/users\/1"}],"replies":[{"embeddable":true,"href":"https:\/\/adr-ag.de\/fr\/wp-json\/wp\/v2\/comments?post=12730"}],"version-history":[{"count":1,"href":"https:\/\/adr-ag.de\/fr\/wp-json\/wp\/v2\/pages\/12730\/revisions"}],"predecessor-version":[{"id":18016,"href":"https:\/\/adr-ag.de\/fr\/wp-json\/wp\/v2\/pages\/12730\/revisions\/18016"}],"wp:attachment":[{"href":"https:\/\/adr-ag.de\/fr\/wp-json\/wp\/v2\/media?parent=12730"}],"curies":[{"name":"wp","href":"https:\/\/api.w.org\/{rel}","templated":true}]}}