{"id":12710,"date":"2015-03-10T12:48:35","date_gmt":"2015-03-10T12:48:35","guid":{"rendered":"http:\/\/new.adr-ag.de\/losungen-2\/"},"modified":"2024-03-06T10:21:17","modified_gmt":"2024-03-06T09:21:17","slug":"losungen","status":"publish","type":"page","link":"https:\/\/adr-ag.de\/fr\/losungen\/","title":{"rendered":"L\u00d6SUNGEN"},"content":{"rendered":"<div class=\"fusion-fullwidth fullwidth-box fusion-builder-row-1 fusion-flex-container hundred-percent-fullwidth non-hundred-percent-height-scrolling\" style=\"--awb-border-radius-top-left:0px;--awb-border-radius-top-right:0px;--awb-border-radius-bottom-right:0px;--awb-border-radius-bottom-left:0px;--awb-overflow:visible;--awb-flex-wrap:wrap;\" ><div class=\"fusion-builder-row fusion-row fusion-flex-align-items-flex-start fusion-flex-content-wrap\" style=\"width:calc( 100% + 0px ) !important;max-width:calc( 100% + 0px ) !important;margin-left: calc(-0px \/ 2 );margin-right: calc(-0px \/ 2 );\"><div class=\"fusion-layout-column fusion_builder_column fusion-builder-column-0 fusion_builder_column_1_1 1_1 fusion-flex-column fusion-flex-align-self-flex-start fusion-column-no-min-height\" style=\"--awb-bg-size:cover;--awb-width-large:100%;--awb-margin-top-large:0px;--awb-spacing-right-large:0px;--awb-margin-bottom-large:0px;--awb-spacing-left-large:0px;--awb-width-medium:100%;--awb-spacing-right-medium:0px;--awb-spacing-left-medium:0px;--awb-width-small:100%;--awb-spacing-right-small:0px;--awb-spacing-left-small:0px;\"><div class=\"fusion-column-wrapper fusion-flex-justify-content-flex-start fusion-content-layout-column\"><div class=\"fusion-tabs fusion-tabs-1 classic nav-is-justified horizontal-tabs icon-position-left mobile-mode-accordion\" style=\"--awb-title-border-radius-top-left:0px;--awb-title-border-radius-top-right:0px;--awb-title-border-radius-bottom-right:0px;--awb-title-border-radius-bottom-left:0px;--awb-inactive-color:#67b8e1;--awb-background-color:var(--awb-color1);--awb-border-color:var(--awb-color3);--awb-active-border-color:var(--awb-color5);\"><div class=\"nav\"><ul class=\"nav-tabs nav-justified\" role=\"tablist\"><li class=\"active\" role=\"presentation\"><a class=\"tab-link\" data-toggle=\"tab\" role=\"tab\" aria-controls=\"tab-cc903d8c5e8c18ca4db\" aria-selected=\"true\" id=\"fusion-tab-individuellel\u00f6sungenmitadrsystemen\" href=\"#tab-cc903d8c5e8c18ca4db\"><h4 class=\"fusion-tab-heading\">Individuelle L\u00f6sungen mit ADR Systemen<\/h4><\/a><\/li><li role=\"presentation\"><a class=\"tab-link\" data-toggle=\"tab\" role=\"tab\" aria-controls=\"tab-ea6ab9905329e05f4ef\" aria-selected=\"false\" tabindex=\"-1\" id=\"fusion-tab-openrc\" href=\"#tab-ea6ab9905329e05f4ef\"><h4 class=\"fusion-tab-heading\">Open RC<\/h4><\/a><\/li><li role=\"presentation\"><a class=\"tab-link\" data-toggle=\"tab\" role=\"tab\" aria-controls=\"tab-93f13c1ab194bdbb64f\" aria-selected=\"false\" tabindex=\"-1\" id=\"fusion-tab-burn2adr\" href=\"#tab-93f13c1ab194bdbb64f\"><h4 class=\"fusion-tab-heading\">Burn2ADR<\/h4><\/a><\/li><li role=\"presentation\"><a class=\"tab-link\" data-toggle=\"tab\" role=\"tab\" aria-controls=\"tab-7cf2cc73617f955aab6\" aria-selected=\"false\" tabindex=\"-1\" id=\"fusion-tab-einsatzgebiete\" href=\"#tab-7cf2cc73617f955aab6\"><h4 class=\"fusion-tab-heading\">Einsatzgebiete<\/h4><\/a><\/li><\/ul><\/div><div class=\"tab-content\"><div class=\"nav fusion-mobile-tab-nav\"><ul class=\"nav-tabs nav-justified\" role=\"tablist\"><li class=\"active\" role=\"presentation\"><a class=\"tab-link\" data-toggle=\"tab\" role=\"tab\" aria-controls=\"tab-cc903d8c5e8c18ca4db\" aria-selected=\"true\" id=\"mobile-fusion-tab-individuellel\u00f6sungenmitadrsystemen\" href=\"#tab-cc903d8c5e8c18ca4db\"><h4 class=\"fusion-tab-heading\">Individuelle L\u00f6sungen mit ADR Systemen<\/h4><\/a><\/li><\/ul><\/div><div class=\"tab-pane fade fusion-clearfix in active\" role=\"tabpanel\" tabindex=\"0\" aria-labelledby=\"fusion-tab-individuellel\u00f6sungenmitadrsystemen\" id=\"tab-cc903d8c5e8c18ca4db\">Das reine Brennen und Bedrucken von optischen Datentr\u00e4gern ist l\u00e4ngst nicht alles was man mit einem ADR CD\/DVD-Brennroboter machen kann. Netzwerkgesteuert in bestehende Umgebungen integriert sind den Anwendungsgebieten und M\u00f6glichkeiten keine Grenzen gesetzt.<\/p>\n<p>Ob Sie aus Ihrem Content Management System individualisiert Kunden oder Patientendaten auf optische Datentr\u00e4ger bringen m\u00f6chten oder gro\u00dfe Mengen von CD\/DVDs einlesen und auswerten m\u00f6chten. Mit den ADR Publishing Systemen ist dies kein Problem.<\/p>\n<p>Auch im Backupbereich haben wir die passende L\u00f6sung f\u00fcr Sie. Automatisieren Sie Ihre Backupprozesse in Ihrem Netzwerk und erstellen Sie nach Ihren Vorgaben Sicherheitskopien auf optischen Datentr\u00e4gern.<\/p>\n<p>Nach Ihren Vorlagen passen wir unsere Systeme an die Gegebenheiten an um das perfekte Endergebnis f\u00fcr Sie zu fertigen. Machen Sie Schluss mit dem m\u00fchseligen Erstellen von Datentr\u00e4gern von Hand.<br \/>\nKontaktieren Sie uns und wir pr\u00e4sentieren Ihnen gerne unser KnowHow.<\/div><div class=\"nav fusion-mobile-tab-nav\"><ul class=\"nav-tabs nav-justified\" role=\"tablist\"><li role=\"presentation\"><a class=\"tab-link\" data-toggle=\"tab\" role=\"tab\" aria-controls=\"tab-ea6ab9905329e05f4ef\" aria-selected=\"false\" tabindex=\"-1\" id=\"mobile-fusion-tab-openrc\" href=\"#tab-ea6ab9905329e05f4ef\"><h4 class=\"fusion-tab-heading\">Open RC<\/h4><\/a><\/li><\/ul><\/div><div class=\"tab-pane fade fusion-clearfix\" role=\"tabpanel\" tabindex=\"0\" aria-labelledby=\"fusion-tab-openrc\" id=\"tab-ea6ab9905329e05f4ef\">Erstellen Sie individuelle Datentr\u00e4ger wie CD und DVD mit dynamischen Inhalten und Aufdruck dank Open RC. <\/p>\n<p>OpenRC (Open Robot Control) ist eine von der Firma X-Net Technologies GmbH entwickelte Steuerungssoftware f\u00fcr ADR CD\/DVD Robotersysteme.<br \/>\nOpenRC unterst\u00fctzt vier unterschiedliche Modi (Brennen, Verifizieren, Drucken, Positionieren und Einlesen von CD\/DVD Medien), die in fast jeder Weise miteinander kombiniert werden k\u00f6nnen. <\/p>\n<p>Exemplarische Einsatzm\u00f6glichkeiten:<\/p>\n<p>\u2022 CD Produktion mit individuellem Aufdruck und dynamischen Daten,<br \/>\n\u2022 punktgenaues nachtr\u00e4gliches Eindrucken in vorbedruckte Medien,<br \/>\n\u2022 schnelle Kopierserien von mehreren hundert Medien,<br \/>\n\u2022 Vordruck von Medien f\u00fcr einen sp\u00e4teren Brennprozess,<br \/>\n\u2022 Einlesen und Weiterverarbeitung von bestehenden Medienbest\u00e4nden<br \/>\nz.B. Archivieren in vordefinierten Datenbanken und Formaten <\/p>\n<p>Lesen Sie mehr \u00fcber OpenRC HIER<\/div><div class=\"nav fusion-mobile-tab-nav\"><ul class=\"nav-tabs nav-justified\" role=\"tablist\"><li role=\"presentation\"><a class=\"tab-link\" data-toggle=\"tab\" role=\"tab\" aria-controls=\"tab-93f13c1ab194bdbb64f\" aria-selected=\"false\" tabindex=\"-1\" id=\"mobile-fusion-tab-burn2adr\" href=\"#tab-93f13c1ab194bdbb64f\"><h4 class=\"fusion-tab-heading\">Burn2ADR<\/h4><\/a><\/li><\/ul><\/div><div class=\"tab-pane fade fusion-clearfix\" role=\"tabpanel\" tabindex=\"0\" aria-labelledby=\"fusion-tab-burn2adr\" id=\"tab-93f13c1ab194bdbb64f\">Zum Vereinfachen von wiederholten Prozessen wurde gemeinsam mit Seal Systems das Tool Burn2ADR entwickelt. W\u00e4hrend das Grundlayout immer gleich bleibt, kann der einzelne Mitarbeiter lediglich Daten im Netzwerk ausw\u00e4hlen und Text f\u00fcr einige vordefinierte Felder eingeben.<\/p>\n<p>Der Job wird dann an die ADR Brennstation gesendet und vollautomatisch verarbeitet.<\/p>\n<p>Lesen Sie mehr \u00fcber Burn2ADR HIER<\/div><div class=\"nav fusion-mobile-tab-nav\"><ul class=\"nav-tabs nav-justified\" role=\"tablist\"><li role=\"presentation\"><a class=\"tab-link\" data-toggle=\"tab\" role=\"tab\" aria-controls=\"tab-7cf2cc73617f955aab6\" aria-selected=\"false\" tabindex=\"-1\" id=\"mobile-fusion-tab-einsatzgebiete\" href=\"#tab-7cf2cc73617f955aab6\"><h4 class=\"fusion-tab-heading\">Einsatzgebiete<\/h4><\/a><\/li><\/ul><\/div><div class=\"tab-pane fade fusion-clearfix\" role=\"tabpanel\" tabindex=\"0\" aria-labelledby=\"fusion-tab-einsatzgebiete\" id=\"tab-7cf2cc73617f955aab6\">Die unterschiedlichen Einsatzgebiete von CD\/DVD Brennrobotern erstrecken sich von der Raumfahrt \u00fcber Versicherungen bis hin zu industriellen Fertigungsprozessen.<\/p>\n<p>Gerne sind wir bereit, den optimalen Einsatz von ADR CD\/DVD Kopierrobotern in Ihrem Unternehmen in einem pers\u00f6nlichen Gespr\u00e4ch zu erl\u00e4utern.<\/p>\n<p>Um nur einige Anwendungsgebiete zu nennen in welchen unsere CD\/DVD Kopierroboter zum Einsatz kommen:<\/p>\n<p>Abrechnungs-Systeme<br \/>\nArchivierung<br \/>\nAfter-Sales-Support<br \/>\nAutomation<br \/>\nAudio<br \/>\nAudio Ripping<br \/>\nBuchhaltungssysteme (DATEV)<br \/>\nCOLD<br \/>\nDMS<br \/>\nDokumentation<br \/>\nDruckvorstufe<br \/>\nDuplikation<br \/>\nEvent Management<br \/>\nFotolabore<br \/>\nFertigung<br \/>\nNetzwerkanwendungen<br \/>\nMarketing (z.B. Disc Mailings)<br \/>\nMedizintechnik<br \/>\nMusic\/Data-On-Demand<br \/>\n\u00d6ffentlichkeits-\/Regierungsarbeit<br \/>\nPharmakonzerne<br \/>\nSoftware Distribution<br \/>\nERP-Anbindung (z.B. SAP)<br \/>\nVideo Archive (inkl. Ripping)<br \/>\nKontaktieren Sie uns f\u00fcr weitere Details. Sicherlich haben wir auch in Ihrem Bereich ein Projekt in der Vergangenheit realisiert und k\u00f6nnen Ihnen beratend zur Seite stehen.<\/div><\/div><\/div><\/div><\/div><\/div><\/div>\n","protected":false},"excerpt":{"rendered":"","protected":false},"author":1,"featured_media":0,"parent":0,"menu_order":0,"comment_status":"open","ping_status":"open","template":"","meta":{"footnotes":""},"_links":{"self":[{"href":"https:\/\/adr-ag.de\/fr\/wp-json\/wp\/v2\/pages\/12710"}],"collection":[{"href":"https:\/\/adr-ag.de\/fr\/wp-json\/wp\/v2\/pages"}],"about":[{"href":"https:\/\/adr-ag.de\/fr\/wp-json\/wp\/v2\/types\/page"}],"author":[{"embeddable":true,"href":"https:\/\/adr-ag.de\/fr\/wp-json\/wp\/v2\/users\/1"}],"replies":[{"embeddable":true,"href":"https:\/\/adr-ag.de\/fr\/wp-json\/wp\/v2\/comments?post=12710"}],"version-history":[{"count":1,"href":"https:\/\/adr-ag.de\/fr\/wp-json\/wp\/v2\/pages\/12710\/revisions"}],"predecessor-version":[{"id":17996,"href":"https:\/\/adr-ag.de\/fr\/wp-json\/wp\/v2\/pages\/12710\/revisions\/17996"}],"wp:attachment":[{"href":"https:\/\/adr-ag.de\/fr\/wp-json\/wp\/v2\/media?parent=12710"}],"curies":[{"name":"wp","href":"https:\/\/api.w.org\/{rel}","templated":true}]}}