{"id":12706,"date":"2015-03-10T12:49:04","date_gmt":"2015-03-10T12:49:04","guid":{"rendered":"http:\/\/new.adr-ag.de\/leasing-2\/"},"modified":"2024-03-06T10:21:16","modified_gmt":"2024-03-06T09:21:16","slug":"leasing","status":"publish","type":"page","link":"https:\/\/adr-ag.de\/fr\/leasing\/","title":{"rendered":"LEASING"},"content":{"rendered":"<p><div class=\"fusion-fullwidth fullwidth-box fusion-builder-row-1 fusion-flex-container nonhundred-percent-fullwidth non-hundred-percent-height-scrolling\" style=\"--awb-background-position:left top;--awb-border-radius-top-left:0px;--awb-border-radius-top-right:0px;--awb-border-radius-bottom-right:0px;--awb-border-radius-bottom-left:0px;--awb-padding-top:0px;--awb-padding-right:0px;--awb-padding-bottom:0px;--awb-padding-left:0px;--awb-border-sizes-top:0px;--awb-border-sizes-bottom:0px;--awb-flex-wrap:wrap;\" ><div class=\"fusion-builder-row fusion-row fusion-flex-align-items-flex-start fusion-flex-content-wrap\" style=\"max-width:1248px;margin-left: calc(-4% \/ 2 );margin-right: calc(-4% \/ 2 );\"><div class=\"fusion-layout-column fusion_builder_column fusion-builder-column-0 fusion_builder_column_2_3 2_3 fusion-flex-column\" style=\"--awb-bg-size:cover;--awb-width-large:66.666666666667%;--awb-margin-top-large:0px;--awb-spacing-right-large:3.84%;--awb-margin-bottom-large:20px;--awb-spacing-left-large:2.88%;--awb-width-medium:66.666666666667%;--awb-spacing-right-medium:3.84%;--awb-spacing-left-medium:2.88%;--awb-width-small:100%;--awb-spacing-right-small:1.92%;--awb-spacing-left-small:1.92%;\"><div class=\"fusion-column-wrapper fusion-flex-justify-content-flex-start fusion-content-layout-column\"><div class=\"fusion-title title fusion-title-1 fusion-title-text fusion-title-size-one\"><div class=\"title-sep-container title-sep-container-left fusion-no-large-visibility fusion-no-medium-visibility fusion-no-small-visibility\"><div class=\"title-sep sep-single sep-solid\" style=\"border-color:var(--awb-color3);\"><\/div><\/div><span class=\"awb-title-spacer fusion-no-large-visibility fusion-no-medium-visibility fusion-no-small-visibility\"><\/span><h1 class=\"fusion-title-heading title-heading-left\" style=\"margin:0;\">Leasen oder kaufen?<\/h1><span class=\"awb-title-spacer\"><\/span><div class=\"title-sep-container title-sep-container-right\"><div class=\"title-sep sep-single sep-solid\" style=\"border-color:var(--awb-color3);\"><\/div><\/div><\/div><div class=\"accordian fusion-accordian\" style=\"--awb-border-size:1px;--awb-icon-size:16px;--awb-content-font-size:var(--awb-typography4-font-size);--awb-icon-alignment:left;--awb-hover-color:var(--awb-color2);--awb-border-color:var(--awb-color3);--awb-background-color:var(--awb-color1);--awb-divider-color:var(--awb-color3);--awb-divider-hover-color:var(--awb-color3);--awb-icon-color:var(--awb-color1);--awb-title-color:var(--awb-color8);--awb-content-color:var(--awb-color8);--awb-icon-box-color:var(--awb-color8);--awb-toggle-hover-accent-color:var(--awb-color5);--awb-title-font-family:var(--awb-typography1-font-family);--awb-title-font-weight:var(--awb-typography1-font-weight);--awb-title-font-style:var(--awb-typography1-font-style);--awb-title-font-size:16px;--awb-content-font-family:var(--awb-typography4-font-family);--awb-content-font-weight:var(--awb-typography4-font-weight);--awb-content-font-style:var(--awb-typography4-font-style);\"><div class=\"panel-group fusion-toggle-icon-boxed\" id=\"accordion-12706-1\"><div class=\"fusion-panel panel-default panel-d20ef9e4fedeabea9 fusion-toggle-has-divider\"><div class=\"panel-heading\"><h4 class=\"panel-title toggle\" id=\"toggle_d20ef9e4fedeabea9\"><a class=\"active\" aria-expanded=\"true\" aria-controls=\"d20ef9e4fedeabea9\" role=\"button\" data-toggle=\"collapse\" data-parent=\"#accordion-12706-1\" data-target=\"#d20ef9e4fedeabea9\" href=\"#d20ef9e4fedeabea9\"><span class=\"fusion-toggle-icon-wrapper\" aria-hidden=\"true\"><i class=\"fa-fusion-box active-icon awb-icon-minus\" aria-hidden=\"true\"><\/i><i class=\"fa-fusion-box inactive-icon awb-icon-plus\" aria-hidden=\"true\"><\/i><\/span><span class=\"fusion-toggle-heading\">Vorteile<\/span><\/a><\/h4><\/div><div id=\"d20ef9e4fedeabea9\" class=\"panel-collapse collapse in\" aria-labelledby=\"toggle_d20ef9e4fedeabea9\"><div class=\"panel-body toggle-content fusion-clearfix\">Seit ca. 6 Jahren bieten wir gemeinsam mit unserem Partner GRENKE Leasing erfolgreich das Leasingkonzept f\u00fcr unsere Kunden an. Die Vorteile m\u00f6chten wir an dieser Stelle f\u00fcr Sie erl\u00e4utern:<\/div><\/div><\/div><div class=\"fusion-panel panel-default panel-d03f3aa2adc6149bd fusion-toggle-has-divider\"><div class=\"panel-heading\"><h4 class=\"panel-title toggle\" id=\"toggle_d03f3aa2adc6149bd\"><a aria-expanded=\"false\" aria-controls=\"d03f3aa2adc6149bd\" role=\"button\" data-toggle=\"collapse\" data-parent=\"#accordion-12706-1\" data-target=\"#d03f3aa2adc6149bd\" href=\"#d03f3aa2adc6149bd\"><span class=\"fusion-toggle-icon-wrapper\" aria-hidden=\"true\"><i class=\"fa-fusion-box active-icon awb-icon-minus\" aria-hidden=\"true\"><\/i><i class=\"fa-fusion-box inactive-icon awb-icon-plus\" aria-hidden=\"true\"><\/i><\/span><span class=\"fusion-toggle-heading\">Bankenunabh\u00e4ngig<\/span><\/a><\/h4><\/div><div id=\"d03f3aa2adc6149bd\" class=\"panel-collapse collapse \" aria-labelledby=\"toggle_d03f3aa2adc6149bd\"><div class=\"panel-body toggle-content fusion-clearfix\">Durch Leasing verringern Sie ihre Abh\u00e4ngigkeit gegen\u00fcber konventionellen Finanzierungsm\u00f6glichkeiten wie Bank- und Lieferantenkrediten.<\/div><\/div><\/div><div class=\"fusion-panel panel-default panel-83979c717d1f40e50 fusion-toggle-has-divider\"><div class=\"panel-heading\"><h4 class=\"panel-title toggle\" id=\"toggle_83979c717d1f40e50\"><a aria-expanded=\"false\" aria-controls=\"83979c717d1f40e50\" role=\"button\" data-toggle=\"collapse\" data-parent=\"#accordion-12706-1\" data-target=\"#83979c717d1f40e50\" href=\"#83979c717d1f40e50\"><span class=\"fusion-toggle-icon-wrapper\" aria-hidden=\"true\"><i class=\"fa-fusion-box active-icon awb-icon-minus\" aria-hidden=\"true\"><\/i><i class=\"fa-fusion-box inactive-icon awb-icon-plus\" aria-hidden=\"true\"><\/i><\/span><span class=\"fusion-toggle-heading\">Kreditspielr\u00e4ume erhalten<\/span><\/a><\/h4><\/div><div id=\"83979c717d1f40e50\" class=\"panel-collapse collapse \" aria-labelledby=\"toggle_83979c717d1f40e50\"><div class=\"panel-body toggle-content fusion-clearfix\">Schonung des Eigenkapitals und Erhaltung der Kreditspielr\u00e4ume bei Ihrer Hausbank und Ihren Lieferanten.<\/div><\/div><\/div><div class=\"fusion-panel panel-default panel-9e4d3c4281e109100 fusion-toggle-has-divider\"><div class=\"panel-heading\"><h4 class=\"panel-title toggle\" id=\"toggle_9e4d3c4281e109100\"><a aria-expanded=\"false\" aria-controls=\"9e4d3c4281e109100\" role=\"button\" data-toggle=\"collapse\" data-parent=\"#accordion-12706-1\" data-target=\"#9e4d3c4281e109100\" href=\"#9e4d3c4281e109100\"><span class=\"fusion-toggle-icon-wrapper\" aria-hidden=\"true\"><i class=\"fa-fusion-box active-icon awb-icon-minus\" aria-hidden=\"true\"><\/i><i class=\"fa-fusion-box inactive-icon awb-icon-plus\" aria-hidden=\"true\"><\/i><\/span><span class=\"fusion-toggle-heading\">Erhaltung der Liquidit\u00e4t<\/span><\/a><\/h4><\/div><div id=\"9e4d3c4281e109100\" class=\"panel-collapse collapse \" aria-labelledby=\"toggle_9e4d3c4281e109100\"><div class=\"panel-body toggle-content fusion-clearfix\">Erhaltung der Liquidit\u00e4t da die Anschaffungskosten f\u00fcr neues Equipment sich auf die gesamte Laufzeit verteilen, dadurch entsteht ein konstanter Liquidit\u00e4tsr\u00fcckfluss mit gleichzeitiger Vermeidung von Finanzierungsengp\u00e4ssen.<\/div><\/div><\/div><div class=\"fusion-panel panel-default panel-5303cd3dce838da4c fusion-toggle-has-divider\"><div class=\"panel-heading\"><h4 class=\"panel-title toggle\" id=\"toggle_5303cd3dce838da4c\"><a aria-expanded=\"false\" aria-controls=\"5303cd3dce838da4c\" role=\"button\" data-toggle=\"collapse\" data-parent=\"#accordion-12706-1\" data-target=\"#5303cd3dce838da4c\" href=\"#5303cd3dce838da4c\"><span class=\"fusion-toggle-icon-wrapper\" aria-hidden=\"true\"><i class=\"fa-fusion-box active-icon awb-icon-minus\" aria-hidden=\"true\"><\/i><i class=\"fa-fusion-box inactive-icon awb-icon-plus\" aria-hidden=\"true\"><\/i><\/span><span class=\"fusion-toggle-heading\">Wettbewerbsf\u00e4higkeit<\/span><\/a><\/h4><\/div><div id=\"5303cd3dce838da4c\" class=\"panel-collapse collapse \" aria-labelledby=\"toggle_5303cd3dce838da4c\"><div class=\"panel-body toggle-content fusion-clearfix\">St\u00e4rkung der Wettbewerbsf\u00e4higkeit durch die Verbesserung und zeitnahe Anpassung der eigenen technischen Infrastruktur wobei zus\u00e4tzlich interne Abl\u00e4ufe effizienter und Kosteneinsparungspotentiale offensichtlich werden.<\/div><\/div><\/div><div class=\"fusion-panel panel-default panel-03a03b081fc52c354 fusion-toggle-has-divider\"><div class=\"panel-heading\"><h4 class=\"panel-title toggle\" id=\"toggle_03a03b081fc52c354\"><a aria-expanded=\"false\" aria-controls=\"03a03b081fc52c354\" role=\"button\" data-toggle=\"collapse\" data-parent=\"#accordion-12706-1\" data-target=\"#03a03b081fc52c354\" href=\"#03a03b081fc52c354\"><span class=\"fusion-toggle-icon-wrapper\" aria-hidden=\"true\"><i class=\"fa-fusion-box active-icon awb-icon-minus\" aria-hidden=\"true\"><\/i><i class=\"fa-fusion-box inactive-icon awb-icon-plus\" aria-hidden=\"true\"><\/i><\/span><span class=\"fusion-toggle-heading\">Keine Bilanzierung<\/span><\/a><\/h4><\/div><div id=\"03a03b081fc52c354\" class=\"panel-collapse collapse \" aria-labelledby=\"toggle_03a03b081fc52c354\"><div class=\"panel-body toggle-content fusion-clearfix\">Der Anschaffungswert des Investitionsgutes wird vom Leasingnehmer nicht bilanziert d.h. zur Verf\u00fcgung stehendes Kapital wird nicht im Anlagenverm\u00f6gen gebunden, einer \u201eVerl\u00e4ngerung\u201c der Bilanz wird somit vermieden und wichtige Kennzahlen wie Eigenkapitalquote und Anlagendeckungsgrad verschlechtern sich nicht.<\/div><\/div><\/div><\/div><\/div><\/div><\/div><div class=\"fusion-layout-column fusion_builder_column fusion-builder-column-1 fusion_builder_column_1_3 1_3 fusion-flex-column\" style=\"--awb-bg-size:cover;--awb-width-large:33.333333333333%;--awb-margin-top-large:0px;--awb-spacing-right-large:5.76%;--awb-margin-bottom-large:20px;--awb-spacing-left-large:3.8399999999999%;--awb-width-medium:33.333333333333%;--awb-spacing-right-medium:5.76%;--awb-spacing-left-medium:3.8399999999999%;--awb-width-small:100%;--awb-spacing-right-small:1.92%;--awb-spacing-left-small:1.92%;\"><div class=\"fusion-column-wrapper fusion-flex-justify-content-flex-start fusion-content-layout-column\"><style type='text\/css'>\n\t\t\t\t.pricing-table-1 .panel-container, .pricing-table-1 .standout .panel-container,\n\t\t\t\t.pricing-table-1.full-boxed-pricing {background-color:#a5ba2c6;}\n\t\t\t\t.pricing-table-1 .list-group .list-group-item,\n\t\t\t\t.pricing-table-1 .list-group .list-group-item:last-child{background-color:#f8f8f8; border-color:#fff;}\n\t\t\t\t.pricing-table-1.full-boxed-pricing .panel-wrapper:hover .panel-heading,\n\t\t\t\t.pricing-table-1 .panel-wrapper:hover .list-group-item {background-color:#a5ba2c6;}\n\t\t\t\t.pricing-table-1.full-boxed-pricing .panel-heading{background-color:#f8f8f8;}\n\t\t\t\t.pricing-table-1 .fusion-panel, .pricing-table-1 .panel-wrapper:last-child .fusion-panel,\n\t\t\t\t.pricing-table-1 .standout .fusion-panel, .pricing-table-1  .panel-heading,\n\t\t\t\t.pricing-table-1 .panel-body, .pricing-table-1 .panel-footer{border-color:#fff;}\n\t\t\t\t.pricing-table-1 .panel-body,.pricing-table-1 .panel-footer{background-color:#a5ba2c6;}\n\t\t\t\t.pricing-table-1.sep-boxed-pricing .panel-heading h3{color:var(--awb-color8);}\n\t\t\t\t.pricing-table-1.full-boxed-pricing.fusion-pricing-table .panel-heading h3{color:var(--awb-color8);}\n\t\t\t\t.pricing-table-1.fusion-pricing-table .panel-body .price .decimal-part{color:var(--awb-color4);}\n\t\t\t\t.pricing-table-1.fusion-pricing-table .panel-body .price .integer-part{color:var(--awb-color4);}\n\t\t\t\t.pricing-table-1 ul.list-group li{color:var(--awb-color8);}\n\t\t\t\t<\/style><div class=\"fusion-pricing-table pricing-table-1 full-boxed-pricing row fusion-columns-1 columns-1 fusion-clearfix myTable\"> <div class=\"panel-wrapper fusion-column column col-lg-12 col-md-12 col-sm-12 standout fusion-pricingtable-column\"><div class=\"panel-container\"><div class=\"fusion-panel\"><div class=\"panel-heading\"><h3 class=\"title-row\">Beispiel Hurricane EL-1CD Roboter<\/h3><\/div> <div class=\"panel-body pricing-row\"><div class=\"price price-with-decimal\"><span class=\"currency\">\u20ac<\/span><span class=\"integer-part\">129<\/span><sup class=\"decimal-part\">99<\/sup><span class=\"time\">monthly<\/span><\/div><\/div> <ul class=\"list-group\"><li class=\"list-group-item normal-row\">modulare Bauweise<\/li> <li class=\"list-group-item normal-row\">maximale Kapazit\u00e4t<\/li> <li class=\"list-group-item normal-row\">375 CDs pro Magazin<\/li> <li class=\"list-group-item normal-row\">Einzigartiger Greifer<\/li> <\/ul><div class=\"panel-footer footer-row\"><div class=\"fusion-button-wrapper\"><a class=\"fusion-button button-flat button-small button-custom fusion-button-default button-1 fusion-button-default-span \" style=\"--button_accent_color:#fff;--button_accent_hover_color:#fff;--button_border_hover_color:#fff;--button_border_width-top:0px;--button_border_width-right:0px;--button_border_width-bottom:0px;--button_border_width-left:0px;--button-border-radius-top-left:2px;--button-border-radius-top-right:2px;--button-border-radius-bottom-right:2px;--button-border-radius-bottom-left:2px;--button_gradient_top_color:#67b8e1;--button_gradient_bottom_color:#67b8e1;--button_gradient_top_color_hover:#67b8e1;--button_gradient_bottom_color_hover:#67b8e1;\" target=\"_blank\" rel=\"noopener noreferrer\" href=\"http:\/\/adr-shop.com\/cd-dvd-blu-ray-kopierer-ohne-drucker\"><span class=\"fusion-button-text\">zum Produkt<\/span><\/a><\/div><\/div><\/div><\/div><\/div> <\/div><\/div><\/div><\/div><\/div><div class=\"fusion-fullwidth fullwidth-box fusion-builder-row-2 fusion-flex-container hundred-percent-fullwidth non-hundred-percent-height-scrolling\" style=\"--awb-border-radius-top-left:0px;--awb-border-radius-top-right:0px;--awb-border-radius-bottom-right:0px;--awb-border-radius-bottom-left:0px;--awb-overflow:visible;--awb-margin-top:20px;--awb-background-color:rgba(255,255,255,0);--awb-flex-wrap:wrap;\" ><div class=\"fusion-builder-row fusion-row fusion-flex-align-items-flex-start fusion-flex-content-wrap\" style=\"width:calc( 100% + 0px ) !important;max-width:calc( 100% + 0px ) !important;margin-left: calc(-0px \/ 2 );margin-right: calc(-0px \/ 2 );\"><div class=\"fusion-layout-column fusion_builder_column fusion-builder-column-2 fusion_builder_column_1_1 1_1 fusion-flex-column fusion-flex-align-self-flex-start fusion-column-no-min-height\" style=\"--awb-bg-size:cover;--awb-width-large:100%;--awb-margin-top-large:0px;--awb-spacing-right-large:0px;--awb-margin-bottom-large:0px;--awb-spacing-left-large:0px;--awb-width-medium:100%;--awb-spacing-right-medium:0px;--awb-spacing-left-medium:0px;--awb-width-small:100%;--awb-spacing-right-small:0px;--awb-spacing-left-small:0px;\"><div class=\"fusion-column-wrapper fusion-flex-justify-content-flex-start fusion-content-layout-column\"><div class=\"fusion-separator fusion-has-icon fusion-full-width-sep\" style=\"align-self: center;margin-left: auto;margin-right: auto;width:100%;\"><div class=\"fusion-separator-border sep-single sep-solid\" style=\"--awb-height:20px;--awb-amount:20px;--awb-sep-color:#cdcdcd;border-color:#cdcdcd;border-top-width:1px;\"><\/div><span class=\"icon-wrapper\" style=\"border-color:#cdcdcd;background-color:rgba(255,255,255,0);font-size:16px;width: 1.75em; height: 1.75em;border-width:1px;padding:1px;margin-top:-0.5px\"><i class=\" fa fa-chevron-down\" style=\"font-size: inherit;color:var(--awb-color3);\" aria-hidden=\"true\"><\/i><\/span><div class=\"fusion-separator-border sep-single sep-solid\" style=\"--awb-height:20px;--awb-amount:20px;--awb-sep-color:#cdcdcd;border-color:#cdcdcd;border-top-width:1px;\"><\/div><\/div><\/div><\/div><\/div><\/div><div class=\"fusion-fullwidth fullwidth-box fusion-builder-row-3 fusion-flex-container fusion-parallax-fixed nonhundred-percent-fullwidth non-hundred-percent-height-scrolling\" style=\"--awb-background-position:left top;--awb-border-color:#eaeaea;--awb-border-radius-top-left:0px;--awb-border-radius-top-right:0px;--awb-border-radius-bottom-right:0px;--awb-border-radius-bottom-left:0px;--awb-padding-top:22px;--awb-padding-right:0px;--awb-padding-bottom:0px;--awb-padding-left:0px;--awb-background-image:url(&quot;http:\/\/theme-fusion.com\/avada\/wp-content\/uploads\/2013\/07\/bkgd13.jpg&quot;);--awb-background-size:cover;--awb-border-sizes-top:1px;--awb-border-sizes-bottom:1px;--awb-flex-wrap:wrap;background-attachment:fixed;\" ><div class=\"fusion-builder-row fusion-row fusion-flex-align-items-flex-start fusion-flex-content-wrap\" style=\"max-width:1248px;margin-left: calc(-4% \/ 2 );margin-right: calc(-4% \/ 2 );\"><div class=\"fusion-layout-column fusion_builder_column fusion-builder-column-3 fusion_builder_column_2_3 2_3 fusion-flex-column\" style=\"--awb-bg-size:cover;--awb-width-large:66.666666666667%;--awb-margin-top-large:0px;--awb-spacing-right-large:3.84%;--awb-margin-bottom-large:20px;--awb-spacing-left-large:2.88%;--awb-width-medium:66.666666666667%;--awb-spacing-right-medium:3.84%;--awb-spacing-left-medium:2.88%;--awb-width-small:100%;--awb-spacing-right-small:1.92%;--awb-spacing-left-small:1.92%;\"><div class=\"fusion-column-wrapper fusion-flex-justify-content-flex-start fusion-content-layout-column\"><div class=\"fusion-text fusion-text-1\"><h1 style=\"color: white; text-align: center;\">Werden Sie Teil der ADR Community!<\/h1>\n<\/div><\/div><\/div><div class=\"fusion-layout-column fusion_builder_column fusion-builder-column-4 fusion_builder_column_1_3 1_3 fusion-flex-column\" style=\"--awb-bg-size:cover;--awb-width-large:33.333333333333%;--awb-margin-top-large:0px;--awb-spacing-right-large:5.76%;--awb-margin-bottom-large:20px;--awb-spacing-left-large:3.8399999999999%;--awb-width-medium:33.333333333333%;--awb-spacing-right-medium:5.76%;--awb-spacing-left-medium:3.8399999999999%;--awb-width-small:100%;--awb-spacing-right-small:1.92%;--awb-spacing-left-small:1.92%;\"><div class=\"fusion-column-wrapper fusion-flex-justify-content-flex-start fusion-content-layout-column\"><div class=\"fusion-separator fusion-full-width-sep\" style=\"align-self: center;margin-left: auto;margin-right: auto;margin-top:7px;margin-bottom:7px;width:100%;\"><\/div><div ><a class=\"fusion-button button-flat button-xlarge button-default fusion-button-default button-2 fusion-button-default-span \" style=\"--button-border-radius-top-left:25px;--button-border-radius-top-right:25px;--button-border-radius-bottom-right:25px;--button-border-radius-bottom-left:25px;\" target=\"_blank\" rel=\"noopener noreferrer\" href=\"http:\/\/adr-shop.com\"><span class=\"fusion-button-text\">BESUCHEN SIE UNSEREN SHOP!<\/span><\/a><\/div><\/div><\/div><\/div><\/div><\/p>\n","protected":false},"excerpt":{"rendered":"","protected":false},"author":1,"featured_media":0,"parent":0,"menu_order":0,"comment_status":"open","ping_status":"open","template":"","meta":{"footnotes":""},"_links":{"self":[{"href":"https:\/\/adr-ag.de\/fr\/wp-json\/wp\/v2\/pages\/12706"}],"collection":[{"href":"https:\/\/adr-ag.de\/fr\/wp-json\/wp\/v2\/pages"}],"about":[{"href":"https:\/\/adr-ag.de\/fr\/wp-json\/wp\/v2\/types\/page"}],"author":[{"embeddable":true,"href":"https:\/\/adr-ag.de\/fr\/wp-json\/wp\/v2\/users\/1"}],"replies":[{"embeddable":true,"href":"https:\/\/adr-ag.de\/fr\/wp-json\/wp\/v2\/comments?post=12706"}],"version-history":[{"count":1,"href":"https:\/\/adr-ag.de\/fr\/wp-json\/wp\/v2\/pages\/12706\/revisions"}],"predecessor-version":[{"id":17991,"href":"https:\/\/adr-ag.de\/fr\/wp-json\/wp\/v2\/pages\/12706\/revisions\/17991"}],"wp:attachment":[{"href":"https:\/\/adr-ag.de\/fr\/wp-json\/wp\/v2\/media?parent=12706"}],"curies":[{"name":"wp","href":"https:\/\/api.w.org\/{rel}","templated":true}]}}